{"id":37,"date":"2025-08-18T10:10:29","date_gmt":"2025-08-18T08:10:29","guid":{"rendered":"https:\/\/herpatch.com\/si\/?post_type=product&#038;p=37"},"modified":"2026-03-06T08:36:17","modified_gmt":"2026-03-06T07:36:17","slug":"serum-za-herpes-na-ustnicah","status":"publish","type":"product","link":"https:\/\/herpatch.com\/si\/izdelek\/serum-za-herpes-na-ustnicah\/","title":{"rendered":"Serum za herpes na ustnicah"},"content":{"rendered":"\n<div class=\"wp-block-karopharma-accordions is-style-tertiary\"><div class=\"container\">\n<details class=\"wp-block-karopharma-accordion\"><summary><h2 class=\"accordion-title\">Tehnologija<\/h2><\/summary><div class=\"accordion-content\">\n<p>Herpatch serum za herpestemelji na tehnologiji ciljno usmerjenega uteko\u010dinjenega filma. Ob nanosu se na prizadetem mestu oblikuje tanek, prozoren, a hkrati \u010dvrst za\u0161\u010ditni sloj, ki ustvari ugodno mikrookolje. Sestavine tvorijo takoj\u0161njo in mo\u010dno za\u0161\u010ditno pregrado, ki prekrije herpes na ustnicah, ki ga povzro\u010da virus herpes simplex. Med prednostmi so: zmanj\u0161ana vidnost robov rane, zmanj\u0161anje rde\u010dine (eritema), obvladovanje bole\u010dine, ve\u010dje udobje pri uporabnikih.<\/p>\n\n\n\n<p>Poleg sestavin, ki tvorijo film, serum Herpatch za herpes na ustnicah vsebuje tudi druge skrbno izbrane snovi:<\/p>\n\n\n\n<ul class=\"wp-block-list is-style-default\">\n<li>Aktivni kisik pomaga pospe\u0161evati obnovo celic, pove\u010da vla\u017enost ko\u017ee in s tem pomaga skraj\u0161ati \u010das celjenja lezij herpesa na ustnicah;<\/li>\n\n\n\n<li>Beta-glukan poleg lastnosti tvorjenja filma pomirja, \u0161\u010diti in vla\u017ei ko\u017eo ter prispeva k izbolj\u0161anju celjenja ran;<\/li>\n\n\n\n<li>Sulfatirani polisaharidi, pridobljeni iz rde\u010dih mikroalg, tvorijo aktivno za\u0161\u010ditno pregrado in pomagajo \u0161\u010dititi ko\u017eo pred izpostavljenostjo son\u010dni svetlobi;<\/li>\n\n\n\n<li>Cinkov sulfat pomaga zmanj\u0161evati bole\u010dino in srbenje ter ima adstringentni u\u010dinek \u2013 u\u010dvrsti, tonizira in krepi ko\u017eo, kar dodatno prispeva k hitrej\u0161emu celjenju herpesa na ustnicah.<\/li>\n<\/ul>\n\n\n\n<div style=\"height:20px\" aria-hidden=\"true\" class=\"wp-block-spacer\"><\/div>\n\n\n\n<h3 class=\"wp-block-heading has-text-align-center is-style-heading-h4 has-primary-color has-text-color has-link-color wp-elements-66f158d69c0daac934c27c9e27154758\">Na\u010din delovanja<\/h3>\n\n\n\n<div class=\"wp-block-karopharma-several-images-with-text several-images-with-text\"><div class=\"container large col-1 content-align-center\" test-data=\"inner-content\">\n<section class=\"wp-block-karopharma-image-with-text image-with-text image-with-text__full-width\"><div class=\"image-with-text-container \"><div class=\"image-with-text-container-image-container\"><img decoding=\"async\" loading=\"lazy\" src=\"https:\/\/herpatch.com\/cdn-cgi\/image\/format=auto\/app\/uploads\/sites\/9\/2025\/08\/fever-blister-outbreak.gif\" alt=\"fever-blister-outbreak\"\/><\/div><div class=\"image-with-text-container-content\" style=\"text-align:left\" data-test=\"content\"><div class=\"content\"><p class=\"body\" data-test=\"body\">Pride do izbruha herpesa na ustnicah.<\/p>\n<div class=\"wp-block-buttons is-layout-flex wp-block-buttons-is-layout-flex\"><\/div>\n<\/div><\/div><\/div><\/section>\n\n\n\n<section class=\"wp-block-karopharma-image-with-text image-with-text image-with-text__full-width\"><div class=\"image-with-text-container \"><div class=\"image-with-text-container-image-container\"><img decoding=\"async\" loading=\"lazy\" src=\"https:\/\/herpatch.com\/cdn-cgi\/image\/format=auto\/app\/uploads\/sites\/9\/2025\/08\/herpatch-applied.gif\" alt=\"herpatch-applied\"\/><\/div><div class=\"image-with-text-container-content\" style=\"text-align:left\" data-test=\"content\"><div class=\"content\"><p class=\"body\" data-test=\"body\">Po nanosu Herpatcha se oblikuje za\u0161\u010ditna pregrada, ki ve\u017ee izlo\u010dke iz prizadetega mesta.<\/p>\n<div class=\"wp-block-buttons is-layout-flex wp-block-buttons-is-layout-flex\"><\/div>\n<\/div><\/div><\/div><\/section>\n\n\n\n<section class=\"wp-block-karopharma-image-with-text image-with-text image-with-text__full-width\"><div class=\"image-with-text-container \"><div class=\"image-with-text-container-image-container\"><img decoding=\"async\" loading=\"lazy\" src=\"https:\/\/herpatch.com\/cdn-cgi\/image\/format=auto\/app\/uploads\/sites\/9\/2025\/08\/active-ingredients.gif\" alt=\"active-ingredients\"\/><\/div><div class=\"image-with-text-container-content\" style=\"text-align:left\" data-test=\"content\"><div class=\"content\"><p class=\"body\" data-test=\"body\">Aktivne lastnosti delujejo na prizadeto obmo\u010dje.<\/p>\n<div class=\"wp-block-buttons is-layout-flex wp-block-buttons-is-layout-flex\"><\/div>\n<\/div><\/div><\/div><\/section>\n\n\n\n<section class=\"wp-block-karopharma-image-with-text image-with-text image-with-text__full-width\"><div class=\"image-with-text-container \"><div class=\"image-with-text-container-image-container\"><img decoding=\"async\" loading=\"lazy\" src=\"https:\/\/herpatch.com\/cdn-cgi\/image\/format=auto\/app\/uploads\/sites\/9\/2025\/08\/fever-blister-vanishing.gif\" alt=\"fever-blister-vanishing\"\/><\/div><div class=\"image-with-text-container-content\" style=\"text-align:left\" data-test=\"content\"><div class=\"content\"><p class=\"body\" data-test=\"body\">S\u010dasoma se herpes na ustnicah izsu\u0161i.<\/p>\n<div class=\"wp-block-buttons is-layout-flex wp-block-buttons-is-layout-flex\"><\/div>\n<\/div><\/div><\/div><\/section>\n<\/div><\/div>\n<\/div><\/details>\n\n\n\n<details class=\"wp-block-karopharma-accordion\"><summary><h2 class=\"accordion-title\">O serumu<\/h2><\/summary><div class=\"accordion-content\">\n<p>Herpatch serum za herpes na ustnicah: serum, ki se pretvori v obli\u017e<\/p>\n\n\n\n<p>Serum Herpatch za herpes na ustnicah je inovativen in u\u010dinkovit na\u010din za hitro in enostavno ubla\u017eitev simptomov herpesa na ustnicah. Enostavno se nanese na prizadeto mesto, po nekaj minutah pa bel serum tvori za\u0161\u010ditni in prozoren film. Skupaj z vsebovanimi sestavinami pospe\u0161i naravni proces celjenja. Izdelek je primeren za uporabo v vseh fazah izbruha herpesa na ustnicah.<\/p>\n<\/div><\/details>\n\n\n\n<details class=\"wp-block-karopharma-accordion\"><summary><h2 class=\"accordion-title\">Navodila za uporabo<\/h2><\/summary><div class=\"accordion-content\">\n<ul class=\"wp-block-list is-style-default\">\n<li>Pred uporabo si umijte in osu\u0161ite roke.<\/li>\n\n\n\n<li>O\u010distite ali sperite prizadeto mesto.<\/li>\n\n\n\n<li>Ne\u017eno nanesite serum, ki tvori film, tako da prekrije vse lezije in tudi rob zdrave ko\u017ee okoli njih.<\/li>\n\n\n\n<li>Po nekaj minutah bel serum tvori za\u0161\u010ditni in prozoren film.<\/li>\n\n\n\n<li>Po potrebi lahko serum ponovno nanesete na <strong>3\u20134 ure<\/strong>, dokler se herpes na ustnicah popolnoma ne zaceli. Po potrebi je film mogo\u010de odstraniti s toplo vodo.<\/li>\n\n\n\n<li>Herpatch serum za herpes na ustnicah lahko uporabljate v kateri koli fazi izbruha, priporo\u010damo pa nanos ob prvih znakih izbruha.<\/li>\n<\/ul>\n<\/div><\/details>\n\n\n\n<details class=\"wp-block-karopharma-accordion\"><summary><h2 class=\"accordion-title\">Klini\u010dni podatki<\/h2><\/summary><div class=\"accordion-content\">\n<p><strong>Celjenje v 24 urah*<\/strong><br>V sodelovanju z nem\u0161ko univerzo Witten\/Herdecke je bila izvedena klini\u010dna ocena \u010dasa celjenja herpesa na ustnicah, ki jo je opravil zdravstveni strokovnjak. U\u010dinek seruma Herpatch za herpes na ustnicah so primerjali s standardno lokalno protivirusno terapijo s kremo z aciklovirjem. Rezultati so pokazali, da je bilo 75 % preiskovancev, ki so uporabljali serum Herpatch za herpes na ustnicah, po 24 urah zdravljenja \u017ee v fazi celjenja. Skupna klini\u010dna ocena seruma Herpatch je bila statisti\u010dno pomembno vi\u0161ja v primerjavi s kremo z aciklovirjem. Poleg tega je bil serum Herpatch ocenjen z dobro do zelo dobro sprejemljivostjo pri uporabnikih.<\/p>\n\n\n\n<figure class=\"wp-block-image size-full\"><img loading=\"lazy\" decoding=\"async\" width=\"554\" height=\"400\" src=\"https:\/\/herpatch.com\/app\/uploads\/sites\/9\/2025\/08\/healing-time_sl.jpg\" alt=\"healing-time_sl\" class=\"wp-image-111\" srcset=\"https:\/\/herpatch.com\/app\/uploads\/sites\/9\/2025\/08\/healing-time_sl.jpg 554w, https:\/\/herpatch.com\/app\/uploads\/sites\/9\/2025\/08\/healing-time_sl-320x231.jpg 320w\" sizes=\"auto, (max-width: 554px) 100vw, 554px\" \/><\/figure>\n\n\n\n<p><sup>* Klini\u010dna \u0161tudija je pokazala, da je bilo 75 % bolnikov po 24 urah v fazi celjenja.<\/sup><\/p>\n<\/div><\/details>\n<\/div><\/div>\n\n\n\n<div class=\"wp-block-karopharma-free-text pt-medium pb-medium bg-center bg-cover bg-no-repeat\" style=\"background-image:url()\"><div class=\"free-text-wrapper container max-w-small text-left\">\n<figure class=\"wp-block-video aligncenter\"><video controls src=\"https:\/\/herpatch.com\/app\/uploads\/sites\/3\/2025\/01\/Herpatch-serum.mp4\"><\/video><\/figure>\n<\/div><\/div>\n","protected":false},"excerpt":{"rendered":"<p>Pomaga pri celjenju herpesa na ustnicah v 24 urah*<\/p>\n","protected":false},"featured_media":184,"comment_status":"open","ping_status":"closed","template":"","meta":{"_acf_changed":false,"footnotes":""},"product_brand":[],"product_cat":[15],"product_tag":[],"class_list":{"0":"post-37","1":"product","2":"type-product","3":"status-publish","4":"has-post-thumbnail","6":"product_cat-uncategorized","8":"first","9":"instock","10":"shipping-taxable","11":"product-type-simple"},"acf":[],"yoast_head":"<!-- This site is optimized with the Yoast SEO plugin v26.6 - https:\/\/yoast.com\/wordpress\/plugins\/seo\/ -->\n<title>Serum za herpes na ustnicah - Herpatch<\/title>\n<meta name=\"description\" content=\"Z inovativnim in u\u010dinkovitim pripomo\u010dkom za nana\u0161anje je Herpatch serum za herpes strokovnjak za zdravljenje herpesa na ustnicah.\" \/>\n<meta name=\"robots\" content=\"index, follow, max-snippet:-1, max-image-preview:large, max-video-preview:-1\" \/>\n<link rel=\"canonical\" href=\"https:\/\/herpatch.com\/si\/izdelek\/serum-za-herpes-na-ustnicah\/\" \/>\n<meta property=\"og:locale\" content=\"sl_SI\" \/>\n<meta property=\"og:type\" content=\"article\" \/>\n<meta property=\"og:title\" content=\"Serum za herpes na ustnicah - Herpatch\" \/>\n<meta property=\"og:description\" content=\"Z inovativnim in u\u010dinkovitim pripomo\u010dkom za nana\u0161anje je Herpatch serum za herpes strokovnjak za zdravljenje herpesa na ustnicah.\" \/>\n<meta property=\"og:url\" content=\"https:\/\/herpatch.com\/si\/izdelek\/serum-za-herpes-na-ustnicah\/\" \/>\n<meta property=\"og:site_name\" content=\"Herpatch\" \/>\n<meta property=\"article:modified_time\" content=\"2026-03-06T07:36:17+00:00\" \/>\n<meta property=\"og:image\" content=\"https:\/\/herpatch.com\/app\/uploads\/sites\/9\/2025\/08\/herpatch-serum-badge2.jpg\" \/>\n\t<meta property=\"og:image:width\" content=\"800\" \/>\n\t<meta property=\"og:image:height\" content=\"800\" \/>\n\t<meta property=\"og:image:type\" content=\"image\/jpeg\" \/>\n<meta name=\"twitter:card\" content=\"summary_large_image\" \/>\n<meta name=\"twitter:label1\" content=\"Est. reading time\" \/>\n\t<meta name=\"twitter:data1\" content=\"4 minute\" \/>\n<script type=\"application\/ld+json\" class=\"yoast-schema-graph\">{\"@context\":\"https:\/\/schema.org\",\"@graph\":[{\"@type\":\"WebPage\",\"@id\":\"https:\/\/herpatch.com\/si\/izdelek\/serum-za-herpes-na-ustnicah\/\",\"url\":\"https:\/\/herpatch.com\/si\/izdelek\/serum-za-herpes-na-ustnicah\/\",\"name\":\"Serum za herpes na ustnicah - Herpatch\",\"isPartOf\":{\"@id\":\"https:\/\/herpatch.com\/si\/#website\"},\"primaryImageOfPage\":{\"@id\":\"https:\/\/herpatch.com\/si\/izdelek\/serum-za-herpes-na-ustnicah\/#primaryimage\"},\"image\":{\"@id\":\"https:\/\/herpatch.com\/si\/izdelek\/serum-za-herpes-na-ustnicah\/#primaryimage\"},\"thumbnailUrl\":\"https:\/\/herpatch.com\/app\/uploads\/sites\/9\/2025\/08\/herpatch-serum-badge2.jpg\",\"datePublished\":\"2025-08-18T08:10:29+00:00\",\"dateModified\":\"2026-03-06T07:36:17+00:00\",\"description\":\"Z inovativnim in u\u010dinkovitim pripomo\u010dkom za nana\u0161anje je Herpatch serum za herpes strokovnjak za zdravljenje herpesa na ustnicah.\",\"breadcrumb\":{\"@id\":\"https:\/\/herpatch.com\/si\/izdelek\/serum-za-herpes-na-ustnicah\/#breadcrumb\"},\"inLanguage\":\"sl-SI\",\"potentialAction\":[{\"@type\":\"ReadAction\",\"target\":[\"https:\/\/herpatch.com\/si\/izdelek\/serum-za-herpes-na-ustnicah\/\"]}]},{\"@type\":\"ImageObject\",\"inLanguage\":\"sl-SI\",\"@id\":\"https:\/\/herpatch.com\/si\/izdelek\/serum-za-herpes-na-ustnicah\/#primaryimage\",\"url\":\"https:\/\/herpatch.com\/app\/uploads\/sites\/9\/2025\/08\/herpatch-serum-badge2.jpg\",\"contentUrl\":\"https:\/\/herpatch.com\/app\/uploads\/sites\/9\/2025\/08\/herpatch-serum-badge2.jpg\",\"width\":800,\"height\":800,\"caption\":\"herpatch-serum-badge2\"},{\"@type\":\"BreadcrumbList\",\"@id\":\"https:\/\/herpatch.com\/si\/izdelek\/serum-za-herpes-na-ustnicah\/#breadcrumb\",\"itemListElement\":[{\"@type\":\"ListItem\",\"position\":1,\"name\":\"Home\",\"item\":\"https:\/\/herpatch.com\/si\/\"},{\"@type\":\"ListItem\",\"position\":2,\"name\":\"Proizvod\",\"item\":\"https:\/\/herpatch.com\/si\/proizvod\/\"},{\"@type\":\"ListItem\",\"position\":3,\"name\":\"Serum za herpes na ustnicah\"}]},{\"@type\":\"WebSite\",\"@id\":\"https:\/\/herpatch.com\/si\/#website\",\"url\":\"https:\/\/herpatch.com\/si\/\",\"name\":\"Herpatch\",\"description\":\"\",\"publisher\":{\"@id\":\"https:\/\/herpatch.com\/si\/#organization\"},\"potentialAction\":[{\"@type\":\"SearchAction\",\"target\":{\"@type\":\"EntryPoint\",\"urlTemplate\":\"https:\/\/herpatch.com\/si\/?s={search_term_string}\"},\"query-input\":{\"@type\":\"PropertyValueSpecification\",\"valueRequired\":true,\"valueName\":\"search_term_string\"}}],\"inLanguage\":\"sl-SI\"},{\"@type\":\"Organization\",\"@id\":\"https:\/\/herpatch.com\/si\/#organization\",\"name\":\"Herpatch\",\"url\":\"https:\/\/herpatch.com\/si\/\",\"logo\":{\"@type\":\"ImageObject\",\"inLanguage\":\"sl-SI\",\"@id\":\"https:\/\/herpatch.com\/si\/#\/schema\/logo\/image\/\",\"url\":\"https:\/\/herpatch.com\/app\/uploads\/sites\/9\/2025\/08\/Herpatch-logo.png\",\"contentUrl\":\"https:\/\/herpatch.com\/app\/uploads\/sites\/9\/2025\/08\/Herpatch-logo.png\",\"width\":109,\"height\":32,\"caption\":\"Herpatch\"},\"image\":{\"@id\":\"https:\/\/herpatch.com\/si\/#\/schema\/logo\/image\/\"}}]}<\/script>\n<!-- \/ Yoast SEO plugin. -->","yoast_head_json":{"title":"Serum za herpes na ustnicah - Herpatch","description":"Z inovativnim in u\u010dinkovitim pripomo\u010dkom za nana\u0161anje je Herpatch serum za herpes strokovnjak za zdravljenje herpesa na ustnicah.","robots":{"index":"index","follow":"follow","max-snippet":"max-snippet:-1","max-image-preview":"max-image-preview:large","max-video-preview":"max-video-preview:-1"},"canonical":"https:\/\/herpatch.com\/si\/izdelek\/serum-za-herpes-na-ustnicah\/","og_locale":"sl_SI","og_type":"article","og_title":"Serum za herpes na ustnicah - Herpatch","og_description":"Z inovativnim in u\u010dinkovitim pripomo\u010dkom za nana\u0161anje je Herpatch serum za herpes strokovnjak za zdravljenje herpesa na ustnicah.","og_url":"https:\/\/herpatch.com\/si\/izdelek\/serum-za-herpes-na-ustnicah\/","og_site_name":"Herpatch","article_modified_time":"2026-03-06T07:36:17+00:00","og_image":[{"width":800,"height":800,"url":"https:\/\/herpatch.com\/app\/uploads\/sites\/9\/2025\/08\/herpatch-serum-badge2.jpg","type":"image\/jpeg"}],"twitter_card":"summary_large_image","twitter_misc":{"Est. reading time":"4 minute"},"schema":{"@context":"https:\/\/schema.org","@graph":[{"@type":"WebPage","@id":"https:\/\/herpatch.com\/si\/izdelek\/serum-za-herpes-na-ustnicah\/","url":"https:\/\/herpatch.com\/si\/izdelek\/serum-za-herpes-na-ustnicah\/","name":"Serum za herpes na ustnicah - Herpatch","isPartOf":{"@id":"https:\/\/herpatch.com\/si\/#website"},"primaryImageOfPage":{"@id":"https:\/\/herpatch.com\/si\/izdelek\/serum-za-herpes-na-ustnicah\/#primaryimage"},"image":{"@id":"https:\/\/herpatch.com\/si\/izdelek\/serum-za-herpes-na-ustnicah\/#primaryimage"},"thumbnailUrl":"https:\/\/herpatch.com\/app\/uploads\/sites\/9\/2025\/08\/herpatch-serum-badge2.jpg","datePublished":"2025-08-18T08:10:29+00:00","dateModified":"2026-03-06T07:36:17+00:00","description":"Z inovativnim in u\u010dinkovitim pripomo\u010dkom za nana\u0161anje je Herpatch serum za herpes strokovnjak za zdravljenje herpesa na ustnicah.","breadcrumb":{"@id":"https:\/\/herpatch.com\/si\/izdelek\/serum-za-herpes-na-ustnicah\/#breadcrumb"},"inLanguage":"sl-SI","potentialAction":[{"@type":"ReadAction","target":["https:\/\/herpatch.com\/si\/izdelek\/serum-za-herpes-na-ustnicah\/"]}]},{"@type":"ImageObject","inLanguage":"sl-SI","@id":"https:\/\/herpatch.com\/si\/izdelek\/serum-za-herpes-na-ustnicah\/#primaryimage","url":"https:\/\/herpatch.com\/app\/uploads\/sites\/9\/2025\/08\/herpatch-serum-badge2.jpg","contentUrl":"https:\/\/herpatch.com\/app\/uploads\/sites\/9\/2025\/08\/herpatch-serum-badge2.jpg","width":800,"height":800,"caption":"herpatch-serum-badge2"},{"@type":"BreadcrumbList","@id":"https:\/\/herpatch.com\/si\/izdelek\/serum-za-herpes-na-ustnicah\/#breadcrumb","itemListElement":[{"@type":"ListItem","position":1,"name":"Home","item":"https:\/\/herpatch.com\/si\/"},{"@type":"ListItem","position":2,"name":"Proizvod","item":"https:\/\/herpatch.com\/si\/proizvod\/"},{"@type":"ListItem","position":3,"name":"Serum za herpes na ustnicah"}]},{"@type":"WebSite","@id":"https:\/\/herpatch.com\/si\/#website","url":"https:\/\/herpatch.com\/si\/","name":"Herpatch","description":"","publisher":{"@id":"https:\/\/herpatch.com\/si\/#organization"},"potentialAction":[{"@type":"SearchAction","target":{"@type":"EntryPoint","urlTemplate":"https:\/\/herpatch.com\/si\/?s={search_term_string}"},"query-input":{"@type":"PropertyValueSpecification","valueRequired":true,"valueName":"search_term_string"}}],"inLanguage":"sl-SI"},{"@type":"Organization","@id":"https:\/\/herpatch.com\/si\/#organization","name":"Herpatch","url":"https:\/\/herpatch.com\/si\/","logo":{"@type":"ImageObject","inLanguage":"sl-SI","@id":"https:\/\/herpatch.com\/si\/#\/schema\/logo\/image\/","url":"https:\/\/herpatch.com\/app\/uploads\/sites\/9\/2025\/08\/Herpatch-logo.png","contentUrl":"https:\/\/herpatch.com\/app\/uploads\/sites\/9\/2025\/08\/Herpatch-logo.png","width":109,"height":32,"caption":"Herpatch"},"image":{"@id":"https:\/\/herpatch.com\/si\/#\/schema\/logo\/image\/"}}]}},"_links":{"self":[{"href":"https:\/\/herpatch.com\/si\/wp-json\/wp\/v2\/product\/37","targetHints":{"allow":["GET"]}}],"collection":[{"href":"https:\/\/herpatch.com\/si\/wp-json\/wp\/v2\/product"}],"about":[{"href":"https:\/\/herpatch.com\/si\/wp-json\/wp\/v2\/types\/product"}],"replies":[{"embeddable":true,"href":"https:\/\/herpatch.com\/si\/wp-json\/wp\/v2\/comments?post=37"}],"version-history":[{"count":10,"href":"https:\/\/herpatch.com\/si\/wp-json\/wp\/v2\/product\/37\/revisions"}],"predecessor-version":[{"id":181,"href":"https:\/\/herpatch.com\/si\/wp-json\/wp\/v2\/product\/37\/revisions\/181"}],"wp:featuredmedia":[{"embeddable":true,"href":"https:\/\/herpatch.com\/si\/wp-json\/wp\/v2\/media\/184"}],"wp:attachment":[{"href":"https:\/\/herpatch.com\/si\/wp-json\/wp\/v2\/media?parent=37"}],"wp:term":[{"taxonomy":"product_brand","embeddable":true,"href":"https:\/\/herpatch.com\/si\/wp-json\/wp\/v2\/product_brand?post=37"},{"taxonomy":"product_cat","embeddable":true,"href":"https:\/\/herpatch.com\/si\/wp-json\/wp\/v2\/product_cat?post=37"},{"taxonomy":"product_tag","embeddable":true,"href":"https:\/\/herpatch.com\/si\/wp-json\/wp\/v2\/product_tag?post=37"}],"curies":[{"name":"wp","href":"https:\/\/api.w.org\/{rel}","templated":true}]}}