{"id":97,"date":"2025-08-18T10:41:51","date_gmt":"2025-08-18T08:41:51","guid":{"rendered":"https:\/\/herpatch.com\/si\/?page_id=97"},"modified":"2026-02-03T14:20:46","modified_gmt":"2026-02-03T13:20:46","slug":"mnenje-strank","status":"publish","type":"page","link":"https:\/\/herpatch.com\/si\/mnenje-strank\/","title":{"rendered":"Izku\u0161nje uporabnikov"},"content":{"rendered":"\n<div class=\"wp-block-karopharma-free-text pt-large pb-large bg-center bg-cover bg-no-repeat bg-box is-style-primary\" style=\"background-image:url(https:\/\/herpatch.com\/cdn-cgi\/image\/format=auto\/app\/uploads\/sites\/9\/2025\/08\/testimonials.jpg)\"><div class=\"free-text-wrapper container max-w-small text-center\">\n<h1 class=\"wp-block-heading has-text-align-center is-style-heading-huge\">Izku\u0161nje uporabnikov<\/h1>\n<\/div><\/div>\n\n\n\n<div class=\"wp-block-karopharma-free-text pt-large pb-large bg-center bg-cover bg-no-repeat\" style=\"background-image:url()\"><div class=\"free-text-wrapper container max-w-medium text-left\">\n<p class=\"is-style-paragraph-preamble has-primary-color has-text-color has-link-color wp-elements-03cbfebd1eda45c4055517d48d2d9d4d\">Z herpesom na ustnicah trpim, odkar pomnim \u2013 \u017ee 37 let. Preizkusila sem razli\u010dne izdelke: doma\u010da zdravila, homeopatske pripravke, kreme, obli\u017ee ipd. Moram pohvaliti va\u0161 serum Herpatch, saj je to edini izdelek, ki ga poznam, ki herpesa sicer ne odpravi popolnoma, vendar zanesljivo skraj\u0161a trajanje in zmanj\u0161a po\u0161kodbe, ki jih povzro\u010da na mojih ustih in ob ustnicah. Najlep\u0161a hvala \u2013 prosim, nikoli ne nehajte z izdelavo, sicer sem izgubljena!<\/p>\n\n\n\n<p><em>Nichola \u2013 Zdru\u017eeno kraljestvo<\/em><\/p>\n\n\n\n<hr>\n\n\n\n<p class=\"is-style-paragraph-preamble has-primary-color has-text-color has-link-color wp-elements-6264362b27372184fba089f866a2c37f\">S herpesom na ustnicah se soo\u010dam \u017ee od otro\u0161tva in \u017eelel sem se vam zahvaliti za ta izjemen izdelek. Preizkusil sem ne\u0161teto drugih izdelkov, vendar je ta dale\u010d najbolj\u0161i, kar sem jih kdaj uporabljal. Zdaj ga imam vedno doma in enega tudi v avtu, za primer, \u010de za\u010dutim, da se herpes pojavlja. \u0160e enkrat hvala.<\/p>\n\n\n\n<p><em>Michael \u2013 Zdru\u017eeno kraljestvo<\/em><\/p>\n\n\n\n<hr>\n\n\n\n<p class=\"is-style-paragraph-preamble has-primary-color has-text-color has-link-color wp-elements-32a2f8e51f922fb25f3d6f03a1c9a96d\">Ko za\u010dutim prve znake srbenja na ustnicah, uporabim Herpatch. To je kot \u010dude\u017e \u2013 pomaga. Vedno imam nekaj obli\u017eev Herpatch pripravljenih v torbici. Brez njih si ne predstavljam ve\u010d \u017eivljenja.<\/p>\n\n\n\n<p><em>Marianne \u2013 \u0160vedska<\/em><\/p>\n\n\n\n<hr>\n\n\n\n<p class=\"is-style-paragraph-preamble has-primary-color has-text-color has-link-color wp-elements-6035c60f4565903e146447da40dd2777\">Preizkusila sem veliko izdelkov, vendar je Herpatch najbolj\u0161i med njimi. Za\u0161\u010ditni sloj hitro in u\u010dinkovito pomaga pri herpesu na ustnicah. Priporo\u010dam ga vsem \u2013 preizkusite ga.<\/p>\n\n\n\n<p><em>Szilvia \u2013 Mad\u017earska<\/em><\/p>\n\n\n\n<hr>\n\n\n\n<p class=\"is-style-paragraph-preamble has-primary-color has-text-color has-link-color wp-elements-e187ae6b06df474c95ed2e6dcfee8c5a\">Preizkusila sem \u017ee ve\u010d izdelkov za obravnavo herpesa na ustnicah, vendar me je prepri\u010dal le Herpatch. Deluje zelo u\u010dinkovito, poleg tega pa je enostaven za nanos in prozoren.<\/p>\n\n\n\n<p><em>Ilse \u2013 Belgija (farmacevtka)<\/em><\/p>\n\n\n\n<hr>\n\n\n\n<p class=\"is-style-paragraph-preamble has-primary-color has-text-color has-link-color wp-elements-db54b37e39b25a0133a89a0b28fe9cd3\">Herpes na ustnicah se mi pogosto pojavlja. Zdaj ob prvih znakih uporabim serum Herpatch, ki prinese olaj\u0161anje in pomaga prepre\u010diti nadaljnji razvoj. Prav tako pomaga prekriti prizadeto mesto, da je manj opazno.<\/p>\n\n\n\n<p><em>Martin \u2013 Norve\u0161ka<\/em><\/p>\n\n\n\n<hr>\n\n\n\n<p class=\"is-style-paragraph-preamble has-primary-color has-text-color has-link-color wp-elements-79dd89c2af85360830b24a12a4bba5a2\">\u017de nekaj \u010dasa uporabljam tubo seruma Herpatch (in zelo sem \u017ealostna, da mi ga zmanjkuje). Zdaj sem ugotovila, da v Ju\u017eni Afriki izdelka ni ve\u010d mogo\u010de dobiti, saj sem ga iskala v \u0161tevilnih lekarnah. To je najbolj\u0161a re\u0161itev za herpes na ustnicah \u2013 ni\u010d ne deluje tako dobro kot ta serum! Bel serum, ki se enostavno nanese, postane prosojen in pomaga, da se herpes hitro zaceli.<\/p>\n\n\n\n<p><em>Irene \u2013 Ju\u017ena Afrika<\/em><\/p>\n<\/div><\/div>\n","protected":false},"excerpt":{"rendered":"","protected":false},"author":2,"featured_media":0,"parent":0,"menu_order":0,"comment_status":"closed","ping_status":"closed","template":"","meta":{"_acf_changed":false,"footnotes":""},"from-article-database":[],"class_list":["post-97","page","type-page","status-publish","hentry"],"acf":[],"yoast_head":"<!-- This site is optimized with the Yoast SEO plugin v26.6 - https:\/\/yoast.com\/wordpress\/plugins\/seo\/ -->\n<title>Izku\u0161nje uporabnikov - Herpatch<\/title>\n<meta name=\"description\" content=\"Odkrijte, kaj na\u0161e stranke pravijo o svojih izku\u0161njah! Resni\u010dne zgodbe, pristne povratne informacije in vpogledi v to, kako smo naredili spremembo.\" \/>\n<meta name=\"robots\" content=\"index, follow, max-snippet:-1, max-image-preview:large, max-video-preview:-1\" \/>\n<link rel=\"canonical\" href=\"https:\/\/herpatch.com\/si\/mnenje-strank\/\" \/>\n<meta property=\"og:locale\" content=\"sl_SI\" \/>\n<meta property=\"og:type\" content=\"article\" \/>\n<meta property=\"og:title\" content=\"Izku\u0161nje uporabnikov - Herpatch\" \/>\n<meta property=\"og:description\" content=\"Odkrijte, kaj na\u0161e stranke pravijo o svojih izku\u0161njah! Resni\u010dne zgodbe, pristne povratne informacije in vpogledi v to, kako smo naredili spremembo.\" \/>\n<meta property=\"og:url\" content=\"https:\/\/herpatch.com\/si\/mnenje-strank\/\" \/>\n<meta property=\"og:site_name\" content=\"Herpatch\" \/>\n<meta property=\"article:modified_time\" content=\"2026-02-03T13:20:46+00:00\" \/>\n<meta name=\"twitter:card\" content=\"summary_large_image\" \/>\n<meta name=\"twitter:label1\" content=\"Est. reading time\" \/>\n\t<meta name=\"twitter:data1\" content=\"2 minuti\" \/>\n<script type=\"application\/ld+json\" class=\"yoast-schema-graph\">{\"@context\":\"https:\/\/schema.org\",\"@graph\":[{\"@type\":\"WebPage\",\"@id\":\"https:\/\/herpatch.com\/si\/mnenje-strank\/\",\"url\":\"https:\/\/herpatch.com\/si\/mnenje-strank\/\",\"name\":\"Izku\u0161nje uporabnikov - Herpatch\",\"isPartOf\":{\"@id\":\"https:\/\/herpatch.com\/si\/#website\"},\"datePublished\":\"2025-08-18T08:41:51+00:00\",\"dateModified\":\"2026-02-03T13:20:46+00:00\",\"description\":\"Odkrijte, kaj na\u0161e stranke pravijo o svojih izku\u0161njah! Resni\u010dne zgodbe, pristne povratne informacije in vpogledi v to, kako smo naredili spremembo.\",\"breadcrumb\":{\"@id\":\"https:\/\/herpatch.com\/si\/mnenje-strank\/#breadcrumb\"},\"inLanguage\":\"sl-SI\",\"potentialAction\":[{\"@type\":\"ReadAction\",\"target\":[\"https:\/\/herpatch.com\/si\/mnenje-strank\/\"]}]},{\"@type\":\"BreadcrumbList\",\"@id\":\"https:\/\/herpatch.com\/si\/mnenje-strank\/#breadcrumb\",\"itemListElement\":[{\"@type\":\"ListItem\",\"position\":1,\"name\":\"Home\",\"item\":\"https:\/\/herpatch.com\/si\/\"},{\"@type\":\"ListItem\",\"position\":2,\"name\":\"Izku\u0161nje uporabnikov\"}]},{\"@type\":\"WebSite\",\"@id\":\"https:\/\/herpatch.com\/si\/#website\",\"url\":\"https:\/\/herpatch.com\/si\/\",\"name\":\"Herpatch\",\"description\":\"\",\"publisher\":{\"@id\":\"https:\/\/herpatch.com\/si\/#organization\"},\"potentialAction\":[{\"@type\":\"SearchAction\",\"target\":{\"@type\":\"EntryPoint\",\"urlTemplate\":\"https:\/\/herpatch.com\/si\/?s={search_term_string}\"},\"query-input\":{\"@type\":\"PropertyValueSpecification\",\"valueRequired\":true,\"valueName\":\"search_term_string\"}}],\"inLanguage\":\"sl-SI\"},{\"@type\":\"Organization\",\"@id\":\"https:\/\/herpatch.com\/si\/#organization\",\"name\":\"Herpatch\",\"url\":\"https:\/\/herpatch.com\/si\/\",\"logo\":{\"@type\":\"ImageObject\",\"inLanguage\":\"sl-SI\",\"@id\":\"https:\/\/herpatch.com\/si\/#\/schema\/logo\/image\/\",\"url\":\"https:\/\/herpatch.com\/app\/uploads\/sites\/9\/2025\/08\/Herpatch-logo.png\",\"contentUrl\":\"https:\/\/herpatch.com\/app\/uploads\/sites\/9\/2025\/08\/Herpatch-logo.png\",\"width\":109,\"height\":32,\"caption\":\"Herpatch\"},\"image\":{\"@id\":\"https:\/\/herpatch.com\/si\/#\/schema\/logo\/image\/\"}}]}<\/script>\n<!-- \/ Yoast SEO plugin. -->","yoast_head_json":{"title":"Izku\u0161nje uporabnikov - Herpatch","description":"Odkrijte, kaj na\u0161e stranke pravijo o svojih izku\u0161njah! Resni\u010dne zgodbe, pristne povratne informacije in vpogledi v to, kako smo naredili spremembo.","robots":{"index":"index","follow":"follow","max-snippet":"max-snippet:-1","max-image-preview":"max-image-preview:large","max-video-preview":"max-video-preview:-1"},"canonical":"https:\/\/herpatch.com\/si\/mnenje-strank\/","og_locale":"sl_SI","og_type":"article","og_title":"Izku\u0161nje uporabnikov - Herpatch","og_description":"Odkrijte, kaj na\u0161e stranke pravijo o svojih izku\u0161njah! Resni\u010dne zgodbe, pristne povratne informacije in vpogledi v to, kako smo naredili spremembo.","og_url":"https:\/\/herpatch.com\/si\/mnenje-strank\/","og_site_name":"Herpatch","article_modified_time":"2026-02-03T13:20:46+00:00","twitter_card":"summary_large_image","twitter_misc":{"Est. reading time":"2 minuti"},"schema":{"@context":"https:\/\/schema.org","@graph":[{"@type":"WebPage","@id":"https:\/\/herpatch.com\/si\/mnenje-strank\/","url":"https:\/\/herpatch.com\/si\/mnenje-strank\/","name":"Izku\u0161nje uporabnikov - Herpatch","isPartOf":{"@id":"https:\/\/herpatch.com\/si\/#website"},"datePublished":"2025-08-18T08:41:51+00:00","dateModified":"2026-02-03T13:20:46+00:00","description":"Odkrijte, kaj na\u0161e stranke pravijo o svojih izku\u0161njah! Resni\u010dne zgodbe, pristne povratne informacije in vpogledi v to, kako smo naredili spremembo.","breadcrumb":{"@id":"https:\/\/herpatch.com\/si\/mnenje-strank\/#breadcrumb"},"inLanguage":"sl-SI","potentialAction":[{"@type":"ReadAction","target":["https:\/\/herpatch.com\/si\/mnenje-strank\/"]}]},{"@type":"BreadcrumbList","@id":"https:\/\/herpatch.com\/si\/mnenje-strank\/#breadcrumb","itemListElement":[{"@type":"ListItem","position":1,"name":"Home","item":"https:\/\/herpatch.com\/si\/"},{"@type":"ListItem","position":2,"name":"Izku\u0161nje uporabnikov"}]},{"@type":"WebSite","@id":"https:\/\/herpatch.com\/si\/#website","url":"https:\/\/herpatch.com\/si\/","name":"Herpatch","description":"","publisher":{"@id":"https:\/\/herpatch.com\/si\/#organization"},"potentialAction":[{"@type":"SearchAction","target":{"@type":"EntryPoint","urlTemplate":"https:\/\/herpatch.com\/si\/?s={search_term_string}"},"query-input":{"@type":"PropertyValueSpecification","valueRequired":true,"valueName":"search_term_string"}}],"inLanguage":"sl-SI"},{"@type":"Organization","@id":"https:\/\/herpatch.com\/si\/#organization","name":"Herpatch","url":"https:\/\/herpatch.com\/si\/","logo":{"@type":"ImageObject","inLanguage":"sl-SI","@id":"https:\/\/herpatch.com\/si\/#\/schema\/logo\/image\/","url":"https:\/\/herpatch.com\/app\/uploads\/sites\/9\/2025\/08\/Herpatch-logo.png","contentUrl":"https:\/\/herpatch.com\/app\/uploads\/sites\/9\/2025\/08\/Herpatch-logo.png","width":109,"height":32,"caption":"Herpatch"},"image":{"@id":"https:\/\/herpatch.com\/si\/#\/schema\/logo\/image\/"}}]}},"_links":{"self":[{"href":"https:\/\/herpatch.com\/si\/wp-json\/wp\/v2\/pages\/97","targetHints":{"allow":["GET"]}}],"collection":[{"href":"https:\/\/herpatch.com\/si\/wp-json\/wp\/v2\/pages"}],"about":[{"href":"https:\/\/herpatch.com\/si\/wp-json\/wp\/v2\/types\/page"}],"author":[{"embeddable":true,"href":"https:\/\/herpatch.com\/si\/wp-json\/wp\/v2\/users\/2"}],"replies":[{"embeddable":true,"href":"https:\/\/herpatch.com\/si\/wp-json\/wp\/v2\/comments?post=97"}],"version-history":[{"count":4,"href":"https:\/\/herpatch.com\/si\/wp-json\/wp\/v2\/pages\/97\/revisions"}],"predecessor-version":[{"id":172,"href":"https:\/\/herpatch.com\/si\/wp-json\/wp\/v2\/pages\/97\/revisions\/172"}],"wp:attachment":[{"href":"https:\/\/herpatch.com\/si\/wp-json\/wp\/v2\/media?parent=97"}],"wp:term":[{"taxonomy":"from-article-database","embeddable":true,"href":"https:\/\/herpatch.com\/si\/wp-json\/wp\/v2\/from-article-database?post=97"}],"curies":[{"name":"wp","href":"https:\/\/api.w.org\/{rel}","templated":true}]}}