{"id":93,"date":"2025-08-18T10:40:59","date_gmt":"2025-08-18T08:40:59","guid":{"rendered":"https:\/\/herpatch.com\/si\/?page_id=93"},"modified":"2026-03-06T08:23:23","modified_gmt":"2026-03-06T07:23:23","slug":"pogosto-zastavljena-vprasanja","status":"publish","type":"page","link":"https:\/\/herpatch.com\/si\/pogosto-zastavljena-vprasanja\/","title":{"rendered":"Pogosto zastavljena vpra\u0161anja"},"content":{"rendered":"\n<div class=\"wp-block-karopharma-free-text pt-large pb-large bg-center bg-cover bg-no-repeat bg-box is-style-primary\" style=\"background-image:url(https:\/\/herpatch.com\/cdn-cgi\/image\/format=auto\/app\/uploads\/sites\/9\/2025\/08\/faq.jpg)\"><div class=\"free-text-wrapper container max-w-small text-left\">\n<h1 class=\"wp-block-heading has-text-align-center is-style-heading-huge\">Pogosta vpra\u0161anja (FAQ)<\/h1>\n<\/div><\/div>\n\n\n\n<div class=\"wp-block-karopharma-accordions\"><div class=\"container\">\n<details class=\"wp-block-karopharma-accordion\"><summary><h2 class=\"accordion-title\">Kaj je herpes na ustnici (\u00bbcold sore\u00ab)?<\/h2><\/summary><div class=\"accordion-content\">\n<p>Herpes na ustnici je posledica oku\u017ebe z virusom Herpes simplex tipa 1 (HSV\u20111), ki povzro\u010di nastanek majhnih mehur\u010dkov na ali okoli ustnic. Za izbruh herpesa je zna\u010dilen ob\u010dutek \u0161\u010demenja ali peko\u010d ob\u010dutek na prizadetem obmo\u010dju. Nato se lahko razvije mehur\u010dek, ki povzro\u010da srbenje, rde\u010dino in vidno nelagodje, simptomi pa lahko trajajo tudi dlje kot teden dni.<\/p>\n\n\n\n<p>Herpes je lahko zelo nalezljiv in se lahko prenese na druge dele telesa ali na drugo osebo. Prenos virusa je mogo\u010d od za\u010detka izbruha do popolnega zaceljenja. Do prenosa lahko pride z neposrednim stikom ali prek oku\u017eenih predmetov, kot so na primer kozarci ali zobne krta\u010dke.<\/p>\n\n\n\n<p>Raziskave ka\u017eejo, da je velik dele\u017e populacije nosilec virusa HSV\u20111 (80 %), pri dele\u017eu (20 %) teh oseb pa se herpes na ustnici ob\u010dasno ponavlja. Po oku\u017ebi virus ostane v telesu trajno.*<\/p>\n<\/div><\/details>\n\n\n\n<details class=\"wp-block-karopharma-accordion\"><summary><h2 class=\"accordion-title\">Kaj povzro\u010da izbruh herpesa na ustnici?<\/h2><\/summary><div class=\"accordion-content\">\n<p>Herpes na ustnici nastane kot posledica oku\u017ebe z virusom HSV\u20111. Izbruh se lahko spro\u017ei zaradi razli\u010dnih notranjih ali zunanjih dejavnikov.<\/p>\n\n\n\n<p><strong>Notranji dejavniki:<\/strong><\/p>\n\n\n\n<ul class=\"wp-block-list is-style-default\">\n<li>Povi\u0161ana telesna temperatura<\/li>\n\n\n\n<li>Bolezni<\/li>\n\n\n\n<li>Menstruacija<\/li>\n\n\n\n<li>\u010custveni stres<\/li>\n\n\n\n<li>Prebavne motnje<\/li>\n\n\n\n<li>Alergijske reakcije (vklju\u010dno z reakcijami na hrano)<\/li>\n\n\n\n<li>Manj\u0161e oku\u017ebe<\/li>\n\n\n\n<li>Bolezni, ki pove\u010dujejo presnovo (npr. sladkorna bolezen, hipertiroidizem)<\/li>\n\n\n\n<li>Prisotnost druge virusne oku\u017ebe (npr. prehlad, gripa)<\/li>\n\n\n\n<li>Utrujenost<\/li>\n\n\n\n<li>Dejavniki, ki oslabijo imunski sistem.<\/li>\n<\/ul>\n\n\n\n<p><strong>Zunanji dejavniki:<\/strong><\/p>\n\n\n\n<ul class=\"wp-block-list is-style-default\">\n<li>Izpostavljenost vetru<\/li>\n\n\n\n<li>Ultravijoli\u010dno sevanje (sonce, solariji)<\/li>\n\n\n\n<li>Mraz<\/li>\n\n\n\n<li>Vznemirjenje<\/li>\n\n\n\n<li>Izsu\u0161ene ustnice<\/li>\n\n\n\n<li>Fizi\u010dne po\u0161kodbe<\/li>\n\n\n\n<li>Zobozdravstveni posegi.<\/li>\n<\/ul>\n<\/div><\/details>\n\n\n\n<details class=\"wp-block-karopharma-accordion\"><summary><h2 class=\"accordion-title\">Katere so faze izbruha herpesa?<\/h2><\/summary><div class=\"accordion-content\">\n<figure class=\"wp-block-image size-full\"><img loading=\"lazy\" decoding=\"async\" width=\"554\" height=\"530\" src=\"https:\/\/herpatch.com\/app\/uploads\/sites\/9\/2025\/08\/stages-of-a-blister-outbreak.jpg\" alt=\"stages-of-a-blister-outbreak\" class=\"wp-image-146\" srcset=\"https:\/\/herpatch.com\/app\/uploads\/sites\/9\/2025\/08\/stages-of-a-blister-outbreak.jpg 554w, https:\/\/herpatch.com\/app\/uploads\/sites\/9\/2025\/08\/stages-of-a-blister-outbreak-320x306.jpg 320w\" sizes=\"auto, (max-width: 554px) 100vw, 554px\" \/><\/figure>\n\n\n\n<p><strong>1 dan \u2013 \u0160\u010demenje (prodromalna faza)<\/strong><br>Pojavi se peko\u010d ali \u0161\u010deme\u010d ob\u010dutek na ustnicah ali v njihovi okolici (nos, brada).<\/p>\n\n\n\n<p><strong>1.\u20132. dan \u2013 Nastanek mehur\u010dkov (rde\u010dina in papule)<\/strong><br>Ko\u017ea postane rde\u010da in ob\u010dutljiva, pojavijo se skupki manj\u0161ih mehur\u010dkov, ki se lahko zdru\u017eijo.<\/p>\n\n\n\n<p><strong>2.\u20133. dan \u2013 Pokanje mehur\u010dkov (vezikli)<\/strong><br>To je faza, v kateri je okolje najbolj ob\u010dutljivo; mehur\u010dki lahko po\u010dijo.<\/p>\n\n\n\n<p><strong>3.\u20138. dan \u2013 Nastanek kraste<\/strong><br>Na mestu lezije se pojavi krasta. Pred\u010dasna odstranitev kraste lahko povzro\u010di krvavitev in peko\u010d ob\u010dutek.<\/p>\n\n\n\n<p><strong>8.\u201310. dan \u2013 Celjenje<\/strong><br>Ko\u017ea se zaceli in vidni znaki herpesa izginejo.<\/p>\n<\/div><\/details>\n\n\n\n<details class=\"wp-block-karopharma-accordion\"><summary><h2 class=\"accordion-title\">Kako se obi\u010dajno obravnava herpes na ustnici?<\/h2><\/summary><div class=\"accordion-content\">\n<p>Na trgu je danes na voljo ve\u010d razli\u010dnih izdelkov za obvladovanje herpesa na ustnici, med drugim kreme, obli\u017ei in drugi izdelki, za peroralno uporabo. Kljub temu \u0161tevilni posamezniki izdelkov ne uporabljajo ali z njimi niso zadovoljni, zato izbruh herpesa pogosto poteka z nelagodjem.Herpatch Serum je medicinski pripomo\u010dek, zasnovan kot diskretna in enostavna re\u0161itev za lokalno uporabo pri herpesu na ustnici. Na ko\u017ei ustvari prozoren za\u0161\u010ditni film, ki \u0161\u010diti prizadeto mesto pred zunanjimi vplivi in podpira naravni proces celjenja ko\u017ee.Herpatch Serum je namenjen uporabi v vseh fazah izbruha herpesa \u2013 od prvih ob\u010dutkov \u0161\u010demenja do faze celjenja. Z zgodnjo uporabo se lahko pomaga za\u0161\u010dititi ko\u017eo \u017ee ob prvih znakih nelagodja.<\/p>\n\n\n\n<p>\u0160tevilne zna\u010dilnosti izdelka Herpatch Serum prispevajo k temu, da je primeren za uporabo pri herpesu na ustnici, saj pomaga pri pospe\u0161evanju celjenja, brez bole\u010din.<\/p>\n\n\n\n<p>Herpatch Serum je namenjen uporabi <strong>skozi celoten potek izbruha herpesa na ustnici<\/strong>. Ob nanosu ustvari prozoren za\u0161\u010ditni film na ko\u017ei. Z uporabo ob prvih znakih \u0161\u010demenja lahko pripomore k <strong>za\u0161\u010diti ko\u017ee in zmanj\u0161anju ob\u010dutka nelagodja<\/strong>.<\/p>\n<\/div><\/details>\n\n\n\n<details class=\"wp-block-karopharma-accordion\"><summary><h2 class=\"accordion-title\">Kako uporabljam Herpatch Serum?<\/h2><\/summary><div class=\"accordion-content\">\n<ol class=\"wp-block-list is-style-default\">\n<li>Pred uporabo umijte ali sperite prizadeto obmo\u010dje.<\/li>\n\n\n\n<li>Roke morajo biti \u010diste in suhe.<\/li>\n\n\n\n<li>Ne\u017eno nanesite majhno koli\u010dino seruma na herpes tako, da prekrije vse lezije in majhen rob zdrave ko\u017ee okoli njih. Po nekaj minutah se serum posu\u0161i in ustvari prozoren za\u0161\u010ditni film. Po potrebi se lahko ponovno nanese vsakih 3\u20134 ure, dokler se ko\u017ea ne zaceli. Film se lahko po potrebi odstrani s toplo vodo.<\/li>\n\n\n\n<li>Serum Herpatch za herpes na ustnicah lahko uporabljate v katerikoli fazi izbruha. Priporo\u010damo pa nanos ob <strong>prvem znaku izbruha<\/strong>.<\/li>\n<\/ol>\n<\/div><\/details>\n\n\n\n<details class=\"wp-block-karopharma-accordion\"><summary><h2 class=\"accordion-title\">Ali lahko serum Herpatch uporabljam skupaj z zdravilom aciklovir krema?<\/h2><\/summary><div class=\"accordion-content\">\n<p>Ne, to ni potrebno. Herpatch serum ima lastne aktivne lastnosti in deluje v vseh fazah izbruha herpesa na ustnicah, zato dodatni nanos kreme z aciklovirjem ni potreben.<\/p>\n<\/div><\/details>\n\n\n\n<details class=\"wp-block-karopharma-accordion\"><summary><h2 class=\"accordion-title\">Ali lahko uporabljam serum Herpatch za herpes na ustnicah med nose\u010dnostjo ali dojenjem?<\/h2><\/summary><div class=\"accordion-content\">\n<p>\u010ce ste nose\u010di ali dojite, se pred uporabo posvetujte z zdravnikom ali farmacevtom.<\/p>\n<\/div><\/details>\n\n\n\n<details class=\"wp-block-karopharma-accordion\"><summary><h2 class=\"accordion-title\">Ali je Herpatch serum za herpes na ustnicah primeren za uporabo pri otrocih?<\/h2><\/summary><div class=\"accordion-content\">\n<p>Serum Herpatch za herpes na ustnicah se lahko uporablja pri otrocih od <strong>4. leta starosti<\/strong> dalje in sicer pod nadzorom odrasle osebe. Pri otrocih, mlaj\u0161ih od 4 let, se pred uporabo posvetujte z zdravnikom.<\/p>\n<\/div><\/details>\n\n\n\n<details class=\"wp-block-karopharma-accordion\"><summary><h2 class=\"accordion-title\">Kako dolgo moram uporabljati Herpatch serum za herpes?<\/h2><\/summary><div class=\"accordion-content\">\n<p>Serum Herpatch za herpes na ustnicah lahko uporabljate v vseh fazah herpesa na ustnicah \u2013 od ob\u010dutka mravljin\u010denja do faze celjenja. Priporo\u010damo nanos ob prvih znakih izbruha. Po potrebi se serum lahko ponovno nanese vsakih <strong>3\u20134 ure<\/strong>, dokler se prizadeto mesto popolnoma ne zaceli.<\/p>\n<\/div><\/details>\n\n\n\n<details class=\"wp-block-karopharma-accordion\"><summary><h2 class=\"accordion-title\">Kako lahko odstranimo Herpatch serum za herpes?<\/h2><\/summary><div class=\"accordion-content\">\n<p>Po potrebi je za\u0161\u010ditni film mogo\u010de odstraniti s <strong>toplo vodo<\/strong>.<\/p>\n<\/div><\/details>\n\n\n\n<details class=\"wp-block-karopharma-accordion\"><summary><h2 class=\"accordion-title\">Kje lahko uporabljam Herpatch serum za herpes?<\/h2><\/summary><div class=\"accordion-content\">\n<p>Serum Herpatch za herpes na ustnicah uporabite neposredno na herpesu na ustnicah ali na predelu, kjer ob\u010dutite mravljin\u010denje, ki nakazuje za\u010detek izbruha. To je lahko na ustnicah ali v njihovi neposredni okolici.<\/p>\n\n\n\n<p>Izdelka ne uporabljajte v ustni votlini, na sluznicah ali za zdravljenje genitalnega herpesa.<\/p>\n<\/div><\/details>\n\n\n\n<details class=\"wp-block-karopharma-accordion\"><summary><h2 class=\"accordion-title\">Ali lahko \u010dez serum Herpatch za herpes na ustnicah nanesem \u0161minko?<\/h2><\/summary><div class=\"accordion-content\">\n<p>Da. Pred nanosom \u0161minke po\u010dakajte nekaj minut, da se serum pretvori v za\u0161\u010ditni film.<\/p>\n<\/div><\/details>\n\n\n\n<details class=\"wp-block-karopharma-accordion\"><summary><h2 class=\"accordion-title\">Kak\u0161na je razlika med izdelkom Herpatch in kremo z aciklovirjem?<\/h2><\/summary><div class=\"accordion-content\">\n<p>V nasprotju z zdravili z aciklovirjem v obliki kreme, serum Herpatch na prizadetem mestu tvori za\u0161\u010ditni in prozoren film. Serum, ki tvori film in vsebuje aktivne sestavine, ustvari ugodno lokalno okolje, ki podpira proces obnove ko\u017ee.<\/p>\n\n\n\n<p>Herpatch serum je primeren za uporabo v vseh fazah izbruha \u2013 od za\u010detnega mravljin\u010denja do faze celjenja \u2013 medtem ko imajo zdravila z aciklovirjem u\u010dinek predvsem v za\u010detni fazi izbruha.<\/p>\n\n\n\n<p>Uporaba seruma Herpatch lahko pomaga: pospe\u0161iti proces celjenja, zmanj\u0161ati ob\u010dutek srbenja in peko\u010dega ob\u010dutka, zmanj\u0161ati rde\u010dino in oteklino, prepre\u010devati nastanek krast, zmanj\u0161ati nastanek mehur\u010dkov.<\/p>\n\n\n\n<p>Zaradi vseh navedenih lastnosti je Herpatch serum zelo u\u010dinkovit.<br>Pripomo\u010dek izpolnjuje zahteve za oznako CE0197.<\/p>\n<\/div><\/details>\n<\/div><\/div>\n","protected":false},"excerpt":{"rendered":"","protected":false},"author":2,"featured_media":0,"parent":0,"menu_order":0,"comment_status":"closed","ping_status":"closed","template":"","meta":{"_acf_changed":false,"footnotes":""},"from-article-database":[],"class_list":["post-93","page","type-page","status-publish","hentry"],"acf":[],"yoast_head":"<!-- This site is optimized with the Yoast SEO plugin v26.6 - https:\/\/yoast.com\/wordpress\/plugins\/seo\/ -->\n<title>Pogosto zastavljena vpra\u0161anja - Herpatch<\/title>\n<meta name=\"description\" content=\"Kaj je herpes na ustnicah. Kaj povzro\u010da herpes na ustnicah. Faze izbruha herpesa na ustnicah. Kako nanesti nevidni gel Herpatch serum za herpes?\" \/>\n<meta name=\"robots\" content=\"index, follow, max-snippet:-1, max-image-preview:large, max-video-preview:-1\" \/>\n<link rel=\"canonical\" href=\"https:\/\/herpatch.com\/si\/pogosto-zastavljena-vprasanja\/\" \/>\n<meta property=\"og:locale\" content=\"sl_SI\" \/>\n<meta property=\"og:type\" content=\"article\" \/>\n<meta property=\"og:title\" content=\"Pogosto zastavljena vpra\u0161anja - Herpatch\" \/>\n<meta property=\"og:description\" content=\"Kaj je herpes na ustnicah. Kaj povzro\u010da herpes na ustnicah. Faze izbruha herpesa na ustnicah. Kako nanesti nevidni gel Herpatch serum za herpes?\" \/>\n<meta property=\"og:url\" content=\"https:\/\/herpatch.com\/si\/pogosto-zastavljena-vprasanja\/\" \/>\n<meta property=\"og:site_name\" content=\"Herpatch\" \/>\n<meta property=\"article:modified_time\" content=\"2026-03-06T07:23:23+00:00\" \/>\n<meta property=\"og:image\" content=\"https:\/\/herpatch.com\/app\/uploads\/sites\/9\/2025\/08\/stages-of-a-blister-outbreak.jpg\" \/>\n\t<meta property=\"og:image:width\" content=\"554\" \/>\n\t<meta property=\"og:image:height\" content=\"530\" \/>\n\t<meta property=\"og:image:type\" content=\"image\/jpeg\" \/>\n<meta name=\"twitter:card\" content=\"summary_large_image\" \/>\n<meta name=\"twitter:label1\" content=\"Est. reading time\" \/>\n\t<meta name=\"twitter:data1\" content=\"6 minut\" \/>\n<script type=\"application\/ld+json\" class=\"yoast-schema-graph\">{\"@context\":\"https:\/\/schema.org\",\"@graph\":[{\"@type\":\"WebPage\",\"@id\":\"https:\/\/herpatch.com\/si\/pogosto-zastavljena-vprasanja\/\",\"url\":\"https:\/\/herpatch.com\/si\/pogosto-zastavljena-vprasanja\/\",\"name\":\"Pogosto zastavljena vpra\u0161anja - Herpatch\",\"isPartOf\":{\"@id\":\"https:\/\/herpatch.com\/si\/#website\"},\"primaryImageOfPage\":{\"@id\":\"https:\/\/herpatch.com\/si\/pogosto-zastavljena-vprasanja\/#primaryimage\"},\"image\":{\"@id\":\"https:\/\/herpatch.com\/si\/pogosto-zastavljena-vprasanja\/#primaryimage\"},\"thumbnailUrl\":\"https:\/\/herpatch.com\/app\/uploads\/sites\/9\/2025\/08\/stages-of-a-blister-outbreak.jpg\",\"datePublished\":\"2025-08-18T08:40:59+00:00\",\"dateModified\":\"2026-03-06T07:23:23+00:00\",\"description\":\"Kaj je herpes na ustnicah. Kaj povzro\u010da herpes na ustnicah. Faze izbruha herpesa na ustnicah. Kako nanesti nevidni gel Herpatch serum za herpes?\",\"breadcrumb\":{\"@id\":\"https:\/\/herpatch.com\/si\/pogosto-zastavljena-vprasanja\/#breadcrumb\"},\"inLanguage\":\"sl-SI\",\"potentialAction\":[{\"@type\":\"ReadAction\",\"target\":[\"https:\/\/herpatch.com\/si\/pogosto-zastavljena-vprasanja\/\"]}]},{\"@type\":\"ImageObject\",\"inLanguage\":\"sl-SI\",\"@id\":\"https:\/\/herpatch.com\/si\/pogosto-zastavljena-vprasanja\/#primaryimage\",\"url\":\"https:\/\/herpatch.com\/app\/uploads\/sites\/9\/2025\/08\/stages-of-a-blister-outbreak.jpg\",\"contentUrl\":\"https:\/\/herpatch.com\/app\/uploads\/sites\/9\/2025\/08\/stages-of-a-blister-outbreak.jpg\"},{\"@type\":\"BreadcrumbList\",\"@id\":\"https:\/\/herpatch.com\/si\/pogosto-zastavljena-vprasanja\/#breadcrumb\",\"itemListElement\":[{\"@type\":\"ListItem\",\"position\":1,\"name\":\"Home\",\"item\":\"https:\/\/herpatch.com\/si\/\"},{\"@type\":\"ListItem\",\"position\":2,\"name\":\"Pogosto zastavljena vpra\u0161anja\"}]},{\"@type\":\"WebSite\",\"@id\":\"https:\/\/herpatch.com\/si\/#website\",\"url\":\"https:\/\/herpatch.com\/si\/\",\"name\":\"Herpatch\",\"description\":\"\",\"publisher\":{\"@id\":\"https:\/\/herpatch.com\/si\/#organization\"},\"potentialAction\":[{\"@type\":\"SearchAction\",\"target\":{\"@type\":\"EntryPoint\",\"urlTemplate\":\"https:\/\/herpatch.com\/si\/?s={search_term_string}\"},\"query-input\":{\"@type\":\"PropertyValueSpecification\",\"valueRequired\":true,\"valueName\":\"search_term_string\"}}],\"inLanguage\":\"sl-SI\"},{\"@type\":\"Organization\",\"@id\":\"https:\/\/herpatch.com\/si\/#organization\",\"name\":\"Herpatch\",\"url\":\"https:\/\/herpatch.com\/si\/\",\"logo\":{\"@type\":\"ImageObject\",\"inLanguage\":\"sl-SI\",\"@id\":\"https:\/\/herpatch.com\/si\/#\/schema\/logo\/image\/\",\"url\":\"https:\/\/herpatch.com\/app\/uploads\/sites\/9\/2025\/08\/Herpatch-logo.png\",\"contentUrl\":\"https:\/\/herpatch.com\/app\/uploads\/sites\/9\/2025\/08\/Herpatch-logo.png\",\"width\":109,\"height\":32,\"caption\":\"Herpatch\"},\"image\":{\"@id\":\"https:\/\/herpatch.com\/si\/#\/schema\/logo\/image\/\"}}]}<\/script>\n<!-- \/ Yoast SEO plugin. -->","yoast_head_json":{"title":"Pogosto zastavljena vpra\u0161anja - Herpatch","description":"Kaj je herpes na ustnicah. Kaj povzro\u010da herpes na ustnicah. Faze izbruha herpesa na ustnicah. Kako nanesti nevidni gel Herpatch serum za herpes?","robots":{"index":"index","follow":"follow","max-snippet":"max-snippet:-1","max-image-preview":"max-image-preview:large","max-video-preview":"max-video-preview:-1"},"canonical":"https:\/\/herpatch.com\/si\/pogosto-zastavljena-vprasanja\/","og_locale":"sl_SI","og_type":"article","og_title":"Pogosto zastavljena vpra\u0161anja - Herpatch","og_description":"Kaj je herpes na ustnicah. Kaj povzro\u010da herpes na ustnicah. Faze izbruha herpesa na ustnicah. Kako nanesti nevidni gel Herpatch serum za herpes?","og_url":"https:\/\/herpatch.com\/si\/pogosto-zastavljena-vprasanja\/","og_site_name":"Herpatch","article_modified_time":"2026-03-06T07:23:23+00:00","og_image":[{"width":554,"height":530,"url":"https:\/\/herpatch.com\/app\/uploads\/sites\/9\/2025\/08\/stages-of-a-blister-outbreak.jpg","type":"image\/jpeg"}],"twitter_card":"summary_large_image","twitter_misc":{"Est. reading time":"6 minut"},"schema":{"@context":"https:\/\/schema.org","@graph":[{"@type":"WebPage","@id":"https:\/\/herpatch.com\/si\/pogosto-zastavljena-vprasanja\/","url":"https:\/\/herpatch.com\/si\/pogosto-zastavljena-vprasanja\/","name":"Pogosto zastavljena vpra\u0161anja - Herpatch","isPartOf":{"@id":"https:\/\/herpatch.com\/si\/#website"},"primaryImageOfPage":{"@id":"https:\/\/herpatch.com\/si\/pogosto-zastavljena-vprasanja\/#primaryimage"},"image":{"@id":"https:\/\/herpatch.com\/si\/pogosto-zastavljena-vprasanja\/#primaryimage"},"thumbnailUrl":"https:\/\/herpatch.com\/app\/uploads\/sites\/9\/2025\/08\/stages-of-a-blister-outbreak.jpg","datePublished":"2025-08-18T08:40:59+00:00","dateModified":"2026-03-06T07:23:23+00:00","description":"Kaj je herpes na ustnicah. Kaj povzro\u010da herpes na ustnicah. Faze izbruha herpesa na ustnicah. Kako nanesti nevidni gel Herpatch serum za herpes?","breadcrumb":{"@id":"https:\/\/herpatch.com\/si\/pogosto-zastavljena-vprasanja\/#breadcrumb"},"inLanguage":"sl-SI","potentialAction":[{"@type":"ReadAction","target":["https:\/\/herpatch.com\/si\/pogosto-zastavljena-vprasanja\/"]}]},{"@type":"ImageObject","inLanguage":"sl-SI","@id":"https:\/\/herpatch.com\/si\/pogosto-zastavljena-vprasanja\/#primaryimage","url":"https:\/\/herpatch.com\/app\/uploads\/sites\/9\/2025\/08\/stages-of-a-blister-outbreak.jpg","contentUrl":"https:\/\/herpatch.com\/app\/uploads\/sites\/9\/2025\/08\/stages-of-a-blister-outbreak.jpg"},{"@type":"BreadcrumbList","@id":"https:\/\/herpatch.com\/si\/pogosto-zastavljena-vprasanja\/#breadcrumb","itemListElement":[{"@type":"ListItem","position":1,"name":"Home","item":"https:\/\/herpatch.com\/si\/"},{"@type":"ListItem","position":2,"name":"Pogosto zastavljena vpra\u0161anja"}]},{"@type":"WebSite","@id":"https:\/\/herpatch.com\/si\/#website","url":"https:\/\/herpatch.com\/si\/","name":"Herpatch","description":"","publisher":{"@id":"https:\/\/herpatch.com\/si\/#organization"},"potentialAction":[{"@type":"SearchAction","target":{"@type":"EntryPoint","urlTemplate":"https:\/\/herpatch.com\/si\/?s={search_term_string}"},"query-input":{"@type":"PropertyValueSpecification","valueRequired":true,"valueName":"search_term_string"}}],"inLanguage":"sl-SI"},{"@type":"Organization","@id":"https:\/\/herpatch.com\/si\/#organization","name":"Herpatch","url":"https:\/\/herpatch.com\/si\/","logo":{"@type":"ImageObject","inLanguage":"sl-SI","@id":"https:\/\/herpatch.com\/si\/#\/schema\/logo\/image\/","url":"https:\/\/herpatch.com\/app\/uploads\/sites\/9\/2025\/08\/Herpatch-logo.png","contentUrl":"https:\/\/herpatch.com\/app\/uploads\/sites\/9\/2025\/08\/Herpatch-logo.png","width":109,"height":32,"caption":"Herpatch"},"image":{"@id":"https:\/\/herpatch.com\/si\/#\/schema\/logo\/image\/"}}]}},"_links":{"self":[{"href":"https:\/\/herpatch.com\/si\/wp-json\/wp\/v2\/pages\/93","targetHints":{"allow":["GET"]}}],"collection":[{"href":"https:\/\/herpatch.com\/si\/wp-json\/wp\/v2\/pages"}],"about":[{"href":"https:\/\/herpatch.com\/si\/wp-json\/wp\/v2\/types\/page"}],"author":[{"embeddable":true,"href":"https:\/\/herpatch.com\/si\/wp-json\/wp\/v2\/users\/2"}],"replies":[{"embeddable":true,"href":"https:\/\/herpatch.com\/si\/wp-json\/wp\/v2\/comments?post=93"}],"version-history":[{"count":10,"href":"https:\/\/herpatch.com\/si\/wp-json\/wp\/v2\/pages\/93\/revisions"}],"predecessor-version":[{"id":183,"href":"https:\/\/herpatch.com\/si\/wp-json\/wp\/v2\/pages\/93\/revisions\/183"}],"wp:attachment":[{"href":"https:\/\/herpatch.com\/si\/wp-json\/wp\/v2\/media?parent=93"}],"wp:term":[{"taxonomy":"from-article-database","embeddable":true,"href":"https:\/\/herpatch.com\/si\/wp-json\/wp\/v2\/from-article-database?post=93"}],"curies":[{"name":"wp","href":"https:\/\/api.w.org\/{rel}","templated":true}]}}