{"id":5,"date":"2025-08-15T15:41:45","date_gmt":"2025-08-15T13:41:45","guid":{"rendered":"https:\/\/herpatch.com\/si\/?page_id=5"},"modified":"2026-02-03T13:56:05","modified_gmt":"2026-02-03T12:56:05","slug":"herpatch","status":"publish","type":"page","link":"https:\/\/herpatch.com\/si\/","title":{"rendered":"Herpatch"},"content":{"rendered":"\n<div class=\"wp-block-karopharma-product-promotion text-align-left pt-large pb-large bg-center bg-cover bg-no-repeat\" style=\"background-image:url(https:\/\/herpatch.com\/cdn-cgi\/image\/format=auto\/app\/uploads\/sites\/9\/2025\/08\/herpatch-start.jpg)\"><div class=\"container max-w-medium\">\n<div class=\"wp-block-group is-layout-flow wp-block-group-is-layout-flow\">\n<figure class=\"wp-block-karopharma-product-promotion-image product-promotion-image\"><img fetchpriority=\"high\" decoding=\"async\" datatest=\"image\" src=\"https:\/\/herpatch.com\/cdn-cgi\/image\/format=auto\/app\/uploads\/sites\/9\/2025\/08\/cold-score-serum.png\" loading=\"eager\" alt=\"cold-score-serum\" width=\"400\" height=\"400\" srcset=\"https:\/\/herpatch.com\/cdn-cgi\/image\/format=auto,width=584\/app\/uploads\/sites\/9\/2025\/08\/cold-score-serum.png 584w, https:\/\/herpatch.com\/cdn-cgi\/image\/format=auto,width=272\/app\/uploads\/sites\/9\/2025\/08\/cold-score-serum.png 272w\" sizes=\"(max-width: 584px) 100vw, 584px\"\/><\/figure>\n<\/div>\n\n\n\n<div class=\"wp-block-group is-layout-flow wp-block-group-is-layout-flow\">\n<h1 class=\"wp-block-heading title is-style-heading-huge\">Herpatch &#8211;  RE\u0160ITEV za herpes na ustnicah<\/h1>\n\n\n\n<p class=\"paragraph is-style-paragraph-preamble\">Herpatch hitro pomaga laj\u0161ati in pomirjati simptome herpesa na ustnicah.<\/p>\n\n\n\n<div class=\"wp-block-buttons is-layout-flex wp-block-buttons-is-layout-flex\">\n<div class=\"wp-block-button is-style-secondary-button\"><a class=\"wp-block-button__link wp-element-button\" href=\"https:\/\/herpatch.com\/si\/izdelek\/herpatch-herpes-serum\/\">Ve\u010d informacij<\/a><\/div>\n<\/div>\n<\/div>\n<\/div><\/div>\n\n\n\n<div class=\"wp-block-karopharma-free-text pt-large pb-large bg-center bg-cover bg-no-repeat\" style=\"background-image:url()\"><div class=\"free-text-wrapper container max-w-small text-center\">\n<h2 class=\"wp-block-heading\">Herpatch serum za herpes<\/h2>\n\n\n\n<p class=\"is-style-paragraph-preamble\">Inovativna in u\u010dinkovita re\u0161itev, ki hitro in enostavno zdravi neprijetne simptome herpesa na ustnicah. Zahvaljujo\u010d tubi, ki omogo\u010da enostavno aplikacijo, se lahko serum nanese neposredno na prizadeto obmo\u010dje.<\/p>\n\n\n\n<div class=\"wp-block-buttons is-layout-flex wp-block-buttons-is-layout-flex\">\n<div class=\"wp-block-button is-style-secondary-button\"><a class=\"wp-block-button__link wp-element-button\" href=\"https:\/\/herpatch.com\/si\/izdelek\/herpatch-herpes-serum\/\">Ve\u010d o tem<\/a><\/div>\n<\/div>\n<\/div><\/div>\n","protected":false},"excerpt":{"rendered":"","protected":false},"author":2,"featured_media":0,"parent":0,"menu_order":0,"comment_status":"closed","ping_status":"closed","template":"","meta":{"_acf_changed":false,"footnotes":""},"from-article-database":[],"class_list":["post-5","page","type-page","status-publish","hentry"],"acf":[],"yoast_head":"<!-- This site is optimized with the Yoast SEO plugin v26.6 - https:\/\/yoast.com\/wordpress\/plugins\/seo\/ -->\n<title>Herpatch - Herpatch<\/title>\n<meta name=\"description\" content=\"Inovativna in u\u010dinkovita re\u0161itev, ki hitro in enostavno zdravi neprijetne simptome herpesa na ustnicah. Zahvaljujo\u010d tubi, ki omogo\u010da enostavno aplikacijo, se lahko serum nanese neposredno na prizadeto obmo\u010dje.\" \/>\n<meta name=\"robots\" content=\"index, follow, max-snippet:-1, max-image-preview:large, max-video-preview:-1\" \/>\n<link rel=\"canonical\" href=\"https:\/\/herpatch.com\/si\/\" \/>\n<meta property=\"og:locale\" content=\"sl_SI\" \/>\n<meta property=\"og:type\" content=\"article\" \/>\n<meta property=\"og:title\" content=\"Herpatch - Herpatch\" \/>\n<meta property=\"og:description\" content=\"Inovativna in u\u010dinkovita re\u0161itev, ki hitro in enostavno zdravi neprijetne simptome herpesa na ustnicah. Zahvaljujo\u010d tubi, ki omogo\u010da enostavno aplikacijo, se lahko serum nanese neposredno na prizadeto obmo\u010dje.\" \/>\n<meta property=\"og:url\" content=\"https:\/\/herpatch.com\/si\/\" \/>\n<meta property=\"og:site_name\" content=\"Herpatch\" \/>\n<meta property=\"article:modified_time\" content=\"2026-02-03T12:56:05+00:00\" \/>\n<meta property=\"og:image\" content=\"https:\/\/herpatch.com\/cdn-cgi\/image\/format=auto\/app\/uploads\/sites\/9\/2025\/08\/cold-score-serum.png\" \/>\n<meta name=\"twitter:card\" content=\"summary_large_image\" \/>\n<meta name=\"twitter:label1\" content=\"Est. reading time\" \/>\n\t<meta name=\"twitter:data1\" content=\"1 minuta\" \/>\n<script type=\"application\/ld+json\" class=\"yoast-schema-graph\">{\"@context\":\"https:\/\/schema.org\",\"@graph\":[{\"@type\":\"WebPage\",\"@id\":\"https:\/\/herpatch.com\/si\/\",\"url\":\"https:\/\/herpatch.com\/si\/\",\"name\":\"Herpatch - Herpatch\",\"isPartOf\":{\"@id\":\"https:\/\/herpatch.com\/si\/#website\"},\"primaryImageOfPage\":{\"@id\":\"https:\/\/herpatch.com\/si\/#primaryimage\"},\"image\":{\"@id\":\"https:\/\/herpatch.com\/si\/#primaryimage\"},\"thumbnailUrl\":\"https:\/\/herpatch.com\/cdn-cgi\/image\/format=auto\/app\/uploads\/sites\/9\/2025\/08\/cold-score-serum.png\",\"datePublished\":\"2025-08-15T13:41:45+00:00\",\"dateModified\":\"2026-02-03T12:56:05+00:00\",\"description\":\"Inovativna in u\u010dinkovita re\u0161itev, ki hitro in enostavno zdravi neprijetne simptome herpesa na ustnicah. Zahvaljujo\u010d tubi, ki omogo\u010da enostavno aplikacijo, se lahko serum nanese neposredno na prizadeto obmo\u010dje.\",\"breadcrumb\":{\"@id\":\"https:\/\/herpatch.com\/si\/#breadcrumb\"},\"inLanguage\":\"sl-SI\",\"potentialAction\":[{\"@type\":\"ReadAction\",\"target\":[\"https:\/\/herpatch.com\/si\/\"]}]},{\"@type\":\"ImageObject\",\"inLanguage\":\"sl-SI\",\"@id\":\"https:\/\/herpatch.com\/si\/#primaryimage\",\"url\":\"https:\/\/herpatch.com\/cdn-cgi\/image\/format=auto\/app\/uploads\/sites\/9\/2025\/08\/cold-score-serum.png\",\"contentUrl\":\"https:\/\/herpatch.com\/cdn-cgi\/image\/format=auto\/app\/uploads\/sites\/9\/2025\/08\/cold-score-serum.png\"},{\"@type\":\"BreadcrumbList\",\"@id\":\"https:\/\/herpatch.com\/si\/#breadcrumb\",\"itemListElement\":[{\"@type\":\"ListItem\",\"position\":1,\"name\":\"Home\",\"item\":\"https:\/\/herpatch.com\/si\/\"},{\"@type\":\"ListItem\",\"position\":2,\"name\":\"Herpatch\"}]},{\"@type\":\"WebSite\",\"@id\":\"https:\/\/herpatch.com\/si\/#website\",\"url\":\"https:\/\/herpatch.com\/si\/\",\"name\":\"Herpatch\",\"description\":\"\",\"publisher\":{\"@id\":\"https:\/\/herpatch.com\/si\/#organization\"},\"potentialAction\":[{\"@type\":\"SearchAction\",\"target\":{\"@type\":\"EntryPoint\",\"urlTemplate\":\"https:\/\/herpatch.com\/si\/?s={search_term_string}\"},\"query-input\":{\"@type\":\"PropertyValueSpecification\",\"valueRequired\":true,\"valueName\":\"search_term_string\"}}],\"inLanguage\":\"sl-SI\"},{\"@type\":\"Organization\",\"@id\":\"https:\/\/herpatch.com\/si\/#organization\",\"name\":\"Herpatch\",\"url\":\"https:\/\/herpatch.com\/si\/\",\"logo\":{\"@type\":\"ImageObject\",\"inLanguage\":\"sl-SI\",\"@id\":\"https:\/\/herpatch.com\/si\/#\/schema\/logo\/image\/\",\"url\":\"https:\/\/herpatch.com\/app\/uploads\/sites\/9\/2025\/08\/Herpatch-logo.png\",\"contentUrl\":\"https:\/\/herpatch.com\/app\/uploads\/sites\/9\/2025\/08\/Herpatch-logo.png\",\"width\":109,\"height\":32,\"caption\":\"Herpatch\"},\"image\":{\"@id\":\"https:\/\/herpatch.com\/si\/#\/schema\/logo\/image\/\"}}]}<\/script>\n<!-- \/ Yoast SEO plugin. -->","yoast_head_json":{"title":"Herpatch - Herpatch","description":"Inovativna in u\u010dinkovita re\u0161itev, ki hitro in enostavno zdravi neprijetne simptome herpesa na ustnicah. Zahvaljujo\u010d tubi, ki omogo\u010da enostavno aplikacijo, se lahko serum nanese neposredno na prizadeto obmo\u010dje.","robots":{"index":"index","follow":"follow","max-snippet":"max-snippet:-1","max-image-preview":"max-image-preview:large","max-video-preview":"max-video-preview:-1"},"canonical":"https:\/\/herpatch.com\/si\/","og_locale":"sl_SI","og_type":"article","og_title":"Herpatch - Herpatch","og_description":"Inovativna in u\u010dinkovita re\u0161itev, ki hitro in enostavno zdravi neprijetne simptome herpesa na ustnicah. Zahvaljujo\u010d tubi, ki omogo\u010da enostavno aplikacijo, se lahko serum nanese neposredno na prizadeto obmo\u010dje.","og_url":"https:\/\/herpatch.com\/si\/","og_site_name":"Herpatch","article_modified_time":"2026-02-03T12:56:05+00:00","og_image":[{"url":"https:\/\/herpatch.com\/cdn-cgi\/image\/format=auto\/app\/uploads\/sites\/9\/2025\/08\/cold-score-serum.png","type":"","width":"","height":""}],"twitter_card":"summary_large_image","twitter_misc":{"Est. reading time":"1 minuta"},"schema":{"@context":"https:\/\/schema.org","@graph":[{"@type":"WebPage","@id":"https:\/\/herpatch.com\/si\/","url":"https:\/\/herpatch.com\/si\/","name":"Herpatch - Herpatch","isPartOf":{"@id":"https:\/\/herpatch.com\/si\/#website"},"primaryImageOfPage":{"@id":"https:\/\/herpatch.com\/si\/#primaryimage"},"image":{"@id":"https:\/\/herpatch.com\/si\/#primaryimage"},"thumbnailUrl":"https:\/\/herpatch.com\/cdn-cgi\/image\/format=auto\/app\/uploads\/sites\/9\/2025\/08\/cold-score-serum.png","datePublished":"2025-08-15T13:41:45+00:00","dateModified":"2026-02-03T12:56:05+00:00","description":"Inovativna in u\u010dinkovita re\u0161itev, ki hitro in enostavno zdravi neprijetne simptome herpesa na ustnicah. Zahvaljujo\u010d tubi, ki omogo\u010da enostavno aplikacijo, se lahko serum nanese neposredno na prizadeto obmo\u010dje.","breadcrumb":{"@id":"https:\/\/herpatch.com\/si\/#breadcrumb"},"inLanguage":"sl-SI","potentialAction":[{"@type":"ReadAction","target":["https:\/\/herpatch.com\/si\/"]}]},{"@type":"ImageObject","inLanguage":"sl-SI","@id":"https:\/\/herpatch.com\/si\/#primaryimage","url":"https:\/\/herpatch.com\/cdn-cgi\/image\/format=auto\/app\/uploads\/sites\/9\/2025\/08\/cold-score-serum.png","contentUrl":"https:\/\/herpatch.com\/cdn-cgi\/image\/format=auto\/app\/uploads\/sites\/9\/2025\/08\/cold-score-serum.png"},{"@type":"BreadcrumbList","@id":"https:\/\/herpatch.com\/si\/#breadcrumb","itemListElement":[{"@type":"ListItem","position":1,"name":"Home","item":"https:\/\/herpatch.com\/si\/"},{"@type":"ListItem","position":2,"name":"Herpatch"}]},{"@type":"WebSite","@id":"https:\/\/herpatch.com\/si\/#website","url":"https:\/\/herpatch.com\/si\/","name":"Herpatch","description":"","publisher":{"@id":"https:\/\/herpatch.com\/si\/#organization"},"potentialAction":[{"@type":"SearchAction","target":{"@type":"EntryPoint","urlTemplate":"https:\/\/herpatch.com\/si\/?s={search_term_string}"},"query-input":{"@type":"PropertyValueSpecification","valueRequired":true,"valueName":"search_term_string"}}],"inLanguage":"sl-SI"},{"@type":"Organization","@id":"https:\/\/herpatch.com\/si\/#organization","name":"Herpatch","url":"https:\/\/herpatch.com\/si\/","logo":{"@type":"ImageObject","inLanguage":"sl-SI","@id":"https:\/\/herpatch.com\/si\/#\/schema\/logo\/image\/","url":"https:\/\/herpatch.com\/app\/uploads\/sites\/9\/2025\/08\/Herpatch-logo.png","contentUrl":"https:\/\/herpatch.com\/app\/uploads\/sites\/9\/2025\/08\/Herpatch-logo.png","width":109,"height":32,"caption":"Herpatch"},"image":{"@id":"https:\/\/herpatch.com\/si\/#\/schema\/logo\/image\/"}}]}},"_links":{"self":[{"href":"https:\/\/herpatch.com\/si\/wp-json\/wp\/v2\/pages\/5","targetHints":{"allow":["GET"]}}],"collection":[{"href":"https:\/\/herpatch.com\/si\/wp-json\/wp\/v2\/pages"}],"about":[{"href":"https:\/\/herpatch.com\/si\/wp-json\/wp\/v2\/types\/page"}],"author":[{"embeddable":true,"href":"https:\/\/herpatch.com\/si\/wp-json\/wp\/v2\/users\/2"}],"replies":[{"embeddable":true,"href":"https:\/\/herpatch.com\/si\/wp-json\/wp\/v2\/comments?post=5"}],"version-history":[{"count":9,"href":"https:\/\/herpatch.com\/si\/wp-json\/wp\/v2\/pages\/5\/revisions"}],"predecessor-version":[{"id":168,"href":"https:\/\/herpatch.com\/si\/wp-json\/wp\/v2\/pages\/5\/revisions\/168"}],"wp:attachment":[{"href":"https:\/\/herpatch.com\/si\/wp-json\/wp\/v2\/media?parent=5"}],"wp:term":[{"taxonomy":"from-article-database","embeddable":true,"href":"https:\/\/herpatch.com\/si\/wp-json\/wp\/v2\/from-article-database?post=5"}],"curies":[{"name":"wp","href":"https:\/\/api.w.org\/{rel}","templated":true}]}}