{"id":92,"date":"2025-09-10T06:21:55","date_gmt":"2025-09-10T05:21:55","guid":{"rendered":"https:\/\/herpatch.com\/pt\/?post_type=product&#038;p=92"},"modified":"2025-09-11T13:59:52","modified_gmt":"2025-09-11T12:59:52","slug":"serum-para-o-herpes-labial","status":"publish","type":"product","link":"https:\/\/herpatch.com\/pt\/produto\/serum-para-o-herpes-labial\/","title":{"rendered":"S\u00e9rum para o herpes labial"},"content":{"rendered":"\n<div class=\"wp-block-karopharma-accordions is-style-tertiary\"><div class=\"container\">\n<details class=\"wp-block-karopharma-accordion\"><summary><h2 class=\"accordion-title\">Tecnologia<\/h2><\/summary><div class=\"accordion-content\">\n<p>A tecnologia utilizada no herpatch herpes S\u00e9rum para o herpes labial baseia-se na forma\u00e7\u00e3o de uma pel\u00edcula l\u00edquida direcionada. Ap\u00f3s a aplica\u00e7\u00e3o, forma-se uma barreira transparente s\u00f3lida sobre a \u00e1rea afetada, criando um microambiente ideal. Os ingredientes criam de imediato uma barreira protetora que cobre o herpes labial provocado pelo v\u00edrus Herpes simplex. Os seus benef\u00edcios incluem: redu\u00e7\u00e3o da visibilidade das margens da ferida, redu\u00e7\u00e3o do eritema, controlo da dor e mais conforto.<\/p>\n\n\n\n<p>Al\u00e9m dos ingredientes que formam a pel\u00edcula, herpatch herpes S\u00e9rum para o herpes labial inclui v\u00e1rias outras subst\u00e2ncias:<\/p>\n\n\n\n<ul class=\"wp-block-list is-style-default\">\n<li>O oxig\u00e9nio acelera a renova\u00e7\u00e3o celular e aumenta a hidrata\u00e7\u00e3o da pele, diminuindo o tempo de cicatriza\u00e7\u00e3o do herpes labial;<\/li>\n\n\n\n<li>O betaglucano, al\u00e9m das suas propriedades como agente de pel\u00edcula, \u00e9 tamb\u00e9m conhecido por acalmar, proteger e hidratar a pele, ajudando assim a melhorar a cicatriza\u00e7\u00e3o da ferida;<\/li>\n\n\n\n<li>Os polissacar\u00eddeos sulfatados, provenientes de microalgas vermelhas, criam uma barreira protetora ativa, ajudando a proteger da exposi\u00e7\u00e3o solar;<\/li>\n\n\n\n<li>Finalmente, o sulfato de zinco reduz a dor e a comich\u00e3o e tem uma a\u00e7\u00e3o adstringente, que fortalece a pele. O sulfato de zinco ajuda tamb\u00e9m a acelerar a cicatriza\u00e7\u00e3o das les\u00f5es do herpes labial.<\/li>\n<\/ul>\n\n\n\n<div style=\"height:20px\" aria-hidden=\"true\" class=\"wp-block-spacer\"><\/div>\n\n\n\n<h3 class=\"wp-block-heading has-text-align-center is-style-heading-h4 has-primary-color has-text-color has-link-color wp-elements-b1b5313fc33ced0106ed891cf6d7a786\">Modo de a\u00e7\u00e3o<\/h3>\n\n\n\n<div class=\"wp-block-karopharma-several-images-with-text several-images-with-text\"><div class=\"container large col-1 content-align-center\" test-data=\"inner-content\">\n<section class=\"wp-block-karopharma-image-with-text image-with-text image-with-text__full-width\"><div class=\"image-with-text-container \"><div class=\"image-with-text-container-image-container\"><img decoding=\"async\" loading=\"lazy\" src=\"https:\/\/herpatch.com\/cdn-cgi\/image\/format=auto\/app\/uploads\/sites\/6\/2025\/09\/fever-blister-outbreak.gif\" alt=\"fever-blister-outbreak\"\/><\/div><div class=\"image-with-text-container-content\" style=\"text-align:left\" data-test=\"content\"><div class=\"content\"><p class=\"body\" data-test=\"body\">Aparecimento do herpes labial.<\/p>\n<div class=\"wp-block-buttons is-layout-flex wp-block-buttons-is-layout-flex\"><\/div>\n<\/div><\/div><\/div><\/section>\n\n\n\n<section class=\"wp-block-karopharma-image-with-text image-with-text image-with-text__full-width\"><div class=\"image-with-text-container \"><div class=\"image-with-text-container-image-container\"><img decoding=\"async\" loading=\"lazy\" src=\"https:\/\/herpatch.com\/cdn-cgi\/image\/format=auto\/app\/uploads\/sites\/6\/2025\/09\/herpatch-applied.gif\" alt=\"herpatch-applied\"\/><\/div><div class=\"image-with-text-container-content\" style=\"text-align:left\" data-test=\"content\"><div class=\"content\"><p class=\"body\" data-test=\"body\">Quando o herpatch herpes S\u00e9rum para o herpes labial \u00e9 aplicado, forma uma barreira protetora que agrega as secre\u00e7\u00f5es infeciosas.<\/p>\n<div class=\"wp-block-buttons is-layout-flex wp-block-buttons-is-layout-flex\"><\/div>\n<\/div><\/div><\/div><\/section>\n\n\n\n<section class=\"wp-block-karopharma-image-with-text image-with-text image-with-text__full-width\"><div class=\"image-with-text-container \"><div class=\"image-with-text-container-image-container\"><img decoding=\"async\" loading=\"lazy\" src=\"https:\/\/herpatch.com\/cdn-cgi\/image\/format=auto\/app\/uploads\/sites\/6\/2025\/09\/active-ingredients.gif\" alt=\"active-ingredients\"\/><\/div><div class=\"image-with-text-container-content\" style=\"text-align:left\" data-test=\"content\"><div class=\"content\"><p class=\"body\" data-test=\"body\">As propriedades ativas atuam no herpes labial.<\/p>\n<div class=\"wp-block-buttons is-layout-flex wp-block-buttons-is-layout-flex\"><\/div>\n<\/div><\/div><\/div><\/section>\n\n\n\n<section class=\"wp-block-karopharma-image-with-text image-with-text image-with-text__full-width\"><div class=\"image-with-text-container \"><div class=\"image-with-text-container-image-container\"><img decoding=\"async\" loading=\"lazy\" src=\"https:\/\/herpatch.com\/cdn-cgi\/image\/format=auto\/app\/uploads\/sites\/6\/2025\/09\/fever-blister-vanishing.gif\" alt=\"fever-blister-vanishing\"\/><\/div><div class=\"image-with-text-container-content\" style=\"text-align:left\" data-test=\"content\"><div class=\"content\"><p class=\"body\" data-test=\"body\">O herpes labial seca.<\/p>\n<div class=\"wp-block-buttons is-layout-flex wp-block-buttons-is-layout-flex\"><\/div>\n<\/div><\/div><\/div><\/section>\n<\/div><\/div>\n<\/div><\/details>\n\n\n\n<details class=\"wp-block-karopharma-accordion\"><summary><h2 class=\"accordion-title\">Como utilizar<\/h2><\/summary><div class=\"accordion-content\">\n<ul class=\"wp-block-list is-style-default\">\n<li>Lavar e secar as m\u00e3os.<\/li>\n\n\n\n<li>Lavar e enxaguar a zona afetada.<\/li>\n\n\n\n<li>Aplicar delicadamente uma pequena quantidade de s\u00e9rum sobre a les\u00e3o do herpes labial, de modo a cobrir a totalidade da les\u00e3o, bem como a pele circundante.<\/li>\n\n\n\n<li>Ap\u00f3s alguns minutos, o s\u00e9rum forma uma pel\u00edcula protetora transparente sobre a les\u00e3o.<\/li>\n\n\n\n<li>O s\u00e9rum pode ser reaplicado, caso necess\u00e1rio, a cada 3 a 4 horas at\u00e9 total recupera\u00e7\u00e3o da les\u00e3o do herpes labial. A pel\u00edcula do penso l\u00edquido pode ser removida, se necess\u00e1rio, com \u00e1gua morna.<\/li>\n\n\n\n<li>herpatch herpes S\u00e9rum para o herpes labial pode ser utilizado em todas as fases do surto. No entanto, sugere-se a aplica\u00e7\u00e3o logo ap\u00f3s o aparecimento dos primeiros sintomas.15 advantages.<\/li>\n<\/ul>\n<\/div><\/details>\n\n\n\n<details class=\"wp-block-karopharma-accordion\"><summary><h2 class=\"accordion-title\">Evid\u00eancia cl\u00ednica<\/h2><\/summary><div class=\"accordion-content\">\n<p><strong>Trata em 24h*<br><\/strong>Em conjunto com a universidade alem\u00e3 de Witten \/ Herdecke, foi estudado o tempo de cicatriza\u00e7\u00e3o de uma ferida de herpes labial. Comparou-se o herpatch herpes S\u00e9rum para o herpes labial com um creme antiviral t\u00f3pico com aciclovir. A avalia\u00e7\u00e3o do tempo de cicatriza\u00e7\u00e3o mostra que 75% dos indiv\u00edduos que utilizaram herpatch herpes S\u00e9rum para o herpes labial estavam em fase de cicatriza\u00e7\u00e3o, ap\u00f3s 24 horas de tratamento. Al\u00e9m disso, a avalia\u00e7\u00e3o global de herpatch herpes S\u00e9rum para o herpes labial teve uma pontua\u00e7\u00e3o significativamente maior do que o creme aciclovir. Por \u00faltimo, o herpatch herpes S\u00e9rum para o herpes labial teve muito boa aceita\u00e7\u00e3o por parte dos utilizadores.<\/p>\n\n\n\n<figure class=\"wp-block-image size-full\"><img loading=\"lazy\" decoding=\"async\" width=\"554\" height=\"400\" src=\"https:\/\/herpatch.com\/app\/uploads\/sites\/6\/2025\/09\/healing-time_pt.jpg\" alt=\"healing-time_pt\" class=\"wp-image-108\" srcset=\"https:\/\/herpatch.com\/app\/uploads\/sites\/6\/2025\/09\/healing-time_pt.jpg 554w, https:\/\/herpatch.com\/app\/uploads\/sites\/6\/2025\/09\/healing-time_pt-320x231.jpg 320w\" sizes=\"auto, (max-width: 554px) 100vw, 554px\" \/><\/figure>\n\n\n\n<p><sup>* Um ensaio cl\u00ednico demonstrou que 75% dos utilizadores estavam em fase de cicatriza\u00e7\u00e3o da les\u00e3o do herpes labial.<\/sup><\/p>\n<\/div><\/details>\n<\/div><\/div>\n\n\n\n<div class=\"wp-block-karopharma-free-text pt-medium pb-medium bg-center bg-cover bg-no-repeat\" style=\"background-image:url()\"><div class=\"free-text-wrapper container max-w-small text-left\">\n<figure class=\"wp-block-video aligncenter\"><video controls src=\"https:\/\/herpatch.com\/app\/uploads\/sites\/3\/2025\/01\/Herpatch-serum.mp4\"><\/video><\/figure>\n<\/div><\/div>\n","protected":false},"excerpt":{"rendered":"","protected":false},"featured_media":119,"comment_status":"open","ping_status":"closed","template":"","meta":{"_acf_changed":false,"footnotes":""},"product_brand":[],"product_cat":[15],"product_tag":[],"class_list":{"0":"post-92","1":"product","2":"type-product","3":"status-publish","4":"has-post-thumbnail","6":"product_cat-uncategorized","8":"first","9":"instock","10":"shipping-taxable","11":"product-type-simple"},"acf":[],"yoast_head":"<!-- This site is optimized with the Yoast SEO plugin v26.6 - https:\/\/yoast.com\/wordpress\/plugins\/seo\/ -->\n<title>S\u00e9rum para o herpes labial - Herpatch<\/title>\n<meta name=\"description\" content=\"Herpatch herpes S\u00e9rum para o herpes labial tem uma f\u00f3rmula exclusiva que trata todas as fases do herpes labial.\" \/>\n<meta name=\"robots\" content=\"index, follow, max-snippet:-1, max-image-preview:large, max-video-preview:-1\" \/>\n<link rel=\"canonical\" href=\"https:\/\/herpatch.com\/pt\/produto\/serum-para-o-herpes-labial\/\" \/>\n<meta property=\"og:locale\" content=\"pt_PT\" \/>\n<meta property=\"og:type\" content=\"article\" \/>\n<meta property=\"og:title\" content=\"S\u00e9rum para o herpes labial - Herpatch\" \/>\n<meta property=\"og:description\" content=\"Herpatch herpes S\u00e9rum para o herpes labial tem uma f\u00f3rmula exclusiva que trata todas as fases do herpes labial.\" \/>\n<meta property=\"og:url\" content=\"https:\/\/herpatch.com\/pt\/produto\/serum-para-o-herpes-labial\/\" \/>\n<meta property=\"og:site_name\" content=\"Herpatch\" \/>\n<meta property=\"article:modified_time\" content=\"2025-09-11T12:59:52+00:00\" \/>\n<meta property=\"og:image\" content=\"https:\/\/herpatch.com\/app\/uploads\/sites\/6\/2025\/09\/serum-badge.png\" \/>\n\t<meta property=\"og:image:width\" content=\"800\" \/>\n\t<meta property=\"og:image:height\" content=\"800\" \/>\n\t<meta property=\"og:image:type\" content=\"image\/png\" \/>\n<meta name=\"twitter:card\" content=\"summary_large_image\" \/>\n<meta name=\"twitter:label1\" content=\"Tempo estimado de leitura\" \/>\n\t<meta name=\"twitter:data1\" content=\"4 minutos\" \/>\n<script type=\"application\/ld+json\" class=\"yoast-schema-graph\">{\"@context\":\"https:\/\/schema.org\",\"@graph\":[{\"@type\":\"WebPage\",\"@id\":\"https:\/\/herpatch.com\/pt\/produto\/serum-para-o-herpes-labial\/\",\"url\":\"https:\/\/herpatch.com\/pt\/produto\/serum-para-o-herpes-labial\/\",\"name\":\"S\u00e9rum para o herpes labial - Herpatch\",\"isPartOf\":{\"@id\":\"https:\/\/herpatch.com\/pt\/#website\"},\"primaryImageOfPage\":{\"@id\":\"https:\/\/herpatch.com\/pt\/produto\/serum-para-o-herpes-labial\/#primaryimage\"},\"image\":{\"@id\":\"https:\/\/herpatch.com\/pt\/produto\/serum-para-o-herpes-labial\/#primaryimage\"},\"thumbnailUrl\":\"https:\/\/herpatch.com\/app\/uploads\/sites\/6\/2025\/09\/serum-badge.png\",\"datePublished\":\"2025-09-10T05:21:55+00:00\",\"dateModified\":\"2025-09-11T12:59:52+00:00\",\"description\":\"Herpatch herpes S\u00e9rum para o herpes labial tem uma f\u00f3rmula exclusiva que trata todas as fases do herpes labial.\",\"breadcrumb\":{\"@id\":\"https:\/\/herpatch.com\/pt\/produto\/serum-para-o-herpes-labial\/#breadcrumb\"},\"inLanguage\":\"pt-PT\",\"potentialAction\":[{\"@type\":\"ReadAction\",\"target\":[\"https:\/\/herpatch.com\/pt\/produto\/serum-para-o-herpes-labial\/\"]}]},{\"@type\":\"ImageObject\",\"inLanguage\":\"pt-PT\",\"@id\":\"https:\/\/herpatch.com\/pt\/produto\/serum-para-o-herpes-labial\/#primaryimage\",\"url\":\"https:\/\/herpatch.com\/app\/uploads\/sites\/6\/2025\/09\/serum-badge.png\",\"contentUrl\":\"https:\/\/herpatch.com\/app\/uploads\/sites\/6\/2025\/09\/serum-badge.png\",\"width\":800,\"height\":800,\"caption\":\"S\u00e9rum para o herpes labial\"},{\"@type\":\"BreadcrumbList\",\"@id\":\"https:\/\/herpatch.com\/pt\/produto\/serum-para-o-herpes-labial\/#breadcrumb\",\"itemListElement\":[{\"@type\":\"ListItem\",\"position\":1,\"name\":\"Home\",\"item\":\"https:\/\/herpatch.com\/pt\/\"},{\"@type\":\"ListItem\",\"position\":2,\"name\":\"Produtos\",\"item\":\"https:\/\/herpatch.com\/pt\/produtos\/\"},{\"@type\":\"ListItem\",\"position\":3,\"name\":\"S\u00e9rum para o herpes labial\"}]},{\"@type\":\"WebSite\",\"@id\":\"https:\/\/herpatch.com\/pt\/#website\",\"url\":\"https:\/\/herpatch.com\/pt\/\",\"name\":\"Herpatch\",\"description\":\"\",\"publisher\":{\"@id\":\"https:\/\/herpatch.com\/pt\/#organization\"},\"potentialAction\":[{\"@type\":\"SearchAction\",\"target\":{\"@type\":\"EntryPoint\",\"urlTemplate\":\"https:\/\/herpatch.com\/pt\/?s={search_term_string}\"},\"query-input\":{\"@type\":\"PropertyValueSpecification\",\"valueRequired\":true,\"valueName\":\"search_term_string\"}}],\"inLanguage\":\"pt-PT\"},{\"@type\":\"Organization\",\"@id\":\"https:\/\/herpatch.com\/pt\/#organization\",\"name\":\"Herpatch\",\"url\":\"https:\/\/herpatch.com\/pt\/\",\"logo\":{\"@type\":\"ImageObject\",\"inLanguage\":\"pt-PT\",\"@id\":\"https:\/\/herpatch.com\/pt\/#\/schema\/logo\/image\/\",\"url\":\"https:\/\/herpatch.com\/app\/uploads\/sites\/6\/2025\/01\/Herpatch-logo.png\",\"contentUrl\":\"https:\/\/herpatch.com\/app\/uploads\/sites\/6\/2025\/01\/Herpatch-logo.png\",\"width\":109,\"height\":32,\"caption\":\"Herpatch\"},\"image\":{\"@id\":\"https:\/\/herpatch.com\/pt\/#\/schema\/logo\/image\/\"}}]}<\/script>\n<!-- \/ Yoast SEO plugin. -->","yoast_head_json":{"title":"S\u00e9rum para o herpes labial - Herpatch","description":"Herpatch herpes S\u00e9rum para o herpes labial tem uma f\u00f3rmula exclusiva que trata todas as fases do herpes labial.","robots":{"index":"index","follow":"follow","max-snippet":"max-snippet:-1","max-image-preview":"max-image-preview:large","max-video-preview":"max-video-preview:-1"},"canonical":"https:\/\/herpatch.com\/pt\/produto\/serum-para-o-herpes-labial\/","og_locale":"pt_PT","og_type":"article","og_title":"S\u00e9rum para o herpes labial - Herpatch","og_description":"Herpatch herpes S\u00e9rum para o herpes labial tem uma f\u00f3rmula exclusiva que trata todas as fases do herpes labial.","og_url":"https:\/\/herpatch.com\/pt\/produto\/serum-para-o-herpes-labial\/","og_site_name":"Herpatch","article_modified_time":"2025-09-11T12:59:52+00:00","og_image":[{"width":800,"height":800,"url":"https:\/\/herpatch.com\/app\/uploads\/sites\/6\/2025\/09\/serum-badge.png","type":"image\/png"}],"twitter_card":"summary_large_image","twitter_misc":{"Tempo estimado de leitura":"4 minutos"},"schema":{"@context":"https:\/\/schema.org","@graph":[{"@type":"WebPage","@id":"https:\/\/herpatch.com\/pt\/produto\/serum-para-o-herpes-labial\/","url":"https:\/\/herpatch.com\/pt\/produto\/serum-para-o-herpes-labial\/","name":"S\u00e9rum para o herpes labial - Herpatch","isPartOf":{"@id":"https:\/\/herpatch.com\/pt\/#website"},"primaryImageOfPage":{"@id":"https:\/\/herpatch.com\/pt\/produto\/serum-para-o-herpes-labial\/#primaryimage"},"image":{"@id":"https:\/\/herpatch.com\/pt\/produto\/serum-para-o-herpes-labial\/#primaryimage"},"thumbnailUrl":"https:\/\/herpatch.com\/app\/uploads\/sites\/6\/2025\/09\/serum-badge.png","datePublished":"2025-09-10T05:21:55+00:00","dateModified":"2025-09-11T12:59:52+00:00","description":"Herpatch herpes S\u00e9rum para o herpes labial tem uma f\u00f3rmula exclusiva que trata todas as fases do herpes labial.","breadcrumb":{"@id":"https:\/\/herpatch.com\/pt\/produto\/serum-para-o-herpes-labial\/#breadcrumb"},"inLanguage":"pt-PT","potentialAction":[{"@type":"ReadAction","target":["https:\/\/herpatch.com\/pt\/produto\/serum-para-o-herpes-labial\/"]}]},{"@type":"ImageObject","inLanguage":"pt-PT","@id":"https:\/\/herpatch.com\/pt\/produto\/serum-para-o-herpes-labial\/#primaryimage","url":"https:\/\/herpatch.com\/app\/uploads\/sites\/6\/2025\/09\/serum-badge.png","contentUrl":"https:\/\/herpatch.com\/app\/uploads\/sites\/6\/2025\/09\/serum-badge.png","width":800,"height":800,"caption":"S\u00e9rum para o herpes labial"},{"@type":"BreadcrumbList","@id":"https:\/\/herpatch.com\/pt\/produto\/serum-para-o-herpes-labial\/#breadcrumb","itemListElement":[{"@type":"ListItem","position":1,"name":"Home","item":"https:\/\/herpatch.com\/pt\/"},{"@type":"ListItem","position":2,"name":"Produtos","item":"https:\/\/herpatch.com\/pt\/produtos\/"},{"@type":"ListItem","position":3,"name":"S\u00e9rum para o herpes labial"}]},{"@type":"WebSite","@id":"https:\/\/herpatch.com\/pt\/#website","url":"https:\/\/herpatch.com\/pt\/","name":"Herpatch","description":"","publisher":{"@id":"https:\/\/herpatch.com\/pt\/#organization"},"potentialAction":[{"@type":"SearchAction","target":{"@type":"EntryPoint","urlTemplate":"https:\/\/herpatch.com\/pt\/?s={search_term_string}"},"query-input":{"@type":"PropertyValueSpecification","valueRequired":true,"valueName":"search_term_string"}}],"inLanguage":"pt-PT"},{"@type":"Organization","@id":"https:\/\/herpatch.com\/pt\/#organization","name":"Herpatch","url":"https:\/\/herpatch.com\/pt\/","logo":{"@type":"ImageObject","inLanguage":"pt-PT","@id":"https:\/\/herpatch.com\/pt\/#\/schema\/logo\/image\/","url":"https:\/\/herpatch.com\/app\/uploads\/sites\/6\/2025\/01\/Herpatch-logo.png","contentUrl":"https:\/\/herpatch.com\/app\/uploads\/sites\/6\/2025\/01\/Herpatch-logo.png","width":109,"height":32,"caption":"Herpatch"},"image":{"@id":"https:\/\/herpatch.com\/pt\/#\/schema\/logo\/image\/"}}]}},"_links":{"self":[{"href":"https:\/\/herpatch.com\/pt\/wp-json\/wp\/v2\/product\/92","targetHints":{"allow":["GET"]}}],"collection":[{"href":"https:\/\/herpatch.com\/pt\/wp-json\/wp\/v2\/product"}],"about":[{"href":"https:\/\/herpatch.com\/pt\/wp-json\/wp\/v2\/types\/product"}],"replies":[{"embeddable":true,"href":"https:\/\/herpatch.com\/pt\/wp-json\/wp\/v2\/comments?post=92"}],"version-history":[{"count":7,"href":"https:\/\/herpatch.com\/pt\/wp-json\/wp\/v2\/product\/92\/revisions"}],"predecessor-version":[{"id":116,"href":"https:\/\/herpatch.com\/pt\/wp-json\/wp\/v2\/product\/92\/revisions\/116"}],"wp:featuredmedia":[{"embeddable":true,"href":"https:\/\/herpatch.com\/pt\/wp-json\/wp\/v2\/media\/119"}],"wp:attachment":[{"href":"https:\/\/herpatch.com\/pt\/wp-json\/wp\/v2\/media?parent=92"}],"wp:term":[{"taxonomy":"product_brand","embeddable":true,"href":"https:\/\/herpatch.com\/pt\/wp-json\/wp\/v2\/product_brand?post=92"},{"taxonomy":"product_cat","embeddable":true,"href":"https:\/\/herpatch.com\/pt\/wp-json\/wp\/v2\/product_cat?post=92"},{"taxonomy":"product_tag","embeddable":true,"href":"https:\/\/herpatch.com\/pt\/wp-json\/wp\/v2\/product_tag?post=92"}],"curies":[{"name":"wp","href":"https:\/\/api.w.org\/{rel}","templated":true}]}}