{"id":98,"date":"2025-09-10T09:19:20","date_gmt":"2025-09-10T08:19:20","guid":{"rendered":"https:\/\/herpatch.com\/pt\/?page_id=98"},"modified":"2025-09-11T13:59:52","modified_gmt":"2025-09-11T12:59:52","slug":"testemunhos","status":"publish","type":"page","link":"https:\/\/herpatch.com\/pt\/testemunhos\/","title":{"rendered":"Testemunhos"},"content":{"rendered":"\n<div class=\"wp-block-karopharma-free-text pt-large pb-large bg-center bg-cover bg-no-repeat bg-box is-style-primary\" style=\"background-image:url(https:\/\/herpatch.com\/cdn-cgi\/image\/format=auto\/app\/uploads\/sites\/6\/2025\/09\/testimonials.jpg)\"><div class=\"free-text-wrapper container max-w-small text-center\">\n<h1 class=\"wp-block-heading has-text-align-center is-style-heading-huge\">Testemunhos<\/h1>\n\n\n\n<p>Descubra o que os nossos clientes est\u00e3o a dizer sobre as suas experi\u00eancias! Hist\u00f3rias reais, feedback genu\u00edno e insights sobre como fizemos a diferen\u00e7a.<\/p>\n<\/div><\/div>\n\n\n\n<div class=\"wp-block-karopharma-free-text pt-large pb-large bg-center bg-cover bg-no-repeat\" style=\"background-image:url()\"><div class=\"free-text-wrapper container max-w-medium text-left\">\n<p class=\"is-style-paragraph-preamble has-primary-color has-text-color has-link-color wp-elements-c2d9c4ffb85dd96a700eeedc5cb301fb\">H\u00e1 j\u00e1 37 anos que sofro de herpes labial. Experimentei e testei v\u00e1rios produtos, medicamentos homeop\u00e1ticos, cremes, patches, etc. Quero elogiar-vos pelo Herpatch S\u00e9rum, pois \u00e9 o \u00fanico que n\u00e3o s\u00f3 elimina o meu herpes labial como tamb\u00e9m reduz a dura\u00e7\u00e3o do herpes e danos na minha boca e l\u00e1bios \u2013 muito obrigada, por favor n\u00e3o deixem de o fabricar, seria uma desgra\u00e7a para mim.<\/p>\n\n\n\n<p><em>Nichola \u2013 Reino Unido<\/em><\/p>\n\n\n\n<hr>\n\n\n\n<p class=\"is-style-paragraph-preamble has-primary-color has-text-color has-link-color wp-elements-22868203d599067b36f288b76bdac256\">Sofro de aftas desde crian\u00e7a e quero agradecer-vos por este incr\u00edvel produto. Experimentei in\u00fameros outros produtos e este \u00e9 de longe o melhor que encontrei. Agora, tenho sempre um em casa e outro no carro, no caso de sentir que est\u00e1 a aparecer uma afta. Mais uma vez, obrigado.<\/p>\n\n\n\n<p><em>Michael \u2013 Reino Unido<\/em><\/p>\n\n\n\n<hr>\n\n\n\n<p class=\"is-style-paragraph-preamble has-primary-color has-text-color has-link-color wp-elements-b60d7c2d4774cba8b3511e525294d3aa\">Quando sinto os primeiros sintomas de comich\u00e3o nos l\u00e1bios, utilizo o herpatch aphthae. Parece milagre. Ajuda. Tenho sempre 2 tubos de herpatch aphthae na minha carteira. N\u00e3o passo sem eles.<\/p>\n\n\n\n<p><em>Marianne &#8211; Su\u00e9cia<\/em><\/p>\n\n\n\n<hr>\n\n\n\n<p class=\"is-style-paragraph-preamble has-primary-color has-text-color has-link-color wp-elements-e4dfa79a309546e0c73a93f0bbfe5c06\">Experimentei v\u00e1rios produtos, mas o herpatch aphthae \u00e9 o melhor de todos. Forma uma camada protetora que elimina as aftas r\u00e1pida e eficazmente. Recomendo-o a todos. Experimentem.<\/p>\n\n\n\n<p><em>Szilvia &#8211; Hungria<\/em><\/p>\n\n\n\n<hr>\n\n\n\n<p class=\"is-style-paragraph-preamble has-primary-color has-text-color has-link-color wp-elements-8f685f7f5b6843612c1768a15ae07fec\">J\u00e1 experimentei v\u00e1rios produtos para o tratamento de aftas e apenas o herpatch aphthae me convenceu. \u00c9 muito eficaz e, para al\u00e9m disso, \u00e9 f\u00e1cil de aplicar e \u00e9 transparente.<\/p>\n\n\n\n<p><em>Ilse, (Farmac\u00eautica) &#8211; B\u00e9lgica<\/em><\/p>\n\n\n\n<hr>\n\n\n\n<p class=\"is-style-paragraph-preamble has-primary-color has-text-color has-link-color wp-elements-c743ce67025aa4c7dc46a887d1c0008d\">Sofro frequentemente de aftas. Agora, utilizo herpatch aphthae quando sinto uma afta a aparecer. O produto alivia de imediato e previne o desenvolvimento da afta. Ajuda tamb\u00e9m a disfar\u00e7ar a afta.<\/p>\n\n\n\n<p><em>Martin \u2013 Noruega<\/em><\/p>\n\n\n\n<hr>\n\n\n\n<p class=\"is-style-paragraph-preamble has-primary-color has-text-color has-link-color wp-elements-460935d859eefd0b7af29ed14c777a87\">Tenho um tubo de herpatch aphthae que estou a utilizar h\u00e1 uns tempos (infelizmente, est\u00e1 a acabar). Ap\u00f3s contactar in\u00fameras farm\u00e1cias, soube que o produto j\u00e1 n\u00e3o est\u00e1 dispon\u00edvel na \u00c1frica do Sul. \u00c9 a melhor solu\u00e7\u00e3o para as aftas \u2013 nada resulta t\u00e3o bem como este produto! Um gel branco, f\u00e1cil de utilizar \u2013 torna-se transparente e ajuda a tratar as aftas rapidamente.<\/p>\n\n\n\n<p><em>Irene, \u00c1frica do Sul<\/em><\/p>\n<\/div><\/div>\n","protected":false},"excerpt":{"rendered":"","protected":false},"author":2,"featured_media":0,"parent":0,"menu_order":0,"comment_status":"closed","ping_status":"closed","template":"","meta":{"_acf_changed":false,"footnotes":""},"from-article-database":[],"class_list":["post-98","page","type-page","status-publish","hentry"],"acf":[],"yoast_head":"<!-- This site is optimized with the Yoast SEO plugin v26.6 - https:\/\/yoast.com\/wordpress\/plugins\/seo\/ -->\n<title>Testemunhos - Herpatch<\/title>\n<meta name=\"description\" content=\"Descubra o que os nossos clientes est\u00e3o a dizer sobre as suas experi\u00eancias! Hist\u00f3rias reais, feedback genu\u00edno e insights sobre como fizemos a diferen\u00e7a.\" \/>\n<meta name=\"robots\" content=\"index, follow, max-snippet:-1, max-image-preview:large, max-video-preview:-1\" \/>\n<link rel=\"canonical\" href=\"https:\/\/herpatch.com\/pt\/testemunhos\/\" \/>\n<meta property=\"og:locale\" content=\"pt_PT\" \/>\n<meta property=\"og:type\" content=\"article\" \/>\n<meta property=\"og:title\" content=\"Testemunhos - Herpatch\" \/>\n<meta property=\"og:description\" content=\"Descubra o que os nossos clientes est\u00e3o a dizer sobre as suas experi\u00eancias! Hist\u00f3rias reais, feedback genu\u00edno e insights sobre como fizemos a diferen\u00e7a.\" \/>\n<meta property=\"og:url\" content=\"https:\/\/herpatch.com\/pt\/testemunhos\/\" \/>\n<meta property=\"og:site_name\" content=\"Herpatch\" \/>\n<meta property=\"article:modified_time\" content=\"2025-09-11T12:59:52+00:00\" \/>\n<meta name=\"twitter:card\" content=\"summary_large_image\" \/>\n<meta name=\"twitter:label1\" content=\"Tempo estimado de leitura\" \/>\n\t<meta name=\"twitter:data1\" content=\"2 minutos\" \/>\n<script type=\"application\/ld+json\" class=\"yoast-schema-graph\">{\"@context\":\"https:\/\/schema.org\",\"@graph\":[{\"@type\":\"WebPage\",\"@id\":\"https:\/\/herpatch.com\/pt\/testemunhos\/\",\"url\":\"https:\/\/herpatch.com\/pt\/testemunhos\/\",\"name\":\"Testemunhos - Herpatch\",\"isPartOf\":{\"@id\":\"https:\/\/herpatch.com\/pt\/#website\"},\"datePublished\":\"2025-09-10T08:19:20+00:00\",\"dateModified\":\"2025-09-11T12:59:52+00:00\",\"description\":\"Descubra o que os nossos clientes est\u00e3o a dizer sobre as suas experi\u00eancias! Hist\u00f3rias reais, feedback genu\u00edno e insights sobre como fizemos a diferen\u00e7a.\",\"breadcrumb\":{\"@id\":\"https:\/\/herpatch.com\/pt\/testemunhos\/#breadcrumb\"},\"inLanguage\":\"pt-PT\",\"potentialAction\":[{\"@type\":\"ReadAction\",\"target\":[\"https:\/\/herpatch.com\/pt\/testemunhos\/\"]}]},{\"@type\":\"BreadcrumbList\",\"@id\":\"https:\/\/herpatch.com\/pt\/testemunhos\/#breadcrumb\",\"itemListElement\":[{\"@type\":\"ListItem\",\"position\":1,\"name\":\"Home\",\"item\":\"https:\/\/herpatch.com\/pt\/\"},{\"@type\":\"ListItem\",\"position\":2,\"name\":\"Testemunhos\"}]},{\"@type\":\"WebSite\",\"@id\":\"https:\/\/herpatch.com\/pt\/#website\",\"url\":\"https:\/\/herpatch.com\/pt\/\",\"name\":\"Herpatch\",\"description\":\"\",\"publisher\":{\"@id\":\"https:\/\/herpatch.com\/pt\/#organization\"},\"potentialAction\":[{\"@type\":\"SearchAction\",\"target\":{\"@type\":\"EntryPoint\",\"urlTemplate\":\"https:\/\/herpatch.com\/pt\/?s={search_term_string}\"},\"query-input\":{\"@type\":\"PropertyValueSpecification\",\"valueRequired\":true,\"valueName\":\"search_term_string\"}}],\"inLanguage\":\"pt-PT\"},{\"@type\":\"Organization\",\"@id\":\"https:\/\/herpatch.com\/pt\/#organization\",\"name\":\"Herpatch\",\"url\":\"https:\/\/herpatch.com\/pt\/\",\"logo\":{\"@type\":\"ImageObject\",\"inLanguage\":\"pt-PT\",\"@id\":\"https:\/\/herpatch.com\/pt\/#\/schema\/logo\/image\/\",\"url\":\"https:\/\/herpatch.com\/app\/uploads\/sites\/6\/2025\/01\/Herpatch-logo.png\",\"contentUrl\":\"https:\/\/herpatch.com\/app\/uploads\/sites\/6\/2025\/01\/Herpatch-logo.png\",\"width\":109,\"height\":32,\"caption\":\"Herpatch\"},\"image\":{\"@id\":\"https:\/\/herpatch.com\/pt\/#\/schema\/logo\/image\/\"}}]}<\/script>\n<!-- \/ Yoast SEO plugin. -->","yoast_head_json":{"title":"Testemunhos - Herpatch","description":"Descubra o que os nossos clientes est\u00e3o a dizer sobre as suas experi\u00eancias! Hist\u00f3rias reais, feedback genu\u00edno e insights sobre como fizemos a diferen\u00e7a.","robots":{"index":"index","follow":"follow","max-snippet":"max-snippet:-1","max-image-preview":"max-image-preview:large","max-video-preview":"max-video-preview:-1"},"canonical":"https:\/\/herpatch.com\/pt\/testemunhos\/","og_locale":"pt_PT","og_type":"article","og_title":"Testemunhos - Herpatch","og_description":"Descubra o que os nossos clientes est\u00e3o a dizer sobre as suas experi\u00eancias! Hist\u00f3rias reais, feedback genu\u00edno e insights sobre como fizemos a diferen\u00e7a.","og_url":"https:\/\/herpatch.com\/pt\/testemunhos\/","og_site_name":"Herpatch","article_modified_time":"2025-09-11T12:59:52+00:00","twitter_card":"summary_large_image","twitter_misc":{"Tempo estimado de leitura":"2 minutos"},"schema":{"@context":"https:\/\/schema.org","@graph":[{"@type":"WebPage","@id":"https:\/\/herpatch.com\/pt\/testemunhos\/","url":"https:\/\/herpatch.com\/pt\/testemunhos\/","name":"Testemunhos - Herpatch","isPartOf":{"@id":"https:\/\/herpatch.com\/pt\/#website"},"datePublished":"2025-09-10T08:19:20+00:00","dateModified":"2025-09-11T12:59:52+00:00","description":"Descubra o que os nossos clientes est\u00e3o a dizer sobre as suas experi\u00eancias! Hist\u00f3rias reais, feedback genu\u00edno e insights sobre como fizemos a diferen\u00e7a.","breadcrumb":{"@id":"https:\/\/herpatch.com\/pt\/testemunhos\/#breadcrumb"},"inLanguage":"pt-PT","potentialAction":[{"@type":"ReadAction","target":["https:\/\/herpatch.com\/pt\/testemunhos\/"]}]},{"@type":"BreadcrumbList","@id":"https:\/\/herpatch.com\/pt\/testemunhos\/#breadcrumb","itemListElement":[{"@type":"ListItem","position":1,"name":"Home","item":"https:\/\/herpatch.com\/pt\/"},{"@type":"ListItem","position":2,"name":"Testemunhos"}]},{"@type":"WebSite","@id":"https:\/\/herpatch.com\/pt\/#website","url":"https:\/\/herpatch.com\/pt\/","name":"Herpatch","description":"","publisher":{"@id":"https:\/\/herpatch.com\/pt\/#organization"},"potentialAction":[{"@type":"SearchAction","target":{"@type":"EntryPoint","urlTemplate":"https:\/\/herpatch.com\/pt\/?s={search_term_string}"},"query-input":{"@type":"PropertyValueSpecification","valueRequired":true,"valueName":"search_term_string"}}],"inLanguage":"pt-PT"},{"@type":"Organization","@id":"https:\/\/herpatch.com\/pt\/#organization","name":"Herpatch","url":"https:\/\/herpatch.com\/pt\/","logo":{"@type":"ImageObject","inLanguage":"pt-PT","@id":"https:\/\/herpatch.com\/pt\/#\/schema\/logo\/image\/","url":"https:\/\/herpatch.com\/app\/uploads\/sites\/6\/2025\/01\/Herpatch-logo.png","contentUrl":"https:\/\/herpatch.com\/app\/uploads\/sites\/6\/2025\/01\/Herpatch-logo.png","width":109,"height":32,"caption":"Herpatch"},"image":{"@id":"https:\/\/herpatch.com\/pt\/#\/schema\/logo\/image\/"}}]}},"_links":{"self":[{"href":"https:\/\/herpatch.com\/pt\/wp-json\/wp\/v2\/pages\/98","targetHints":{"allow":["GET"]}}],"collection":[{"href":"https:\/\/herpatch.com\/pt\/wp-json\/wp\/v2\/pages"}],"about":[{"href":"https:\/\/herpatch.com\/pt\/wp-json\/wp\/v2\/types\/page"}],"author":[{"embeddable":true,"href":"https:\/\/herpatch.com\/pt\/wp-json\/wp\/v2\/users\/2"}],"replies":[{"embeddable":true,"href":"https:\/\/herpatch.com\/pt\/wp-json\/wp\/v2\/comments?post=98"}],"version-history":[{"count":1,"href":"https:\/\/herpatch.com\/pt\/wp-json\/wp\/v2\/pages\/98\/revisions"}],"predecessor-version":[{"id":99,"href":"https:\/\/herpatch.com\/pt\/wp-json\/wp\/v2\/pages\/98\/revisions\/99"}],"wp:attachment":[{"href":"https:\/\/herpatch.com\/pt\/wp-json\/wp\/v2\/media?parent=98"}],"wp:term":[{"taxonomy":"from-article-database","embeddable":true,"href":"https:\/\/herpatch.com\/pt\/wp-json\/wp\/v2\/from-article-database?post=98"}],"curies":[{"name":"wp","href":"https:\/\/api.w.org\/{rel}","templated":true}]}}