{"id":94,"date":"2025-09-10T07:24:08","date_gmt":"2025-09-10T06:24:08","guid":{"rendered":"https:\/\/herpatch.com\/pt\/?page_id=94"},"modified":"2025-09-11T13:59:52","modified_gmt":"2025-09-11T12:59:52","slug":"perguntas-mais-frequentes","status":"publish","type":"page","link":"https:\/\/herpatch.com\/pt\/perguntas-mais-frequentes\/","title":{"rendered":"Perguntas mais frequentes"},"content":{"rendered":"\n<div class=\"wp-block-karopharma-free-text pt-large pb-large bg-center bg-cover bg-no-repeat bg-box is-style-primary\" style=\"background-image:url(https:\/\/herpatch.com\/cdn-cgi\/image\/format=auto\/app\/uploads\/sites\/6\/2025\/09\/faq.jpg)\"><div class=\"free-text-wrapper container max-w-small text-left\">\n<h1 class=\"wp-block-heading has-text-align-center is-style-heading-huge\">Perguntas mais frequentes<\/h1>\n<\/div><\/div>\n\n\n\n<div class=\"wp-block-karopharma-accordions\"><div class=\"container\">\n<details class=\"wp-block-karopharma-accordion\"><summary><h2 class=\"accordion-title\">O que \u00e9 o herpes labial?<\/h2><\/summary><div class=\"accordion-content\">\n<p>O herpes labial \u00e9 uma consequ\u00eancia da infe\u00e7\u00e3o pelo virus herpes simplex (HSV-1), que causa pequenas ves\u00edculas nos l\u00e1bios. Uma das caracter\u00edsticas da forma\u00e7\u00e3o das ves\u00edculas \u00e9 a sensa\u00e7\u00e3o de formigueiro e ardor da zona infetada. Forma-se uma ves\u00edcula que causa comich\u00e3o e inc\u00f3modo, que podem durar mais de uma semana. O herpes labial pode ser altamente contagioso, podendo infetar outras partes do corpo ou outras pessoas. A transmiss\u00e3o do v\u00edrus pode ocorrer desde o in\u00edcio do surto at\u00e9 \u00e0 fase de cicatriza\u00e7\u00e3o. A transmiss\u00e3o do v\u00edrus pode ocorrer atrav\u00e9s de contacto f\u00edsico ou de objetos infetados, tais como copos ou escovas de dentes.<\/p>\n\n\n\n<p>Investiga\u00e7\u00e3o generalizada demonstrou que 80% da popula\u00e7\u00e3o \u00e9 portadora do v\u00edrus HSV-1 e 20% tem regularmente herpes labial. O v\u00edrus persiste durante toda a vida da pessoa que infeta.<\/p>\n<\/div><\/details>\n\n\n\n<details class=\"wp-block-karopharma-accordion\"><summary><h2 class=\"accordion-title\">Quais as causas do herpes labial?<\/h2><\/summary><div class=\"accordion-content\">\n<p>O herpes labial \u00e9 causado por uma infe\u00e7\u00e3o inicial pelo v\u00edrus Herpes simplex (HSV-1). O surto de herpes labial pode ter v\u00e1rias causas externas e internas.<\/p>\n\n\n\n<p><strong>Fatores Internos<\/strong><\/p>\n\n\n\n<ul class=\"wp-block-list is-style-default\">\n<li>Febre<\/li>\n\n\n\n<li>Doen\u00e7a<\/li>\n\n\n\n<li>Menstrua\u00e7\u00e3o<\/li>\n\n\n\n<li>Stress<\/li>\n\n\n\n<li>Dist\u00farbios gastrointestinais<\/li>\n\n\n\n<li>Rea\u00e7\u00f5es al\u00e9rgicas, incluindo rea\u00e7\u00f5es alimentares<\/li>\n\n\n\n<li>Pequenas infe\u00e7\u00f5es<\/li>\n\n\n\n<li>Qualquer doen\u00e7a que altere o metabolism (ex.: diabetes, hipertiroidismo)<\/li>\n\n\n\n<li>Presen\u00e7a de um segundo v\u00edrus (ex.: constipa\u00e7\u00f5es, gripes)<\/li>\n\n\n\n<li>Cansa\u00e7o<\/li>\n\n\n\n<li>Fatores que debilitam o sistema imunit\u00e1rio<\/li>\n<\/ul>\n\n\n\n<p><strong>Fatores externos<\/strong><\/p>\n\n\n\n<ul class=\"wp-block-list is-style-default\">\n<li>Vento<\/li>\n\n\n\n<li>Raios UV (sol, sol\u00e1rios)<\/li>\n\n\n\n<li>Frio<\/li>\n\n\n\n<li>Ansiedade<\/li>\n\n\n\n<li>L\u00e1bios secos<\/li>\n\n\n\n<li>Qualquer les\u00e3o f\u00edsica<\/li>\n\n\n\n<li>Tratamento dent\u00e1rio<\/li>\n<\/ul>\n<\/div><\/details>\n\n\n\n<details class=\"wp-block-karopharma-accordion\"><summary><h2 class=\"accordion-title\">Fases do surto de herpes labial<\/h2><\/summary><div class=\"accordion-content\">\n<figure class=\"wp-block-image size-full\"><img loading=\"lazy\" decoding=\"async\" width=\"554\" height=\"493\" src=\"https:\/\/herpatch.com\/app\/uploads\/sites\/6\/2025\/09\/stages-of-a-blister-outbreak_pt.jpg\" alt=\"stages-of-a-blister-outbreak_pt\" class=\"wp-image-95\" srcset=\"https:\/\/herpatch.com\/app\/uploads\/sites\/6\/2025\/09\/stages-of-a-blister-outbreak_pt.jpg 554w, https:\/\/herpatch.com\/app\/uploads\/sites\/6\/2025\/09\/stages-of-a-blister-outbreak_pt-320x285.jpg 320w\" sizes=\"auto, (max-width: 554px) 100vw, 554px\" \/><\/figure>\n\n\n\n<p><strong>Dia 1: Formigueiro (Fase de lat\u00eancia)<br><\/strong>Sensa\u00e7\u00e3o de ardor nos l\u00e1bios, nariz ou queixo.<\/p>\n\n\n\n<p><strong>Dia 1 &#8211; Dia 2: Forma\u00e7\u00e3o de ves\u00edculas (Eritema + P\u00e1pulas)<br><\/strong>A zona fica vermelha e dorida. Forma-se um aglomerado de pequenas ves\u00edculas, que se podem transformar numa \u00fanica, grande ves\u00edcula.<\/p>\n\n\n\n<p><strong>Dia 2 &#8211; Dia 3: Rebentamento das ves\u00edculas<\/strong><br>Fase mais dolorosa e contagiosa.<\/p>\n\n\n\n<p><strong>Dia 3 &#8211; Dia 8: Forma\u00e7\u00e3o da crosta<\/strong><br>Quando a crosta cai cedo demais, pode haver sangramento e uma sensa\u00e7\u00e3o de ard\u00eancia.<\/p>\n\n\n\n<p><strong>Dia 8 \u2013 Dia 10: Cicatriza\u00e7\u00e3o<\/strong><br>A ferida curou e as bolhas da febre desapareceram.<\/p>\n<\/div><\/details>\n\n\n\n<details class=\"wp-block-karopharma-accordion\"><summary><h2 class=\"accordion-title\">Como tratar o herpes labial<\/h2><\/summary><div class=\"accordion-content\">\n<p>Presentemente, existem no mercado v\u00e1rios produtos para o herpes labial, incluindo cremes, pensos e comprimidos. A maioria das pessoas que tem herpes labial n\u00e3o utiliza nenhum produto, suportando a dor, uma vez que n\u00e3o est\u00e1 satisfeita com a oferta de produtos dispon\u00edveis. Foi por esta raz\u00e3o que a Karo Healthcare desenvolveu um produto revolucion\u00e1rio: herpatch herpes S\u00e9rum para o herpes labial, uma forma discreta de acabar com os aborrecimentos causados pelo herpes labial.<\/p>\n\n\n\n<p>As vantagens do herpatch herpes S\u00e9rum para o herpes labial tornam-no no tratamento de primeira escolha, uma vez que ajuda a cicatrizar o herpes labial rapidamente e sem dor.<\/p>\n\n\n\n<p>Herpatch herpes S\u00e9rum para o herpes labial ajuda a <strong>tratar o herpes labial em todas as fases do surto<\/strong>. Se aplicado na fase inicial de formigueiro nos l\u00e1bios, a aplica\u00e7\u00e3o de herpatch herpes S\u00e9rum para o herpes labial <strong>ajuda a prevenir<\/strong> o aparecimento do herpes labial!<\/p>\n<\/div><\/details>\n\n\n\n<details class=\"wp-block-karopharma-accordion\"><summary><h2 class=\"accordion-title\">Como aplicar herpatch herpes S\u00e9rum para o herpes labial no herpes labial?<\/h2><\/summary><div class=\"accordion-content\">\n<ol class=\"wp-block-list is-style-default\">\n<li>Lavar e secar as m\u00e3os.<\/li>\n\n\n\n<li>Lavar e enxaguar a zona afetada.<\/li>\n\n\n\n<li>Aplicar delicadamente uma pequena quantidade de s\u00e9rum sobre a les\u00e3o do herpes labial, de modo a cobrir a totalidade da les\u00e3o, bem como a pele circundante. Ap\u00f3s alguns minutos, o s\u00e9rum forma uma pel\u00edcula protetora transparente sobre a les\u00e3o. O s\u00e9rum pode ser reaplicado, caso necess\u00e1rio, a cada 3 a 4 horas at\u00e9 total recupera\u00e7\u00e3o da les\u00e3o do herpes labial. A pel\u00edcula do penso l\u00edquido pode ser removida, se necess\u00e1rio, com \u00e1gua morna.<\/li>\n\n\n\n<li>herpatch herpes S\u00e9rum para o herpes labial pode ser utilizado em todas as fases do surto. No entanto, sugere-se a aplica\u00e7\u00e3o logo ap\u00f3s o aparecimento dos primeiros sintomas.<\/li>\n<\/ol>\n<\/div><\/details>\n\n\n\n<details class=\"wp-block-karopharma-accordion\"><summary><h2 class=\"accordion-title\">Pode-se combinar com a utiliza\u00e7\u00e3o do herpatch herpes S\u00e9rum para o herpes labial com o creme Aciclovir?<\/h2><\/summary><div class=\"accordion-content\">\n<p>N\u00e3o, uma vez que o penso l\u00edquido tem propriedades ativas, n\u00e3o \u00e9 necess\u00e1rio colocar creme extra nas les\u00f5es.<\/p>\n<\/div><\/details>\n\n\n\n<details class=\"wp-block-karopharma-accordion\"><summary><h2 class=\"accordion-title\">Herpatch herpes S\u00e9rum para o herpes labial pode ser utilizado na gravidez ou na amamenta\u00e7\u00e3o?<\/h2><\/summary><div class=\"accordion-content\">\n<p>Recomenda-se consultar um profissional de sa\u00fade antes da sua utiliza\u00e7\u00e3o.<\/p>\n<\/div><\/details>\n\n\n\n<details class=\"wp-block-karopharma-accordion\"><summary><h2 class=\"accordion-title\">herpatch herpes S\u00e9rum para o herpes labial pode ser utilizado em crian\u00e7as?<\/h2><\/summary><div class=\"accordion-content\">\n<p>herpatch herpes S\u00e9rum para o herpes labial pode ser utilizado a partir dos 4 anos, sob supervis\u00e3o de um adulto. Antes dos 4 anos, deve-se consultar o m\u00e9dico.<\/p>\n<\/div><\/details>\n\n\n\n<details class=\"wp-block-karopharma-accordion\"><summary><h2 class=\"accordion-title\">Durante quanto tempo se deve utilizar herpatch herpes S\u00e9rum para o herpes labial?<\/h2><\/summary><div class=\"accordion-content\">\n<p>herpatch herpes S\u00e9rum para o herpes labial LABIAL pode ser utilizado em todas as fases do surto de herpes labial, desde o formigueiro at\u00e9 \u00e0 fase de cicatriza\u00e7\u00e3o. No entanto, aconselha-se a aplica\u00e7\u00e3o logo ap\u00f3s os primeiros sintomas. O s\u00e9rum pode ser reaplicado, caso necess\u00e1rio, a cada 3 a 4 horas, at\u00e9 total recupera\u00e7\u00e3o da les\u00e3o do herpes labial.<\/p>\n<\/div><\/details>\n\n\n\n<details class=\"wp-block-karopharma-accordion\"><summary><h2 class=\"accordion-title\">Como remover herpatch herpes S\u00e9rum para o herpes labial?<\/h2><\/summary><div class=\"accordion-content\">\n<p>A pel\u00edcula do penso l\u00edquido pode ser removida, se necess\u00e1rio, com \u00e1gua morna.<\/p>\n<\/div><\/details>\n\n\n\n<details class=\"wp-block-karopharma-accordion\"><summary><h2 class=\"accordion-title\">Onde se pode utilizar herpatch herpes S\u00e9rum para o herpes labial?<\/h2><\/summary><div class=\"accordion-content\">\n<p>herpatch herpes S\u00e9rum para o herpes labial pode ser utilizado na ves\u00edcula de herpes labial ou na zona onde se sente formigueiro. Pode aparecer nos l\u00e1bios ou \u00e0 volta da boca. N\u00e3o utilizar no interior da boca, nas mucosas ou no herpes genital.<\/p>\n<\/div><\/details>\n\n\n\n<details class=\"wp-block-karopharma-accordion\"><summary><h2 class=\"accordion-title\">Pode-se aplicar batom sobre o herpatch herpes S\u00e9rum para o herpes labial?<\/h2><\/summary><div class=\"accordion-content\">\n<p>Sim. \u00c9 apenas necess\u00e1rio aguardar alguns minutos at\u00e9 que o creme se transforme em penso antes de aplicar o batom.<\/p>\n<\/div><\/details>\n\n\n\n<details class=\"wp-block-karopharma-accordion\"><summary><h2 class=\"accordion-title\">Qual a diferen\u00e7a entre herpatch herpes S\u00e9rum para o herpes labial e um creme com aciclovir?<\/h2><\/summary><div class=\"accordion-content\">\n<p>herpatch herpes S\u00e9rum para o herpes labial forma uma pel\u00edcula protetora transparente sobre a ves\u00edcula, em compara\u00e7\u00e3o com o creme com aciclovir. Este s\u00e9rum, que forma uma pel\u00edcula, tem in\u00fameras propriedades ativas e cria um microambiente ideal, ajudando a acelerar o processo de cicatriza\u00e7\u00e3o. herpatch herpes S\u00e9rum para o herpes labial trata todas as fases do surto, desde o formigueiro at\u00e9 \u00e0 fase de cicatriza\u00e7\u00e3o, enquanto que o creme com acyclovir apenas tem efeito durante a primeira fase do surto (fase do formigueiro). Os benef\u00edcios s\u00e3o numerosos. herpatch herpes S\u00e9rum para o herpes labial acelera a cicatriza\u00e7\u00e3o do herpes labial, previne a comich\u00e3o e o ardor, elimina a vermelhid\u00e3o e o incha\u00e7o, previne a forma\u00e7\u00e3o de crostas e reduz as ves\u00edculas.<\/p>\n\n\n\n<p>Por estas raz\u00f5es, herpatch herpes S\u00e9rum para o herpes labial \u00e9 altamente eficaz.<\/p>\n<\/div><\/details>\n<\/div><\/div>\n","protected":false},"excerpt":{"rendered":"","protected":false},"author":2,"featured_media":0,"parent":0,"menu_order":0,"comment_status":"closed","ping_status":"closed","template":"","meta":{"_acf_changed":false,"footnotes":""},"from-article-database":[],"class_list":["post-94","page","type-page","status-publish","hentry"],"acf":[],"yoast_head":"<!-- This site is optimized with the Yoast SEO plugin v26.6 - https:\/\/yoast.com\/wordpress\/plugins\/seo\/ -->\n<title>Perguntas mais frequentes - Herpatch<\/title>\n<meta name=\"description\" content=\"O que \u00e9 o herpes labial? Quais as causas do herpes labial? Fases do surto de herpes labial. Como tratar o herpes labial.\" \/>\n<meta name=\"robots\" content=\"index, follow, max-snippet:-1, max-image-preview:large, max-video-preview:-1\" \/>\n<link rel=\"canonical\" href=\"https:\/\/herpatch.com\/pt\/perguntas-mais-frequentes\/\" \/>\n<meta property=\"og:locale\" content=\"pt_PT\" \/>\n<meta property=\"og:type\" content=\"article\" \/>\n<meta property=\"og:title\" content=\"Perguntas mais frequentes - Herpatch\" \/>\n<meta property=\"og:description\" content=\"O que \u00e9 o herpes labial? Quais as causas do herpes labial? Fases do surto de herpes labial. Como tratar o herpes labial.\" \/>\n<meta property=\"og:url\" content=\"https:\/\/herpatch.com\/pt\/perguntas-mais-frequentes\/\" \/>\n<meta property=\"og:site_name\" content=\"Herpatch\" \/>\n<meta property=\"article:modified_time\" content=\"2025-09-11T12:59:52+00:00\" \/>\n<meta property=\"og:image\" content=\"https:\/\/herpatch.com\/app\/uploads\/sites\/6\/2025\/09\/stages-of-a-blister-outbreak_pt.jpg\" \/>\n\t<meta property=\"og:image:width\" content=\"554\" \/>\n\t<meta property=\"og:image:height\" content=\"493\" \/>\n\t<meta property=\"og:image:type\" content=\"image\/jpeg\" \/>\n<meta name=\"twitter:card\" content=\"summary_large_image\" \/>\n<meta name=\"twitter:label1\" content=\"Tempo estimado de leitura\" \/>\n\t<meta name=\"twitter:data1\" content=\"6 minutos\" \/>\n<script type=\"application\/ld+json\" class=\"yoast-schema-graph\">{\"@context\":\"https:\/\/schema.org\",\"@graph\":[{\"@type\":\"WebPage\",\"@id\":\"https:\/\/herpatch.com\/pt\/perguntas-mais-frequentes\/\",\"url\":\"https:\/\/herpatch.com\/pt\/perguntas-mais-frequentes\/\",\"name\":\"Perguntas mais frequentes - Herpatch\",\"isPartOf\":{\"@id\":\"https:\/\/herpatch.com\/pt\/#website\"},\"primaryImageOfPage\":{\"@id\":\"https:\/\/herpatch.com\/pt\/perguntas-mais-frequentes\/#primaryimage\"},\"image\":{\"@id\":\"https:\/\/herpatch.com\/pt\/perguntas-mais-frequentes\/#primaryimage\"},\"thumbnailUrl\":\"https:\/\/herpatch.com\/app\/uploads\/sites\/6\/2025\/09\/stages-of-a-blister-outbreak_pt.jpg\",\"datePublished\":\"2025-09-10T06:24:08+00:00\",\"dateModified\":\"2025-09-11T12:59:52+00:00\",\"description\":\"O que \u00e9 o herpes labial? Quais as causas do herpes labial? Fases do surto de herpes labial. Como tratar o herpes labial.\",\"breadcrumb\":{\"@id\":\"https:\/\/herpatch.com\/pt\/perguntas-mais-frequentes\/#breadcrumb\"},\"inLanguage\":\"pt-PT\",\"potentialAction\":[{\"@type\":\"ReadAction\",\"target\":[\"https:\/\/herpatch.com\/pt\/perguntas-mais-frequentes\/\"]}]},{\"@type\":\"ImageObject\",\"inLanguage\":\"pt-PT\",\"@id\":\"https:\/\/herpatch.com\/pt\/perguntas-mais-frequentes\/#primaryimage\",\"url\":\"https:\/\/herpatch.com\/app\/uploads\/sites\/6\/2025\/09\/stages-of-a-blister-outbreak_pt.jpg\",\"contentUrl\":\"https:\/\/herpatch.com\/app\/uploads\/sites\/6\/2025\/09\/stages-of-a-blister-outbreak_pt.jpg\"},{\"@type\":\"BreadcrumbList\",\"@id\":\"https:\/\/herpatch.com\/pt\/perguntas-mais-frequentes\/#breadcrumb\",\"itemListElement\":[{\"@type\":\"ListItem\",\"position\":1,\"name\":\"Home\",\"item\":\"https:\/\/herpatch.com\/pt\/\"},{\"@type\":\"ListItem\",\"position\":2,\"name\":\"Perguntas mais frequentes\"}]},{\"@type\":\"WebSite\",\"@id\":\"https:\/\/herpatch.com\/pt\/#website\",\"url\":\"https:\/\/herpatch.com\/pt\/\",\"name\":\"Herpatch\",\"description\":\"\",\"publisher\":{\"@id\":\"https:\/\/herpatch.com\/pt\/#organization\"},\"potentialAction\":[{\"@type\":\"SearchAction\",\"target\":{\"@type\":\"EntryPoint\",\"urlTemplate\":\"https:\/\/herpatch.com\/pt\/?s={search_term_string}\"},\"query-input\":{\"@type\":\"PropertyValueSpecification\",\"valueRequired\":true,\"valueName\":\"search_term_string\"}}],\"inLanguage\":\"pt-PT\"},{\"@type\":\"Organization\",\"@id\":\"https:\/\/herpatch.com\/pt\/#organization\",\"name\":\"Herpatch\",\"url\":\"https:\/\/herpatch.com\/pt\/\",\"logo\":{\"@type\":\"ImageObject\",\"inLanguage\":\"pt-PT\",\"@id\":\"https:\/\/herpatch.com\/pt\/#\/schema\/logo\/image\/\",\"url\":\"https:\/\/herpatch.com\/app\/uploads\/sites\/6\/2025\/01\/Herpatch-logo.png\",\"contentUrl\":\"https:\/\/herpatch.com\/app\/uploads\/sites\/6\/2025\/01\/Herpatch-logo.png\",\"width\":109,\"height\":32,\"caption\":\"Herpatch\"},\"image\":{\"@id\":\"https:\/\/herpatch.com\/pt\/#\/schema\/logo\/image\/\"}}]}<\/script>\n<!-- \/ Yoast SEO plugin. -->","yoast_head_json":{"title":"Perguntas mais frequentes - Herpatch","description":"O que \u00e9 o herpes labial? Quais as causas do herpes labial? Fases do surto de herpes labial. Como tratar o herpes labial.","robots":{"index":"index","follow":"follow","max-snippet":"max-snippet:-1","max-image-preview":"max-image-preview:large","max-video-preview":"max-video-preview:-1"},"canonical":"https:\/\/herpatch.com\/pt\/perguntas-mais-frequentes\/","og_locale":"pt_PT","og_type":"article","og_title":"Perguntas mais frequentes - Herpatch","og_description":"O que \u00e9 o herpes labial? Quais as causas do herpes labial? Fases do surto de herpes labial. Como tratar o herpes labial.","og_url":"https:\/\/herpatch.com\/pt\/perguntas-mais-frequentes\/","og_site_name":"Herpatch","article_modified_time":"2025-09-11T12:59:52+00:00","og_image":[{"width":554,"height":493,"url":"https:\/\/herpatch.com\/app\/uploads\/sites\/6\/2025\/09\/stages-of-a-blister-outbreak_pt.jpg","type":"image\/jpeg"}],"twitter_card":"summary_large_image","twitter_misc":{"Tempo estimado de leitura":"6 minutos"},"schema":{"@context":"https:\/\/schema.org","@graph":[{"@type":"WebPage","@id":"https:\/\/herpatch.com\/pt\/perguntas-mais-frequentes\/","url":"https:\/\/herpatch.com\/pt\/perguntas-mais-frequentes\/","name":"Perguntas mais frequentes - Herpatch","isPartOf":{"@id":"https:\/\/herpatch.com\/pt\/#website"},"primaryImageOfPage":{"@id":"https:\/\/herpatch.com\/pt\/perguntas-mais-frequentes\/#primaryimage"},"image":{"@id":"https:\/\/herpatch.com\/pt\/perguntas-mais-frequentes\/#primaryimage"},"thumbnailUrl":"https:\/\/herpatch.com\/app\/uploads\/sites\/6\/2025\/09\/stages-of-a-blister-outbreak_pt.jpg","datePublished":"2025-09-10T06:24:08+00:00","dateModified":"2025-09-11T12:59:52+00:00","description":"O que \u00e9 o herpes labial? Quais as causas do herpes labial? Fases do surto de herpes labial. Como tratar o herpes labial.","breadcrumb":{"@id":"https:\/\/herpatch.com\/pt\/perguntas-mais-frequentes\/#breadcrumb"},"inLanguage":"pt-PT","potentialAction":[{"@type":"ReadAction","target":["https:\/\/herpatch.com\/pt\/perguntas-mais-frequentes\/"]}]},{"@type":"ImageObject","inLanguage":"pt-PT","@id":"https:\/\/herpatch.com\/pt\/perguntas-mais-frequentes\/#primaryimage","url":"https:\/\/herpatch.com\/app\/uploads\/sites\/6\/2025\/09\/stages-of-a-blister-outbreak_pt.jpg","contentUrl":"https:\/\/herpatch.com\/app\/uploads\/sites\/6\/2025\/09\/stages-of-a-blister-outbreak_pt.jpg"},{"@type":"BreadcrumbList","@id":"https:\/\/herpatch.com\/pt\/perguntas-mais-frequentes\/#breadcrumb","itemListElement":[{"@type":"ListItem","position":1,"name":"Home","item":"https:\/\/herpatch.com\/pt\/"},{"@type":"ListItem","position":2,"name":"Perguntas mais frequentes"}]},{"@type":"WebSite","@id":"https:\/\/herpatch.com\/pt\/#website","url":"https:\/\/herpatch.com\/pt\/","name":"Herpatch","description":"","publisher":{"@id":"https:\/\/herpatch.com\/pt\/#organization"},"potentialAction":[{"@type":"SearchAction","target":{"@type":"EntryPoint","urlTemplate":"https:\/\/herpatch.com\/pt\/?s={search_term_string}"},"query-input":{"@type":"PropertyValueSpecification","valueRequired":true,"valueName":"search_term_string"}}],"inLanguage":"pt-PT"},{"@type":"Organization","@id":"https:\/\/herpatch.com\/pt\/#organization","name":"Herpatch","url":"https:\/\/herpatch.com\/pt\/","logo":{"@type":"ImageObject","inLanguage":"pt-PT","@id":"https:\/\/herpatch.com\/pt\/#\/schema\/logo\/image\/","url":"https:\/\/herpatch.com\/app\/uploads\/sites\/6\/2025\/01\/Herpatch-logo.png","contentUrl":"https:\/\/herpatch.com\/app\/uploads\/sites\/6\/2025\/01\/Herpatch-logo.png","width":109,"height":32,"caption":"Herpatch"},"image":{"@id":"https:\/\/herpatch.com\/pt\/#\/schema\/logo\/image\/"}}]}},"_links":{"self":[{"href":"https:\/\/herpatch.com\/pt\/wp-json\/wp\/v2\/pages\/94","targetHints":{"allow":["GET"]}}],"collection":[{"href":"https:\/\/herpatch.com\/pt\/wp-json\/wp\/v2\/pages"}],"about":[{"href":"https:\/\/herpatch.com\/pt\/wp-json\/wp\/v2\/types\/page"}],"author":[{"embeddable":true,"href":"https:\/\/herpatch.com\/pt\/wp-json\/wp\/v2\/users\/2"}],"replies":[{"embeddable":true,"href":"https:\/\/herpatch.com\/pt\/wp-json\/wp\/v2\/comments?post=94"}],"version-history":[{"count":2,"href":"https:\/\/herpatch.com\/pt\/wp-json\/wp\/v2\/pages\/94\/revisions"}],"predecessor-version":[{"id":97,"href":"https:\/\/herpatch.com\/pt\/wp-json\/wp\/v2\/pages\/94\/revisions\/97"}],"wp:attachment":[{"href":"https:\/\/herpatch.com\/pt\/wp-json\/wp\/v2\/media?parent=94"}],"wp:term":[{"taxonomy":"from-article-database","embeddable":true,"href":"https:\/\/herpatch.com\/pt\/wp-json\/wp\/v2\/from-article-database?post=94"}],"curies":[{"name":"wp","href":"https:\/\/api.w.org\/{rel}","templated":true}]}}