{"id":14,"date":"2025-01-03T14:39:42","date_gmt":"2025-01-03T14:39:42","guid":{"rendered":"https:\/\/herpatch.com\/pt\/?page_id=14"},"modified":"2025-09-11T13:59:52","modified_gmt":"2025-09-11T12:59:52","slug":"herpatch","status":"publish","type":"page","link":"https:\/\/herpatch.com\/pt\/","title":{"rendered":"Herpatch"},"content":{"rendered":"\n<div class=\"wp-block-karopharma-product-promotion text-align-left pt-large pb-large bg-center bg-cover bg-no-repeat\" style=\"background-image:url(https:\/\/herpatch.com\/cdn-cgi\/image\/format=auto\/app\/uploads\/sites\/6\/2025\/09\/herpatch-start.jpg)\"><div class=\"container max-w-medium\">\n<div class=\"wp-block-group is-layout-flow wp-block-group-is-layout-flow\">\n<figure class=\"wp-block-karopharma-product-promotion-image product-promotion-image\"><img fetchpriority=\"high\" decoding=\"async\" datatest=\"image\" src=\"https:\/\/herpatch.com\/cdn-cgi\/image\/format=auto\/app\/uploads\/sites\/6\/2025\/09\/serum-nobadge.png\" loading=\"eager\" alt=\"S\u00e9rum para o herpes labial\" width=\"800\" height=\"800\" srcset=\"https:\/\/herpatch.com\/cdn-cgi\/image\/format=auto,width=584\/app\/uploads\/sites\/6\/2025\/09\/serum-nobadge.png 584w, https:\/\/herpatch.com\/cdn-cgi\/image\/format=auto,width=272\/app\/uploads\/sites\/6\/2025\/09\/serum-nobadge.png 272w\" sizes=\"(max-width: 584px) 100vw, 584px\"\/><\/figure>\n<\/div>\n\n\n\n<div class=\"wp-block-group is-layout-flow wp-block-group-is-layout-flow\">\n<h1 class=\"wp-block-heading title is-style-heading-huge\">S\u00e9rum para o herpes labial<\/h1>\n\n\n\n<p class=\"paragraph is-style-paragraph-preamble\">Trata em 24 horas*<\/p>\n\n\n\n<p><sup>*Um ensaio cl\u00ednico demonstrou que 75% dos utilizadores estavam em fase de cicatriza\u00e7\u00e3o da les\u00e3o do herpes labial.<\/sup><\/p>\n\n\n\n<div class=\"wp-block-buttons is-layout-flex wp-block-buttons-is-layout-flex\">\n<div class=\"wp-block-button is-style-secondary-button\"><a class=\"wp-block-button__link wp-element-button\" href=\"https:\/\/herpatch.com\/pt\/produto\/serum-para-o-herpes-labial\/\">Leia mais<\/a><\/div>\n<\/div>\n<\/div>\n<\/div><\/div>\n\n\n\n<div class=\"wp-block-karopharma-free-text pt-large pb-large bg-center bg-cover bg-no-repeat\" style=\"background-image:url()\"><div class=\"free-text-wrapper container max-w-small text-center\">\n<h2 class=\"wp-block-heading\">Herpatch herpes S\u00e9rum para o herpes labial<\/h2>\n\n\n\n<p class=\"is-style-paragraph-preamble\">Uma forma f\u00e1cil e eficaz de tratar o herpes labial e aliviar os sintomas. Um tubo f\u00e1cil de utilizar, para aplica\u00e7\u00e3o do s\u00e9rum diretamente na \u00e1rea afetada.<\/p>\n\n\n\n<div class=\"wp-block-buttons is-layout-flex wp-block-buttons-is-layout-flex\">\n<div class=\"wp-block-button is-style-secondary-button\"><a class=\"wp-block-button__link wp-element-button\" href=\"https:\/\/herpatch.com\/pt\/produto\/serum-para-o-herpes-labial\/\">Leia mais<\/a><\/div>\n<\/div>\n<\/div><\/div>\n","protected":false},"excerpt":{"rendered":"","protected":false},"author":2,"featured_media":0,"parent":0,"menu_order":0,"comment_status":"closed","ping_status":"closed","template":"","meta":{"_acf_changed":false,"footnotes":""},"from-article-database":[],"class_list":["post-14","page","type-page","status-publish","hentry"],"acf":[],"yoast_head":"<!-- This site is optimized with the Yoast SEO plugin v26.6 - https:\/\/yoast.com\/wordpress\/plugins\/seo\/ -->\n<title>Herpatch - Herpatch<\/title>\n<meta name=\"description\" content=\"Uma forma f\u00e1cil e eficaz de tratar o herpes labial e aliviar os sintomas. Um tubo f\u00e1cil de utilizar, para aplica\u00e7\u00e3o do s\u00e9rum diretamente na \u00e1rea afetada.\" \/>\n<meta name=\"robots\" content=\"index, follow, max-snippet:-1, max-image-preview:large, max-video-preview:-1\" \/>\n<link rel=\"canonical\" href=\"https:\/\/herpatch.com\/pt\/\" \/>\n<meta property=\"og:locale\" content=\"pt_PT\" \/>\n<meta property=\"og:type\" content=\"article\" \/>\n<meta property=\"og:title\" content=\"Herpatch - Herpatch\" \/>\n<meta property=\"og:description\" content=\"Uma forma f\u00e1cil e eficaz de tratar o herpes labial e aliviar os sintomas. Um tubo f\u00e1cil de utilizar, para aplica\u00e7\u00e3o do s\u00e9rum diretamente na \u00e1rea afetada.\" \/>\n<meta property=\"og:url\" content=\"https:\/\/herpatch.com\/pt\/\" \/>\n<meta property=\"og:site_name\" content=\"Herpatch\" \/>\n<meta property=\"article:modified_time\" content=\"2025-09-11T12:59:52+00:00\" \/>\n<meta property=\"og:image\" content=\"https:\/\/herpatch.com\/cdn-cgi\/image\/format=auto\/app\/uploads\/sites\/6\/2025\/09\/serum-nobadge.png\" \/>\n<meta name=\"twitter:card\" content=\"summary_large_image\" \/>\n<meta name=\"twitter:label1\" content=\"Tempo estimado de leitura\" \/>\n\t<meta name=\"twitter:data1\" content=\"1 minuto\" \/>\n<script type=\"application\/ld+json\" class=\"yoast-schema-graph\">{\"@context\":\"https:\/\/schema.org\",\"@graph\":[{\"@type\":\"WebPage\",\"@id\":\"https:\/\/herpatch.com\/pt\/\",\"url\":\"https:\/\/herpatch.com\/pt\/\",\"name\":\"Herpatch - Herpatch\",\"isPartOf\":{\"@id\":\"https:\/\/herpatch.com\/pt\/#website\"},\"primaryImageOfPage\":{\"@id\":\"https:\/\/herpatch.com\/pt\/#primaryimage\"},\"image\":{\"@id\":\"https:\/\/herpatch.com\/pt\/#primaryimage\"},\"thumbnailUrl\":\"https:\/\/herpatch.com\/cdn-cgi\/image\/format=auto\/app\/uploads\/sites\/6\/2025\/09\/serum-nobadge.png\",\"datePublished\":\"2025-01-03T14:39:42+00:00\",\"dateModified\":\"2025-09-11T12:59:52+00:00\",\"description\":\"Uma forma f\u00e1cil e eficaz de tratar o herpes labial e aliviar os sintomas. Um tubo f\u00e1cil de utilizar, para aplica\u00e7\u00e3o do s\u00e9rum diretamente na \u00e1rea afetada.\",\"breadcrumb\":{\"@id\":\"https:\/\/herpatch.com\/pt\/#breadcrumb\"},\"inLanguage\":\"pt-PT\",\"potentialAction\":[{\"@type\":\"ReadAction\",\"target\":[\"https:\/\/herpatch.com\/pt\/\"]}]},{\"@type\":\"ImageObject\",\"inLanguage\":\"pt-PT\",\"@id\":\"https:\/\/herpatch.com\/pt\/#primaryimage\",\"url\":\"https:\/\/herpatch.com\/cdn-cgi\/image\/format=auto\/app\/uploads\/sites\/6\/2025\/09\/serum-nobadge.png\",\"contentUrl\":\"https:\/\/herpatch.com\/cdn-cgi\/image\/format=auto\/app\/uploads\/sites\/6\/2025\/09\/serum-nobadge.png\"},{\"@type\":\"BreadcrumbList\",\"@id\":\"https:\/\/herpatch.com\/pt\/#breadcrumb\",\"itemListElement\":[{\"@type\":\"ListItem\",\"position\":1,\"name\":\"Home\",\"item\":\"https:\/\/herpatch.com\/pt\/\"},{\"@type\":\"ListItem\",\"position\":2,\"name\":\"Herpatch\"}]},{\"@type\":\"WebSite\",\"@id\":\"https:\/\/herpatch.com\/pt\/#website\",\"url\":\"https:\/\/herpatch.com\/pt\/\",\"name\":\"Herpatch\",\"description\":\"\",\"publisher\":{\"@id\":\"https:\/\/herpatch.com\/pt\/#organization\"},\"potentialAction\":[{\"@type\":\"SearchAction\",\"target\":{\"@type\":\"EntryPoint\",\"urlTemplate\":\"https:\/\/herpatch.com\/pt\/?s={search_term_string}\"},\"query-input\":{\"@type\":\"PropertyValueSpecification\",\"valueRequired\":true,\"valueName\":\"search_term_string\"}}],\"inLanguage\":\"pt-PT\"},{\"@type\":\"Organization\",\"@id\":\"https:\/\/herpatch.com\/pt\/#organization\",\"name\":\"Herpatch\",\"url\":\"https:\/\/herpatch.com\/pt\/\",\"logo\":{\"@type\":\"ImageObject\",\"inLanguage\":\"pt-PT\",\"@id\":\"https:\/\/herpatch.com\/pt\/#\/schema\/logo\/image\/\",\"url\":\"https:\/\/herpatch.com\/app\/uploads\/sites\/6\/2025\/01\/Herpatch-logo.png\",\"contentUrl\":\"https:\/\/herpatch.com\/app\/uploads\/sites\/6\/2025\/01\/Herpatch-logo.png\",\"width\":109,\"height\":32,\"caption\":\"Herpatch\"},\"image\":{\"@id\":\"https:\/\/herpatch.com\/pt\/#\/schema\/logo\/image\/\"}}]}<\/script>\n<!-- \/ Yoast SEO plugin. -->","yoast_head_json":{"title":"Herpatch - Herpatch","description":"Uma forma f\u00e1cil e eficaz de tratar o herpes labial e aliviar os sintomas. Um tubo f\u00e1cil de utilizar, para aplica\u00e7\u00e3o do s\u00e9rum diretamente na \u00e1rea afetada.","robots":{"index":"index","follow":"follow","max-snippet":"max-snippet:-1","max-image-preview":"max-image-preview:large","max-video-preview":"max-video-preview:-1"},"canonical":"https:\/\/herpatch.com\/pt\/","og_locale":"pt_PT","og_type":"article","og_title":"Herpatch - Herpatch","og_description":"Uma forma f\u00e1cil e eficaz de tratar o herpes labial e aliviar os sintomas. Um tubo f\u00e1cil de utilizar, para aplica\u00e7\u00e3o do s\u00e9rum diretamente na \u00e1rea afetada.","og_url":"https:\/\/herpatch.com\/pt\/","og_site_name":"Herpatch","article_modified_time":"2025-09-11T12:59:52+00:00","og_image":[{"url":"https:\/\/herpatch.com\/cdn-cgi\/image\/format=auto\/app\/uploads\/sites\/6\/2025\/09\/serum-nobadge.png","type":"","width":"","height":""}],"twitter_card":"summary_large_image","twitter_misc":{"Tempo estimado de leitura":"1 minuto"},"schema":{"@context":"https:\/\/schema.org","@graph":[{"@type":"WebPage","@id":"https:\/\/herpatch.com\/pt\/","url":"https:\/\/herpatch.com\/pt\/","name":"Herpatch - Herpatch","isPartOf":{"@id":"https:\/\/herpatch.com\/pt\/#website"},"primaryImageOfPage":{"@id":"https:\/\/herpatch.com\/pt\/#primaryimage"},"image":{"@id":"https:\/\/herpatch.com\/pt\/#primaryimage"},"thumbnailUrl":"https:\/\/herpatch.com\/cdn-cgi\/image\/format=auto\/app\/uploads\/sites\/6\/2025\/09\/serum-nobadge.png","datePublished":"2025-01-03T14:39:42+00:00","dateModified":"2025-09-11T12:59:52+00:00","description":"Uma forma f\u00e1cil e eficaz de tratar o herpes labial e aliviar os sintomas. Um tubo f\u00e1cil de utilizar, para aplica\u00e7\u00e3o do s\u00e9rum diretamente na \u00e1rea afetada.","breadcrumb":{"@id":"https:\/\/herpatch.com\/pt\/#breadcrumb"},"inLanguage":"pt-PT","potentialAction":[{"@type":"ReadAction","target":["https:\/\/herpatch.com\/pt\/"]}]},{"@type":"ImageObject","inLanguage":"pt-PT","@id":"https:\/\/herpatch.com\/pt\/#primaryimage","url":"https:\/\/herpatch.com\/cdn-cgi\/image\/format=auto\/app\/uploads\/sites\/6\/2025\/09\/serum-nobadge.png","contentUrl":"https:\/\/herpatch.com\/cdn-cgi\/image\/format=auto\/app\/uploads\/sites\/6\/2025\/09\/serum-nobadge.png"},{"@type":"BreadcrumbList","@id":"https:\/\/herpatch.com\/pt\/#breadcrumb","itemListElement":[{"@type":"ListItem","position":1,"name":"Home","item":"https:\/\/herpatch.com\/pt\/"},{"@type":"ListItem","position":2,"name":"Herpatch"}]},{"@type":"WebSite","@id":"https:\/\/herpatch.com\/pt\/#website","url":"https:\/\/herpatch.com\/pt\/","name":"Herpatch","description":"","publisher":{"@id":"https:\/\/herpatch.com\/pt\/#organization"},"potentialAction":[{"@type":"SearchAction","target":{"@type":"EntryPoint","urlTemplate":"https:\/\/herpatch.com\/pt\/?s={search_term_string}"},"query-input":{"@type":"PropertyValueSpecification","valueRequired":true,"valueName":"search_term_string"}}],"inLanguage":"pt-PT"},{"@type":"Organization","@id":"https:\/\/herpatch.com\/pt\/#organization","name":"Herpatch","url":"https:\/\/herpatch.com\/pt\/","logo":{"@type":"ImageObject","inLanguage":"pt-PT","@id":"https:\/\/herpatch.com\/pt\/#\/schema\/logo\/image\/","url":"https:\/\/herpatch.com\/app\/uploads\/sites\/6\/2025\/01\/Herpatch-logo.png","contentUrl":"https:\/\/herpatch.com\/app\/uploads\/sites\/6\/2025\/01\/Herpatch-logo.png","width":109,"height":32,"caption":"Herpatch"},"image":{"@id":"https:\/\/herpatch.com\/pt\/#\/schema\/logo\/image\/"}}]}},"_links":{"self":[{"href":"https:\/\/herpatch.com\/pt\/wp-json\/wp\/v2\/pages\/14","targetHints":{"allow":["GET"]}}],"collection":[{"href":"https:\/\/herpatch.com\/pt\/wp-json\/wp\/v2\/pages"}],"about":[{"href":"https:\/\/herpatch.com\/pt\/wp-json\/wp\/v2\/types\/page"}],"author":[{"embeddable":true,"href":"https:\/\/herpatch.com\/pt\/wp-json\/wp\/v2\/users\/2"}],"replies":[{"embeddable":true,"href":"https:\/\/herpatch.com\/pt\/wp-json\/wp\/v2\/comments?post=14"}],"version-history":[{"count":7,"href":"https:\/\/herpatch.com\/pt\/wp-json\/wp\/v2\/pages\/14\/revisions"}],"predecessor-version":[{"id":118,"href":"https:\/\/herpatch.com\/pt\/wp-json\/wp\/v2\/pages\/14\/revisions\/118"}],"wp:attachment":[{"href":"https:\/\/herpatch.com\/pt\/wp-json\/wp\/v2\/media?parent=14"}],"wp:term":[{"taxonomy":"from-article-database","embeddable":true,"href":"https:\/\/herpatch.com\/pt\/wp-json\/wp\/v2\/from-article-database?post=14"}],"curies":[{"name":"wp","href":"https:\/\/api.w.org\/{rel}","templated":true}]}}