{"id":39,"date":"2025-06-25T10:31:43","date_gmt":"2025-06-25T08:31:43","guid":{"rendered":"https:\/\/herpatch.com\/hr\/?post_type=product&#038;p=39"},"modified":"2026-01-23T15:45:38","modified_gmt":"2026-01-23T14:45:38","slug":"serum-za-herpes-na-usnama","status":"publish","type":"product","link":"https:\/\/herpatch.com\/hr\/proizvod\/serum-za-herpes-na-usnama\/","title":{"rendered":"Serum za herpes na usnama"},"content":{"rendered":"\n<div class=\"wp-block-karopharma-accordions is-style-tertiary\"><div class=\"container\">\n<details class=\"wp-block-karopharma-accordion\"><summary><h2 class=\"accordion-title\">Tehnologija<\/h2><\/summary><div class=\"accordion-content\">\n<p>Herpatch Herpes Serum temelji se na ciljanoj tehnologiji teku\u0107e obloge. Nakon nano\u0161enja pretvara se u tanak i proziran, ali jak i \u010dvrst za\u0161titni sloj preko zahva\u0107ene povr\u0161ine na koji na\u010din nastaje idealno mikro-okru\u017eenje. Sastojci \u0107e odmah oblikovati jak za\u0161titni film koji \u0107e prekriti herpes, izazvan virusom Herpes simplex. Dobrobiti upotrebe su: smanjenje vidljivosti rubova rane, smanjenje eritema, obuzdavanje boli i osje\u0107aj ugode u bolesnika.<\/p>\n\n\n\n<p>Osim sastojaka koji oblikuju za\u0161titnu opnu, Herpatch Herpes Serum ima i mnoge druge sastojke:<\/p>\n\n\n\n<ul class=\"wp-block-list is-style-default\">\n<li>Aktivni kisik ubrzava obnovu stanica, pove\u0107ava hidrataciju ko\u017ee i stoga smanjuje vrijeme zacjeljivanja oboljele povr\u0161ine izazvane herpesom;<\/li>\n\n\n\n<li>\u200bBeta-glukan, osim \u0161to oblikuje za\u0161titni sloj, smiruje, \u0161titi i hidratizira ko\u017eu, \u0161to poma\u017ee u zacjeljivanju rane;<\/li>\n\n\n\n<li>\u200bSulfatni polisaharidi, koji potje\u010du iz crvenih mikroalgi, stvaraju aktivan za\u0161titni sloj i na taj na\u010din poma\u017eu u za\u0161titi od izlaganja sun\u010devoj svjetlosti;<\/li>\n\n\n\n<li>\u200bNaposlijetku, cinkov sulfat smanjuje bol i svrbe\u017e, te izaziva stezanje, na koji na\u010din u\u010dvr\u0161\u0107uje, zate\u017ee i oja\u010dava ko\u017eu. Cinkov suflat \u0107e stoga pomo\u0107i u ubrzavanju zacjeljivanja bolnih povr\u0161ina izazvanih herpesom.<\/li>\n<\/ul>\n\n\n\n<div style=\"height:20px\" aria-hidden=\"true\" class=\"wp-block-spacer\"><\/div>\n\n\n\n<h3 class=\"wp-block-heading has-text-align-center is-style-heading-h4 has-primary-color has-text-color has-link-color wp-elements-4dbb8e8c364b0ef6f5b521b9665b36b1\">Method of action<\/h3>\n\n\n\n<div class=\"wp-block-karopharma-several-images-with-text several-images-with-text\"><div class=\"container large col-1 content-align-center\" test-data=\"inner-content\">\n<section class=\"wp-block-karopharma-image-with-text image-with-text image-with-text__full-width\"><div class=\"image-with-text-container \"><div class=\"image-with-text-container-image-container\"><img decoding=\"async\" loading=\"lazy\" src=\"https:\/\/herpatch.com\/cdn-cgi\/image\/format=auto\/app\/uploads\/sites\/8\/2025\/06\/fever-blister-outbreak.gif\" alt=\"fever-blister-outbreak\"\/><\/div><div class=\"image-with-text-container-content\" style=\"text-align:left\" data-test=\"content\"><div class=\"content\"><p class=\"body\" data-test=\"body\">\u200bIzbio vam je herpes<\/p>\n<div class=\"wp-block-buttons is-layout-flex wp-block-buttons-is-layout-flex\"><\/div>\n<\/div><\/div><\/div><\/section>\n\n\n\n<section class=\"wp-block-karopharma-image-with-text image-with-text image-with-text__full-width\"><div class=\"image-with-text-container \"><div class=\"image-with-text-container-image-container\"><img decoding=\"async\" loading=\"lazy\" src=\"https:\/\/herpatch.com\/cdn-cgi\/image\/format=auto\/app\/uploads\/sites\/8\/2025\/06\/herpatch-applied.gif\" alt=\"herpatch-applied\"\/><\/div><div class=\"image-with-text-container-content\" style=\"text-align:left\" data-test=\"content\"><div class=\"content\"><p class=\"body\" data-test=\"body\">\u200bKada nanesete Herpatch Herpes Serum, nastaje za\u0161titni sloj koji vezuje zarazne izlu\u010devine.<\/p>\n<div class=\"wp-block-buttons is-layout-flex wp-block-buttons-is-layout-flex\"><\/div>\n<\/div><\/div><\/div><\/section>\n\n\n\n<section class=\"wp-block-karopharma-image-with-text image-with-text image-with-text__full-width\"><div class=\"image-with-text-container \"><div class=\"image-with-text-container-image-container\"><img decoding=\"async\" loading=\"lazy\" src=\"https:\/\/herpatch.com\/cdn-cgi\/image\/format=auto\/app\/uploads\/sites\/8\/2025\/06\/active-ingredients.gif\" alt=\"active-ingredients\"\/><\/div><div class=\"image-with-text-container-content\" style=\"text-align:left\" data-test=\"content\"><div class=\"content\"><p class=\"body\" data-test=\"body\">Aktivna svojstva djeluju na herpes.<\/p>\n<div class=\"wp-block-buttons is-layout-flex wp-block-buttons-is-layout-flex\"><\/div>\n<\/div><\/div><\/div><\/section>\n\n\n\n<section class=\"wp-block-karopharma-image-with-text image-with-text image-with-text__full-width\"><div class=\"image-with-text-container \"><div class=\"image-with-text-container-image-container\"><img decoding=\"async\" loading=\"lazy\" src=\"https:\/\/herpatch.com\/cdn-cgi\/image\/format=auto\/app\/uploads\/sites\/8\/2025\/06\/fever-blister-vanishing.gif\" alt=\"fever-blister-vanishing\"\/><\/div><div class=\"image-with-text-container-content\" style=\"text-align:left\" data-test=\"content\"><div class=\"content\"><p class=\"body\" data-test=\"body\">Herpes se osu\u0161i.<\/p>\n<div class=\"wp-block-buttons is-layout-flex wp-block-buttons-is-layout-flex\"><\/div>\n<\/div><\/div><\/div><\/section>\n<\/div><\/div>\n<\/div><\/details>\n\n\n\n<details class=\"wp-block-karopharma-accordion\"><summary><h2 class=\"accordion-title\">Uporaba<\/h2><\/summary><div class=\"accordion-content\">\n<ul class=\"wp-block-list is-style-default\">\n<li>Prije uporabe provjerite jesu li vam ruke \u010diste i suhe.<\/li>\n\n\n\n<li>Operite ili isperite o\u0161te\u0107enu povr\u0161inu.<\/li>\n\n\n\n<li>Pa\u017eljivo nanesite malu koli\u010dinu seruma na herpes tako da potpuno prekrijete oboljeli dio i rub ko\u017ee oko njega.<\/li>\n\n\n\n<li>Nakon nekoliko minuta serum \u0107e postati nevidljiv I oblikovat \u0107e za\u0161titni film poput flastera.<\/li>\n\n\n\n<li>Serum mo\u017eete nanositi kad god je potrebno, svaka 3-4 sata, sve dok herpes potpuno ne zacijeli. Ako je potrebno, film mo\u017eete odstraniti toplom vodom.<\/li>\n\n\n\n<li>Herpatch Serum mo\u017eete upotrebljavati u svim fazama izbijanja herpesa. Preporu\u010duje se uporaba u po\u010detku nastanka herpesa.<\/li>\n<\/ul>\n<\/div><\/details>\n\n\n\n<details class=\"wp-block-karopharma-accordion\"><summary><h2 class=\"accordion-title\">Klini\u010dki dokazano<\/h2><\/summary><div class=\"accordion-content\">\n<p><strong>Lije\u010di u 24h*<br><\/strong>Zajedno s njema\u010dkim Sveu\u010dili\u0161tem u Wittenu\/Herdeckeu, istra\u017eili smo kako je klini\u010dar ocijenio vrijeme potrebno za zacjeljivanje herpesa na usnama. Usporedili smo serum Herpatch za herpes na usnama sa standardnom topijskom protuvirusnom terapijskom kremom Acyclovir. Ocjena vremena potrebnog za zacjeljivanje pokazuje da je 75 % ispitanika koji su upotrebljavali serum Herpatch za herpes na usnama u\u0161lo u fazu zacjeljivanja 24 sata nakon nano\u0161enja proizvoda. Osim toga, op\u0107a ocjena klini\u010dara za serum Herpatch za herpes na usnama bila je znatno vi\u0161a od ocjene za kremu Acyclovir. Naposlijetku, i ocjena prihva\u0107enosti seruma Herpatch za herpes na usnama u bolesnika bila je dobar do vrlo dobar.<\/p>\n\n\n\n<figure class=\"wp-block-image size-full\"><img loading=\"lazy\" decoding=\"async\" width=\"554\" height=\"400\" src=\"https:\/\/herpatch.com\/app\/uploads\/sites\/8\/2025\/06\/healing-time_hr.jpg\" alt=\"healing-time_hr\" class=\"wp-image-42\" srcset=\"https:\/\/herpatch.com\/app\/uploads\/sites\/8\/2025\/06\/healing-time_hr.jpg 554w, https:\/\/herpatch.com\/app\/uploads\/sites\/8\/2025\/06\/healing-time_hr-320x231.jpg 320w\" sizes=\"auto, (max-width: 554px) 100vw, 554px\" \/><\/figure>\n\n\n\n<p><sup>* Klini\u010dko ispitivanje s Herpatch Herpes Serum je pokazalo da je 75% pacijenata bilo u fazi iscjeljivanja.<\/sup><\/p>\n<\/div><\/details>\n<\/div><\/div>\n\n\n\n<div class=\"wp-block-karopharma-free-text pt-medium pb-medium bg-center bg-cover bg-no-repeat\" style=\"background-image:url()\"><div class=\"free-text-wrapper container max-w-small text-left\">\n<figure class=\"wp-block-video aligncenter\"><video controls src=\"https:\/\/herpatch.com\/app\/uploads\/sites\/3\/2025\/01\/Herpatch-serum.mp4\"><\/video><\/figure>\n<\/div><\/div>\n\n\n","protected":false},"excerpt":{"rendered":"<p>Lije\u010di herpes u 24 sata*<\/p>\n","protected":false},"featured_media":63,"comment_status":"closed","ping_status":"closed","template":"","meta":{"_acf_changed":false,"footnotes":""},"product_brand":[],"product_cat":[],"product_tag":[],"class_list":{"0":"post-39","1":"product","2":"type-product","3":"status-publish","4":"has-post-thumbnail","7":"first","8":"instock","9":"shipping-taxable","10":"product-type-simple"},"acf":[],"yoast_head":"<!-- This site is optimized with the Yoast SEO plugin v26.6 - https:\/\/yoast.com\/wordpress\/plugins\/seo\/ -->\n<title>Serum za herpes na usnama - Herpatch<\/title>\n<meta name=\"description\" content=\"Zahvaljuju\u0107i inovativnom i u\u010dinkovitom na\u010dinu nano\u0161enja, serum Herpatch Herpes Serum stru\u010dnjak je za lije\u010denje herpesa na usnama.\" \/>\n<meta name=\"robots\" content=\"index, follow, max-snippet:-1, max-image-preview:large, max-video-preview:-1\" \/>\n<link rel=\"canonical\" href=\"https:\/\/herpatch.com\/hr\/proizvod\/serum-za-herpes-na-usnama\/\" \/>\n<meta property=\"og:locale\" content=\"hr_HR\" \/>\n<meta property=\"og:type\" content=\"article\" \/>\n<meta property=\"og:title\" content=\"Serum za herpes na usnama - Herpatch\" \/>\n<meta property=\"og:description\" content=\"Zahvaljuju\u0107i inovativnom i u\u010dinkovitom na\u010dinu nano\u0161enja, serum Herpatch Herpes Serum stru\u010dnjak je za lije\u010denje herpesa na usnama.\" \/>\n<meta property=\"og:url\" content=\"https:\/\/herpatch.com\/hr\/proizvod\/serum-za-herpes-na-usnama\/\" \/>\n<meta property=\"og:site_name\" content=\"Herpatch\" \/>\n<meta property=\"article:modified_time\" content=\"2026-01-23T14:45:38+00:00\" \/>\n<meta property=\"og:image\" content=\"https:\/\/herpatch.com\/app\/uploads\/sites\/8\/2025\/06\/packshot_cold-score-serum_hr.jpg\" \/>\n\t<meta property=\"og:image:width\" content=\"800\" \/>\n\t<meta property=\"og:image:height\" content=\"800\" \/>\n\t<meta property=\"og:image:type\" content=\"image\/jpeg\" \/>\n<meta name=\"twitter:card\" content=\"summary_large_image\" \/>\n<meta name=\"twitter:label1\" content=\"Est. reading time\" \/>\n\t<meta name=\"twitter:data1\" content=\"4 minutes\" \/>\n<script type=\"application\/ld+json\" class=\"yoast-schema-graph\">{\"@context\":\"https:\/\/schema.org\",\"@graph\":[{\"@type\":\"WebPage\",\"@id\":\"https:\/\/herpatch.com\/hr\/proizvod\/serum-za-herpes-na-usnama\/\",\"url\":\"https:\/\/herpatch.com\/hr\/proizvod\/serum-za-herpes-na-usnama\/\",\"name\":\"Serum za herpes na usnama - Herpatch\",\"isPartOf\":{\"@id\":\"https:\/\/herpatch.com\/hr\/#website\"},\"primaryImageOfPage\":{\"@id\":\"https:\/\/herpatch.com\/hr\/proizvod\/serum-za-herpes-na-usnama\/#primaryimage\"},\"image\":{\"@id\":\"https:\/\/herpatch.com\/hr\/proizvod\/serum-za-herpes-na-usnama\/#primaryimage\"},\"thumbnailUrl\":\"https:\/\/herpatch.com\/app\/uploads\/sites\/8\/2025\/06\/packshot_cold-score-serum_hr.jpg\",\"datePublished\":\"2025-06-25T08:31:43+00:00\",\"dateModified\":\"2026-01-23T14:45:38+00:00\",\"description\":\"Zahvaljuju\u0107i inovativnom i u\u010dinkovitom na\u010dinu nano\u0161enja, serum Herpatch Herpes Serum stru\u010dnjak je za lije\u010denje herpesa na usnama.\",\"breadcrumb\":{\"@id\":\"https:\/\/herpatch.com\/hr\/proizvod\/serum-za-herpes-na-usnama\/#breadcrumb\"},\"inLanguage\":\"hr-HR\",\"potentialAction\":[{\"@type\":\"ReadAction\",\"target\":[\"https:\/\/herpatch.com\/hr\/proizvod\/serum-za-herpes-na-usnama\/\"]}]},{\"@type\":\"ImageObject\",\"inLanguage\":\"hr-HR\",\"@id\":\"https:\/\/herpatch.com\/hr\/proizvod\/serum-za-herpes-na-usnama\/#primaryimage\",\"url\":\"https:\/\/herpatch.com\/app\/uploads\/sites\/8\/2025\/06\/packshot_cold-score-serum_hr.jpg\",\"contentUrl\":\"https:\/\/herpatch.com\/app\/uploads\/sites\/8\/2025\/06\/packshot_cold-score-serum_hr.jpg\",\"width\":800,\"height\":800,\"caption\":\"packshot_cold-score-serum_hr\"},{\"@type\":\"BreadcrumbList\",\"@id\":\"https:\/\/herpatch.com\/hr\/proizvod\/serum-za-herpes-na-usnama\/#breadcrumb\",\"itemListElement\":[{\"@type\":\"ListItem\",\"position\":1,\"name\":\"Home\",\"item\":\"https:\/\/herpatch.com\/hr\/\"},{\"@type\":\"ListItem\",\"position\":2,\"name\":\"Proizvodi\",\"item\":\"https:\/\/herpatch.com\/hr\/proizvodi\/\"},{\"@type\":\"ListItem\",\"position\":3,\"name\":\"Serum za herpes na usnama\"}]},{\"@type\":\"WebSite\",\"@id\":\"https:\/\/herpatch.com\/hr\/#website\",\"url\":\"https:\/\/herpatch.com\/hr\/\",\"name\":\"Herpatch\",\"description\":\"\",\"publisher\":{\"@id\":\"https:\/\/herpatch.com\/hr\/#organization\"},\"potentialAction\":[{\"@type\":\"SearchAction\",\"target\":{\"@type\":\"EntryPoint\",\"urlTemplate\":\"https:\/\/herpatch.com\/hr\/?s={search_term_string}\"},\"query-input\":{\"@type\":\"PropertyValueSpecification\",\"valueRequired\":true,\"valueName\":\"search_term_string\"}}],\"inLanguage\":\"hr-HR\"},{\"@type\":\"Organization\",\"@id\":\"https:\/\/herpatch.com\/hr\/#organization\",\"name\":\"Herpatch\",\"url\":\"https:\/\/herpatch.com\/hr\/\",\"logo\":{\"@type\":\"ImageObject\",\"inLanguage\":\"hr-HR\",\"@id\":\"https:\/\/herpatch.com\/hr\/#\/schema\/logo\/image\/\",\"url\":\"https:\/\/herpatch.com\/app\/uploads\/sites\/8\/2025\/06\/Herpatch-logo.png\",\"contentUrl\":\"https:\/\/herpatch.com\/app\/uploads\/sites\/8\/2025\/06\/Herpatch-logo.png\",\"width\":109,\"height\":32,\"caption\":\"Herpatch\"},\"image\":{\"@id\":\"https:\/\/herpatch.com\/hr\/#\/schema\/logo\/image\/\"}}]}<\/script>\n<!-- \/ Yoast SEO plugin. -->","yoast_head_json":{"title":"Serum za herpes na usnama - Herpatch","description":"Zahvaljuju\u0107i inovativnom i u\u010dinkovitom na\u010dinu nano\u0161enja, serum Herpatch Herpes Serum stru\u010dnjak je za lije\u010denje herpesa na usnama.","robots":{"index":"index","follow":"follow","max-snippet":"max-snippet:-1","max-image-preview":"max-image-preview:large","max-video-preview":"max-video-preview:-1"},"canonical":"https:\/\/herpatch.com\/hr\/proizvod\/serum-za-herpes-na-usnama\/","og_locale":"hr_HR","og_type":"article","og_title":"Serum za herpes na usnama - Herpatch","og_description":"Zahvaljuju\u0107i inovativnom i u\u010dinkovitom na\u010dinu nano\u0161enja, serum Herpatch Herpes Serum stru\u010dnjak je za lije\u010denje herpesa na usnama.","og_url":"https:\/\/herpatch.com\/hr\/proizvod\/serum-za-herpes-na-usnama\/","og_site_name":"Herpatch","article_modified_time":"2026-01-23T14:45:38+00:00","og_image":[{"width":800,"height":800,"url":"https:\/\/herpatch.com\/app\/uploads\/sites\/8\/2025\/06\/packshot_cold-score-serum_hr.jpg","type":"image\/jpeg"}],"twitter_card":"summary_large_image","twitter_misc":{"Est. reading time":"4 minutes"},"schema":{"@context":"https:\/\/schema.org","@graph":[{"@type":"WebPage","@id":"https:\/\/herpatch.com\/hr\/proizvod\/serum-za-herpes-na-usnama\/","url":"https:\/\/herpatch.com\/hr\/proizvod\/serum-za-herpes-na-usnama\/","name":"Serum za herpes na usnama - Herpatch","isPartOf":{"@id":"https:\/\/herpatch.com\/hr\/#website"},"primaryImageOfPage":{"@id":"https:\/\/herpatch.com\/hr\/proizvod\/serum-za-herpes-na-usnama\/#primaryimage"},"image":{"@id":"https:\/\/herpatch.com\/hr\/proizvod\/serum-za-herpes-na-usnama\/#primaryimage"},"thumbnailUrl":"https:\/\/herpatch.com\/app\/uploads\/sites\/8\/2025\/06\/packshot_cold-score-serum_hr.jpg","datePublished":"2025-06-25T08:31:43+00:00","dateModified":"2026-01-23T14:45:38+00:00","description":"Zahvaljuju\u0107i inovativnom i u\u010dinkovitom na\u010dinu nano\u0161enja, serum Herpatch Herpes Serum stru\u010dnjak je za lije\u010denje herpesa na usnama.","breadcrumb":{"@id":"https:\/\/herpatch.com\/hr\/proizvod\/serum-za-herpes-na-usnama\/#breadcrumb"},"inLanguage":"hr-HR","potentialAction":[{"@type":"ReadAction","target":["https:\/\/herpatch.com\/hr\/proizvod\/serum-za-herpes-na-usnama\/"]}]},{"@type":"ImageObject","inLanguage":"hr-HR","@id":"https:\/\/herpatch.com\/hr\/proizvod\/serum-za-herpes-na-usnama\/#primaryimage","url":"https:\/\/herpatch.com\/app\/uploads\/sites\/8\/2025\/06\/packshot_cold-score-serum_hr.jpg","contentUrl":"https:\/\/herpatch.com\/app\/uploads\/sites\/8\/2025\/06\/packshot_cold-score-serum_hr.jpg","width":800,"height":800,"caption":"packshot_cold-score-serum_hr"},{"@type":"BreadcrumbList","@id":"https:\/\/herpatch.com\/hr\/proizvod\/serum-za-herpes-na-usnama\/#breadcrumb","itemListElement":[{"@type":"ListItem","position":1,"name":"Home","item":"https:\/\/herpatch.com\/hr\/"},{"@type":"ListItem","position":2,"name":"Proizvodi","item":"https:\/\/herpatch.com\/hr\/proizvodi\/"},{"@type":"ListItem","position":3,"name":"Serum za herpes na usnama"}]},{"@type":"WebSite","@id":"https:\/\/herpatch.com\/hr\/#website","url":"https:\/\/herpatch.com\/hr\/","name":"Herpatch","description":"","publisher":{"@id":"https:\/\/herpatch.com\/hr\/#organization"},"potentialAction":[{"@type":"SearchAction","target":{"@type":"EntryPoint","urlTemplate":"https:\/\/herpatch.com\/hr\/?s={search_term_string}"},"query-input":{"@type":"PropertyValueSpecification","valueRequired":true,"valueName":"search_term_string"}}],"inLanguage":"hr-HR"},{"@type":"Organization","@id":"https:\/\/herpatch.com\/hr\/#organization","name":"Herpatch","url":"https:\/\/herpatch.com\/hr\/","logo":{"@type":"ImageObject","inLanguage":"hr-HR","@id":"https:\/\/herpatch.com\/hr\/#\/schema\/logo\/image\/","url":"https:\/\/herpatch.com\/app\/uploads\/sites\/8\/2025\/06\/Herpatch-logo.png","contentUrl":"https:\/\/herpatch.com\/app\/uploads\/sites\/8\/2025\/06\/Herpatch-logo.png","width":109,"height":32,"caption":"Herpatch"},"image":{"@id":"https:\/\/herpatch.com\/hr\/#\/schema\/logo\/image\/"}}]}},"_links":{"self":[{"href":"https:\/\/herpatch.com\/hr\/wp-json\/wp\/v2\/product\/39","targetHints":{"allow":["GET"]}}],"collection":[{"href":"https:\/\/herpatch.com\/hr\/wp-json\/wp\/v2\/product"}],"about":[{"href":"https:\/\/herpatch.com\/hr\/wp-json\/wp\/v2\/types\/product"}],"replies":[{"embeddable":true,"href":"https:\/\/herpatch.com\/hr\/wp-json\/wp\/v2\/comments?post=39"}],"version-history":[{"count":7,"href":"https:\/\/herpatch.com\/hr\/wp-json\/wp\/v2\/product\/39\/revisions"}],"predecessor-version":[{"id":101,"href":"https:\/\/herpatch.com\/hr\/wp-json\/wp\/v2\/product\/39\/revisions\/101"}],"wp:featuredmedia":[{"embeddable":true,"href":"https:\/\/herpatch.com\/hr\/wp-json\/wp\/v2\/media\/63"}],"wp:attachment":[{"href":"https:\/\/herpatch.com\/hr\/wp-json\/wp\/v2\/media?parent=39"}],"wp:term":[{"taxonomy":"product_brand","embeddable":true,"href":"https:\/\/herpatch.com\/hr\/wp-json\/wp\/v2\/product_brand?post=39"},{"taxonomy":"product_cat","embeddable":true,"href":"https:\/\/herpatch.com\/hr\/wp-json\/wp\/v2\/product_cat?post=39"},{"taxonomy":"product_tag","embeddable":true,"href":"https:\/\/herpatch.com\/hr\/wp-json\/wp\/v2\/product_tag?post=39"}],"curies":[{"name":"wp","href":"https:\/\/api.w.org\/{rel}","templated":true}]}}