{"id":5,"date":"2025-06-25T09:52:09","date_gmt":"2025-06-25T07:52:09","guid":{"rendered":"https:\/\/herpatch.com\/hr\/?page_id=5"},"modified":"2026-01-23T14:00:13","modified_gmt":"2026-01-23T13:00:13","slug":"herpatch","status":"publish","type":"page","link":"https:\/\/herpatch.com\/hr\/","title":{"rendered":"Herpatch"},"content":{"rendered":"\n<div class=\"wp-block-karopharma-product-promotion text-align-left pt-large pb-large bg-center bg-cover bg-no-repeat\" style=\"background-image:url(https:\/\/herpatch.com\/cdn-cgi\/image\/format=auto\/app\/uploads\/sites\/8\/2025\/06\/herpatch-start.jpg)\"><div class=\"container max-w-medium\">\n<div class=\"wp-block-group is-layout-flow wp-block-group-is-layout-flow\">\n<figure class=\"wp-block-karopharma-product-promotion-image product-promotion-image\"><img fetchpriority=\"high\" decoding=\"async\" datatest=\"image\" src=\"https:\/\/herpatch.com\/cdn-cgi\/image\/format=auto\/app\/uploads\/sites\/8\/2025\/06\/packshot_cold-score-serum2_hr.png\" loading=\"eager\" alt=\"packshot_cold-score-serum2_hr\" width=\"300\" height=\"370\" srcset=\"https:\/\/herpatch.com\/cdn-cgi\/image\/format=auto,width=584\/app\/uploads\/sites\/8\/2025\/06\/packshot_cold-score-serum2_hr.png 584w, https:\/\/herpatch.com\/cdn-cgi\/image\/format=auto,width=272\/app\/uploads\/sites\/8\/2025\/06\/packshot_cold-score-serum2_hr.png 272w\" sizes=\"(max-width: 584px) 100vw, 584px\"\/><\/figure>\n<\/div>\n\n\n\n<div class=\"wp-block-group is-layout-flow wp-block-group-is-layout-flow\">\n<h1 class=\"wp-block-heading title is-style-heading-huge\">Serum za herpes na usnama<\/h1>\n\n\n\n<p class=\"paragraph is-style-paragraph-preamble\">Lije\u010di in tretira<\/p>\n\n\n\n<p><sup>* Klini\u010dko ispitivanje s Herpatch Herpes Serum je pokazalo da je 75% pacijenata bilo u fazi iscjeljivanja.<\/sup><\/p>\n\n\n\n<div class=\"wp-block-buttons is-layout-flex wp-block-buttons-is-layout-flex\">\n<div class=\"wp-block-button is-style-secondary-button\"><a class=\"wp-block-button__link wp-element-button\" href=\"https:\/\/herpatch.com\/hr\/proizvod\/serum-za-herpes-na-usnama\/\">Saznajte vi\u0161e<\/a><\/div>\n<\/div>\n<\/div>\n<\/div><\/div>\n\n\n\n<div class=\"wp-block-karopharma-free-text pt-large pb-large bg-center bg-cover bg-no-repeat\" style=\"background-image:url()\"><div class=\"free-text-wrapper container max-w-small text-center\">\n<h2 class=\"wp-block-heading\">Herpatch Herpes Serum<\/h2>\n\n\n\n<p class=\"is-style-paragraph-preamble\">Inovativan je i u\u010dinkovit tretman za herpes na usnama koji brzo i jednostavno smanjuje neprijatne simptome. Zahvaljuju\u0107i tubi za jednostavnu aplikaciju, serum nanosi se direktno na zahva\u0107eno podru\u010dje.<\/p>\n\n\n\n<div class=\"wp-block-buttons is-layout-flex wp-block-buttons-is-layout-flex\">\n<div class=\"wp-block-button is-style-secondary-button\"><a class=\"wp-block-button__link wp-element-button\" href=\"https:\/\/herpatch.com\/hr\/proizvod\/serum-za-herpes-na-usnama\/\">Pro\u010ditajte vi\u0161e o serum<\/a><\/div>\n<\/div>\n<\/div><\/div>\n","protected":false},"excerpt":{"rendered":"","protected":false},"author":2,"featured_media":0,"parent":0,"menu_order":0,"comment_status":"closed","ping_status":"closed","template":"","meta":{"_acf_changed":false,"footnotes":""},"from-article-database":[],"class_list":["post-5","page","type-page","status-publish","hentry"],"acf":[],"yoast_head":"<!-- This site is optimized with the Yoast SEO plugin v26.6 - https:\/\/yoast.com\/wordpress\/plugins\/seo\/ -->\n<title>Herpatch - Herpatch<\/title>\n<meta name=\"description\" content=\"Inovativan je i u\u010dinkovit tretman za herpes na usnama koji brzo i jednostavno smanjuje neprijatne simptome. Zahvaljuju\u0107i tubi za jednostavnu aplikaciju, serum nanosi se direktno na zahva\u0107eno podru\u010dje.\" \/>\n<meta name=\"robots\" content=\"index, follow, max-snippet:-1, max-image-preview:large, max-video-preview:-1\" \/>\n<link rel=\"canonical\" href=\"https:\/\/herpatch.com\/hr\/\" \/>\n<meta property=\"og:locale\" content=\"hr_HR\" \/>\n<meta property=\"og:type\" content=\"article\" \/>\n<meta property=\"og:title\" content=\"Herpatch - Herpatch\" \/>\n<meta property=\"og:description\" content=\"Inovativan je i u\u010dinkovit tretman za herpes na usnama koji brzo i jednostavno smanjuje neprijatne simptome. Zahvaljuju\u0107i tubi za jednostavnu aplikaciju, serum nanosi se direktno na zahva\u0107eno podru\u010dje.\" \/>\n<meta property=\"og:url\" content=\"https:\/\/herpatch.com\/hr\/\" \/>\n<meta property=\"og:site_name\" content=\"Herpatch\" \/>\n<meta property=\"article:modified_time\" content=\"2026-01-23T13:00:13+00:00\" \/>\n<meta property=\"og:image\" content=\"https:\/\/herpatch.com\/cdn-cgi\/image\/format=auto\/app\/uploads\/sites\/8\/2025\/06\/packshot_cold-score-serum2_hr.png\" \/>\n<meta name=\"twitter:card\" content=\"summary_large_image\" \/>\n<meta name=\"twitter:label1\" content=\"Est. reading time\" \/>\n\t<meta name=\"twitter:data1\" content=\"1 minute\" \/>\n<script type=\"application\/ld+json\" class=\"yoast-schema-graph\">{\"@context\":\"https:\/\/schema.org\",\"@graph\":[{\"@type\":\"WebPage\",\"@id\":\"https:\/\/herpatch.com\/hr\/\",\"url\":\"https:\/\/herpatch.com\/hr\/\",\"name\":\"Herpatch - Herpatch\",\"isPartOf\":{\"@id\":\"https:\/\/herpatch.com\/hr\/#website\"},\"primaryImageOfPage\":{\"@id\":\"https:\/\/herpatch.com\/hr\/#primaryimage\"},\"image\":{\"@id\":\"https:\/\/herpatch.com\/hr\/#primaryimage\"},\"thumbnailUrl\":\"https:\/\/herpatch.com\/cdn-cgi\/image\/format=auto\/app\/uploads\/sites\/8\/2025\/06\/packshot_cold-score-serum2_hr.png\",\"datePublished\":\"2025-06-25T07:52:09+00:00\",\"dateModified\":\"2026-01-23T13:00:13+00:00\",\"description\":\"Inovativan je i u\u010dinkovit tretman za herpes na usnama koji brzo i jednostavno smanjuje neprijatne simptome. Zahvaljuju\u0107i tubi za jednostavnu aplikaciju, serum nanosi se direktno na zahva\u0107eno podru\u010dje.\",\"breadcrumb\":{\"@id\":\"https:\/\/herpatch.com\/hr\/#breadcrumb\"},\"inLanguage\":\"hr-HR\",\"potentialAction\":[{\"@type\":\"ReadAction\",\"target\":[\"https:\/\/herpatch.com\/hr\/\"]}]},{\"@type\":\"ImageObject\",\"inLanguage\":\"hr-HR\",\"@id\":\"https:\/\/herpatch.com\/hr\/#primaryimage\",\"url\":\"https:\/\/herpatch.com\/cdn-cgi\/image\/format=auto\/app\/uploads\/sites\/8\/2025\/06\/packshot_cold-score-serum2_hr.png\",\"contentUrl\":\"https:\/\/herpatch.com\/cdn-cgi\/image\/format=auto\/app\/uploads\/sites\/8\/2025\/06\/packshot_cold-score-serum2_hr.png\"},{\"@type\":\"BreadcrumbList\",\"@id\":\"https:\/\/herpatch.com\/hr\/#breadcrumb\",\"itemListElement\":[{\"@type\":\"ListItem\",\"position\":1,\"name\":\"Home\",\"item\":\"https:\/\/herpatch.com\/hr\/\"},{\"@type\":\"ListItem\",\"position\":2,\"name\":\"Herpatch\"}]},{\"@type\":\"WebSite\",\"@id\":\"https:\/\/herpatch.com\/hr\/#website\",\"url\":\"https:\/\/herpatch.com\/hr\/\",\"name\":\"Herpatch\",\"description\":\"\",\"publisher\":{\"@id\":\"https:\/\/herpatch.com\/hr\/#organization\"},\"potentialAction\":[{\"@type\":\"SearchAction\",\"target\":{\"@type\":\"EntryPoint\",\"urlTemplate\":\"https:\/\/herpatch.com\/hr\/?s={search_term_string}\"},\"query-input\":{\"@type\":\"PropertyValueSpecification\",\"valueRequired\":true,\"valueName\":\"search_term_string\"}}],\"inLanguage\":\"hr-HR\"},{\"@type\":\"Organization\",\"@id\":\"https:\/\/herpatch.com\/hr\/#organization\",\"name\":\"Herpatch\",\"url\":\"https:\/\/herpatch.com\/hr\/\",\"logo\":{\"@type\":\"ImageObject\",\"inLanguage\":\"hr-HR\",\"@id\":\"https:\/\/herpatch.com\/hr\/#\/schema\/logo\/image\/\",\"url\":\"https:\/\/herpatch.com\/app\/uploads\/sites\/8\/2025\/06\/Herpatch-logo.png\",\"contentUrl\":\"https:\/\/herpatch.com\/app\/uploads\/sites\/8\/2025\/06\/Herpatch-logo.png\",\"width\":109,\"height\":32,\"caption\":\"Herpatch\"},\"image\":{\"@id\":\"https:\/\/herpatch.com\/hr\/#\/schema\/logo\/image\/\"}}]}<\/script>\n<!-- \/ Yoast SEO plugin. -->","yoast_head_json":{"title":"Herpatch - Herpatch","description":"Inovativan je i u\u010dinkovit tretman za herpes na usnama koji brzo i jednostavno smanjuje neprijatne simptome. Zahvaljuju\u0107i tubi za jednostavnu aplikaciju, serum nanosi se direktno na zahva\u0107eno podru\u010dje.","robots":{"index":"index","follow":"follow","max-snippet":"max-snippet:-1","max-image-preview":"max-image-preview:large","max-video-preview":"max-video-preview:-1"},"canonical":"https:\/\/herpatch.com\/hr\/","og_locale":"hr_HR","og_type":"article","og_title":"Herpatch - Herpatch","og_description":"Inovativan je i u\u010dinkovit tretman za herpes na usnama koji brzo i jednostavno smanjuje neprijatne simptome. Zahvaljuju\u0107i tubi za jednostavnu aplikaciju, serum nanosi se direktno na zahva\u0107eno podru\u010dje.","og_url":"https:\/\/herpatch.com\/hr\/","og_site_name":"Herpatch","article_modified_time":"2026-01-23T13:00:13+00:00","og_image":[{"url":"https:\/\/herpatch.com\/cdn-cgi\/image\/format=auto\/app\/uploads\/sites\/8\/2025\/06\/packshot_cold-score-serum2_hr.png","type":"","width":"","height":""}],"twitter_card":"summary_large_image","twitter_misc":{"Est. reading time":"1 minute"},"schema":{"@context":"https:\/\/schema.org","@graph":[{"@type":"WebPage","@id":"https:\/\/herpatch.com\/hr\/","url":"https:\/\/herpatch.com\/hr\/","name":"Herpatch - Herpatch","isPartOf":{"@id":"https:\/\/herpatch.com\/hr\/#website"},"primaryImageOfPage":{"@id":"https:\/\/herpatch.com\/hr\/#primaryimage"},"image":{"@id":"https:\/\/herpatch.com\/hr\/#primaryimage"},"thumbnailUrl":"https:\/\/herpatch.com\/cdn-cgi\/image\/format=auto\/app\/uploads\/sites\/8\/2025\/06\/packshot_cold-score-serum2_hr.png","datePublished":"2025-06-25T07:52:09+00:00","dateModified":"2026-01-23T13:00:13+00:00","description":"Inovativan je i u\u010dinkovit tretman za herpes na usnama koji brzo i jednostavno smanjuje neprijatne simptome. Zahvaljuju\u0107i tubi za jednostavnu aplikaciju, serum nanosi se direktno na zahva\u0107eno podru\u010dje.","breadcrumb":{"@id":"https:\/\/herpatch.com\/hr\/#breadcrumb"},"inLanguage":"hr-HR","potentialAction":[{"@type":"ReadAction","target":["https:\/\/herpatch.com\/hr\/"]}]},{"@type":"ImageObject","inLanguage":"hr-HR","@id":"https:\/\/herpatch.com\/hr\/#primaryimage","url":"https:\/\/herpatch.com\/cdn-cgi\/image\/format=auto\/app\/uploads\/sites\/8\/2025\/06\/packshot_cold-score-serum2_hr.png","contentUrl":"https:\/\/herpatch.com\/cdn-cgi\/image\/format=auto\/app\/uploads\/sites\/8\/2025\/06\/packshot_cold-score-serum2_hr.png"},{"@type":"BreadcrumbList","@id":"https:\/\/herpatch.com\/hr\/#breadcrumb","itemListElement":[{"@type":"ListItem","position":1,"name":"Home","item":"https:\/\/herpatch.com\/hr\/"},{"@type":"ListItem","position":2,"name":"Herpatch"}]},{"@type":"WebSite","@id":"https:\/\/herpatch.com\/hr\/#website","url":"https:\/\/herpatch.com\/hr\/","name":"Herpatch","description":"","publisher":{"@id":"https:\/\/herpatch.com\/hr\/#organization"},"potentialAction":[{"@type":"SearchAction","target":{"@type":"EntryPoint","urlTemplate":"https:\/\/herpatch.com\/hr\/?s={search_term_string}"},"query-input":{"@type":"PropertyValueSpecification","valueRequired":true,"valueName":"search_term_string"}}],"inLanguage":"hr-HR"},{"@type":"Organization","@id":"https:\/\/herpatch.com\/hr\/#organization","name":"Herpatch","url":"https:\/\/herpatch.com\/hr\/","logo":{"@type":"ImageObject","inLanguage":"hr-HR","@id":"https:\/\/herpatch.com\/hr\/#\/schema\/logo\/image\/","url":"https:\/\/herpatch.com\/app\/uploads\/sites\/8\/2025\/06\/Herpatch-logo.png","contentUrl":"https:\/\/herpatch.com\/app\/uploads\/sites\/8\/2025\/06\/Herpatch-logo.png","width":109,"height":32,"caption":"Herpatch"},"image":{"@id":"https:\/\/herpatch.com\/hr\/#\/schema\/logo\/image\/"}}]}},"_links":{"self":[{"href":"https:\/\/herpatch.com\/hr\/wp-json\/wp\/v2\/pages\/5","targetHints":{"allow":["GET"]}}],"collection":[{"href":"https:\/\/herpatch.com\/hr\/wp-json\/wp\/v2\/pages"}],"about":[{"href":"https:\/\/herpatch.com\/hr\/wp-json\/wp\/v2\/types\/page"}],"author":[{"embeddable":true,"href":"https:\/\/herpatch.com\/hr\/wp-json\/wp\/v2\/users\/2"}],"replies":[{"embeddable":true,"href":"https:\/\/herpatch.com\/hr\/wp-json\/wp\/v2\/comments?post=5"}],"version-history":[{"count":8,"href":"https:\/\/herpatch.com\/hr\/wp-json\/wp\/v2\/pages\/5\/revisions"}],"predecessor-version":[{"id":100,"href":"https:\/\/herpatch.com\/hr\/wp-json\/wp\/v2\/pages\/5\/revisions\/100"}],"wp:attachment":[{"href":"https:\/\/herpatch.com\/hr\/wp-json\/wp\/v2\/media?parent=5"}],"wp:term":[{"taxonomy":"from-article-database","embeddable":true,"href":"https:\/\/herpatch.com\/hr\/wp-json\/wp\/v2\/from-article-database?post=5"}],"curies":[{"name":"wp","href":"https:\/\/api.w.org\/{rel}","templated":true}]}}