{"id":23,"date":"2025-06-25T10:10:26","date_gmt":"2025-06-25T08:10:26","guid":{"rendered":"https:\/\/herpatch.com\/hr\/?page_id=23"},"modified":"2025-07-04T14:10:58","modified_gmt":"2025-07-04T12:10:58","slug":"cesto-postavljana-pitanja","status":"publish","type":"page","link":"https:\/\/herpatch.com\/hr\/cesto-postavljana-pitanja\/","title":{"rendered":"\u010cesto postavljana pitanja"},"content":{"rendered":"\n<div class=\"wp-block-karopharma-free-text pt-large pb-large bg-center bg-cover bg-no-repeat bg-box is-style-transparent\" style=\"background-image:url(https:\/\/herpatch.com\/cdn-cgi\/image\/format=auto\/app\/uploads\/sites\/8\/2025\/06\/faq.jpg)\"><div class=\"free-text-wrapper container max-w-small text-left\">\n<h1 class=\"wp-block-heading has-text-align-center is-style-heading-huge\">\u010cesto postavljana pitanja<\/h1>\n<\/div><\/div>\n\n\n\n<div class=\"wp-block-karopharma-accordions\"><div class=\"container\">\n<details class=\"wp-block-karopharma-accordion\"><summary><h2 class=\"accordion-title\">\u0160to je herpes?<\/h2><\/summary><div class=\"accordion-content\">\n<p>Herpes je posljedica zaraze virusom Herpes simplex (HSV-1), koja izaziva mjehuri\u0107e na usnama ili oko njih. Za herpes je karakteristi\u010dan osje\u0107aj peckanja ili \u017earenja na zara\u017eenoj povr\u0161ini. Nastaje mjehuri\u0107 koji izaziva svrbe\u017e, a vidljive neugodnosti mogu potrajati vi\u0161e od tjedan dana.<\/p>\n\n\n\n<p>Herpes na usnama mo\u017ee biti vrlo zarazan i prije\u0107i na ostale dijelove va\u0161eg tijela ili tijela druge osobe. Virus se mo\u017ee prenijeti u prvoj fazi izbijanja herpesa, pa sve do faze zacjeljivanja. Virus se mo\u017ee prenijeti fizi\u010dkim dodirom, ali i preko zara\u017eenih predmeta, kao \u0161to je primjerice \u010da\u0161a ili \u010detkica za zube.<\/p>\n\n\n\n<p>Op\u0107e istra\u017eivanje pokazuje da je 80 % stanovni\u0161tva nositelj virusa HSV-1, a 20 % stanovni\u0161tva redovito oboli od herpesa. Jednom kada se osoba zarazi ovim virusom, on ostaje u njezinu tijelu do kraja \u017eivota.<\/p>\n<\/div><\/details>\n\n\n\n<details class=\"wp-block-karopharma-accordion\"><summary><h2 class=\"accordion-title\">\u0160to izaziva herpes?<\/h2><\/summary><div class=\"accordion-content\">\n<p>Herpes izaziva prva zaraza virusom Herpes simplex (HSV-1). Glavni \u010dimbenici izbijanja herpesa mogu biti vanjski i unutarnji.<\/p>\n\n\n\n<p><strong>Unutarnji \u010dimbenici<\/strong><\/p>\n\n\n\n<ul class=\"wp-block-list is-style-default\">\n<li>Groznica<\/li>\n\n\n\n<li>\u200bGolest<\/li>\n\n\n\n<li>Menstruacija<\/li>\n\n\n\n<li>Emocionalni stres<\/li>\n\n\n\n<li>\u201dPokvareni\u201d \u017eeludac ili gastrointestinalni poreme\u0107aj<\/li>\n\n\n\n<li>Alergijske reakcije, uklju\u010duju\u0107i reakcije na hranu<\/li>\n\n\n\n<li>Manje upale<\/li>\n\n\n\n<li>Svaka bolest koja pove\u0107ava metabolizam (npr. dijabetes, hipertireoza)<\/li>\n\n\n\n<li>Prisutnost drugog virusa (npr. obi\u010dna prehlada, gripa)<\/li>\n\n\n\n<li>Umor<\/li>\n\n\n\n<li>\u010cimbenici koji naru\u0161avaju imunolo\u0161ki sustav<\/li>\n<\/ul>\n\n\n\n<p><strong>Vanjski \u010dimbenici<\/strong><\/p>\n\n\n\n<ul class=\"wp-block-list is-style-default\">\n<li>Nadra\u017eenost ko\u017ee izazvana vjetrom<\/li>\n\n\n\n<li>Ultraljubi\u010dasto zra\u010denje (sun\u010deva svjetlost, kabine za samotamnjenje)<\/li>\n\n\n\n<li>Prozeblost<\/li>\n\n\n\n<li>Uzbu\u0111enost<\/li>\n\n\n\n<li>Suhe usne<\/li>\n\n\n\n<li>Bilo koja fizi\u010dka ozljeda<\/li>\n\n\n\n<li>Stomatolo\u0161ko lije\u010denje<\/li>\n<\/ul>\n<\/div><\/details>\n\n\n\n<details class=\"wp-block-karopharma-accordion\"><summary><h2 class=\"accordion-title\">Faze izbijanja mjehuri\u0107a od herpesa<\/h2><\/summary><div class=\"accordion-content\">\n<figure class=\"wp-block-image size-full\"><img loading=\"lazy\" decoding=\"async\" width=\"554\" height=\"493\" src=\"https:\/\/herpatch.com\/app\/uploads\/sites\/8\/2025\/06\/stages-of-a-blister-outbreak_hr.jpg\" alt=\"stages-of-a-blister-outbreak_hr\" class=\"wp-image-24\" srcset=\"https:\/\/herpatch.com\/app\/uploads\/sites\/8\/2025\/06\/stages-of-a-blister-outbreak_hr.jpg 554w, https:\/\/herpatch.com\/app\/uploads\/sites\/8\/2025\/06\/stages-of-a-blister-outbreak_hr-320x285.jpg 320w\" sizes=\"auto, (max-width: 554px) 100vw, 554px\" \/><\/figure>\n\n\n\n<p><strong>Prvi dan: Peckanje (prodromi)<br><\/strong>Bolesnik osje\u0107a \u017earenje na usnama ili oko njih, na nosu ili bradi.<\/p>\n\n\n\n<p><strong>Prvi i drugi dan: Nastanak mjehuri\u0107a<\/strong><br>Zara\u017eena povr\u0161ina je crvena i bolna. Nastaju skupine mjehuri\u0107a, koje mogu prerasti u 1 veliki mjehur.<\/p>\n\n\n\n<p><strong>Drugi i tre\u0107i dan: Pucanje mjehuri\u0107a<br><\/strong>Ova je faza najvi\u0161e zarazna i bolna. Mjehuri\u0107i pucaju.<\/p>\n\n\n\n<p><strong>Od tre\u0107eg do osmog dana: Nastanak kraste<br><\/strong>Na maloj rani nastaje krasta. Ako ona prebrzo otpadne, mo\u017ee do\u0107i do krvarenja, koje \u0107e izazvati osje\u0107aj \u017earenja.<\/p>\n\n\n\n<p><strong>Od osmog do desetog dana: Zacjeljivanje<\/strong><br>Rana je zacijelila, a herpes je nestao.<\/p>\n<\/div><\/details>\n\n\n\n<details class=\"wp-block-karopharma-accordion\"><summary><h2 class=\"accordion-title\">Kako postupiti kod izbijanja herpesa na usnama?<\/h2><\/summary><div class=\"accordion-content\">\n<p>Danas postoje brojni proizvodi na tr\u017ei\u0161tu za borbu protiv herpesa. To su kreme, flasteri i tablete. Mnogi bolesnici koji imaju problema s herpesom ne koriste ni\u0161ta, nego prolaze kroz bolni ciklus jer nisu zadovoljni trenuta\u010dnom ponudom proizvoda koje im preporu\u010duju lije\u010dnici, ljekarne ili drogerije. Zato je Karo Healthcare razvio revolucionirani proizvod: Herpatch Herpes Serum, jednostavan i diskretan na\u010din stajanja na kraj neugodnostima izazvanim herpesom.<\/p>\n\n\n\n<p>Zbog 15 prednosti Herpatch Herpes Serum poma\u017ee u brzom i bezbolnom zacjeljivanju herpesa.<\/p>\n\n\n\n<p>Herpatch Herpes Serum poma\u017ee u lije\u010denju herpesa u cijelom ciklusu trajanja herpesa. Ako ga nanesete \u010dim osjetite peckanje na usnama, Herpatch Herpes Serum \u010dak mo\u017ee pomo\u0107i u sprje\u010davanju izbijanja herpesa!<\/p>\n<\/div><\/details>\n\n\n\n<details class=\"wp-block-karopharma-accordion\"><summary><h2 class=\"accordion-title\">Kako se Herpatch Herpes Serum nanosi na herpes?<\/h2><\/summary><div class=\"accordion-content\">\n<ol class=\"wp-block-list is-style-default\">\n<li>Prije uporabe provjerite jesu li vam ruke \u010diste i suhe.<\/li>\n\n\n\n<li>Operite ili isperite o\u0161te\u0107enu povr\u0161inu.<\/li>\n\n\n\n<li>Pa\u017eljivo nanesite malu koli\u010dinu seruma na herpes tako da potpuno prekrijete oboljeli dio i rub ko\u017ee oko njega. Nakon nekoliko minuta serum \u0107e postati nevidljiv i oblikovat \u0107e za\u0161titni film poput flastera. Serum mo\u017eete nanositi kad god je potrebno, svaka 3-4 sata, sve dok herpes potpuno ne zacijeli. Ako je potrebno, film mo\u017eete odstraniti toplom vodom.<\/li>\n\n\n\n<li>Herpatch Serum mo\u017eete upotrebljavati u svim fazama izbijanja herpesa. Preporu\u010duje se uporaba u po\u010detku nastanka herpesa.<\/li>\n<\/ol>\n<\/div><\/details>\n\n\n\n<details class=\"wp-block-karopharma-accordion\"><summary><h2 class=\"accordion-title\">Mogu li Herpatch Herpes Serum upotrijebiti u kombinaciji s acyclovir kremom?<\/h2><\/summary><div class=\"accordion-content\">\n<p>Ne, to nije potrebno jer Herpatch serum za herpes ima aktivna svojstva i djeluje od prve faze peckanja pri izbijanju herpesa.<\/p>\n<\/div><\/details>\n\n\n\n<details class=\"wp-block-karopharma-accordion\"><summary><h2 class=\"accordion-title\">Mogu li upotrijebiti Herpatch Herpes Serum za vrijeme trudno\u0107e ili dojenja?<\/h2><\/summary><div class=\"accordion-content\">\n<p>Za vrijeme trudno\u0107e ili dojenja, obratite se stru\u010dnjaku prije upotrebe.<\/p>\n<\/div><\/details>\n\n\n\n<details class=\"wp-block-karopharma-accordion\"><summary><h2 class=\"accordion-title\">Mogu li Herpatch Herpes Serum upotrebljavati djeca?<\/h2><\/summary><div class=\"accordion-content\">\n<p>Djeca od 4. godine starosti mogu upotrebljavati Herpatch serum za herpes pod nadzorom odrasle osobe. Za djecu mla\u0111u od 4. godine starosti, obratite se svojem lije\u010dniku.<\/p>\n<\/div><\/details>\n\n\n\n<details class=\"wp-block-karopharma-accordion\"><summary><h2 class=\"accordion-title\">Koliko dugo moram upotrebljavati Herpatch Herpes Serum?<\/h2><\/summary><div class=\"accordion-content\">\n<p>Herpatch Herpes Serum mo\u017eete upotrebljavati u svim fazama ciklusa izbijanja herpesa od peckanja do zacjeljivanja. Me\u0111utim, preporu\u010damo da ga nanesete \u010dim osjetite prve znakove izbijanja herpesa. Serum prema potrebi mo\u017eete ponovno nanijeti svaka 3-4 sata sve dok potpuno ne zacijeli.<\/p>\n<\/div><\/details>\n\n\n\n<details class=\"wp-block-karopharma-accordion\"><summary><h2 class=\"accordion-title\">Kako mogu odstraniti Herpatch Herpes Serum?<\/h2><\/summary><div class=\"accordion-content\">\n<p>The film can be removed, if necessary, with warm water.<\/p>\n<\/div><\/details>\n\n\n\n<details class=\"wp-block-karopharma-accordion\"><summary><h2 class=\"accordion-title\">Gdje mogu upotrebljavati Herpatch Herpes Serum?<\/h2><\/summary><div class=\"accordion-content\">\n<p>Herpatch Herpes Serum upotrebljavajte na herpesu ili povr\u0161ini na kojoj osje\u0107ate peckanje pri izbijanju herpesa. To mo\u017ee biti na usnama ili oko usta. Nemojte upotrebljavati unutar usta, na sluznici ili za genitalni herpes.<\/p>\n<\/div><\/details>\n\n\n\n<details class=\"wp-block-karopharma-accordion\"><summary><h2 class=\"accordion-title\">Koja je razlika izme\u0111u Herpatcha i tipi\u010dne acyclovir kreme?<\/h2><\/summary><div class=\"accordion-content\">\n<p>Herpatch Herpes Serum oblikuje za\u0161titnu i prozirnu opnu preko mjehuri\u0107a od herpesa. Ovaj serum koji oblikuje za\u0161titnu opnu, oboga\u0107en aktivnim svojstvima, stvara idealno mikro-okru\u017eenje i poma\u017ee u ubrzavanju procesa zacjeljivanja.<\/p>\n\n\n\n<p>Herpatch Herpes Serum djeluje u svakoj fazi izbijanja herpesa, od faze peckanja do zacjeljivanja, dok acyclovir kreme djeluju samo u prvoj fazi izbijanja herpesa (fazi peckanja).<\/p>\n\n\n\n<p>Mnogobrojne su dobrobiti ovog proizvoda. Herpatch serum za herpes ubrzava zacjeljivanje herpesa, sprje\u010dava peckanje i \u017earenje, uklanja crvenilo i ote\u010denost, sprje\u010dava nastanak kraste i smanjuje mjehuri\u0107e od herpesa.<\/p>\n\n\n\n<p>Iz tih je razloga Herpatch Herpes Serum vrlo u\u010dinkovit.<\/p>\n<\/div><\/details>\n\n\n\n<details class=\"wp-block-karopharma-accordion\"><summary><h2 class=\"accordion-title\">Mogu li nanijeti ru\u017e za usne preko Herpatch Herpes Serum?<\/h2><\/summary><div class=\"accordion-content\">\n<p>Da. Morate samo pri\u010dekati nekoliko minuta dok se krema pretvori u flaster prije nano\u0161enja ru\u017ea za usne preko Herpatch Herpes Serum.<\/p>\n<\/div><\/details>\n<\/div><\/div>\n","protected":false},"excerpt":{"rendered":"","protected":false},"author":2,"featured_media":0,"parent":0,"menu_order":0,"comment_status":"closed","ping_status":"closed","template":"","meta":{"_acf_changed":false,"footnotes":""},"from-article-database":[],"class_list":["post-23","page","type-page","status-publish","hentry"],"acf":[],"yoast_head":"<!-- This site is optimized with the Yoast SEO plugin v26.6 - https:\/\/yoast.com\/wordpress\/plugins\/seo\/ -->\n<title>\u010cesto postavljana pitanja - Herpatch<\/title>\n<meta name=\"description\" content=\"\u0160to je herpes? \u0160to izaziva herpes? Faze izbijanja mjehuri\u0107a od herpesa. Kako postupiti kod izbijanja herpesa na usnama?\" \/>\n<meta name=\"robots\" content=\"index, follow, max-snippet:-1, max-image-preview:large, max-video-preview:-1\" \/>\n<link rel=\"canonical\" href=\"https:\/\/herpatch.com\/hr\/cesto-postavljana-pitanja\/\" \/>\n<meta property=\"og:locale\" content=\"hr_HR\" \/>\n<meta property=\"og:type\" content=\"article\" \/>\n<meta property=\"og:title\" content=\"\u010cesto postavljana pitanja - Herpatch\" \/>\n<meta property=\"og:description\" content=\"\u0160to je herpes? \u0160to izaziva herpes? Faze izbijanja mjehuri\u0107a od herpesa. Kako postupiti kod izbijanja herpesa na usnama?\" \/>\n<meta property=\"og:url\" content=\"https:\/\/herpatch.com\/hr\/cesto-postavljana-pitanja\/\" \/>\n<meta property=\"og:site_name\" content=\"Herpatch\" \/>\n<meta property=\"article:modified_time\" content=\"2025-07-04T12:10:58+00:00\" \/>\n<meta property=\"og:image\" content=\"https:\/\/herpatch.com\/app\/uploads\/sites\/8\/2025\/06\/stages-of-a-blister-outbreak_hr.jpg\" \/>\n\t<meta property=\"og:image:width\" content=\"554\" \/>\n\t<meta property=\"og:image:height\" content=\"493\" \/>\n\t<meta property=\"og:image:type\" content=\"image\/jpeg\" \/>\n<meta name=\"twitter:card\" content=\"summary_large_image\" \/>\n<meta name=\"twitter:label1\" content=\"Est. reading time\" \/>\n\t<meta name=\"twitter:data1\" content=\"5 minutes\" \/>\n<script type=\"application\/ld+json\" class=\"yoast-schema-graph\">{\"@context\":\"https:\/\/schema.org\",\"@graph\":[{\"@type\":\"WebPage\",\"@id\":\"https:\/\/herpatch.com\/hr\/cesto-postavljana-pitanja\/\",\"url\":\"https:\/\/herpatch.com\/hr\/cesto-postavljana-pitanja\/\",\"name\":\"\u010cesto postavljana pitanja - Herpatch\",\"isPartOf\":{\"@id\":\"https:\/\/herpatch.com\/hr\/#website\"},\"primaryImageOfPage\":{\"@id\":\"https:\/\/herpatch.com\/hr\/cesto-postavljana-pitanja\/#primaryimage\"},\"image\":{\"@id\":\"https:\/\/herpatch.com\/hr\/cesto-postavljana-pitanja\/#primaryimage\"},\"thumbnailUrl\":\"https:\/\/herpatch.com\/app\/uploads\/sites\/8\/2025\/06\/stages-of-a-blister-outbreak_hr.jpg\",\"datePublished\":\"2025-06-25T08:10:26+00:00\",\"dateModified\":\"2025-07-04T12:10:58+00:00\",\"description\":\"\u0160to je herpes? \u0160to izaziva herpes? Faze izbijanja mjehuri\u0107a od herpesa. Kako postupiti kod izbijanja herpesa na usnama?\",\"breadcrumb\":{\"@id\":\"https:\/\/herpatch.com\/hr\/cesto-postavljana-pitanja\/#breadcrumb\"},\"inLanguage\":\"hr-HR\",\"potentialAction\":[{\"@type\":\"ReadAction\",\"target\":[\"https:\/\/herpatch.com\/hr\/cesto-postavljana-pitanja\/\"]}]},{\"@type\":\"ImageObject\",\"inLanguage\":\"hr-HR\",\"@id\":\"https:\/\/herpatch.com\/hr\/cesto-postavljana-pitanja\/#primaryimage\",\"url\":\"https:\/\/herpatch.com\/app\/uploads\/sites\/8\/2025\/06\/stages-of-a-blister-outbreak_hr.jpg\",\"contentUrl\":\"https:\/\/herpatch.com\/app\/uploads\/sites\/8\/2025\/06\/stages-of-a-blister-outbreak_hr.jpg\"},{\"@type\":\"BreadcrumbList\",\"@id\":\"https:\/\/herpatch.com\/hr\/cesto-postavljana-pitanja\/#breadcrumb\",\"itemListElement\":[{\"@type\":\"ListItem\",\"position\":1,\"name\":\"Home\",\"item\":\"https:\/\/herpatch.com\/hr\/\"},{\"@type\":\"ListItem\",\"position\":2,\"name\":\"\u010cesto postavljana pitanja\"}]},{\"@type\":\"WebSite\",\"@id\":\"https:\/\/herpatch.com\/hr\/#website\",\"url\":\"https:\/\/herpatch.com\/hr\/\",\"name\":\"Herpatch\",\"description\":\"\",\"publisher\":{\"@id\":\"https:\/\/herpatch.com\/hr\/#organization\"},\"potentialAction\":[{\"@type\":\"SearchAction\",\"target\":{\"@type\":\"EntryPoint\",\"urlTemplate\":\"https:\/\/herpatch.com\/hr\/?s={search_term_string}\"},\"query-input\":{\"@type\":\"PropertyValueSpecification\",\"valueRequired\":true,\"valueName\":\"search_term_string\"}}],\"inLanguage\":\"hr-HR\"},{\"@type\":\"Organization\",\"@id\":\"https:\/\/herpatch.com\/hr\/#organization\",\"name\":\"Herpatch\",\"url\":\"https:\/\/herpatch.com\/hr\/\",\"logo\":{\"@type\":\"ImageObject\",\"inLanguage\":\"hr-HR\",\"@id\":\"https:\/\/herpatch.com\/hr\/#\/schema\/logo\/image\/\",\"url\":\"https:\/\/herpatch.com\/app\/uploads\/sites\/8\/2025\/06\/Herpatch-logo.png\",\"contentUrl\":\"https:\/\/herpatch.com\/app\/uploads\/sites\/8\/2025\/06\/Herpatch-logo.png\",\"width\":109,\"height\":32,\"caption\":\"Herpatch\"},\"image\":{\"@id\":\"https:\/\/herpatch.com\/hr\/#\/schema\/logo\/image\/\"}}]}<\/script>\n<!-- \/ Yoast SEO plugin. -->","yoast_head_json":{"title":"\u010cesto postavljana pitanja - Herpatch","description":"\u0160to je herpes? \u0160to izaziva herpes? Faze izbijanja mjehuri\u0107a od herpesa. Kako postupiti kod izbijanja herpesa na usnama?","robots":{"index":"index","follow":"follow","max-snippet":"max-snippet:-1","max-image-preview":"max-image-preview:large","max-video-preview":"max-video-preview:-1"},"canonical":"https:\/\/herpatch.com\/hr\/cesto-postavljana-pitanja\/","og_locale":"hr_HR","og_type":"article","og_title":"\u010cesto postavljana pitanja - Herpatch","og_description":"\u0160to je herpes? \u0160to izaziva herpes? Faze izbijanja mjehuri\u0107a od herpesa. Kako postupiti kod izbijanja herpesa na usnama?","og_url":"https:\/\/herpatch.com\/hr\/cesto-postavljana-pitanja\/","og_site_name":"Herpatch","article_modified_time":"2025-07-04T12:10:58+00:00","og_image":[{"width":554,"height":493,"url":"https:\/\/herpatch.com\/app\/uploads\/sites\/8\/2025\/06\/stages-of-a-blister-outbreak_hr.jpg","type":"image\/jpeg"}],"twitter_card":"summary_large_image","twitter_misc":{"Est. reading time":"5 minutes"},"schema":{"@context":"https:\/\/schema.org","@graph":[{"@type":"WebPage","@id":"https:\/\/herpatch.com\/hr\/cesto-postavljana-pitanja\/","url":"https:\/\/herpatch.com\/hr\/cesto-postavljana-pitanja\/","name":"\u010cesto postavljana pitanja - Herpatch","isPartOf":{"@id":"https:\/\/herpatch.com\/hr\/#website"},"primaryImageOfPage":{"@id":"https:\/\/herpatch.com\/hr\/cesto-postavljana-pitanja\/#primaryimage"},"image":{"@id":"https:\/\/herpatch.com\/hr\/cesto-postavljana-pitanja\/#primaryimage"},"thumbnailUrl":"https:\/\/herpatch.com\/app\/uploads\/sites\/8\/2025\/06\/stages-of-a-blister-outbreak_hr.jpg","datePublished":"2025-06-25T08:10:26+00:00","dateModified":"2025-07-04T12:10:58+00:00","description":"\u0160to je herpes? \u0160to izaziva herpes? Faze izbijanja mjehuri\u0107a od herpesa. Kako postupiti kod izbijanja herpesa na usnama?","breadcrumb":{"@id":"https:\/\/herpatch.com\/hr\/cesto-postavljana-pitanja\/#breadcrumb"},"inLanguage":"hr-HR","potentialAction":[{"@type":"ReadAction","target":["https:\/\/herpatch.com\/hr\/cesto-postavljana-pitanja\/"]}]},{"@type":"ImageObject","inLanguage":"hr-HR","@id":"https:\/\/herpatch.com\/hr\/cesto-postavljana-pitanja\/#primaryimage","url":"https:\/\/herpatch.com\/app\/uploads\/sites\/8\/2025\/06\/stages-of-a-blister-outbreak_hr.jpg","contentUrl":"https:\/\/herpatch.com\/app\/uploads\/sites\/8\/2025\/06\/stages-of-a-blister-outbreak_hr.jpg"},{"@type":"BreadcrumbList","@id":"https:\/\/herpatch.com\/hr\/cesto-postavljana-pitanja\/#breadcrumb","itemListElement":[{"@type":"ListItem","position":1,"name":"Home","item":"https:\/\/herpatch.com\/hr\/"},{"@type":"ListItem","position":2,"name":"\u010cesto postavljana pitanja"}]},{"@type":"WebSite","@id":"https:\/\/herpatch.com\/hr\/#website","url":"https:\/\/herpatch.com\/hr\/","name":"Herpatch","description":"","publisher":{"@id":"https:\/\/herpatch.com\/hr\/#organization"},"potentialAction":[{"@type":"SearchAction","target":{"@type":"EntryPoint","urlTemplate":"https:\/\/herpatch.com\/hr\/?s={search_term_string}"},"query-input":{"@type":"PropertyValueSpecification","valueRequired":true,"valueName":"search_term_string"}}],"inLanguage":"hr-HR"},{"@type":"Organization","@id":"https:\/\/herpatch.com\/hr\/#organization","name":"Herpatch","url":"https:\/\/herpatch.com\/hr\/","logo":{"@type":"ImageObject","inLanguage":"hr-HR","@id":"https:\/\/herpatch.com\/hr\/#\/schema\/logo\/image\/","url":"https:\/\/herpatch.com\/app\/uploads\/sites\/8\/2025\/06\/Herpatch-logo.png","contentUrl":"https:\/\/herpatch.com\/app\/uploads\/sites\/8\/2025\/06\/Herpatch-logo.png","width":109,"height":32,"caption":"Herpatch"},"image":{"@id":"https:\/\/herpatch.com\/hr\/#\/schema\/logo\/image\/"}}]}},"_links":{"self":[{"href":"https:\/\/herpatch.com\/hr\/wp-json\/wp\/v2\/pages\/23","targetHints":{"allow":["GET"]}}],"collection":[{"href":"https:\/\/herpatch.com\/hr\/wp-json\/wp\/v2\/pages"}],"about":[{"href":"https:\/\/herpatch.com\/hr\/wp-json\/wp\/v2\/types\/page"}],"author":[{"embeddable":true,"href":"https:\/\/herpatch.com\/hr\/wp-json\/wp\/v2\/users\/2"}],"replies":[{"embeddable":true,"href":"https:\/\/herpatch.com\/hr\/wp-json\/wp\/v2\/comments?post=23"}],"version-history":[{"count":4,"href":"https:\/\/herpatch.com\/hr\/wp-json\/wp\/v2\/pages\/23\/revisions"}],"predecessor-version":[{"id":85,"href":"https:\/\/herpatch.com\/hr\/wp-json\/wp\/v2\/pages\/23\/revisions\/85"}],"wp:attachment":[{"href":"https:\/\/herpatch.com\/hr\/wp-json\/wp\/v2\/media?parent=23"}],"wp:term":[{"taxonomy":"from-article-database","embeddable":true,"href":"https:\/\/herpatch.com\/hr\/wp-json\/wp\/v2\/from-article-database?post=23"}],"curies":[{"name":"wp","href":"https:\/\/api.w.org\/{rel}","templated":true}]}}