{"id":167,"date":"2025-09-12T06:44:31","date_gmt":"2025-09-12T06:44:31","guid":{"rendered":"https:\/\/herpatch.com\/ch\/produkt\/herpatch-serum\/"},"modified":"2025-09-15T13:50:32","modified_gmt":"2025-09-15T13:50:32","slug":"herpatch-serum","status":"publish","type":"product","link":"https:\/\/herpatch.com\/ch\/fr\/produkt\/herpatch-serum\/","title":{"rendered":"Herpatch S\u00e9rum"},"content":{"rendered":"\n<div class=\"wp-block-karopharma-accordions is-style-tertiary\"><div class=\"container\">\n<details class=\"wp-block-karopharma-accordion\"><summary><h2 class=\"accordion-title\">Technologie<\/h2><\/summary><div class=\"accordion-content\">\n<p>Herpatch S\u00e9rum contre les boutons de fi\u00e8vre est bas\u00e9 sur la technologie cibl\u00e9e du film liquide. Apr\u00e8s application, Herpatch S\u00e9rum contre les boutons de fi\u00e8vre forme une barri\u00e8re transparente et tr\u00e8s solide sur la zone affect\u00e9e qui permet de cr\u00e9er un micro-environnement id\u00e9al. Les ingr\u00e9dients formeront une barri\u00e8re physique qui couvrera la peau endommag\u00e9e \u00e0 cause du HS virus. Ses b\u00e9n\u00e9fices incluent: visibilit\u00e9 des bords de la plaie, r\u00e9duction de l\u2019\u00e9ryth\u00e8me, de la douleur, et le confort pour le patient.<\/p>\n\n\n\n<p>En dehors des composants formant le film, toute une s\u00e9rie d\u2019autres substances ont \u00e9t\u00e9 int\u00e9gr\u00e9es \u00e0 Herpatch S\u00e9rum contre les boutons de fi\u00e8vre :<\/p>\n\n\n\n<ul class=\"wp-block-list is-style-icon\">\n<li>L\u2019oxyg\u00e8ne actif acc\u00e9l\u00e8re le renouvellement des cellules, am\u00e9liore l\u2019hydratation de la peau et <strong>r\u00e9duit<\/strong> ainsi <strong>le d\u00e9lai de gu\u00e9rison<\/strong> des l\u00e9sions provoqu\u00e9es par le bouton de fi\u00e8vre.<\/li>\n\n\n\n<li>Le b\u00e9ta-glucane, en plus de son agent filmog\u00e8ne, sert \u00e9galement \u00e0 apaiser, prot\u00e9ger et hydrater la peau, contribuant ainsi \u00e0 sa cicatrisation.<\/li>\n\n\n\n<li>Les polysaccharides sulfat\u00e9s, d\u00e9riv\u00e9s de la micro-algue rouge, cr\u00e9ent une barri\u00e8re protectrice active, assurant ainsi <strong>une protection solaire<\/strong>.<\/li>\n\n\n\n<li>Enfin, le sulphate de zinc att\u00e9nue la douleur et les d\u00e9mangeaisons et a une action astringente qui <strong>raffermit, tonifie et renforce la peau<\/strong>. Ainsi, le sulfate de zinc permet \u00e9galement de contribuer \u00e0 <strong>une gu\u00e9rison rapide<\/strong> des l\u00e9sions caus\u00e9es par le bouton de fi\u00e8vre.<\/li>\n<\/ul>\n\n\n\n<div style=\"height:20px\" aria-hidden=\"true\" class=\"wp-block-spacer\"><\/div>\n\n\n\n<h3 class=\"wp-block-heading has-text-align-center is-style-heading-h4 has-primary-color has-text-color has-link-color wp-elements-759ffe72260e1774c6f912d8f9a7a506\">M\u00e9thode d\u2019action<\/h3>\n\n\n\n<div class=\"wp-block-karopharma-several-images-with-text several-images-with-text\"><div class=\"container large col-1 content-align-center\" test-data=\"inner-content\">\n<section class=\"wp-block-karopharma-image-with-text image-with-text image-with-text__full-width\"><div class=\"image-with-text-container \"><div class=\"image-with-text-container-image-container\"><img decoding=\"async\" loading=\"lazy\" src=\"https:\/\/herpatch.com\/cdn-cgi\/image\/format=auto\/app\/uploads\/sites\/13\/2025\/09\/fever-blister-outbreak.gif\" alt=\"fever-blister-outbreak\"\/><\/div><div class=\"image-with-text-container-content\" style=\"text-align:left\" data-test=\"content\"><div class=\"content\"><p class=\"body\" data-test=\"body\">Un bouton de fi\u00e8vre appara\u00eet.<\/p>\n<div class=\"wp-block-buttons is-layout-flex wp-block-buttons-is-layout-flex\"><\/div>\n<\/div><\/div><\/div><\/section>\n\n\n\n<section class=\"wp-block-karopharma-image-with-text image-with-text image-with-text__full-width\"><div class=\"image-with-text-container \"><div class=\"image-with-text-container-image-container\"><img decoding=\"async\" loading=\"lazy\" src=\"https:\/\/herpatch.com\/cdn-cgi\/image\/format=auto\/app\/uploads\/sites\/13\/2025\/09\/herpatch-applied.gif\" alt=\"herpatch-applied\"\/><\/div><div class=\"image-with-text-container-content\" style=\"text-align:left\" data-test=\"content\"><div class=\"content\"><p class=\"body\" data-test=\"body\">Lorsque Herpatch S\u00e9rum contre les boutons de fi\u00e8vre est appliqu\u00e9, cela forme une barri\u00e8re protectrice liant les s\u00e9cr\u00e9tions contagieuses.<\/p>\n<div class=\"wp-block-buttons is-layout-flex wp-block-buttons-is-layout-flex\"><\/div>\n<\/div><\/div><\/div><\/section>\n\n\n\n<section class=\"wp-block-karopharma-image-with-text image-with-text image-with-text__full-width\"><div class=\"image-with-text-container \"><div class=\"image-with-text-container-image-container\"><img decoding=\"async\" loading=\"lazy\" src=\"https:\/\/herpatch.com\/cdn-cgi\/image\/format=auto\/app\/uploads\/sites\/13\/2025\/09\/active-ingredients.gif\" alt=\"active-ingredients\"\/><\/div><div class=\"image-with-text-container-content\" style=\"text-align:left\" data-test=\"content\"><div class=\"content\"><p class=\"body\" data-test=\"body\">Les caract\u00e9ristiques actives agissent sur le bouton de fi\u00e8vre.<\/p>\n<div class=\"wp-block-buttons is-layout-flex wp-block-buttons-is-layout-flex\"><\/div>\n<\/div><\/div><\/div><\/section>\n\n\n\n<section class=\"wp-block-karopharma-image-with-text image-with-text image-with-text__full-width\"><div class=\"image-with-text-container \"><div class=\"image-with-text-container-image-container\"><img decoding=\"async\" loading=\"lazy\" src=\"https:\/\/herpatch.com\/cdn-cgi\/image\/format=auto\/app\/uploads\/sites\/13\/2025\/09\/fever-blister-vanishing.gif\" alt=\"fever-blister-vanishing\"\/><\/div><div class=\"image-with-text-container-content\" style=\"text-align:left\" data-test=\"content\"><div class=\"content\"><p class=\"body\" data-test=\"body\">Finalement, le bouton de fi\u00e8vre se dess\u00e8che.<\/p>\n<div class=\"wp-block-buttons is-layout-flex wp-block-buttons-is-layout-flex\"><\/div>\n<\/div><\/div><\/div><\/section>\n<\/div><\/div>\n<\/div><\/details>\n\n\n\n<details class=\"wp-block-karopharma-accordion\"><summary><h2 class=\"accordion-title\">Comment utiliser ?<\/h2><\/summary><div class=\"accordion-content\">\n<ul class=\"wp-block-list is-style-icon\">\n<li>Avant utilisation, assurez-vous que vos mains sont propres et s\u00e8ches.<\/li>\n\n\n\n<li>Lavez ou rincez la zone affect\u00e9e.<\/li>\n\n\n\n<li>Appliquez d\u00e9licatement le s\u00e9rum de sorte que le bouton de fi\u00e8vre et une petite partie de la peau autour de celui-ci soient enti\u00e8rement recouverts.<\/li>\n\n\n\n<li>Apr\u00e8s quelques minutes, le s\u00e9rum forme un film protecteur et transparent sur le bouton de fi\u00e8vre.<\/li>\n\n\n\n<li>Le s\u00e9rum peut \u00eatre r\u00e9appliqu\u00e9, si n\u00e9cessaire, toutes les 3-4 heures, jusqu\u2019\u00e0 ce que le bouton de fi\u00e8vre ait compl\u00e8tement disparu. Si n\u00e9cessaire, vous pouvez enlever le film avec de l\u2019eau chaude.<\/li>\n\n\n\n<li>Vous pouvez utiliser Herpatch S\u00e9rum contre les boutons de fi\u00e8vre \u00e0 n\u2019importe quel stade de l\u2019\u00e9ruption du bouton de fi\u00e8vre.<\/li>\n<\/ul>\n<\/div><\/details>\n\n\n\n<details class=\"wp-block-karopharma-accordion\"><summary><h2 class=\"accordion-title\">Preuves cliniques<\/h2><\/summary><div class=\"accordion-content\">\n<p><strong>Geneest in 24u*<\/strong><br>En collaboration avec l\u2019universit\u00e9 allemande Witten\/Herdecke, nous nous sommes pench\u00e9s sur l\u2019analyse r\u00e9alis\u00e9e par un clinicien sur le d\u00e9lai de gu\u00e9rison d\u2019un bouton de fi\u00e8vre. Nous avons compar\u00e9 Herpatch S\u00e9rum contre les boutons de fi\u00e8vre avec une cr\u00e8me Acyclovir topique et anti-virale standard. L\u2019analyse du d\u00e9lai de gu\u00e9rison a montr\u00e9 que 75 % des sujets ayant utilis\u00e9 Herpatch S\u00e9rum contre les boutons de fi\u00e8vre \u00e9taient en phase de gu\u00e9rison apr\u00e8s 24 heures de traitement. Par ailleurs, l\u2019analyse globale effectu\u00e9e par le clinicien sur Herpatch S\u00e9rum contre les boutons de fi\u00e8vre a r\u00e9sult\u00e9 d\u2019un score significativement plus \u00e9lev\u00e9 que la cr\u00e8me Acyclovir. Enfin, Herpatch S\u00e9rum contre les boutons de fi\u00e8vre est extr\u00eamement bien tol\u00e9r\u00e9 par les patients.<\/p>\n\n\n\n<figure class=\"wp-block-image size-full\"><img loading=\"lazy\" decoding=\"async\" width=\"554\" height=\"378\" src=\"https:\/\/herpatch.com\/app\/uploads\/sites\/13\/2025\/09\/healing-time_fr.jpg\" alt=\"healing-time_fr\" class=\"wp-image-172\" srcset=\"https:\/\/herpatch.com\/app\/uploads\/sites\/13\/2025\/09\/healing-time_fr.jpg 554w, https:\/\/herpatch.com\/app\/uploads\/sites\/13\/2025\/09\/healing-time_fr-320x218.jpg 320w\" sizes=\"auto, (max-width: 554px) 100vw, 554px\" \/><\/figure>\n\n\n\n<p><sup>* Un essai clinique a montr\u00e9 que 75% des patients \u00e9taient en phase de gu\u00e9rison.<\/sup><\/p>\n<\/div><\/details>\n<\/div><\/div>\n\n\n\n<div class=\"wp-block-karopharma-free-text pt-medium pb-medium bg-center bg-cover bg-no-repeat\" style=\"background-image:url()\"><div class=\"free-text-wrapper container max-w-small text-left\">\n<figure class=\"wp-block-video aligncenter\"><video height=\"700\" style=\"aspect-ratio: 700 \/ 700;\" width=\"700\" controls src=\"https:\/\/herpatch.com\/app\/uploads\/sites\/3\/2025\/01\/Herpatch-serum.mp4\"><\/video><\/figure>\n<\/div><\/div>\n","protected":false},"excerpt":{"rendered":"","protected":false},"featured_media":165,"comment_status":"open","ping_status":"closed","template":"","meta":{"_acf_changed":false,"footnotes":""},"product_brand":[],"product_cat":[15],"product_tag":[],"class_list":{"0":"post-167","1":"product","2":"type-product","3":"status-publish","4":"has-post-thumbnail","6":"product_cat-uncategorized","8":"first","9":"instock","10":"shipping-taxable","11":"product-type-simple"},"acf":[],"yoast_head":"<!-- This site is optimized with the Yoast SEO plugin v26.6 - https:\/\/yoast.com\/wordpress\/plugins\/seo\/ -->\n<title>Herpatch S\u00e9rum - herpatch<\/title>\n<meta name=\"description\" content=\"Le S\u00e9rum Herpatch pour boutons de fi\u00e8vre (5 ml) est sp\u00e9cialement con\u00e7u pour traiter rapidement et efficacement les boutons de fi\u00e8vre.\" \/>\n<meta name=\"robots\" content=\"index, follow, max-snippet:-1, max-image-preview:large, max-video-preview:-1\" \/>\n<link rel=\"canonical\" href=\"https:\/\/herpatch.com\/ch\/fr\/produkt\/herpatch-serum\/\" \/>\n<meta property=\"og:locale\" content=\"fr_FR\" \/>\n<meta property=\"og:type\" content=\"article\" \/>\n<meta property=\"og:title\" content=\"Herpatch S\u00e9rum - herpatch\" \/>\n<meta property=\"og:description\" content=\"Le S\u00e9rum Herpatch pour boutons de fi\u00e8vre (5 ml) est sp\u00e9cialement con\u00e7u pour traiter rapidement et efficacement les boutons de fi\u00e8vre.\" \/>\n<meta property=\"og:url\" content=\"https:\/\/herpatch.com\/ch\/fr\/produkt\/herpatch-serum\/\" \/>\n<meta property=\"og:site_name\" content=\"herpatch\" \/>\n<meta property=\"article:modified_time\" content=\"2025-09-15T13:50:32+00:00\" \/>\n<meta property=\"og:image\" content=\"https:\/\/herpatch.com\/app\/uploads\/sites\/13\/2025\/09\/Herpatch-Serum-5-ml-fr.png\" \/>\n\t<meta property=\"og:image:width\" content=\"700\" \/>\n\t<meta property=\"og:image:height\" content=\"700\" \/>\n\t<meta property=\"og:image:type\" content=\"image\/png\" \/>\n<meta name=\"twitter:card\" content=\"summary_large_image\" \/>\n<meta name=\"twitter:label1\" content=\"Dur\u00e9e de lecture estim\u00e9e\" \/>\n\t<meta name=\"twitter:data1\" content=\"4 minutes\" \/>\n<script type=\"application\/ld+json\" class=\"yoast-schema-graph\">{\"@context\":\"https:\/\/schema.org\",\"@graph\":[{\"@type\":\"WebPage\",\"@id\":\"https:\/\/herpatch.com\/ch\/fr\/produkt\/herpatch-serum\/\",\"url\":\"https:\/\/herpatch.com\/ch\/fr\/produkt\/herpatch-serum\/\",\"name\":\"Herpatch S\u00e9rum - herpatch\",\"isPartOf\":{\"@id\":\"https:\/\/herpatch.com\/ch\/fr\/#website\"},\"primaryImageOfPage\":{\"@id\":\"https:\/\/herpatch.com\/ch\/fr\/produkt\/herpatch-serum\/#primaryimage\"},\"image\":{\"@id\":\"https:\/\/herpatch.com\/ch\/fr\/produkt\/herpatch-serum\/#primaryimage\"},\"thumbnailUrl\":\"https:\/\/herpatch.com\/app\/uploads\/sites\/13\/2025\/09\/Herpatch-Serum-5-ml-fr.png\",\"datePublished\":\"2025-09-12T06:44:31+00:00\",\"dateModified\":\"2025-09-15T13:50:32+00:00\",\"description\":\"Le S\u00e9rum Herpatch pour boutons de fi\u00e8vre (5 ml) est sp\u00e9cialement con\u00e7u pour traiter rapidement et efficacement les boutons de fi\u00e8vre.\",\"breadcrumb\":{\"@id\":\"https:\/\/herpatch.com\/ch\/fr\/produkt\/herpatch-serum\/#breadcrumb\"},\"inLanguage\":\"fr-FR\",\"potentialAction\":[{\"@type\":\"ReadAction\",\"target\":[\"https:\/\/herpatch.com\/ch\/fr\/produkt\/herpatch-serum\/\"]}]},{\"@type\":\"ImageObject\",\"inLanguage\":\"fr-FR\",\"@id\":\"https:\/\/herpatch.com\/ch\/fr\/produkt\/herpatch-serum\/#primaryimage\",\"url\":\"https:\/\/herpatch.com\/app\/uploads\/sites\/13\/2025\/09\/Herpatch-Serum-5-ml-fr.png\",\"contentUrl\":\"https:\/\/herpatch.com\/app\/uploads\/sites\/13\/2025\/09\/Herpatch-Serum-5-ml-fr.png\",\"width\":700,\"height\":700,\"caption\":\"Herpatch-Serum\"},{\"@type\":\"BreadcrumbList\",\"@id\":\"https:\/\/herpatch.com\/ch\/fr\/produkt\/herpatch-serum\/#breadcrumb\",\"itemListElement\":[{\"@type\":\"ListItem\",\"position\":1,\"name\":\"Home\",\"item\":\"https:\/\/herpatch.com\/ch\/fr\/\"},{\"@type\":\"ListItem\",\"position\":2,\"name\":\"Produits\",\"item\":\"https:\/\/herpatch.com\/ch\/de\/produkte\/\"},{\"@type\":\"ListItem\",\"position\":3,\"name\":\"Herpatch S\u00e9rum\"}]},{\"@type\":\"WebSite\",\"@id\":\"https:\/\/herpatch.com\/ch\/fr\/#website\",\"url\":\"https:\/\/herpatch.com\/ch\/fr\/\",\"name\":\"herpatch\",\"description\":\"\",\"publisher\":{\"@id\":\"https:\/\/herpatch.com\/ch\/fr\/#organization\"},\"potentialAction\":[{\"@type\":\"SearchAction\",\"target\":{\"@type\":\"EntryPoint\",\"urlTemplate\":\"https:\/\/herpatch.com\/ch\/fr\/?s={search_term_string}\"},\"query-input\":{\"@type\":\"PropertyValueSpecification\",\"valueRequired\":true,\"valueName\":\"search_term_string\"}}],\"inLanguage\":\"fr-FR\"},{\"@type\":\"Organization\",\"@id\":\"https:\/\/herpatch.com\/ch\/fr\/#organization\",\"name\":\"herpatch\",\"url\":\"https:\/\/herpatch.com\/ch\/fr\/\",\"logo\":{\"@type\":\"ImageObject\",\"inLanguage\":\"fr-FR\",\"@id\":\"https:\/\/herpatch.com\/ch\/fr\/#\/schema\/logo\/image\/\",\"url\":\"https:\/\/herpatch.com\/app\/uploads\/sites\/13\/2025\/09\/Herpatch-logo.png\",\"contentUrl\":\"https:\/\/herpatch.com\/app\/uploads\/sites\/13\/2025\/09\/Herpatch-logo.png\",\"width\":109,\"height\":32,\"caption\":\"herpatch\"},\"image\":{\"@id\":\"https:\/\/herpatch.com\/ch\/fr\/#\/schema\/logo\/image\/\"}}]}<\/script>\n<!-- \/ Yoast SEO plugin. -->","yoast_head_json":{"title":"Herpatch S\u00e9rum - herpatch","description":"Le S\u00e9rum Herpatch pour boutons de fi\u00e8vre (5 ml) est sp\u00e9cialement con\u00e7u pour traiter rapidement et efficacement les boutons de fi\u00e8vre.","robots":{"index":"index","follow":"follow","max-snippet":"max-snippet:-1","max-image-preview":"max-image-preview:large","max-video-preview":"max-video-preview:-1"},"canonical":"https:\/\/herpatch.com\/ch\/fr\/produkt\/herpatch-serum\/","og_locale":"fr_FR","og_type":"article","og_title":"Herpatch S\u00e9rum - herpatch","og_description":"Le S\u00e9rum Herpatch pour boutons de fi\u00e8vre (5 ml) est sp\u00e9cialement con\u00e7u pour traiter rapidement et efficacement les boutons de fi\u00e8vre.","og_url":"https:\/\/herpatch.com\/ch\/fr\/produkt\/herpatch-serum\/","og_site_name":"herpatch","article_modified_time":"2025-09-15T13:50:32+00:00","og_image":[{"width":700,"height":700,"url":"https:\/\/herpatch.com\/app\/uploads\/sites\/13\/2025\/09\/Herpatch-Serum-5-ml-fr.png","type":"image\/png"}],"twitter_card":"summary_large_image","twitter_misc":{"Dur\u00e9e de lecture estim\u00e9e":"4 minutes"},"schema":{"@context":"https:\/\/schema.org","@graph":[{"@type":"WebPage","@id":"https:\/\/herpatch.com\/ch\/fr\/produkt\/herpatch-serum\/","url":"https:\/\/herpatch.com\/ch\/fr\/produkt\/herpatch-serum\/","name":"Herpatch S\u00e9rum - herpatch","isPartOf":{"@id":"https:\/\/herpatch.com\/ch\/fr\/#website"},"primaryImageOfPage":{"@id":"https:\/\/herpatch.com\/ch\/fr\/produkt\/herpatch-serum\/#primaryimage"},"image":{"@id":"https:\/\/herpatch.com\/ch\/fr\/produkt\/herpatch-serum\/#primaryimage"},"thumbnailUrl":"https:\/\/herpatch.com\/app\/uploads\/sites\/13\/2025\/09\/Herpatch-Serum-5-ml-fr.png","datePublished":"2025-09-12T06:44:31+00:00","dateModified":"2025-09-15T13:50:32+00:00","description":"Le S\u00e9rum Herpatch pour boutons de fi\u00e8vre (5 ml) est sp\u00e9cialement con\u00e7u pour traiter rapidement et efficacement les boutons de fi\u00e8vre.","breadcrumb":{"@id":"https:\/\/herpatch.com\/ch\/fr\/produkt\/herpatch-serum\/#breadcrumb"},"inLanguage":"fr-FR","potentialAction":[{"@type":"ReadAction","target":["https:\/\/herpatch.com\/ch\/fr\/produkt\/herpatch-serum\/"]}]},{"@type":"ImageObject","inLanguage":"fr-FR","@id":"https:\/\/herpatch.com\/ch\/fr\/produkt\/herpatch-serum\/#primaryimage","url":"https:\/\/herpatch.com\/app\/uploads\/sites\/13\/2025\/09\/Herpatch-Serum-5-ml-fr.png","contentUrl":"https:\/\/herpatch.com\/app\/uploads\/sites\/13\/2025\/09\/Herpatch-Serum-5-ml-fr.png","width":700,"height":700,"caption":"Herpatch-Serum"},{"@type":"BreadcrumbList","@id":"https:\/\/herpatch.com\/ch\/fr\/produkt\/herpatch-serum\/#breadcrumb","itemListElement":[{"@type":"ListItem","position":1,"name":"Home","item":"https:\/\/herpatch.com\/ch\/fr\/"},{"@type":"ListItem","position":2,"name":"Produits","item":"https:\/\/herpatch.com\/ch\/de\/produkte\/"},{"@type":"ListItem","position":3,"name":"Herpatch S\u00e9rum"}]},{"@type":"WebSite","@id":"https:\/\/herpatch.com\/ch\/fr\/#website","url":"https:\/\/herpatch.com\/ch\/fr\/","name":"herpatch","description":"","publisher":{"@id":"https:\/\/herpatch.com\/ch\/fr\/#organization"},"potentialAction":[{"@type":"SearchAction","target":{"@type":"EntryPoint","urlTemplate":"https:\/\/herpatch.com\/ch\/fr\/?s={search_term_string}"},"query-input":{"@type":"PropertyValueSpecification","valueRequired":true,"valueName":"search_term_string"}}],"inLanguage":"fr-FR"},{"@type":"Organization","@id":"https:\/\/herpatch.com\/ch\/fr\/#organization","name":"herpatch","url":"https:\/\/herpatch.com\/ch\/fr\/","logo":{"@type":"ImageObject","inLanguage":"fr-FR","@id":"https:\/\/herpatch.com\/ch\/fr\/#\/schema\/logo\/image\/","url":"https:\/\/herpatch.com\/app\/uploads\/sites\/13\/2025\/09\/Herpatch-logo.png","contentUrl":"https:\/\/herpatch.com\/app\/uploads\/sites\/13\/2025\/09\/Herpatch-logo.png","width":109,"height":32,"caption":"herpatch"},"image":{"@id":"https:\/\/herpatch.com\/ch\/fr\/#\/schema\/logo\/image\/"}}]}},"_links":{"self":[{"href":"https:\/\/herpatch.com\/ch\/fr\/wp-json\/wp\/v2\/product\/167","targetHints":{"allow":["GET"]}}],"collection":[{"href":"https:\/\/herpatch.com\/ch\/fr\/wp-json\/wp\/v2\/product"}],"about":[{"href":"https:\/\/herpatch.com\/ch\/fr\/wp-json\/wp\/v2\/types\/product"}],"replies":[{"embeddable":true,"href":"https:\/\/herpatch.com\/ch\/fr\/wp-json\/wp\/v2\/comments?post=167"}],"version-history":[{"count":6,"href":"https:\/\/herpatch.com\/ch\/fr\/wp-json\/wp\/v2\/product\/167\/revisions"}],"predecessor-version":[{"id":179,"href":"https:\/\/herpatch.com\/ch\/fr\/wp-json\/wp\/v2\/product\/167\/revisions\/179"}],"wp:featuredmedia":[{"embeddable":true,"href":"https:\/\/herpatch.com\/ch\/fr\/wp-json\/wp\/v2\/media\/165"}],"wp:attachment":[{"href":"https:\/\/herpatch.com\/ch\/fr\/wp-json\/wp\/v2\/media?parent=167"}],"wp:term":[{"taxonomy":"product_brand","embeddable":true,"href":"https:\/\/herpatch.com\/ch\/fr\/wp-json\/wp\/v2\/product_brand?post=167"},{"taxonomy":"product_cat","embeddable":true,"href":"https:\/\/herpatch.com\/ch\/fr\/wp-json\/wp\/v2\/product_cat?post=167"},{"taxonomy":"product_tag","embeddable":true,"href":"https:\/\/herpatch.com\/ch\/fr\/wp-json\/wp\/v2\/product_tag?post=167"}],"curies":[{"name":"wp","href":"https:\/\/api.w.org\/{rel}","templated":true}]}}