{"id":154,"date":"2025-09-12T06:28:01","date_gmt":"2025-09-12T06:28:01","guid":{"rendered":"https:\/\/herpatch.com\/ch\/?page_id=154"},"modified":"2025-09-15T13:50:32","modified_gmt":"2025-09-15T13:50:32","slug":"temoignages","status":"publish","type":"page","link":"https:\/\/herpatch.com\/ch\/fr\/temoignages\/","title":{"rendered":"T\u00e9moignages"},"content":{"rendered":"\n<div class=\"wp-block-karopharma-free-text pt-large pb-large bg-center bg-cover bg-no-repeat bg-box is-style-primary\" style=\"background-image:url(https:\/\/herpatch.com\/cdn-cgi\/image\/format=auto\/app\/uploads\/sites\/13\/2025\/09\/testimonials.jpg)\"><div class=\"free-text-wrapper container max-w-small text-center\">\n<h1 class=\"wp-block-heading has-text-align-center is-style-heading-huge\">T\u00e9moignages<\/h1>\n\n\n\n<p>D\u00e9couvrez ce que nos clients disent de leur exp\u00e9rience&nbsp;! Des t\u00e9moignages authentiques, des retours authentiques et des informations sur notre contribution.<\/p>\n<\/div><\/div>\n\n\n\n<div class=\"wp-block-karopharma-free-text pt-large pb-large bg-center bg-cover bg-no-repeat\" style=\"background-image:url()\"><div class=\"free-text-wrapper container max-w-medium text-left\">\n<p class=\"is-style-paragraph-preamble has-primary-color has-text-color has-link-color wp-elements-7ed35ad7e99374a060b7cf47f46a5a5a\">I have suffered from cold sores ever since I can remember for 37 years and have tried and tested various projects self remedies homoeopathic remedies, creams patches etc. I have to commend you on your herpatch serum as it is the only thing I&rsquo;ve ever found that does not eliminate my cold sores but absolutely certainly reduces the amount of time and the damage that they cause to my mouth and lips- thank you very much please don&rsquo;t stop making it or I&rsquo;m done for!<\/p>\n\n\n\n<p><em>Nichola \u2013 UK<\/em><\/p>\n\n\n\n<hr>\n\n\n\n<p class=\"is-style-paragraph-preamble has-primary-color has-text-color has-link-color wp-elements-a704d2c7f955f4200239d73dba706b3c\">Having suffered with cold sores since a child I just wanted to say thank you for this incredible treatment I have tried countless other products and this is by far the best I&rsquo;ve ever come across. I now keep it permanently in the house and one in the car in case I feel one coming. Again thank you.<\/p>\n\n\n\n<p><em>Michael \u2013 United Kingdom<\/em><\/p>\n\n\n\n<hr>\n\n\n\n<p class=\"is-style-paragraph-preamble has-primary-color has-text-color has-link-color wp-elements-19d9773d712808b4183e9ce7cb977e21\">Whenever I feel the first symptoms of itching on my lips I take a Herpatch. It\u2019s like a miracle. It helps. I always have a couple of Herpatch ready in my handbag. Can\u2019t live without them.<\/p>\n\n\n\n<p><em>Marianne &#8211; Sweden<\/em><\/p>\n\n\n\n<hr>\n\n\n\n<p class=\"is-style-paragraph-preamble has-primary-color has-text-color has-link-color wp-elements-a0d3f669471a93e2a87f093c25ae8150\">I have tried many products, but Herpatch is the best of them. The protective layer removes cold sores quickly and effectively. I can recommend it to everyone, try it.<\/p>\n\n\n\n<p><em>Szilvia &#8211; Hungary<\/em><\/p>\n\n\n\n<hr>\n\n\n\n<p class=\"is-style-paragraph-preamble has-primary-color has-text-color has-link-color wp-elements-73c2b984adc313a4145b6f249f2d1356\">I\u2019ve already tried several products for the treatment of cold sores, and only Herpatch charm me. It works very effectively and is, moreover, easy to apply and transparent.<\/p>\n\n\n\n<p><em>Ilse, Belgium (pharmacist)<\/em><\/p>\n\n\n\n<hr>\n\n\n\n<p class=\"is-style-paragraph-preamble has-primary-color has-text-color has-link-color wp-elements-d6b35a4f57f01b3686bb20a7423a69f9\">I am often plagued by cold sores. I now use Herpatch serum once cold sore coming and it both relieves and prevents development. It is also to help to cover the wound such that it is not so visible.<\/p>\n\n\n\n<p><em>Martin \u2013 Norway<\/em><\/p>\n\n\n\n<hr>\n\n\n\n<p class=\"is-style-paragraph-preamble has-primary-color has-text-color has-link-color wp-elements-aa6e76d0def6972fcef220861380edca\">I have a tube of Herpatch Serum that I have been using for a while (and I\u2019m very sad that it is coming to an end). I now realize that it\u2019s no longer available in South Africa after having tried numerous pharmacies. It is the best solution for cold sores &#8211; nothing works as well as this serum! A white serum that goes on easily &#8211; becomes clear and helps to heal cold sores in no time.<\/p>\n\n\n\n<p><em>Irene, South Africa<\/em><\/p>\n<\/div><\/div>\n","protected":false},"excerpt":{"rendered":"","protected":false},"author":2,"featured_media":0,"parent":0,"menu_order":0,"comment_status":"closed","ping_status":"closed","template":"","meta":{"_acf_changed":false,"footnotes":""},"from-article-database":[],"class_list":["post-154","page","type-page","status-publish","hentry"],"acf":[],"yoast_head":"<!-- This site is optimized with the Yoast SEO plugin v26.6 - https:\/\/yoast.com\/wordpress\/plugins\/seo\/ -->\n<title>T\u00e9moignages - herpatch<\/title>\n<meta name=\"description\" content=\"D\u00e9couvrez ce que nos clients disent de leur exp\u00e9rience\u00a0! Des t\u00e9moignages authentiques, des retours authentiques et des informations sur notre contribution.\" \/>\n<meta name=\"robots\" content=\"index, follow, max-snippet:-1, max-image-preview:large, max-video-preview:-1\" \/>\n<link rel=\"canonical\" href=\"https:\/\/herpatch.com\/ch\/fr\/temoignages\/\" \/>\n<meta property=\"og:locale\" content=\"fr_FR\" \/>\n<meta property=\"og:type\" content=\"article\" \/>\n<meta property=\"og:title\" content=\"T\u00e9moignages - herpatch\" \/>\n<meta property=\"og:description\" content=\"D\u00e9couvrez ce que nos clients disent de leur exp\u00e9rience\u00a0! Des t\u00e9moignages authentiques, des retours authentiques et des informations sur notre contribution.\" \/>\n<meta property=\"og:url\" content=\"https:\/\/herpatch.com\/ch\/fr\/temoignages\/\" \/>\n<meta property=\"og:site_name\" content=\"herpatch\" \/>\n<meta property=\"article:modified_time\" content=\"2025-09-15T13:50:32+00:00\" \/>\n<meta name=\"twitter:card\" content=\"summary_large_image\" \/>\n<meta name=\"twitter:label1\" content=\"Dur\u00e9e de lecture estim\u00e9e\" \/>\n\t<meta name=\"twitter:data1\" content=\"2 minutes\" \/>\n<script type=\"application\/ld+json\" class=\"yoast-schema-graph\">{\"@context\":\"https:\/\/schema.org\",\"@graph\":[{\"@type\":\"WebPage\",\"@id\":\"https:\/\/herpatch.com\/ch\/fr\/temoignages\/\",\"url\":\"https:\/\/herpatch.com\/ch\/fr\/temoignages\/\",\"name\":\"T\u00e9moignages - herpatch\",\"isPartOf\":{\"@id\":\"https:\/\/herpatch.com\/ch\/fr\/#website\"},\"datePublished\":\"2025-09-12T06:28:01+00:00\",\"dateModified\":\"2025-09-15T13:50:32+00:00\",\"description\":\"D\u00e9couvrez ce que nos clients disent de leur exp\u00e9rience\u00a0! Des t\u00e9moignages authentiques, des retours authentiques et des informations sur notre contribution.\",\"breadcrumb\":{\"@id\":\"https:\/\/herpatch.com\/ch\/fr\/temoignages\/#breadcrumb\"},\"inLanguage\":\"fr-FR\",\"potentialAction\":[{\"@type\":\"ReadAction\",\"target\":[\"https:\/\/herpatch.com\/ch\/fr\/temoignages\/\"]}]},{\"@type\":\"BreadcrumbList\",\"@id\":\"https:\/\/herpatch.com\/ch\/fr\/temoignages\/#breadcrumb\",\"itemListElement\":[{\"@type\":\"ListItem\",\"position\":1,\"name\":\"Home\",\"item\":\"https:\/\/herpatch.com\/ch\/fr\/\"},{\"@type\":\"ListItem\",\"position\":2,\"name\":\"T\u00e9moignages\"}]},{\"@type\":\"WebSite\",\"@id\":\"https:\/\/herpatch.com\/ch\/fr\/#website\",\"url\":\"https:\/\/herpatch.com\/ch\/fr\/\",\"name\":\"herpatch\",\"description\":\"\",\"publisher\":{\"@id\":\"https:\/\/herpatch.com\/ch\/fr\/#organization\"},\"potentialAction\":[{\"@type\":\"SearchAction\",\"target\":{\"@type\":\"EntryPoint\",\"urlTemplate\":\"https:\/\/herpatch.com\/ch\/fr\/?s={search_term_string}\"},\"query-input\":{\"@type\":\"PropertyValueSpecification\",\"valueRequired\":true,\"valueName\":\"search_term_string\"}}],\"inLanguage\":\"fr-FR\"},{\"@type\":\"Organization\",\"@id\":\"https:\/\/herpatch.com\/ch\/fr\/#organization\",\"name\":\"herpatch\",\"url\":\"https:\/\/herpatch.com\/ch\/fr\/\",\"logo\":{\"@type\":\"ImageObject\",\"inLanguage\":\"fr-FR\",\"@id\":\"https:\/\/herpatch.com\/ch\/fr\/#\/schema\/logo\/image\/\",\"url\":\"https:\/\/herpatch.com\/app\/uploads\/sites\/13\/2025\/09\/Herpatch-logo.png\",\"contentUrl\":\"https:\/\/herpatch.com\/app\/uploads\/sites\/13\/2025\/09\/Herpatch-logo.png\",\"width\":109,\"height\":32,\"caption\":\"herpatch\"},\"image\":{\"@id\":\"https:\/\/herpatch.com\/ch\/fr\/#\/schema\/logo\/image\/\"}}]}<\/script>\n<!-- \/ Yoast SEO plugin. -->","yoast_head_json":{"title":"T\u00e9moignages - herpatch","description":"D\u00e9couvrez ce que nos clients disent de leur exp\u00e9rience\u00a0! Des t\u00e9moignages authentiques, des retours authentiques et des informations sur notre contribution.","robots":{"index":"index","follow":"follow","max-snippet":"max-snippet:-1","max-image-preview":"max-image-preview:large","max-video-preview":"max-video-preview:-1"},"canonical":"https:\/\/herpatch.com\/ch\/fr\/temoignages\/","og_locale":"fr_FR","og_type":"article","og_title":"T\u00e9moignages - herpatch","og_description":"D\u00e9couvrez ce que nos clients disent de leur exp\u00e9rience\u00a0! Des t\u00e9moignages authentiques, des retours authentiques et des informations sur notre contribution.","og_url":"https:\/\/herpatch.com\/ch\/fr\/temoignages\/","og_site_name":"herpatch","article_modified_time":"2025-09-15T13:50:32+00:00","twitter_card":"summary_large_image","twitter_misc":{"Dur\u00e9e de lecture estim\u00e9e":"2 minutes"},"schema":{"@context":"https:\/\/schema.org","@graph":[{"@type":"WebPage","@id":"https:\/\/herpatch.com\/ch\/fr\/temoignages\/","url":"https:\/\/herpatch.com\/ch\/fr\/temoignages\/","name":"T\u00e9moignages - herpatch","isPartOf":{"@id":"https:\/\/herpatch.com\/ch\/fr\/#website"},"datePublished":"2025-09-12T06:28:01+00:00","dateModified":"2025-09-15T13:50:32+00:00","description":"D\u00e9couvrez ce que nos clients disent de leur exp\u00e9rience\u00a0! Des t\u00e9moignages authentiques, des retours authentiques et des informations sur notre contribution.","breadcrumb":{"@id":"https:\/\/herpatch.com\/ch\/fr\/temoignages\/#breadcrumb"},"inLanguage":"fr-FR","potentialAction":[{"@type":"ReadAction","target":["https:\/\/herpatch.com\/ch\/fr\/temoignages\/"]}]},{"@type":"BreadcrumbList","@id":"https:\/\/herpatch.com\/ch\/fr\/temoignages\/#breadcrumb","itemListElement":[{"@type":"ListItem","position":1,"name":"Home","item":"https:\/\/herpatch.com\/ch\/fr\/"},{"@type":"ListItem","position":2,"name":"T\u00e9moignages"}]},{"@type":"WebSite","@id":"https:\/\/herpatch.com\/ch\/fr\/#website","url":"https:\/\/herpatch.com\/ch\/fr\/","name":"herpatch","description":"","publisher":{"@id":"https:\/\/herpatch.com\/ch\/fr\/#organization"},"potentialAction":[{"@type":"SearchAction","target":{"@type":"EntryPoint","urlTemplate":"https:\/\/herpatch.com\/ch\/fr\/?s={search_term_string}"},"query-input":{"@type":"PropertyValueSpecification","valueRequired":true,"valueName":"search_term_string"}}],"inLanguage":"fr-FR"},{"@type":"Organization","@id":"https:\/\/herpatch.com\/ch\/fr\/#organization","name":"herpatch","url":"https:\/\/herpatch.com\/ch\/fr\/","logo":{"@type":"ImageObject","inLanguage":"fr-FR","@id":"https:\/\/herpatch.com\/ch\/fr\/#\/schema\/logo\/image\/","url":"https:\/\/herpatch.com\/app\/uploads\/sites\/13\/2025\/09\/Herpatch-logo.png","contentUrl":"https:\/\/herpatch.com\/app\/uploads\/sites\/13\/2025\/09\/Herpatch-logo.png","width":109,"height":32,"caption":"herpatch"},"image":{"@id":"https:\/\/herpatch.com\/ch\/fr\/#\/schema\/logo\/image\/"}}]}},"_links":{"self":[{"href":"https:\/\/herpatch.com\/ch\/fr\/wp-json\/wp\/v2\/pages\/154","targetHints":{"allow":["GET"]}}],"collection":[{"href":"https:\/\/herpatch.com\/ch\/fr\/wp-json\/wp\/v2\/pages"}],"about":[{"href":"https:\/\/herpatch.com\/ch\/fr\/wp-json\/wp\/v2\/types\/page"}],"author":[{"embeddable":true,"href":"https:\/\/herpatch.com\/ch\/fr\/wp-json\/wp\/v2\/users\/2"}],"replies":[{"embeddable":true,"href":"https:\/\/herpatch.com\/ch\/fr\/wp-json\/wp\/v2\/comments?post=154"}],"version-history":[{"count":2,"href":"https:\/\/herpatch.com\/ch\/fr\/wp-json\/wp\/v2\/pages\/154\/revisions"}],"predecessor-version":[{"id":158,"href":"https:\/\/herpatch.com\/ch\/fr\/wp-json\/wp\/v2\/pages\/154\/revisions\/158"}],"wp:attachment":[{"href":"https:\/\/herpatch.com\/ch\/fr\/wp-json\/wp\/v2\/media?parent=154"}],"wp:term":[{"taxonomy":"from-article-database","embeddable":true,"href":"https:\/\/herpatch.com\/ch\/fr\/wp-json\/wp\/v2\/from-article-database?post=154"}],"curies":[{"name":"wp","href":"https:\/\/api.w.org\/{rel}","templated":true}]}}