{"id":121,"date":"2025-09-12T06:44:31","date_gmt":"2025-09-12T06:44:31","guid":{"rendered":"https:\/\/herpatch.com\/ch\/?post_type=product&#038;p=121"},"modified":"2025-09-15T13:50:32","modified_gmt":"2025-09-15T13:50:32","slug":"herpatch-serum","status":"publish","type":"product","link":"https:\/\/herpatch.com\/ch\/de\/produkt\/herpatch-serum\/","title":{"rendered":"Herpatch Serum"},"content":{"rendered":"\n<div class=\"wp-block-karopharma-accordions is-style-tertiary\"><div class=\"container\">\n<details class=\"wp-block-karopharma-accordion\"><summary><h2 class=\"accordion-title\">Technologie<\/h2><\/summary><div class=\"accordion-content\">\n<p>Herpatch Serum ist ein punktgenau anwendbares Fl\u00fcssigpflaster. Es ist einfach wie eine Creme aufzutragen, nach kurzer Zeit bildet sich ein d\u00fcnner und dennoch starker transparenter Schutzfilm \u00fcber dem betroffenen Wundareal. Dadurch wird eine optimale Umgebung f\u00fcr die Heilung geschaffen. Die durch den Virus hervorgerufene Wunde wird abgedeckt, es bildet sich sofort eine starke Schutzbarriere. In Kombination mit den aktiven Inhaltsstoffen wird so der Heilungsprozess beschleunigt.<\/p>\n\n\n\n<p>Besides the film-forming ingredients a number of other substances have been incorporated in Herpatch Cold Sore Serum:<\/p>\n\n\n\n<ul class=\"wp-block-list is-style-default\">\n<li>Active oxygen will accelerate cell renewal, will increase the moisture in the skin and therefore&nbsp;<strong>decrease the healing time<\/strong>&nbsp;of cold sore lesions;<\/li>\n\n\n\n<li>Beta-glucan, aside its property as film-forming agent, is also known to soothe, protect and hydrate the skin, which helps to&nbsp;<strong>improve wound healing<\/strong>;<\/li>\n\n\n\n<li>Sulfated polysaccharides, which are derived from red microalgae, will create an active protective barrier and as such, will help to&nbsp;<strong>protect against sunlight exposure<\/strong>;<\/li>\n\n\n\n<li>Finally, zinc sulphate&nbsp;<strong>reduces pain and itching<\/strong>&nbsp;and has an astringent action, which firms, tones and strengthens the skin. Zinc sulfate will therefore also help to&nbsp;<strong>accelerate healing<\/strong>&nbsp;of cold sore lesions.<\/li>\n<\/ul>\n\n\n\n<div style=\"height:20px\" aria-hidden=\"true\" class=\"wp-block-spacer\"><\/div>\n\n\n\n<h3 class=\"wp-block-heading has-text-align-center is-style-heading-h4 has-primary-color has-text-color has-link-color wp-elements-2e25504ed3a2c107a9c6a8752c5abb09\">Wirkweise<\/h3>\n\n\n\n<div class=\"wp-block-karopharma-several-images-with-text several-images-with-text\"><div class=\"container large col-1 content-align-center\" test-data=\"inner-content\">\n<section class=\"wp-block-karopharma-image-with-text image-with-text image-with-text__full-width\"><div class=\"image-with-text-container \"><div class=\"image-with-text-container-image-container\"><img decoding=\"async\" loading=\"lazy\" src=\"https:\/\/herpatch.com\/cdn-cgi\/image\/format=auto\/app\/uploads\/sites\/13\/2025\/09\/fever-blister-outbreak.gif\" alt=\"fever-blister-outbreak\"\/><\/div><div class=\"image-with-text-container-content\" style=\"text-align:left\" data-test=\"content\"><div class=\"content\"><p class=\"body\" data-test=\"body\">Eine Fieberblase entsteht.<\/p>\n<div class=\"wp-block-buttons is-layout-flex wp-block-buttons-is-layout-flex\"><\/div>\n<\/div><\/div><\/div><\/section>\n\n\n\n<section class=\"wp-block-karopharma-image-with-text image-with-text image-with-text__full-width\"><div class=\"image-with-text-container \"><div class=\"image-with-text-container-image-container\"><img decoding=\"async\" loading=\"lazy\" src=\"https:\/\/herpatch.com\/cdn-cgi\/image\/format=auto\/app\/uploads\/sites\/13\/2025\/09\/herpatch-applied.gif\" alt=\"herpatch-applied\"\/><\/div><div class=\"image-with-text-container-content\" style=\"text-align:left\" data-test=\"content\"><div class=\"content\"><p class=\"body\" data-test=\"body\">Bei Anwendung von Herpatch Serum bildet sich ein Schutzfilm, der die ansteckende Wundfl\u00fcssigkeit bindet.<\/p>\n<div class=\"wp-block-buttons is-layout-flex wp-block-buttons-is-layout-flex\"><\/div>\n<\/div><\/div><\/div><\/section>\n\n\n\n<section class=\"wp-block-karopharma-image-with-text image-with-text image-with-text__full-width\"><div class=\"image-with-text-container \"><div class=\"image-with-text-container-image-container\"><img decoding=\"async\" loading=\"lazy\" src=\"https:\/\/herpatch.com\/cdn-cgi\/image\/format=auto\/app\/uploads\/sites\/13\/2025\/09\/active-ingredients.gif\" alt=\"active-ingredients\"\/><\/div><div class=\"image-with-text-container-content\" style=\"text-align:left\" data-test=\"content\"><div class=\"content\"><p class=\"body\" data-test=\"body\">Die aktiven Inhaltsstoffe wirken auf die Fieberblase.<\/p>\n<div class=\"wp-block-buttons is-layout-flex wp-block-buttons-is-layout-flex\"><\/div>\n<\/div><\/div><\/div><\/section>\n\n\n\n<section class=\"wp-block-karopharma-image-with-text image-with-text image-with-text__full-width\"><div class=\"image-with-text-container \"><div class=\"image-with-text-container-image-container\"><img decoding=\"async\" loading=\"lazy\" src=\"https:\/\/herpatch.com\/cdn-cgi\/image\/format=auto\/app\/uploads\/sites\/13\/2025\/09\/fever-blister-vanishing.gif\" alt=\"fever-blister-vanishing\"\/><\/div><div class=\"image-with-text-container-content\" style=\"text-align:left\" data-test=\"content\"><div class=\"content\"><p class=\"body\" data-test=\"body\">Schlie\u00dflich trocknet die Fieberblase aus.<\/p>\n<div class=\"wp-block-buttons is-layout-flex wp-block-buttons-is-layout-flex\"><\/div>\n<\/div><\/div><\/div><\/section>\n<\/div><\/div>\n<\/div><\/details>\n\n\n\n<details class=\"wp-block-karopharma-accordion\"><summary><h2 class=\"accordion-title\">Wie wird Herpatch Serum richtig angewendet?<\/h2><\/summary><div class=\"accordion-content\">\n<ul class=\"wp-block-list is-style-default\">\n<li>Vergewissern Sie sich, dass Ihre H\u00e4nde sauber und trocken sind.<\/li>\n\n\n\n<li>Die betroffene Hautstelle vor der Anwendung reinigen oder mit Wasser absp\u00fclen.<\/li>\n\n\n\n<li>Verteilen Sie vorsichtig eine kleine Menge des filmbildenden Serums auf der Fieberblase, so dass diese ausreichend bedeckt ist. Ein kleines St\u00fcck gesunde Haut rund um das betroffene Areal sollte mit abgedeckt werden.<\/li>\n\n\n\n<li>Nach wenigen Minuten bildet das wei\u00dfe Serum einen transparenten Schutzfilm \u00fcber der Fieberblase.<\/li>\n\n\n\n<li>Falls notwendig, kann das Serum alle 3-4 Stunden bis zur kompletten Abheilung der Fieberblase erneut aufgetragen werden. Der Schutzfilm kann &#8211; falls n\u00f6tig &#8211; mit warmem Wasser abgesp\u00fclt werden.<\/li>\n\n\n\n<li>Sie k\u00f6nnen Herpatch Serum in jeder Phase einer Fieberblase anwenden. Es ist jedoch ratsam, das Serum bereits bei den ersten Anzeichen einzusetzen.<\/li>\n<\/ul>\n<\/div><\/details>\n\n\n\n<details class=\"wp-block-karopharma-accordion\"><summary><h2 class=\"accordion-title\">Klinischer Beweis<\/h2><\/summary><div class=\"accordion-content\">\n<p><strong>Heilt innerhalb von 24 Stunden*<br><\/strong>Together with the German university of Witten\/Herdecke we\u2019ve studied the assessment of the healing time of a cold sore by a clinician. We\u2019ve compared the Herpatch Serum with a standard antiviral topical therapy Acyclovir cream. The assessment of the healing time shows that 75% of the subjects which used Herpatch Cold Sore Serum were in the healing stages after 24 hours of treatment. Besides that, the clinician\u2019s global assessment of Herpatch Cold Sore Serum results into a significantly higher score than Acyclovir cream. Finally Herpatch Cold Sore Serum yields also a good to very good patient acceptability.<\/p>\n\n\n\n<figure class=\"wp-block-image size-full\"><img decoding=\"async\" src=\"https:\/\/herpatch.com\/app\/uploads\/sites\/3\/2025\/01\/healing-time_en2.jpg\" alt=\"healing-time_en2\" class=\"wp-image-133\"\/><\/figure>\n\n\n\n<p><sup>* Eine klinische Studie zeigte, dass sich 75% der teilnemenden Patienten im Stadium der Heilung befanden.<\/sup><\/p>\n<\/div><\/details>\n<\/div><\/div>\n\n\n\n<div class=\"wp-block-karopharma-free-text pt-medium pb-medium bg-center bg-cover bg-no-repeat\" style=\"background-image:url()\"><div class=\"free-text-wrapper container max-w-small text-left\">\n<figure class=\"wp-block-video aligncenter\"><video height=\"700\" style=\"aspect-ratio: 700 \/ 700;\" width=\"700\" controls src=\"https:\/\/herpatch.com\/app\/uploads\/sites\/3\/2025\/01\/Herpatch-serum.mp4\"><\/video><\/figure>\n<\/div><\/div>\n","protected":false},"excerpt":{"rendered":"","protected":false},"featured_media":164,"comment_status":"open","ping_status":"closed","template":"","meta":{"_acf_changed":false,"footnotes":""},"product_brand":[],"product_cat":[],"product_tag":[],"class_list":{"0":"post-121","1":"product","2":"type-product","3":"status-publish","4":"has-post-thumbnail","7":"first","8":"instock","9":"shipping-taxable","10":"product-type-simple"},"acf":[],"yoast_head":"<!-- This site is optimized with the Yoast SEO plugin v26.6 - https:\/\/yoast.com\/wordpress\/plugins\/seo\/ -->\n<title>Herpatch Serum - herpatch<\/title>\n<meta name=\"description\" content=\"Herpatch Serum ist die innovative und effektive Methode eine Fieberblase einfach und schnell zu behandeln.\" \/>\n<meta name=\"robots\" content=\"index, follow, max-snippet:-1, max-image-preview:large, max-video-preview:-1\" \/>\n<link rel=\"canonical\" href=\"https:\/\/herpatch.com\/ch\/de\/produkt\/herpatch-serum\/\" \/>\n<meta property=\"og:locale\" content=\"de_DE\" \/>\n<meta property=\"og:type\" content=\"article\" \/>\n<meta property=\"og:title\" content=\"Herpatch Serum - herpatch\" \/>\n<meta property=\"og:description\" content=\"Herpatch Serum ist die innovative und effektive Methode eine Fieberblase einfach und schnell zu behandeln.\" \/>\n<meta property=\"og:url\" content=\"https:\/\/herpatch.com\/ch\/de\/produkt\/herpatch-serum\/\" \/>\n<meta property=\"og:site_name\" content=\"herpatch\" \/>\n<meta property=\"article:modified_time\" content=\"2025-09-15T13:50:32+00:00\" \/>\n<meta property=\"og:image\" content=\"https:\/\/herpatch.com\/app\/uploads\/sites\/13\/2025\/09\/Herpatch-Serum-5-ml-badge.png\" \/>\n\t<meta property=\"og:image:width\" content=\"700\" \/>\n\t<meta property=\"og:image:height\" content=\"700\" \/>\n\t<meta property=\"og:image:type\" content=\"image\/png\" \/>\n<meta name=\"twitter:card\" content=\"summary_large_image\" \/>\n<meta name=\"twitter:label1\" content=\"Gesch\u00e4tzte Lesezeit\" \/>\n\t<meta name=\"twitter:data1\" content=\"4\u00a0Minuten\" \/>\n<script type=\"application\/ld+json\" class=\"yoast-schema-graph\">{\"@context\":\"https:\/\/schema.org\",\"@graph\":[{\"@type\":\"WebPage\",\"@id\":\"https:\/\/herpatch.com\/ch\/de\/produkt\/herpatch-serum\/\",\"url\":\"https:\/\/herpatch.com\/ch\/de\/produkt\/herpatch-serum\/\",\"name\":\"Herpatch Serum - herpatch\",\"isPartOf\":{\"@id\":\"https:\/\/herpatch.com\/ch\/de\/#website\"},\"primaryImageOfPage\":{\"@id\":\"https:\/\/herpatch.com\/ch\/de\/produkt\/herpatch-serum\/#primaryimage\"},\"image\":{\"@id\":\"https:\/\/herpatch.com\/ch\/de\/produkt\/herpatch-serum\/#primaryimage\"},\"thumbnailUrl\":\"https:\/\/herpatch.com\/app\/uploads\/sites\/13\/2025\/09\/Herpatch-Serum-5-ml-badge.png\",\"datePublished\":\"2025-09-12T06:44:31+00:00\",\"dateModified\":\"2025-09-15T13:50:32+00:00\",\"description\":\"Herpatch Serum ist die innovative und effektive Methode eine Fieberblase einfach und schnell zu behandeln.\",\"breadcrumb\":{\"@id\":\"https:\/\/herpatch.com\/ch\/de\/produkt\/herpatch-serum\/#breadcrumb\"},\"inLanguage\":\"de\",\"potentialAction\":[{\"@type\":\"ReadAction\",\"target\":[\"https:\/\/herpatch.com\/ch\/de\/produkt\/herpatch-serum\/\"]}]},{\"@type\":\"ImageObject\",\"inLanguage\":\"de\",\"@id\":\"https:\/\/herpatch.com\/ch\/de\/produkt\/herpatch-serum\/#primaryimage\",\"url\":\"https:\/\/herpatch.com\/app\/uploads\/sites\/13\/2025\/09\/Herpatch-Serum-5-ml-badge.png\",\"contentUrl\":\"https:\/\/herpatch.com\/app\/uploads\/sites\/13\/2025\/09\/Herpatch-Serum-5-ml-badge.png\",\"width\":700,\"height\":700,\"caption\":\"Herpatch-Serum\"},{\"@type\":\"BreadcrumbList\",\"@id\":\"https:\/\/herpatch.com\/ch\/de\/produkt\/herpatch-serum\/#breadcrumb\",\"itemListElement\":[{\"@type\":\"ListItem\",\"position\":1,\"name\":\"Home\",\"item\":\"https:\/\/herpatch.com\/ch\/de\/\"},{\"@type\":\"ListItem\",\"position\":2,\"name\":\"Produkte\",\"item\":\"https:\/\/herpatch.com\/ch\/de\/produkte\/\"},{\"@type\":\"ListItem\",\"position\":3,\"name\":\"Herpatch Serum\"}]},{\"@type\":\"WebSite\",\"@id\":\"https:\/\/herpatch.com\/ch\/de\/#website\",\"url\":\"https:\/\/herpatch.com\/ch\/de\/\",\"name\":\"herpatch\",\"description\":\"\",\"publisher\":{\"@id\":\"https:\/\/herpatch.com\/ch\/de\/#organization\"},\"potentialAction\":[{\"@type\":\"SearchAction\",\"target\":{\"@type\":\"EntryPoint\",\"urlTemplate\":\"https:\/\/herpatch.com\/ch\/de\/?s={search_term_string}\"},\"query-input\":{\"@type\":\"PropertyValueSpecification\",\"valueRequired\":true,\"valueName\":\"search_term_string\"}}],\"inLanguage\":\"de\"},{\"@type\":\"Organization\",\"@id\":\"https:\/\/herpatch.com\/ch\/de\/#organization\",\"name\":\"herpatch\",\"url\":\"https:\/\/herpatch.com\/ch\/de\/\",\"logo\":{\"@type\":\"ImageObject\",\"inLanguage\":\"de\",\"@id\":\"https:\/\/herpatch.com\/ch\/de\/#\/schema\/logo\/image\/\",\"url\":\"https:\/\/herpatch.com\/app\/uploads\/sites\/13\/2025\/09\/Herpatch-logo.png\",\"contentUrl\":\"https:\/\/herpatch.com\/app\/uploads\/sites\/13\/2025\/09\/Herpatch-logo.png\",\"width\":109,\"height\":32,\"caption\":\"herpatch\"},\"image\":{\"@id\":\"https:\/\/herpatch.com\/ch\/de\/#\/schema\/logo\/image\/\"}}]}<\/script>\n<!-- \/ Yoast SEO plugin. -->","yoast_head_json":{"title":"Herpatch Serum - herpatch","description":"Herpatch Serum ist die innovative und effektive Methode eine Fieberblase einfach und schnell zu behandeln.","robots":{"index":"index","follow":"follow","max-snippet":"max-snippet:-1","max-image-preview":"max-image-preview:large","max-video-preview":"max-video-preview:-1"},"canonical":"https:\/\/herpatch.com\/ch\/de\/produkt\/herpatch-serum\/","og_locale":"de_DE","og_type":"article","og_title":"Herpatch Serum - herpatch","og_description":"Herpatch Serum ist die innovative und effektive Methode eine Fieberblase einfach und schnell zu behandeln.","og_url":"https:\/\/herpatch.com\/ch\/de\/produkt\/herpatch-serum\/","og_site_name":"herpatch","article_modified_time":"2025-09-15T13:50:32+00:00","og_image":[{"width":700,"height":700,"url":"https:\/\/herpatch.com\/app\/uploads\/sites\/13\/2025\/09\/Herpatch-Serum-5-ml-badge.png","type":"image\/png"}],"twitter_card":"summary_large_image","twitter_misc":{"Gesch\u00e4tzte Lesezeit":"4\u00a0Minuten"},"schema":{"@context":"https:\/\/schema.org","@graph":[{"@type":"WebPage","@id":"https:\/\/herpatch.com\/ch\/de\/produkt\/herpatch-serum\/","url":"https:\/\/herpatch.com\/ch\/de\/produkt\/herpatch-serum\/","name":"Herpatch Serum - herpatch","isPartOf":{"@id":"https:\/\/herpatch.com\/ch\/de\/#website"},"primaryImageOfPage":{"@id":"https:\/\/herpatch.com\/ch\/de\/produkt\/herpatch-serum\/#primaryimage"},"image":{"@id":"https:\/\/herpatch.com\/ch\/de\/produkt\/herpatch-serum\/#primaryimage"},"thumbnailUrl":"https:\/\/herpatch.com\/app\/uploads\/sites\/13\/2025\/09\/Herpatch-Serum-5-ml-badge.png","datePublished":"2025-09-12T06:44:31+00:00","dateModified":"2025-09-15T13:50:32+00:00","description":"Herpatch Serum ist die innovative und effektive Methode eine Fieberblase einfach und schnell zu behandeln.","breadcrumb":{"@id":"https:\/\/herpatch.com\/ch\/de\/produkt\/herpatch-serum\/#breadcrumb"},"inLanguage":"de","potentialAction":[{"@type":"ReadAction","target":["https:\/\/herpatch.com\/ch\/de\/produkt\/herpatch-serum\/"]}]},{"@type":"ImageObject","inLanguage":"de","@id":"https:\/\/herpatch.com\/ch\/de\/produkt\/herpatch-serum\/#primaryimage","url":"https:\/\/herpatch.com\/app\/uploads\/sites\/13\/2025\/09\/Herpatch-Serum-5-ml-badge.png","contentUrl":"https:\/\/herpatch.com\/app\/uploads\/sites\/13\/2025\/09\/Herpatch-Serum-5-ml-badge.png","width":700,"height":700,"caption":"Herpatch-Serum"},{"@type":"BreadcrumbList","@id":"https:\/\/herpatch.com\/ch\/de\/produkt\/herpatch-serum\/#breadcrumb","itemListElement":[{"@type":"ListItem","position":1,"name":"Home","item":"https:\/\/herpatch.com\/ch\/de\/"},{"@type":"ListItem","position":2,"name":"Produkte","item":"https:\/\/herpatch.com\/ch\/de\/produkte\/"},{"@type":"ListItem","position":3,"name":"Herpatch Serum"}]},{"@type":"WebSite","@id":"https:\/\/herpatch.com\/ch\/de\/#website","url":"https:\/\/herpatch.com\/ch\/de\/","name":"herpatch","description":"","publisher":{"@id":"https:\/\/herpatch.com\/ch\/de\/#organization"},"potentialAction":[{"@type":"SearchAction","target":{"@type":"EntryPoint","urlTemplate":"https:\/\/herpatch.com\/ch\/de\/?s={search_term_string}"},"query-input":{"@type":"PropertyValueSpecification","valueRequired":true,"valueName":"search_term_string"}}],"inLanguage":"de"},{"@type":"Organization","@id":"https:\/\/herpatch.com\/ch\/de\/#organization","name":"herpatch","url":"https:\/\/herpatch.com\/ch\/de\/","logo":{"@type":"ImageObject","inLanguage":"de","@id":"https:\/\/herpatch.com\/ch\/de\/#\/schema\/logo\/image\/","url":"https:\/\/herpatch.com\/app\/uploads\/sites\/13\/2025\/09\/Herpatch-logo.png","contentUrl":"https:\/\/herpatch.com\/app\/uploads\/sites\/13\/2025\/09\/Herpatch-logo.png","width":109,"height":32,"caption":"herpatch"},"image":{"@id":"https:\/\/herpatch.com\/ch\/de\/#\/schema\/logo\/image\/"}}]}},"_links":{"self":[{"href":"https:\/\/herpatch.com\/ch\/de\/wp-json\/wp\/v2\/product\/121","targetHints":{"allow":["GET"]}}],"collection":[{"href":"https:\/\/herpatch.com\/ch\/de\/wp-json\/wp\/v2\/product"}],"about":[{"href":"https:\/\/herpatch.com\/ch\/de\/wp-json\/wp\/v2\/types\/product"}],"replies":[{"embeddable":true,"href":"https:\/\/herpatch.com\/ch\/de\/wp-json\/wp\/v2\/comments?post=121"}],"version-history":[{"count":2,"href":"https:\/\/herpatch.com\/ch\/de\/wp-json\/wp\/v2\/product\/121\/revisions"}],"predecessor-version":[{"id":124,"href":"https:\/\/herpatch.com\/ch\/de\/wp-json\/wp\/v2\/product\/121\/revisions\/124"}],"wp:featuredmedia":[{"embeddable":true,"href":"https:\/\/herpatch.com\/ch\/de\/wp-json\/wp\/v2\/media\/164"}],"wp:attachment":[{"href":"https:\/\/herpatch.com\/ch\/de\/wp-json\/wp\/v2\/media?parent=121"}],"wp:term":[{"taxonomy":"product_brand","embeddable":true,"href":"https:\/\/herpatch.com\/ch\/de\/wp-json\/wp\/v2\/product_brand?post=121"},{"taxonomy":"product_cat","embeddable":true,"href":"https:\/\/herpatch.com\/ch\/de\/wp-json\/wp\/v2\/product_cat?post=121"},{"taxonomy":"product_tag","embeddable":true,"href":"https:\/\/herpatch.com\/ch\/de\/wp-json\/wp\/v2\/product_tag?post=121"}],"curies":[{"name":"wp","href":"https:\/\/api.w.org\/{rel}","templated":true}]}}