{"id":103,"date":"2025-08-25T13:53:27","date_gmt":"2025-08-25T13:53:27","guid":{"rendered":"https:\/\/herpatch.com\/be\/?post_type=product&#038;p=103"},"modified":"2025-09-03T06:28:40","modified_gmt":"2025-09-03T06:28:40","slug":"serum-voor-koortsblaasjes","status":"publish","type":"product","link":"https:\/\/herpatch.com\/be\/nl\/product\/serum-voor-koortsblaasjes\/","title":{"rendered":"Serum voor koortsblaasjes"},"content":{"rendered":"\n<div class=\"wp-block-karopharma-accordions is-style-tertiary\"><div class=\"container\">\n<details class=\"wp-block-karopharma-accordion\"><summary><h2 class=\"accordion-title\">Technologie<\/h2><\/summary><div class=\"accordion-content\">\n<p>Herpatch Serum voor koortsblaasjes is gebaseerd op een vloeibare film-technologie. Na het aanbrengen zal het serum een transparante, dunne maar sterke barri\u00e8re over de aangetaste huid vormen om zo een ideale micro-omgeving te vormen. De ingredi\u00ebnten zullen onmiddellijk een sterke barri\u00e8re vormen die de wonde veroorzaakt door het Herpes simplex virus zal bedekken. Dit resulteert in volgende voordelen: vermindering van de zichtbaarheid van de wonde, verminderen van roodheid en pijn en meer comfort voor de pati\u00ebnt.<\/p>\n\n\n\n<p>Naast de filmvormende ingredi\u00ebnten bevat Herpatch Serum voor koortsblaasjes nog verschillende andere stoffen:<\/p>\n\n\n\n<ul class=\"wp-block-list is-style-default\">\n<li>Actieve zuurstof versnelt de celvernieuwing en hydrateert de huid, wat de <strong>genezingstijd van koortsblaasjes verkort<\/strong>.<\/li>\n\n\n\n<li>Beta-glucaan staat behalve als filmvormend middel ook bekend voor het kalmeren, beschermen en hydrateren van de huid, wat de <strong>wondgenezing bevordert<\/strong>.<\/li>\n\n\n\n<li>Gesulfateerde polysacchariden, afkomstig van rode microalgen, vormen een actieve beschermende laag en helpen daardoor de huid te <strong>beschermen tegen blootstelling aan zonlicht<\/strong>.<\/li>\n\n\n\n<li>Tot slot <strong>vermindert<\/strong> zinksulfaat <strong>pijn en jeuk<\/strong> en heeft het een astringerende werking die de huid verstevigt en versterkt. Daardoor helpt zinksulfaat ook de <strong>genezing<\/strong> van koortsblaasjes te <strong>versnellen<\/strong>.<\/li>\n<\/ul>\n\n\n\n<div style=\"height:20px\" aria-hidden=\"true\" class=\"wp-block-spacer\"><\/div>\n\n\n\n<h3 class=\"wp-block-heading has-text-align-center is-style-heading-h4 has-primary-color has-text-color has-link-color wp-elements-87c4c21e4ea6c7f2b9e88d84e91080e6\">Werkingsmechanisme<\/h3>\n\n\n\n<div class=\"wp-block-karopharma-several-images-with-text several-images-with-text\"><div class=\"container large col-1 content-align-center\" test-data=\"inner-content\">\n<section class=\"wp-block-karopharma-image-with-text image-with-text image-with-text__full-width\"><div class=\"image-with-text-container \"><div class=\"image-with-text-container-image-container\"><img decoding=\"async\" loading=\"lazy\" src=\"https:\/\/herpatch.com\/cdn-cgi\/image\/format=auto\/app\/uploads\/sites\/11\/2025\/08\/fever-blister-outbreak.gif\" alt=\"fever-blister-outbreak\"\/><\/div><div class=\"image-with-text-container-content\" style=\"text-align:left\" data-test=\"content\"><div class=\"content\"><p class=\"body\" data-test=\"body\">Een koortsblaasje breekt uit.<\/p>\n<div class=\"wp-block-buttons is-layout-flex wp-block-buttons-is-layout-flex\"><\/div>\n<\/div><\/div><\/div><\/section>\n\n\n\n<section class=\"wp-block-karopharma-image-with-text image-with-text image-with-text__full-width\"><div class=\"image-with-text-container \"><div class=\"image-with-text-container-image-container\"><img decoding=\"async\" loading=\"lazy\" src=\"https:\/\/herpatch.com\/cdn-cgi\/image\/format=auto\/app\/uploads\/sites\/11\/2025\/08\/herpatch-applied.gif\" alt=\"herpatch-applied\"\/><\/div><div class=\"image-with-text-container-content\" style=\"text-align:left\" data-test=\"content\"><div class=\"content\"><p class=\"body\" data-test=\"body\">Wanneer Herpatch wordt aangebracht, vormt het een beschermende barri\u00e8re die de besmettelijke afscheidingen tegenhoudt.<\/p>\n<div class=\"wp-block-buttons is-layout-flex wp-block-buttons-is-layout-flex\"><\/div>\n<\/div><\/div><\/div><\/section>\n\n\n\n<section class=\"wp-block-karopharma-image-with-text image-with-text image-with-text__full-width\"><div class=\"image-with-text-container \"><div class=\"image-with-text-container-image-container\"><img decoding=\"async\" loading=\"lazy\" src=\"https:\/\/herpatch.com\/cdn-cgi\/image\/format=auto\/app\/uploads\/sites\/11\/2025\/08\/active-ingredients.gif\" alt=\"active-ingredients\"\/><\/div><div class=\"image-with-text-container-content\" style=\"text-align:left\" data-test=\"content\"><div class=\"content\"><p class=\"body\" data-test=\"body\">Actieve eigenschappen werken in op het koortsblaasje.<\/p>\n<div class=\"wp-block-buttons is-layout-flex wp-block-buttons-is-layout-flex\"><\/div>\n<\/div><\/div><\/div><\/section>\n\n\n\n<section class=\"wp-block-karopharma-image-with-text image-with-text image-with-text__full-width\"><div class=\"image-with-text-container \"><div class=\"image-with-text-container-image-container\"><img decoding=\"async\" loading=\"lazy\" src=\"https:\/\/herpatch.com\/cdn-cgi\/image\/format=auto\/app\/uploads\/sites\/11\/2025\/08\/fever-blister-vanishing.gif\" alt=\"fever-blister-vanishing\"\/><\/div><div class=\"image-with-text-container-content\" style=\"text-align:left\" data-test=\"content\"><div class=\"content\"><p class=\"body\" data-test=\"body\">Uiteindelijk droogt het koortsblaasje uit.<\/p>\n<div class=\"wp-block-buttons is-layout-flex wp-block-buttons-is-layout-flex\"><\/div>\n<\/div><\/div><\/div><\/section>\n<\/div><\/div>\n<\/div><\/details>\n\n\n\n<details class=\"wp-block-karopharma-accordion\"><summary><h2 class=\"accordion-title\">Hoe gebruiken?<\/h2><\/summary><div class=\"accordion-content\">\n<ul class=\"wp-block-list is-style-default\">\n<li>Voor het gebruik, zorg ervoor dat uw handen schoon en droog zijn.<\/li>\n\n\n\n<li>Was of spoel de koortsblaas en de omliggende huid.<\/li>\n\n\n\n<li>Breng voorzichtig een kleine hoeveelheid serum aan op de koortsblaas en een deel van de omliggende gezonde huid. Zorg dat alle wondjes goed bedekt zijn.<\/li>\n\n\n\n<li>Na enkele minuten vormt het witte serum een beschermende en transparante film over de koortsblaas. .<\/li>\n\n\n\n<li>U kan het serum, indien nodig, elke 3-4 uur opnieuw aanbrengen totdat de koortsblaas volledig genezen is. De film kan worden verwijderd met lauw water indien nodig.<\/li>\n\n\n\n<li>Herpatch Serum voor koortsblaasjes kan in elk stadium van de uitbraak van koortsblaasjes gebruikt worden. We raden wel aan om Herpatch Serum voor koortsblaasjes te gebruiken vanaf de eerste symptomen.<\/li>\n<\/ul>\n<\/div><\/details>\n\n\n\n<details class=\"wp-block-karopharma-accordion\"><summary><h2 class=\"accordion-title\">Klinisch bewijs<\/h2><\/summary><div class=\"accordion-content\">\n<p><strong>Geneest in 24u*<br><\/strong>In samenwerking met de Duitse universiteit van Witten\/Herdecke hebben we een onderzoek georganiseerd waarin de genezingstijd van koortsblaasjes werd ge\u00ebvalueerd door een clinicus. Daarbij hebben we Herpatch Serum voor koortsblaasjes vergeleken met een standaard lokale antivirale Acyclovir-cr\u00e8me. Uit de evaluatie van de genezingstijd blijkt dat 75% van de proefpersonen die Herpatch Serum voor koortsblaasjes gebruikten zich na 24 uur behandeling in het genezingsstadium bevond. Daarnaast scoorde Herpatch Serum voor koortsblaasjes in de globale beoordeling van de clinicus beduidend hoger dan de Acyclovir-cr\u00e8me. Bovendien werd Herpatch Serum voor koortsblaasjes door de pati\u00ebnten als goed tot zeer goed beschouwd.<\/p>\n\n\n\n<figure class=\"wp-block-image size-full\"><img loading=\"lazy\" decoding=\"async\" width=\"554\" height=\"400\" src=\"https:\/\/herpatch.com\/app\/uploads\/sites\/11\/2025\/08\/genezingstijd.png\" alt=\"genezingstijd\" class=\"wp-image-163\" srcset=\"https:\/\/herpatch.com\/app\/uploads\/sites\/11\/2025\/08\/genezingstijd.png 554w, https:\/\/herpatch.com\/app\/uploads\/sites\/11\/2025\/08\/genezingstijd-320x231.png 320w\" sizes=\"auto, (max-width: 554px) 100vw, 554px\" \/><\/figure>\n\n\n\n<p><sup>* Een klinische studie heeft aangetoond dat 75% van de pati\u00ebnten in de genezingsfase waren.<\/sup><\/p>\n<\/div><\/details>\n<\/div><\/div>\n\n\n\n<div class=\"wp-block-karopharma-free-text pt-medium pb-medium bg-center bg-cover bg-no-repeat\" style=\"background-image:url()\"><div class=\"free-text-wrapper container max-w-small text-left\">\n<figure class=\"wp-block-video aligncenter\"><video height=\"400\" style=\"aspect-ratio: 554 \/ 400;\" width=\"554\" controls src=\"https:\/\/herpatch.com\/app\/uploads\/sites\/3\/2025\/01\/Herpatch-serum.mp4\"><\/video><\/figure>\n<\/div><\/div>\n","protected":false},"excerpt":{"rendered":"","protected":false},"featured_media":171,"comment_status":"open","ping_status":"closed","template":"","meta":{"_acf_changed":false,"footnotes":""},"product_brand":[],"product_cat":[23],"product_tag":[],"class_list":{"0":"post-103","1":"product","2":"type-product","3":"status-publish","4":"has-post-thumbnail","6":"product_cat-uncategorized","8":"first","9":"instock","10":"shipping-taxable","11":"product-type-simple"},"acf":[],"yoast_head":"<!-- This site is optimized with the Yoast SEO plugin v26.6 - https:\/\/yoast.com\/wordpress\/plugins\/seo\/ -->\n<title>Serum voor koortsblaasjes - Herpatch<\/title>\n<meta name=\"robots\" content=\"index, follow, max-snippet:-1, max-image-preview:large, max-video-preview:-1\" \/>\n<link rel=\"canonical\" href=\"https:\/\/herpatch.com\/be\/nl\/product\/serum-voor-koortsblaasjes\/\" \/>\n<meta property=\"og:locale\" content=\"nl_NL\" \/>\n<meta property=\"og:type\" content=\"article\" \/>\n<meta property=\"og:title\" content=\"Serum voor koortsblaasjes - Herpatch\" \/>\n<meta property=\"og:url\" content=\"https:\/\/herpatch.com\/be\/nl\/product\/serum-voor-koortsblaasjes\/\" \/>\n<meta property=\"og:site_name\" content=\"Herpatch\" \/>\n<meta property=\"article:modified_time\" content=\"2025-09-03T06:28:40+00:00\" \/>\n<meta property=\"og:image\" content=\"https:\/\/herpatch.com\/app\/uploads\/sites\/11\/2025\/08\/serum-packshot-be-nl.png\" \/>\n\t<meta property=\"og:image:width\" content=\"400\" \/>\n\t<meta property=\"og:image:height\" content=\"400\" \/>\n\t<meta property=\"og:image:type\" content=\"image\/png\" \/>\n<meta name=\"twitter:card\" content=\"summary_large_image\" \/>\n<meta name=\"twitter:label1\" content=\"Geschatte leestijd\" \/>\n\t<meta name=\"twitter:data1\" content=\"4 minuten\" \/>\n<script type=\"application\/ld+json\" class=\"yoast-schema-graph\">{\"@context\":\"https:\/\/schema.org\",\"@graph\":[{\"@type\":\"WebPage\",\"@id\":\"https:\/\/herpatch.com\/be\/nl\/product\/serum-voor-koortsblaasjes\/\",\"url\":\"https:\/\/herpatch.com\/be\/nl\/product\/serum-voor-koortsblaasjes\/\",\"name\":\"Serum voor koortsblaasjes - Herpatch\",\"isPartOf\":{\"@id\":\"https:\/\/herpatch.com\/be\/nl\/#website\"},\"primaryImageOfPage\":{\"@id\":\"https:\/\/herpatch.com\/be\/nl\/product\/serum-voor-koortsblaasjes\/#primaryimage\"},\"image\":{\"@id\":\"https:\/\/herpatch.com\/be\/nl\/product\/serum-voor-koortsblaasjes\/#primaryimage\"},\"thumbnailUrl\":\"https:\/\/herpatch.com\/app\/uploads\/sites\/11\/2025\/08\/serum-packshot-be-nl.png\",\"datePublished\":\"2025-08-25T13:53:27+00:00\",\"dateModified\":\"2025-09-03T06:28:40+00:00\",\"breadcrumb\":{\"@id\":\"https:\/\/herpatch.com\/be\/nl\/product\/serum-voor-koortsblaasjes\/#breadcrumb\"},\"inLanguage\":\"nl-NL\",\"potentialAction\":[{\"@type\":\"ReadAction\",\"target\":[\"https:\/\/herpatch.com\/be\/nl\/product\/serum-voor-koortsblaasjes\/\"]}]},{\"@type\":\"ImageObject\",\"inLanguage\":\"nl-NL\",\"@id\":\"https:\/\/herpatch.com\/be\/nl\/product\/serum-voor-koortsblaasjes\/#primaryimage\",\"url\":\"https:\/\/herpatch.com\/app\/uploads\/sites\/11\/2025\/08\/serum-packshot-be-nl.png\",\"contentUrl\":\"https:\/\/herpatch.com\/app\/uploads\/sites\/11\/2025\/08\/serum-packshot-be-nl.png\",\"width\":400,\"height\":400,\"caption\":\"serum-packshot-be-nl\"},{\"@type\":\"BreadcrumbList\",\"@id\":\"https:\/\/herpatch.com\/be\/nl\/product\/serum-voor-koortsblaasjes\/#breadcrumb\",\"itemListElement\":[{\"@type\":\"ListItem\",\"position\":1,\"name\":\"Home\",\"item\":\"https:\/\/herpatch.com\/be\/nl\/\"},{\"@type\":\"ListItem\",\"position\":2,\"name\":\"Producten\",\"item\":\"https:\/\/herpatch.com\/be\/nl\/producten\/\"},{\"@type\":\"ListItem\",\"position\":3,\"name\":\"Serum voor koortsblaasjes\"}]},{\"@type\":\"WebSite\",\"@id\":\"https:\/\/herpatch.com\/be\/nl\/#website\",\"url\":\"https:\/\/herpatch.com\/be\/nl\/\",\"name\":\"Herpatch\",\"description\":\"\",\"publisher\":{\"@id\":\"https:\/\/herpatch.com\/be\/nl\/#organization\"},\"potentialAction\":[{\"@type\":\"SearchAction\",\"target\":{\"@type\":\"EntryPoint\",\"urlTemplate\":\"https:\/\/herpatch.com\/be\/nl\/?s={search_term_string}\"},\"query-input\":{\"@type\":\"PropertyValueSpecification\",\"valueRequired\":true,\"valueName\":\"search_term_string\"}}],\"inLanguage\":\"nl-NL\"},{\"@type\":\"Organization\",\"@id\":\"https:\/\/herpatch.com\/be\/nl\/#organization\",\"name\":\"Herpatch\",\"url\":\"https:\/\/herpatch.com\/be\/nl\/\",\"logo\":{\"@type\":\"ImageObject\",\"inLanguage\":\"nl-NL\",\"@id\":\"https:\/\/herpatch.com\/be\/nl\/#\/schema\/logo\/image\/\",\"url\":\"https:\/\/herpatch.com\/app\/uploads\/sites\/11\/2025\/08\/Herpatch-logo.png\",\"contentUrl\":\"https:\/\/herpatch.com\/app\/uploads\/sites\/11\/2025\/08\/Herpatch-logo.png\",\"width\":109,\"height\":32,\"caption\":\"Herpatch\"},\"image\":{\"@id\":\"https:\/\/herpatch.com\/be\/nl\/#\/schema\/logo\/image\/\"}}]}<\/script>\n<!-- \/ Yoast SEO plugin. -->","yoast_head_json":{"title":"Serum voor koortsblaasjes - Herpatch","robots":{"index":"index","follow":"follow","max-snippet":"max-snippet:-1","max-image-preview":"max-image-preview:large","max-video-preview":"max-video-preview:-1"},"canonical":"https:\/\/herpatch.com\/be\/nl\/product\/serum-voor-koortsblaasjes\/","og_locale":"nl_NL","og_type":"article","og_title":"Serum voor koortsblaasjes - Herpatch","og_url":"https:\/\/herpatch.com\/be\/nl\/product\/serum-voor-koortsblaasjes\/","og_site_name":"Herpatch","article_modified_time":"2025-09-03T06:28:40+00:00","og_image":[{"width":400,"height":400,"url":"https:\/\/herpatch.com\/app\/uploads\/sites\/11\/2025\/08\/serum-packshot-be-nl.png","type":"image\/png"}],"twitter_card":"summary_large_image","twitter_misc":{"Geschatte leestijd":"4 minuten"},"schema":{"@context":"https:\/\/schema.org","@graph":[{"@type":"WebPage","@id":"https:\/\/herpatch.com\/be\/nl\/product\/serum-voor-koortsblaasjes\/","url":"https:\/\/herpatch.com\/be\/nl\/product\/serum-voor-koortsblaasjes\/","name":"Serum voor koortsblaasjes - Herpatch","isPartOf":{"@id":"https:\/\/herpatch.com\/be\/nl\/#website"},"primaryImageOfPage":{"@id":"https:\/\/herpatch.com\/be\/nl\/product\/serum-voor-koortsblaasjes\/#primaryimage"},"image":{"@id":"https:\/\/herpatch.com\/be\/nl\/product\/serum-voor-koortsblaasjes\/#primaryimage"},"thumbnailUrl":"https:\/\/herpatch.com\/app\/uploads\/sites\/11\/2025\/08\/serum-packshot-be-nl.png","datePublished":"2025-08-25T13:53:27+00:00","dateModified":"2025-09-03T06:28:40+00:00","breadcrumb":{"@id":"https:\/\/herpatch.com\/be\/nl\/product\/serum-voor-koortsblaasjes\/#breadcrumb"},"inLanguage":"nl-NL","potentialAction":[{"@type":"ReadAction","target":["https:\/\/herpatch.com\/be\/nl\/product\/serum-voor-koortsblaasjes\/"]}]},{"@type":"ImageObject","inLanguage":"nl-NL","@id":"https:\/\/herpatch.com\/be\/nl\/product\/serum-voor-koortsblaasjes\/#primaryimage","url":"https:\/\/herpatch.com\/app\/uploads\/sites\/11\/2025\/08\/serum-packshot-be-nl.png","contentUrl":"https:\/\/herpatch.com\/app\/uploads\/sites\/11\/2025\/08\/serum-packshot-be-nl.png","width":400,"height":400,"caption":"serum-packshot-be-nl"},{"@type":"BreadcrumbList","@id":"https:\/\/herpatch.com\/be\/nl\/product\/serum-voor-koortsblaasjes\/#breadcrumb","itemListElement":[{"@type":"ListItem","position":1,"name":"Home","item":"https:\/\/herpatch.com\/be\/nl\/"},{"@type":"ListItem","position":2,"name":"Producten","item":"https:\/\/herpatch.com\/be\/nl\/producten\/"},{"@type":"ListItem","position":3,"name":"Serum voor koortsblaasjes"}]},{"@type":"WebSite","@id":"https:\/\/herpatch.com\/be\/nl\/#website","url":"https:\/\/herpatch.com\/be\/nl\/","name":"Herpatch","description":"","publisher":{"@id":"https:\/\/herpatch.com\/be\/nl\/#organization"},"potentialAction":[{"@type":"SearchAction","target":{"@type":"EntryPoint","urlTemplate":"https:\/\/herpatch.com\/be\/nl\/?s={search_term_string}"},"query-input":{"@type":"PropertyValueSpecification","valueRequired":true,"valueName":"search_term_string"}}],"inLanguage":"nl-NL"},{"@type":"Organization","@id":"https:\/\/herpatch.com\/be\/nl\/#organization","name":"Herpatch","url":"https:\/\/herpatch.com\/be\/nl\/","logo":{"@type":"ImageObject","inLanguage":"nl-NL","@id":"https:\/\/herpatch.com\/be\/nl\/#\/schema\/logo\/image\/","url":"https:\/\/herpatch.com\/app\/uploads\/sites\/11\/2025\/08\/Herpatch-logo.png","contentUrl":"https:\/\/herpatch.com\/app\/uploads\/sites\/11\/2025\/08\/Herpatch-logo.png","width":109,"height":32,"caption":"Herpatch"},"image":{"@id":"https:\/\/herpatch.com\/be\/nl\/#\/schema\/logo\/image\/"}}]}},"_links":{"self":[{"href":"https:\/\/herpatch.com\/be\/nl\/wp-json\/wp\/v2\/product\/103","targetHints":{"allow":["GET"]}}],"collection":[{"href":"https:\/\/herpatch.com\/be\/nl\/wp-json\/wp\/v2\/product"}],"about":[{"href":"https:\/\/herpatch.com\/be\/nl\/wp-json\/wp\/v2\/types\/product"}],"replies":[{"embeddable":true,"href":"https:\/\/herpatch.com\/be\/nl\/wp-json\/wp\/v2\/comments?post=103"}],"version-history":[{"count":8,"href":"https:\/\/herpatch.com\/be\/nl\/wp-json\/wp\/v2\/product\/103\/revisions"}],"predecessor-version":[{"id":202,"href":"https:\/\/herpatch.com\/be\/nl\/wp-json\/wp\/v2\/product\/103\/revisions\/202"}],"wp:featuredmedia":[{"embeddable":true,"href":"https:\/\/herpatch.com\/be\/nl\/wp-json\/wp\/v2\/media\/171"}],"wp:attachment":[{"href":"https:\/\/herpatch.com\/be\/nl\/wp-json\/wp\/v2\/media?parent=103"}],"wp:term":[{"taxonomy":"product_brand","embeddable":true,"href":"https:\/\/herpatch.com\/be\/nl\/wp-json\/wp\/v2\/product_brand?post=103"},{"taxonomy":"product_cat","embeddable":true,"href":"https:\/\/herpatch.com\/be\/nl\/wp-json\/wp\/v2\/product_cat?post=103"},{"taxonomy":"product_tag","embeddable":true,"href":"https:\/\/herpatch.com\/be\/nl\/wp-json\/wp\/v2\/product_tag?post=103"}],"curies":[{"name":"wp","href":"https:\/\/api.w.org\/{rel}","templated":true}]}}