{"id":116,"date":"2025-08-26T05:24:54","date_gmt":"2025-08-26T05:24:54","guid":{"rendered":"https:\/\/herpatch.com\/be\/?page_id=116"},"modified":"2025-09-03T06:33:08","modified_gmt":"2025-09-03T06:33:08","slug":"faq","status":"publish","type":"page","link":"https:\/\/herpatch.com\/be\/fr\/faq\/","title":{"rendered":"FAQ"},"content":{"rendered":"\n<div class=\"wp-block-karopharma-free-text pt-large pb-large bg-center bg-cover bg-no-repeat bg-box is-style-transparent\" style=\"background-image:url(https:\/\/herpatch.com\/cdn-cgi\/image\/format=auto\/app\/uploads\/sites\/11\/2025\/08\/faq.jpg)\"><div class=\"free-text-wrapper container max-w-small text-left\">\n<h1 class=\"wp-block-heading has-text-align-center is-style-heading-huge\">Foire aux questions<\/h1>\n<\/div><\/div>\n\n\n\n<div class=\"wp-block-karopharma-accordions\"><div class=\"container\">\n<details class=\"wp-block-karopharma-accordion\"><summary><h2 class=\"accordion-title\">Qu\u2019est-ce qu\u2019un bouton de fi\u00e8vre ?<\/h2><\/summary><div class=\"accordion-content\">\n<p>Un bouton de fi\u00e8vre est la cons\u00e9quence d\u2019une infection du virus herpes simplex (HSV-1), qui cause des petites v\u00e9sicules sur et autour des l\u00e8vres. Les boutons de fi\u00e8vre se caract\u00e9risent par un picotement ou une sensation de br\u00fblure de la zone affect\u00e9e.<\/p>\n\n\n\n<p>Sans traitement avec Herpatch S\u00e9rum contre les boutons de fi\u00e8vre, des d\u00e9sagr\u00e9ments visibles ou perceptibles peuvent se pr\u00e9senter pendant plus d\u2019une semaine, et une v\u00e9sicules appara\u00eet apr\u00e8s quelques temps causant des d\u00e9mangeaisons. Les boutons de fi\u00e8vre sont tr\u00e8s contagieux et peuvent infecter d\u2019autres parties de votre corps ou une autre personne. Le virus peut \u00eatre transmis du d\u00e9but de l\u2019\u00e9ruption jusqu\u2019\u00e0 la phase de cicatrisation. La transmission du virus peut se faire \u00e0 travers un contact physique, mais il peut aussi \u00eatre transmis par l\u2019interm\u00e9diaire d\u2019objets infect\u00e9s, comme par exemple un verre ou une brosse \u00e0 dents.<\/p>\n\n\n\n<p>Des recherches g\u00e9n\u00e9rales ont montr\u00e9 que 80% de la population est porteur du virus HSV-1, et 20% d\u2019entre eux souffrent r\u00e9guli\u00e8rement de boutons de fi\u00e8vre. Une fois que quelqu\u2019un a \u00e9t\u00e9 contamin\u00e9 par le virus, le virus reste dans le corps pendant toute la vie.<\/p>\n<\/div><\/details>\n\n\n\n<details class=\"wp-block-karopharma-accordion\"><summary><h2 class=\"accordion-title\">Qu\u2019est-ce qui cause un bouton de fi\u00e8vre ?<\/h2><\/summary><div class=\"accordion-content\">\n<p>Les boutons de fi\u00e8vre sont caus\u00e9s par une infection initiale avec le virus herpes simplex (HSV-1). Les d\u00e9clencheurs principaux d\u2019une \u00e9ruption d\u2019un bouton de fi\u00e8vre sont dus \u00e0 des causes externes et internes.<\/p>\n\n\n\n<p><strong>Facteurs internes<\/strong><\/p>\n\n\n\n<ul class=\"wp-block-list is-style-default\">\n<li>Fi\u00e8vre<\/li>\n\n\n\n<li>Maladie<\/li>\n\n\n\n<li>Menstruation<\/li>\n\n\n\n<li>Estomac d\u00e9rang\u00e9 ou trouble gastro-intestinal<\/li>\n\n\n\n<li>Infections mineures<\/li>\n\n\n\n<li>Toute maladie qui augmente le m\u00e9tabolisme (p.ex. diab\u00e8te, hyperthyro\u00efdie)<\/li>\n\n\n\n<li>Pr\u00e9sence d\u2019un second virus (p.ex un rhume, la grippe)<\/li>\n\n\n\n<li>Fatigue<\/li>\n\n\n\n<li>Facteurs qui diminuent le syst\u00e8me immunitaire<\/li>\n<\/ul>\n\n\n\n<p><strong>Facteurs externes<\/strong><\/p>\n\n\n\n<ul class=\"wp-block-list is-style-default\">\n<li>Coups de soleil<\/li>\n\n\n\n<li>Radiation ultra-voilette (soleil, bancs solaires)<\/li>\n\n\n\n<li>Refroidissement<\/li>\n\n\n\n<li>Excitation<\/li>\n\n\n\n<li>Stress \u00e9motionnel<\/li>\n\n\n\n<li>Les l\u00e8vres s\u00e8ches<\/li>\n\n\n\n<li>R\u00e9actions allergiques, inclusif les r\u00e9actions \u00e0 la nourriture<\/li>\n\n\n\n<li>Toute blessure physique<\/li>\n\n\n\n<li>Traitement dentaire<\/li>\n<\/ul>\n<\/div><\/details>\n\n\n\n<details class=\"wp-block-karopharma-accordion\"><summary><h2 class=\"accordion-title\">Stades d\u2019une \u00e9ruption d\u2019un bouton de fi\u00e8vre<\/h2><\/summary><div class=\"accordion-content\">\n<figure class=\"wp-block-image size-full\"><img loading=\"lazy\" decoding=\"async\" width=\"552\" height=\"464\" src=\"https:\/\/herpatch.com\/app\/uploads\/sites\/11\/2025\/08\/stages-outbreak-fr.png\" alt=\"stages-outbreak-fr\" class=\"wp-image-117\" srcset=\"https:\/\/herpatch.com\/app\/uploads\/sites\/11\/2025\/08\/stages-outbreak-fr.png 552w, https:\/\/herpatch.com\/app\/uploads\/sites\/11\/2025\/08\/stages-outbreak-fr-320x269.png 320w\" sizes=\"auto, (max-width: 552px) 100vw, 552px\" \/><\/figure>\n\n\n\n<p><strong>Jour 1 :&nbsp;Picotements (Phase prodomique)<\/strong><br>Le patient ressent une sensation de br\u00fblure sur ou autour des l\u00e8vres, nez ou menton.<\/p>\n\n\n\n<p><strong>Jour 1-2 :&nbsp;Apparition de v\u00e9sicules (\u00c9ryth\u00e8me + Papules)<\/strong><br>La zone devient rouge et douloureuse. Des petites v\u00e9sicules se regroupent pour former 1 grande v\u00e9sicule.<\/p>\n\n\n\n<p><strong>Jour 2- 3 :&nbsp;Eclatement des v\u00e9sicules (V\u00e9sicules)<\/strong><br>Ceci est la phase la plus infectieuse et douloureuse. La v\u00e9sicule s\u2019\u00e9clate.<\/p>\n\n\n\n<p><strong>Jour 3-8 :&nbsp;Formation d\u2019une cro\u00fbte<\/strong><br>Une cro\u00fbte se forme sur la petite blessure. Si la cro\u00fbte tombe trop t\u00f4t, ceci peut mener \u00e0 des saignements qui causent une sensation de br\u00fblure.<\/p>\n\n\n\n<p><strong>Jour 8\u201310 :&nbsp;La phase de cicatrisation<\/strong><br>La disparition progressive de la cro\u00fbte.<\/p>\n<\/div><\/details>\n\n\n\n<details class=\"wp-block-karopharma-accordion\"><summary><h2 class=\"accordion-title\">Comment traiter un bouton de fi\u00e8vre<\/h2><\/summary><div class=\"accordion-content\">\n<p>A pr\u00e9sent, il y a de nombreux produits sur le march\u00e9 pour combattre les boutons de fi\u00e8vre. Ces produits incluent des cr\u00e8mes, des patchs et des pilules. De nombreux patients qui ont des probl\u00e8mes de boutons de fi\u00e8vre utilisent m\u00eame rien du tout, et subissent le cycle douloureux parce qu\u2019ils ne sont pas satisfaits par l\u2019offre actuelle des produits disponibles chez le m\u00e9decin, les pharmacies ou drugstores. C\u2019est pourquoi Karo Healthcare a d\u00e9velopp\u00e9 son produit r\u00e9volutionnaire: Herpatch, la mani\u00e8re facile et discr\u00e8te d\u2019en finir avec les d\u00e9sagr\u00e9ments qui vont de paire avec les boutons de fi\u00e8vre.<\/p>\n\n\n\n<p>Le Herpatch S\u00e9rum contre les boutons de fi\u00e8vre est donc le produit par excellence pour traiter les boutons de fi\u00e8vre rapidement et sans douleur.<\/p>\n\n\n\n<p>Herpatch S\u00e9rum contre les boutons de fi\u00e8vre <strong>aide \u00e0 traiter les boutons de fi\u00e8vre pendant leur cycle complet<\/strong>. L&rsquo;effet d&rsquo;Herpatch est si efficace qu&rsquo;il peut \u00eatre appliqu\u00e9 pour <strong>pr\u00e9venir<\/strong> l\u2019apparition de boutons de fi\u00e8vre, lorsque les premiers picotements se ressentent sur les l\u00e8vres!<\/p>\n<\/div><\/details>\n\n\n\n<details class=\"wp-block-karopharma-accordion\"><summary><h2 class=\"accordion-title\">Comment appliquer Herpatch S\u00e9rum contre les boutons de fi\u00e8vre sur le bouton de fi\u00e8vre ?<\/h2><\/summary><div class=\"accordion-content\">\n<ol class=\"wp-block-list is-style-default\">\n<li>Avant usage, lavez ou nettoyez la peau endommag\u00e9e.<\/li>\n\n\n\n<li>Veillez \u00e0 ce que vos mains soient propres et s\u00e8ches.<\/li>\n\n\n\n<li>Appliquez soigneusement une petite quantit\u00e9 de s\u00e9rum sur le bouton de fi\u00e8vre de sorte que le bouton de fi\u00e8vre et une petite partie de la peau autour de celui-ci soient enti\u00e8rement recouverts. Apr\u00e8s quelques minutes, le s\u00e9rum blanc forme un pansement de protection transparent sur le bouton de fi\u00e8vre. Vous pouvez r\u00e9appliquer le s\u00e9rum toutes les 3-4 heures jusqu\u2019\u00e0 ce que le bouton ait compl\u00e8tement disparu. Si vous le souhaitez, le film peut \u00eatre enlev\u00e9 avec de l\u2019eau ti\u00e8de.<\/li>\n\n\n\n<li>Vous pouvez utiliser Herpatch S\u00e9rum contre les boutons de fi\u00e8vre pour boutons de fi\u00e8vre \u00e0 chaque stade du d\u00e9veloppement du bouton de fi\u00e8vre. Nous vous conseillons d\u2019utiliser Herpatch S\u00e9rum contre les boutons de fi\u00e8vre d\u00e8s l\u2019apparition des premiers sympt\u00f4mes.<\/li>\n<\/ol>\n<\/div><\/details>\n\n\n\n<details class=\"wp-block-karopharma-accordion\"><summary><h2 class=\"accordion-title\">Puis-je combiner Herpatch S\u00e9rum contre les boutons de fi\u00e8vre avec la cr\u00e8me acyclovir ?<\/h2><\/summary><div class=\"accordion-content\">\n<p>Non, ce n&rsquo;est pas n\u00e9cessaire, car Herpatch S\u00e9rum contre les boutons de fi\u00e8vre dispose de propri\u00e9t\u00e9s actives et soigne chaque phase d&rsquo;une \u00e9ruption de bouton de fi\u00e8vre. Il n&rsquo;est donc pas n\u00e9cessaire d&rsquo;appliquer de la cr\u00e8me acyclovir en plus du s\u00e9rum.<\/p>\n<\/div><\/details>\n\n\n\n<details class=\"wp-block-karopharma-accordion\"><summary><h2 class=\"accordion-title\">Puis-je utiliser Herpatch S\u00e9rum contre les boutons de fi\u00e8vre lorsque je suis enceinte ou si j\u2019allaite ?<\/h2><\/summary><div class=\"accordion-content\">\n<p>Consultez un professionnel avant usage si vous \u00eates enceinte et\/ou en p\u00e9riode d\u2019allaitement.<\/p>\n<\/div><\/details>\n\n\n\n<details class=\"wp-block-karopharma-accordion\"><summary><h2 class=\"accordion-title\">Est-ce que le Herpatch S\u00e9rum contre les boutons de fi\u00e8vre peut \u00eatre utilis\u00e9 chez les enfants ?<\/h2><\/summary><div class=\"accordion-content\">\n<p>A partir de 4 ans, Herpatch S\u00e9rum contre les boutons de fi\u00e8vre peut \u00eatre utilis\u00e9 chez les enfants sous la supervision d\u2019un adulte. Si votre enfant a moins de 4 ans, il faut consulter un m\u00e9decin.<\/p>\n<\/div><\/details>\n\n\n\n<details class=\"wp-block-karopharma-accordion\"><summary><h2 class=\"accordion-title\">Pendant combien de temps dois-je utiliser Herpatch S\u00e9rum contre les boutons de fi\u00e8vre ?<\/h2><\/summary><div class=\"accordion-content\">\n<p>Vous pouvez utiliser Herpatch S\u00e9rum contre les boutons de fi\u00e8vre pendant chaque stade du cycle du bouton de fi\u00e8vre. Nous vous conseillons d\u2019utiliser le film d\u00e8s les premiers signes du bouton de fi\u00e8vre. Le s\u00e9rum peut \u00eatre r\u00e9appliqu\u00e9, si n\u00e9cessaire, tous les 3-4 heures jusqu\u2019\u00e0 ce que le bouton de fi\u00e8vre soit compl\u00e8tement gu\u00e9ri.<\/p>\n<\/div><\/details>\n\n\n\n<details class=\"wp-block-karopharma-accordion\"><summary><h2 class=\"accordion-title\">Comment puis-je retirer Herpatch S\u00e9rum contre les boutons de fi\u00e8vre ?<\/h2><\/summary><div class=\"accordion-content\">\n<p>Le film peut \u00eatre retir\u00e9, si n\u00e9cessaire, avec de l&rsquo;eau chaude.<\/p>\n<\/div><\/details>\n\n\n\n<details class=\"wp-block-karopharma-accordion\"><summary><h2 class=\"accordion-title\">O\u00f9 puis-je utiliser le Herpatch S\u00e9rum contre les boutons de fi\u00e8vre ?<\/h2><\/summary><div class=\"accordion-content\">\n<p>Utilisez le Herpatch S\u00e9rum contre les boutons de fi\u00e8vre sur votre bouton de fi\u00e8vre ou \u00e0 l\u2019endroit o\u00f9 vous sentez les picotements d\u2019un d\u00e9but de bouton de fi\u00e8vre. Ceci peut \u00eatre sur vos l\u00e8vres ou autour de votre bouche. Ne pas utiliser le pansement \u00e0 l\u2019int\u00e9rieur de la bouche, sur les muqueuses ou pour l\u2019herp\u00e8s g\u00e9nital.<\/p>\n<\/div><\/details>\n\n\n\n<details class=\"wp-block-karopharma-accordion\"><summary><h2 class=\"accordion-title\">Puis-je mettre du rouge \u00e0 l\u00e8vres ou d&rsquo;autres produits de maquillage sur Herpatch S\u00e9rum contre les boutons de fi\u00e8vre ?<\/h2><\/summary><div class=\"accordion-content\">\n<p>Oui. Il vous suffit d&rsquo;attendre quelques minutes, le temps que la cr\u00e8me se transforme en film, avant d&rsquo;appliquer votre rouge \u00e0 l\u00e8vres ou tout autre produit de maquillage sur Herpatch S\u00e9rum contre les boutons de fi\u00e8vre.<\/p>\n<\/div><\/details>\n\n\n\n<details class=\"wp-block-karopharma-accordion\"><summary><h2 class=\"accordion-title\">Quelle est la diff\u00e9rence entre Herpatch et une cr\u00e8me aciclovir typique ?<\/h2><\/summary><div class=\"accordion-content\">\n<p>Le Herpatch S\u00e9rum contre les boutons de fi\u00e8vre forme un film protecteur et transparent sur le bouton de fi\u00e8vre, en comparaison avec une cr\u00e8me aciclovir typique. Ce s\u00e9rum filmog\u00e8ne avec des propri\u00e9t\u00e9s actives cr\u00e9e un micro-environnement actif et aide \u00e0 acc\u00e9l\u00e9rer le processus de gu\u00e9rison.<\/p>\n\n\n\n<p>Le Herpatch S\u00e9rum contre les boutons de fi\u00e8vre traite tous les stades du bouton de fi\u00e8vre, du picotement \u00e0 la phase de gu\u00e9rison, tandis que la cr\u00e8me aciclovir a seulement un effet durant le premier stade du bouton de fi\u00e8vre.<\/p>\n\n\n\n<p>Les avantages sont nombreux. Le Herpatch S\u00e9rum contre les boutons de fi\u00e8vre acc\u00e9l\u00e8re la gu\u00e9rison de votre bouton de fi\u00e8vre, emp\u00eache les d\u00e9mangeaisons et les br\u00fblures, r\u00e9duit les rougeurs et enflures, emp\u00eache la formation de cro\u00fbtes et r\u00e9duit la formation de bouton.<\/p>\n\n\n\n<p>Gr\u00e2ce \u00e0 toutes ces raisons, le Herpatch S\u00e9rum contre les boutons de fi\u00e8vre est tr\u00e8s efficace.<\/p>\n<\/div><\/details>\n<\/div><\/div>\n","protected":false},"excerpt":{"rendered":"","protected":false},"author":2,"featured_media":0,"parent":0,"menu_order":0,"comment_status":"closed","ping_status":"closed","template":"","meta":{"_acf_changed":false,"footnotes":""},"from-article-database":[],"class_list":["post-116","page","type-page","status-publish","hentry"],"acf":[],"yoast_head":"<!-- This site is optimized with the Yoast SEO plugin v26.6 - https:\/\/yoast.com\/wordpress\/plugins\/seo\/ -->\n<title>FAQ - Herpatch<\/title>\n<meta name=\"description\" content=\"Qu\u2019est-ce qu\u2019un bouton de fi\u00e8vre ? Qu\u2019est-ce qui cause un bouton de fi\u00e8vre ? Stades d\u2019une \u00e9ruption d\u2019un bouton de fi\u00e8vre.\" \/>\n<meta name=\"robots\" content=\"index, follow, max-snippet:-1, max-image-preview:large, max-video-preview:-1\" \/>\n<link rel=\"canonical\" href=\"https:\/\/herpatch.com\/be\/fr\/faq\/\" \/>\n<meta property=\"og:locale\" content=\"fr_FR\" \/>\n<meta property=\"og:type\" content=\"article\" \/>\n<meta property=\"og:title\" content=\"FAQ - Herpatch\" \/>\n<meta property=\"og:description\" content=\"Qu\u2019est-ce qu\u2019un bouton de fi\u00e8vre ? Qu\u2019est-ce qui cause un bouton de fi\u00e8vre ? Stades d\u2019une \u00e9ruption d\u2019un bouton de fi\u00e8vre.\" \/>\n<meta property=\"og:url\" content=\"https:\/\/herpatch.com\/be\/fr\/faq\/\" \/>\n<meta property=\"og:site_name\" content=\"Herpatch\" \/>\n<meta property=\"article:modified_time\" content=\"2025-09-03T06:33:08+00:00\" \/>\n<meta property=\"og:image\" content=\"https:\/\/herpatch.com\/app\/uploads\/sites\/11\/2025\/08\/stages-outbreak-fr.png\" \/>\n\t<meta property=\"og:image:width\" content=\"552\" \/>\n\t<meta property=\"og:image:height\" content=\"464\" \/>\n\t<meta property=\"og:image:type\" content=\"image\/png\" \/>\n<meta name=\"twitter:card\" content=\"summary_large_image\" \/>\n<meta name=\"twitter:label1\" content=\"Dur\u00e9e de lecture estim\u00e9e\" \/>\n\t<meta name=\"twitter:data1\" content=\"6 minutes\" \/>\n<script type=\"application\/ld+json\" class=\"yoast-schema-graph\">{\"@context\":\"https:\/\/schema.org\",\"@graph\":[{\"@type\":\"WebPage\",\"@id\":\"https:\/\/herpatch.com\/be\/fr\/faq\/\",\"url\":\"https:\/\/herpatch.com\/be\/fr\/faq\/\",\"name\":\"FAQ - Herpatch\",\"isPartOf\":{\"@id\":\"https:\/\/herpatch.com\/be\/fr\/#website\"},\"primaryImageOfPage\":{\"@id\":\"https:\/\/herpatch.com\/be\/fr\/faq\/#primaryimage\"},\"image\":{\"@id\":\"https:\/\/herpatch.com\/be\/fr\/faq\/#primaryimage\"},\"thumbnailUrl\":\"https:\/\/herpatch.com\/app\/uploads\/sites\/11\/2025\/08\/stages-outbreak-fr.png\",\"datePublished\":\"2025-08-26T05:24:54+00:00\",\"dateModified\":\"2025-09-03T06:33:08+00:00\",\"description\":\"Qu\u2019est-ce qu\u2019un bouton de fi\u00e8vre ? Qu\u2019est-ce qui cause un bouton de fi\u00e8vre ? Stades d\u2019une \u00e9ruption d\u2019un bouton de fi\u00e8vre.\",\"breadcrumb\":{\"@id\":\"https:\/\/herpatch.com\/be\/fr\/faq\/#breadcrumb\"},\"inLanguage\":\"fr-FR\",\"potentialAction\":[{\"@type\":\"ReadAction\",\"target\":[\"https:\/\/herpatch.com\/be\/fr\/faq\/\"]}]},{\"@type\":\"ImageObject\",\"inLanguage\":\"fr-FR\",\"@id\":\"https:\/\/herpatch.com\/be\/fr\/faq\/#primaryimage\",\"url\":\"https:\/\/herpatch.com\/app\/uploads\/sites\/11\/2025\/08\/stages-outbreak-fr.png\",\"contentUrl\":\"https:\/\/herpatch.com\/app\/uploads\/sites\/11\/2025\/08\/stages-outbreak-fr.png\"},{\"@type\":\"BreadcrumbList\",\"@id\":\"https:\/\/herpatch.com\/be\/fr\/faq\/#breadcrumb\",\"itemListElement\":[{\"@type\":\"ListItem\",\"position\":1,\"name\":\"Home\",\"item\":\"https:\/\/herpatch.com\/be\/fr\/\"},{\"@type\":\"ListItem\",\"position\":2,\"name\":\"FAQ\"}]},{\"@type\":\"WebSite\",\"@id\":\"https:\/\/herpatch.com\/be\/fr\/#website\",\"url\":\"https:\/\/herpatch.com\/be\/fr\/\",\"name\":\"Herpatch\",\"description\":\"\",\"publisher\":{\"@id\":\"https:\/\/herpatch.com\/be\/fr\/#organization\"},\"potentialAction\":[{\"@type\":\"SearchAction\",\"target\":{\"@type\":\"EntryPoint\",\"urlTemplate\":\"https:\/\/herpatch.com\/be\/fr\/?s={search_term_string}\"},\"query-input\":{\"@type\":\"PropertyValueSpecification\",\"valueRequired\":true,\"valueName\":\"search_term_string\"}}],\"inLanguage\":\"fr-FR\"},{\"@type\":\"Organization\",\"@id\":\"https:\/\/herpatch.com\/be\/fr\/#organization\",\"name\":\"Herpatch\",\"url\":\"https:\/\/herpatch.com\/be\/fr\/\",\"logo\":{\"@type\":\"ImageObject\",\"inLanguage\":\"fr-FR\",\"@id\":\"https:\/\/herpatch.com\/be\/fr\/#\/schema\/logo\/image\/\",\"url\":\"https:\/\/herpatch.com\/app\/uploads\/sites\/11\/2025\/08\/Herpatch-logo.png\",\"contentUrl\":\"https:\/\/herpatch.com\/app\/uploads\/sites\/11\/2025\/08\/Herpatch-logo.png\",\"width\":109,\"height\":32,\"caption\":\"Herpatch\"},\"image\":{\"@id\":\"https:\/\/herpatch.com\/be\/fr\/#\/schema\/logo\/image\/\"}}]}<\/script>\n<!-- \/ Yoast SEO plugin. -->","yoast_head_json":{"title":"FAQ - Herpatch","description":"Qu\u2019est-ce qu\u2019un bouton de fi\u00e8vre ? Qu\u2019est-ce qui cause un bouton de fi\u00e8vre ? Stades d\u2019une \u00e9ruption d\u2019un bouton de fi\u00e8vre.","robots":{"index":"index","follow":"follow","max-snippet":"max-snippet:-1","max-image-preview":"max-image-preview:large","max-video-preview":"max-video-preview:-1"},"canonical":"https:\/\/herpatch.com\/be\/fr\/faq\/","og_locale":"fr_FR","og_type":"article","og_title":"FAQ - Herpatch","og_description":"Qu\u2019est-ce qu\u2019un bouton de fi\u00e8vre ? Qu\u2019est-ce qui cause un bouton de fi\u00e8vre ? Stades d\u2019une \u00e9ruption d\u2019un bouton de fi\u00e8vre.","og_url":"https:\/\/herpatch.com\/be\/fr\/faq\/","og_site_name":"Herpatch","article_modified_time":"2025-09-03T06:33:08+00:00","og_image":[{"width":552,"height":464,"url":"https:\/\/herpatch.com\/app\/uploads\/sites\/11\/2025\/08\/stages-outbreak-fr.png","type":"image\/png"}],"twitter_card":"summary_large_image","twitter_misc":{"Dur\u00e9e de lecture estim\u00e9e":"6 minutes"},"schema":{"@context":"https:\/\/schema.org","@graph":[{"@type":"WebPage","@id":"https:\/\/herpatch.com\/be\/fr\/faq\/","url":"https:\/\/herpatch.com\/be\/fr\/faq\/","name":"FAQ - Herpatch","isPartOf":{"@id":"https:\/\/herpatch.com\/be\/fr\/#website"},"primaryImageOfPage":{"@id":"https:\/\/herpatch.com\/be\/fr\/faq\/#primaryimage"},"image":{"@id":"https:\/\/herpatch.com\/be\/fr\/faq\/#primaryimage"},"thumbnailUrl":"https:\/\/herpatch.com\/app\/uploads\/sites\/11\/2025\/08\/stages-outbreak-fr.png","datePublished":"2025-08-26T05:24:54+00:00","dateModified":"2025-09-03T06:33:08+00:00","description":"Qu\u2019est-ce qu\u2019un bouton de fi\u00e8vre ? Qu\u2019est-ce qui cause un bouton de fi\u00e8vre ? Stades d\u2019une \u00e9ruption d\u2019un bouton de fi\u00e8vre.","breadcrumb":{"@id":"https:\/\/herpatch.com\/be\/fr\/faq\/#breadcrumb"},"inLanguage":"fr-FR","potentialAction":[{"@type":"ReadAction","target":["https:\/\/herpatch.com\/be\/fr\/faq\/"]}]},{"@type":"ImageObject","inLanguage":"fr-FR","@id":"https:\/\/herpatch.com\/be\/fr\/faq\/#primaryimage","url":"https:\/\/herpatch.com\/app\/uploads\/sites\/11\/2025\/08\/stages-outbreak-fr.png","contentUrl":"https:\/\/herpatch.com\/app\/uploads\/sites\/11\/2025\/08\/stages-outbreak-fr.png"},{"@type":"BreadcrumbList","@id":"https:\/\/herpatch.com\/be\/fr\/faq\/#breadcrumb","itemListElement":[{"@type":"ListItem","position":1,"name":"Home","item":"https:\/\/herpatch.com\/be\/fr\/"},{"@type":"ListItem","position":2,"name":"FAQ"}]},{"@type":"WebSite","@id":"https:\/\/herpatch.com\/be\/fr\/#website","url":"https:\/\/herpatch.com\/be\/fr\/","name":"Herpatch","description":"","publisher":{"@id":"https:\/\/herpatch.com\/be\/fr\/#organization"},"potentialAction":[{"@type":"SearchAction","target":{"@type":"EntryPoint","urlTemplate":"https:\/\/herpatch.com\/be\/fr\/?s={search_term_string}"},"query-input":{"@type":"PropertyValueSpecification","valueRequired":true,"valueName":"search_term_string"}}],"inLanguage":"fr-FR"},{"@type":"Organization","@id":"https:\/\/herpatch.com\/be\/fr\/#organization","name":"Herpatch","url":"https:\/\/herpatch.com\/be\/fr\/","logo":{"@type":"ImageObject","inLanguage":"fr-FR","@id":"https:\/\/herpatch.com\/be\/fr\/#\/schema\/logo\/image\/","url":"https:\/\/herpatch.com\/app\/uploads\/sites\/11\/2025\/08\/Herpatch-logo.png","contentUrl":"https:\/\/herpatch.com\/app\/uploads\/sites\/11\/2025\/08\/Herpatch-logo.png","width":109,"height":32,"caption":"Herpatch"},"image":{"@id":"https:\/\/herpatch.com\/be\/fr\/#\/schema\/logo\/image\/"}}]}},"_links":{"self":[{"href":"https:\/\/herpatch.com\/be\/fr\/wp-json\/wp\/v2\/pages\/116","targetHints":{"allow":["GET"]}}],"collection":[{"href":"https:\/\/herpatch.com\/be\/fr\/wp-json\/wp\/v2\/pages"}],"about":[{"href":"https:\/\/herpatch.com\/be\/fr\/wp-json\/wp\/v2\/types\/page"}],"author":[{"embeddable":true,"href":"https:\/\/herpatch.com\/be\/fr\/wp-json\/wp\/v2\/users\/2"}],"replies":[{"embeddable":true,"href":"https:\/\/herpatch.com\/be\/fr\/wp-json\/wp\/v2\/comments?post=116"}],"version-history":[{"count":3,"href":"https:\/\/herpatch.com\/be\/fr\/wp-json\/wp\/v2\/pages\/116\/revisions"}],"predecessor-version":[{"id":204,"href":"https:\/\/herpatch.com\/be\/fr\/wp-json\/wp\/v2\/pages\/116\/revisions\/204"}],"wp:attachment":[{"href":"https:\/\/herpatch.com\/be\/fr\/wp-json\/wp\/v2\/media?parent=116"}],"wp:term":[{"taxonomy":"from-article-database","embeddable":true,"href":"https:\/\/herpatch.com\/be\/fr\/wp-json\/wp\/v2\/from-article-database?post=116"}],"curies":[{"name":"wp","href":"https:\/\/api.w.org\/{rel}","templated":true}]}}