{"id":106,"date":"2025-08-25T13:35:43","date_gmt":"2025-08-25T13:35:43","guid":{"rendered":"https:\/\/herpatch.com\/be\/herpatch\/"},"modified":"2025-08-27T09:52:05","modified_gmt":"2025-08-27T09:52:05","slug":"herpatch","status":"publish","type":"page","link":"https:\/\/herpatch.com\/be\/fr\/","title":{"rendered":"Herpatch"},"content":{"rendered":"\n<div class=\"wp-block-karopharma-product-promotion text-align-left pt-large pb-large bg-center bg-cover bg-no-repeat\" style=\"background-image:url(https:\/\/herpatch.com\/cdn-cgi\/image\/format=auto\/app\/uploads\/sites\/11\/2025\/08\/herpatch-start.jpg)\"><div class=\"container max-w-medium\">\n<div class=\"wp-block-group is-layout-flow wp-block-group-is-layout-flow\">\n<figure class=\"wp-block-karopharma-product-promotion-image product-promotion-image\"><img fetchpriority=\"high\" decoding=\"async\" datatest=\"image\" src=\"https:\/\/herpatch.com\/cdn-cgi\/image\/format=auto\/app\/uploads\/sites\/11\/2025\/08\/serum-packshot-be-front.png\" loading=\"eager\" alt=\"serum-packshot-be-front\" width=\"400\" height=\"400\" srcset=\"https:\/\/herpatch.com\/cdn-cgi\/image\/format=auto,width=584\/app\/uploads\/sites\/11\/2025\/08\/serum-packshot-be-front.png 584w, https:\/\/herpatch.com\/cdn-cgi\/image\/format=auto,width=272\/app\/uploads\/sites\/11\/2025\/08\/serum-packshot-be-front.png 272w\" sizes=\"(max-width: 584px) 100vw, 584px\"\/><\/figure>\n<\/div>\n\n\n\n<div class=\"wp-block-group is-layout-flow wp-block-group-is-layout-flow\">\n<h1 class=\"wp-block-heading title is-style-heading-huge\">S\u00e9rum contre les boutons de fi\u00e8vre<\/h1>\n\n\n\n<p class=\"paragraph is-style-paragraph-preamble\">Gu\u00e9rison en 24h*<\/p>\n\n\n\n<p><sup>* Un essai clinique a montr\u00e9 que 75% des patients \u00e9taient en phase de gu\u00e9rison.<\/sup><\/p>\n\n\n\n<div class=\"wp-block-buttons is-layout-flex wp-block-buttons-is-layout-flex\">\n<div class=\"wp-block-button is-style-secondary-button\"><a class=\"wp-block-button__link wp-element-button\" href=\"https:\/\/herpatch.com\/be\/fr\/produit\/serum-contre-les-boutons-de-fievre\/\">En savoir plus<\/a><\/div>\n<\/div>\n<\/div>\n<\/div><\/div>\n\n\n\n<div class=\"wp-block-karopharma-free-text pt-large pb-large bg-center bg-cover bg-no-repeat\" style=\"background-image:url()\"><div class=\"free-text-wrapper container max-w-small text-center\">\n<h2 class=\"wp-block-heading\">Herpatch S\u00e9rum contre les boutons de fi\u00e8vre<\/h2>\n\n\n\n<p class=\"is-style-paragraph-preamble\">Un moyen innovant et efficace de traiter facilement et rapidement les sympt\u00f4mes des boutons de fi\u00e8vre. Gr\u00e2ce \u00e0 ce tube facile \u00e0 utiliser, le s\u00e9rum peut \u00eatre appliqu\u00e9 directement sur la zone affect\u00e9e.<\/p>\n\n\n\n<div class=\"wp-block-buttons is-layout-flex wp-block-buttons-is-layout-flex\">\n<div class=\"wp-block-button is-style-secondary-button\"><a class=\"wp-block-button__link wp-element-button\" href=\"https:\/\/herpatch.com\/be\/fr\/produit\/serum-contre-les-boutons-de-fievre\/\">En savoir plus<\/a><\/div>\n<\/div>\n<\/div><\/div>\n","protected":false},"excerpt":{"rendered":"","protected":false},"author":2,"featured_media":0,"parent":0,"menu_order":0,"comment_status":"closed","ping_status":"closed","template":"","meta":{"_acf_changed":false,"footnotes":""},"from-article-database":[],"class_list":["post-106","page","type-page","status-publish","hentry"],"acf":[],"yoast_head":"<!-- This site is optimized with the Yoast SEO plugin v26.6 - https:\/\/yoast.com\/wordpress\/plugins\/seo\/ -->\n<title>Herpatch - Herpatch<\/title>\n<meta name=\"description\" content=\"Un moyen innovant et efficace de traiter facilement et rapidement les sympt\u00f4mes des boutons de fi\u00e8vre. Gr\u00e2ce \u00e0 ce tube facile \u00e0 utiliser, le s\u00e9rum peut \u00eatre appliqu\u00e9 directement sur la zone affect\u00e9e.\" \/>\n<meta name=\"robots\" content=\"index, follow, max-snippet:-1, max-image-preview:large, max-video-preview:-1\" \/>\n<link rel=\"canonical\" href=\"https:\/\/herpatch.com\/be\/fr\/\" \/>\n<meta property=\"og:locale\" content=\"fr_FR\" \/>\n<meta property=\"og:type\" content=\"article\" \/>\n<meta property=\"og:title\" content=\"Herpatch - Herpatch\" \/>\n<meta property=\"og:description\" content=\"Un moyen innovant et efficace de traiter facilement et rapidement les sympt\u00f4mes des boutons de fi\u00e8vre. Gr\u00e2ce \u00e0 ce tube facile \u00e0 utiliser, le s\u00e9rum peut \u00eatre appliqu\u00e9 directement sur la zone affect\u00e9e.\" \/>\n<meta property=\"og:url\" content=\"https:\/\/herpatch.com\/be\/fr\/\" \/>\n<meta property=\"og:site_name\" content=\"Herpatch\" \/>\n<meta property=\"article:modified_time\" content=\"2025-08-27T09:52:05+00:00\" \/>\n<meta property=\"og:image\" content=\"https:\/\/herpatch.com\/cdn-cgi\/image\/format=auto\/app\/uploads\/sites\/11\/2025\/08\/serum-packshot-be-front.png\" \/>\n<meta name=\"twitter:card\" content=\"summary_large_image\" \/>\n<meta name=\"twitter:label1\" content=\"Dur\u00e9e de lecture estim\u00e9e\" \/>\n\t<meta name=\"twitter:data1\" content=\"1 minute\" \/>\n<script type=\"application\/ld+json\" class=\"yoast-schema-graph\">{\"@context\":\"https:\/\/schema.org\",\"@graph\":[{\"@type\":\"WebPage\",\"@id\":\"https:\/\/herpatch.com\/be\/fr\/\",\"url\":\"https:\/\/herpatch.com\/be\/fr\/\",\"name\":\"Herpatch - Herpatch\",\"isPartOf\":{\"@id\":\"https:\/\/herpatch.com\/be\/fr\/#website\"},\"primaryImageOfPage\":{\"@id\":\"https:\/\/herpatch.com\/be\/fr\/#primaryimage\"},\"image\":{\"@id\":\"https:\/\/herpatch.com\/be\/fr\/#primaryimage\"},\"thumbnailUrl\":\"https:\/\/herpatch.com\/cdn-cgi\/image\/format=auto\/app\/uploads\/sites\/11\/2025\/08\/serum-packshot-be-front.png\",\"datePublished\":\"2025-08-25T13:35:43+00:00\",\"dateModified\":\"2025-08-27T09:52:05+00:00\",\"description\":\"Un moyen innovant et efficace de traiter facilement et rapidement les sympt\u00f4mes des boutons de fi\u00e8vre. Gr\u00e2ce \u00e0 ce tube facile \u00e0 utiliser, le s\u00e9rum peut \u00eatre appliqu\u00e9 directement sur la zone affect\u00e9e.\",\"breadcrumb\":{\"@id\":\"https:\/\/herpatch.com\/be\/fr\/#breadcrumb\"},\"inLanguage\":\"fr-FR\",\"potentialAction\":[{\"@type\":\"ReadAction\",\"target\":[\"https:\/\/herpatch.com\/be\/fr\/\"]}]},{\"@type\":\"ImageObject\",\"inLanguage\":\"fr-FR\",\"@id\":\"https:\/\/herpatch.com\/be\/fr\/#primaryimage\",\"url\":\"https:\/\/herpatch.com\/cdn-cgi\/image\/format=auto\/app\/uploads\/sites\/11\/2025\/08\/serum-packshot-be-front.png\",\"contentUrl\":\"https:\/\/herpatch.com\/cdn-cgi\/image\/format=auto\/app\/uploads\/sites\/11\/2025\/08\/serum-packshot-be-front.png\"},{\"@type\":\"BreadcrumbList\",\"@id\":\"https:\/\/herpatch.com\/be\/fr\/#breadcrumb\",\"itemListElement\":[{\"@type\":\"ListItem\",\"position\":1,\"name\":\"Home\",\"item\":\"https:\/\/herpatch.com\/be\/fr\/\"},{\"@type\":\"ListItem\",\"position\":2,\"name\":\"Herpatch\"}]},{\"@type\":\"WebSite\",\"@id\":\"https:\/\/herpatch.com\/be\/fr\/#website\",\"url\":\"https:\/\/herpatch.com\/be\/fr\/\",\"name\":\"Herpatch\",\"description\":\"\",\"publisher\":{\"@id\":\"https:\/\/herpatch.com\/be\/fr\/#organization\"},\"potentialAction\":[{\"@type\":\"SearchAction\",\"target\":{\"@type\":\"EntryPoint\",\"urlTemplate\":\"https:\/\/herpatch.com\/be\/fr\/?s={search_term_string}\"},\"query-input\":{\"@type\":\"PropertyValueSpecification\",\"valueRequired\":true,\"valueName\":\"search_term_string\"}}],\"inLanguage\":\"fr-FR\"},{\"@type\":\"Organization\",\"@id\":\"https:\/\/herpatch.com\/be\/fr\/#organization\",\"name\":\"Herpatch\",\"url\":\"https:\/\/herpatch.com\/be\/fr\/\",\"logo\":{\"@type\":\"ImageObject\",\"inLanguage\":\"fr-FR\",\"@id\":\"https:\/\/herpatch.com\/be\/fr\/#\/schema\/logo\/image\/\",\"url\":\"https:\/\/herpatch.com\/app\/uploads\/sites\/11\/2025\/08\/Herpatch-logo.png\",\"contentUrl\":\"https:\/\/herpatch.com\/app\/uploads\/sites\/11\/2025\/08\/Herpatch-logo.png\",\"width\":109,\"height\":32,\"caption\":\"Herpatch\"},\"image\":{\"@id\":\"https:\/\/herpatch.com\/be\/fr\/#\/schema\/logo\/image\/\"}}]}<\/script>\n<!-- \/ Yoast SEO plugin. -->","yoast_head_json":{"title":"Herpatch - Herpatch","description":"Un moyen innovant et efficace de traiter facilement et rapidement les sympt\u00f4mes des boutons de fi\u00e8vre. Gr\u00e2ce \u00e0 ce tube facile \u00e0 utiliser, le s\u00e9rum peut \u00eatre appliqu\u00e9 directement sur la zone affect\u00e9e.","robots":{"index":"index","follow":"follow","max-snippet":"max-snippet:-1","max-image-preview":"max-image-preview:large","max-video-preview":"max-video-preview:-1"},"canonical":"https:\/\/herpatch.com\/be\/fr\/","og_locale":"fr_FR","og_type":"article","og_title":"Herpatch - Herpatch","og_description":"Un moyen innovant et efficace de traiter facilement et rapidement les sympt\u00f4mes des boutons de fi\u00e8vre. Gr\u00e2ce \u00e0 ce tube facile \u00e0 utiliser, le s\u00e9rum peut \u00eatre appliqu\u00e9 directement sur la zone affect\u00e9e.","og_url":"https:\/\/herpatch.com\/be\/fr\/","og_site_name":"Herpatch","article_modified_time":"2025-08-27T09:52:05+00:00","og_image":[{"url":"https:\/\/herpatch.com\/cdn-cgi\/image\/format=auto\/app\/uploads\/sites\/11\/2025\/08\/serum-packshot-be-front.png","type":"","width":"","height":""}],"twitter_card":"summary_large_image","twitter_misc":{"Dur\u00e9e de lecture estim\u00e9e":"1 minute"},"schema":{"@context":"https:\/\/schema.org","@graph":[{"@type":"WebPage","@id":"https:\/\/herpatch.com\/be\/fr\/","url":"https:\/\/herpatch.com\/be\/fr\/","name":"Herpatch - Herpatch","isPartOf":{"@id":"https:\/\/herpatch.com\/be\/fr\/#website"},"primaryImageOfPage":{"@id":"https:\/\/herpatch.com\/be\/fr\/#primaryimage"},"image":{"@id":"https:\/\/herpatch.com\/be\/fr\/#primaryimage"},"thumbnailUrl":"https:\/\/herpatch.com\/cdn-cgi\/image\/format=auto\/app\/uploads\/sites\/11\/2025\/08\/serum-packshot-be-front.png","datePublished":"2025-08-25T13:35:43+00:00","dateModified":"2025-08-27T09:52:05+00:00","description":"Un moyen innovant et efficace de traiter facilement et rapidement les sympt\u00f4mes des boutons de fi\u00e8vre. Gr\u00e2ce \u00e0 ce tube facile \u00e0 utiliser, le s\u00e9rum peut \u00eatre appliqu\u00e9 directement sur la zone affect\u00e9e.","breadcrumb":{"@id":"https:\/\/herpatch.com\/be\/fr\/#breadcrumb"},"inLanguage":"fr-FR","potentialAction":[{"@type":"ReadAction","target":["https:\/\/herpatch.com\/be\/fr\/"]}]},{"@type":"ImageObject","inLanguage":"fr-FR","@id":"https:\/\/herpatch.com\/be\/fr\/#primaryimage","url":"https:\/\/herpatch.com\/cdn-cgi\/image\/format=auto\/app\/uploads\/sites\/11\/2025\/08\/serum-packshot-be-front.png","contentUrl":"https:\/\/herpatch.com\/cdn-cgi\/image\/format=auto\/app\/uploads\/sites\/11\/2025\/08\/serum-packshot-be-front.png"},{"@type":"BreadcrumbList","@id":"https:\/\/herpatch.com\/be\/fr\/#breadcrumb","itemListElement":[{"@type":"ListItem","position":1,"name":"Home","item":"https:\/\/herpatch.com\/be\/fr\/"},{"@type":"ListItem","position":2,"name":"Herpatch"}]},{"@type":"WebSite","@id":"https:\/\/herpatch.com\/be\/fr\/#website","url":"https:\/\/herpatch.com\/be\/fr\/","name":"Herpatch","description":"","publisher":{"@id":"https:\/\/herpatch.com\/be\/fr\/#organization"},"potentialAction":[{"@type":"SearchAction","target":{"@type":"EntryPoint","urlTemplate":"https:\/\/herpatch.com\/be\/fr\/?s={search_term_string}"},"query-input":{"@type":"PropertyValueSpecification","valueRequired":true,"valueName":"search_term_string"}}],"inLanguage":"fr-FR"},{"@type":"Organization","@id":"https:\/\/herpatch.com\/be\/fr\/#organization","name":"Herpatch","url":"https:\/\/herpatch.com\/be\/fr\/","logo":{"@type":"ImageObject","inLanguage":"fr-FR","@id":"https:\/\/herpatch.com\/be\/fr\/#\/schema\/logo\/image\/","url":"https:\/\/herpatch.com\/app\/uploads\/sites\/11\/2025\/08\/Herpatch-logo.png","contentUrl":"https:\/\/herpatch.com\/app\/uploads\/sites\/11\/2025\/08\/Herpatch-logo.png","width":109,"height":32,"caption":"Herpatch"},"image":{"@id":"https:\/\/herpatch.com\/be\/fr\/#\/schema\/logo\/image\/"}}]}},"_links":{"self":[{"href":"https:\/\/herpatch.com\/be\/fr\/wp-json\/wp\/v2\/pages\/106","targetHints":{"allow":["GET"]}}],"collection":[{"href":"https:\/\/herpatch.com\/be\/fr\/wp-json\/wp\/v2\/pages"}],"about":[{"href":"https:\/\/herpatch.com\/be\/fr\/wp-json\/wp\/v2\/types\/page"}],"author":[{"embeddable":true,"href":"https:\/\/herpatch.com\/be\/fr\/wp-json\/wp\/v2\/users\/2"}],"replies":[{"embeddable":true,"href":"https:\/\/herpatch.com\/be\/fr\/wp-json\/wp\/v2\/comments?post=106"}],"version-history":[{"count":3,"href":"https:\/\/herpatch.com\/be\/fr\/wp-json\/wp\/v2\/pages\/106\/revisions"}],"predecessor-version":[{"id":187,"href":"https:\/\/herpatch.com\/be\/fr\/wp-json\/wp\/v2\/pages\/106\/revisions\/187"}],"wp:attachment":[{"href":"https:\/\/herpatch.com\/be\/fr\/wp-json\/wp\/v2\/media?parent=106"}],"wp:term":[{"taxonomy":"from-article-database","embeddable":true,"href":"https:\/\/herpatch.com\/be\/fr\/wp-json\/wp\/v2\/from-article-database?post=106"}],"curies":[{"name":"wp","href":"https:\/\/api.w.org\/{rel}","templated":true}]}}