{"id":7,"date":"2025-08-19T12:49:31","date_gmt":"2025-08-19T12:49:31","guid":{"rendered":"https:\/\/herpatch.com\/at\/?page_id=7"},"modified":"2025-08-27T11:51:17","modified_gmt":"2025-08-27T09:51:17","slug":"faq","status":"publish","type":"page","link":"https:\/\/herpatch.com\/at\/faq\/","title":{"rendered":"FAQ"},"content":{"rendered":"\n<div class=\"wp-block-karopharma-free-text pt-large pb-large bg-center bg-cover bg-no-repeat bg-box is-style-primary\" style=\"background-image:url(https:\/\/herpatch.com\/cdn-cgi\/image\/format=auto\/app\/uploads\/sites\/10\/2025\/08\/faq.jpg)\"><div class=\"free-text-wrapper container max-w-small text-left\">\n<h1 class=\"wp-block-heading has-text-align-center is-style-heading-huge\">H\u00e4ufig gestellte Fragen<\/h1>\n<\/div><\/div>\n\n\n\n<div class=\"wp-block-karopharma-accordions\"><div class=\"container\">\n<details class=\"wp-block-karopharma-accordion\"><summary><h2 class=\"accordion-title\">Was ist eine Fieberblase?<\/h2><\/summary><div class=\"accordion-content\">\n<p>Lippenherpes, auch Herpes simplex labialis genannt, ist eine Viruserkrankung, die durch das Herpes-simplex-Virus Typ 1 (HSV Typ 1) hervorgerufen wird. Dabei entstehen meistens auf oder rund um die Lippen kleine Bl\u00e4schen. Charakteristisch f\u00fcr einen Fieberblasenausbruch ist ein kribbelndes oder brennendes Gef\u00fchl an der betroffenen Stelle. Ohne eine Behandlung mit Herpatch kann es f\u00fcr mehr als eine Woche zu sichtbaren oder sp\u00fcrbaren Beschwerden kommen. Nach kurzer Zeit kommt ein Bl\u00e4schen zum Vorschein, das Juckreiz verursacht.<\/p>\n\n\n\n<p>Fieberblasen k\u00f6nnen hoch ansteckend sein. Sie k\u00f6nnen sich auf andere K\u00f6rperstellen ausbreiten und auf andere Personen \u00fcbertragen werden. Die Ansteckungsgefahr besteht vom Ausbruch bis zur Heilungsphase. Die \u00dcbertragung des Virus kann durch direkten K\u00f6rperkontakt erfolgen, aber auch \u00fcber kontaminierte Gegenst\u00e4nde, wie z.B. Trinkgl\u00e4ser oder Zahnb\u00fcrsten.<\/p>\n\n\n\n<p>Etwa 80% der Bev\u00f6lkerung sind Tr\u00e4ger des HSV-1 Virus, 20% davon leiden regelm\u00e4\u00dfig unter Fieberblasen. Nach der ersten, oft unbemerkt verlaufenden Ansteckung mit diesem Virus bleibt der Krankheitserreger ein Leben lang im K\u00f6rper.<\/p>\n<\/div><\/details>\n\n\n\n<details class=\"wp-block-karopharma-accordion\"><summary><h2 class=\"accordion-title\">Was sind die Ausl\u00f6ser f\u00fcr Fieberblasen?<\/h2><\/summary><div class=\"accordion-content\">\n<p>Die Ausl\u00f6ser von Lippenherpes &#8211; die Herpes-simplex-Viren (HSV-1) &#8211; schlummern lange unbemerkt im K\u00f6rper. Zu einem Fieberblasen-ausbruch kann es durch externe oder interne Ausl\u00f6ser kommen.<\/p>\n\n\n\n<p><strong>Interne Einflussfaktoren\/Ausl\u00f6ser<\/strong><\/p>\n\n\n\n<ul class=\"wp-block-list is-style-default\">\n<li>Krankheit<\/li>\n\n\n\n<li>Fieber<\/li>\n\n\n\n<li>Menstruation<\/li>\n\n\n\n<li>Magen-Darm-St\u00f6rungen<\/li>\n\n\n\n<li>Leichte Infektionen<\/li>\n\n\n\n<li>Stoffwechselkrankheiten (z.B. Diabetes, Schilddr\u00fcsen\u00fcberfunktion)<\/li>\n\n\n\n<li>Eine zweite Viruserkrankung (z.B. Verk\u00fchlung, Grippe)<\/li>\n\n\n\n<li>Ersch\u00f6pfung<\/li>\n\n\n\n<li>Verringerte Immunabwehr<\/li>\n<\/ul>\n\n\n\n<p><strong>Externe Einflussfaktoren\/Ausl\u00f6ser<\/strong><\/p>\n\n\n\n<ul class=\"wp-block-list is-style-default\">\n<li>UV-Strahlung (Sonnenstrahlen, Solarium)<\/li>\n\n\n\n<li>Windbrand (sonnenbrand\u00e4hnliche Dermatitis durch starke Windeinwirkung)<\/li>\n\n\n\n<li>K\u00e4lte<\/li>\n\n\n\n<li>Aufregung<\/li>\n\n\n\n<li>Emotionaler Stress<\/li>\n\n\n\n<li>Trockenheit, trockene Lippen<\/li>\n\n\n\n<li>Allergische Reaktionen, Nahrungsmittelunvertr\u00e4glichkeiten<\/li>\n\n\n\n<li>K\u00f6rperliche Verletzungen<\/li>\n\n\n\n<li>Zahnbehandlungen<\/li>\n<\/ul>\n<\/div><\/details>\n\n\n\n<details class=\"wp-block-karopharma-accordion\"><summary><h2 class=\"accordion-title\">Was ist phasen eines Fieberblasenausbruchs?<\/h2><\/summary><div class=\"accordion-content\">\n<figure class=\"wp-block-image size-full\"><img loading=\"lazy\" decoding=\"async\" width=\"554\" height=\"398\" src=\"https:\/\/herpatch.com\/app\/uploads\/sites\/10\/2025\/08\/stages-fever-blister-DUI.gif\" alt=\"stages-fever-blister-DUI\" class=\"wp-image-62\"\/><\/figure>\n\n\n\n<p><strong>Tag 1: Kribbeln (Prodomalphase)<\/strong><br>Der Patient sp\u00fcrt ein Kribbeln und Brennen auf oder rund um Lippen, Nase und Kinn.<\/p>\n\n\n\n<p><strong>Tag 1 &#8211; Tag 2: Entstehung von Bl\u00e4schen (Erythem &#8211; Papelphase)<\/strong><br>Die Haut r\u00f6tet sich und beginnt zu schmerzen. Kleine Bl\u00e4schen (Papeln) entstehen, die sich zu einem gro\u00dfen Bl\u00e4schen entwickeln k\u00f6nnen.<\/p>\n\n\n\n<p><strong>Tag 2 &#8211; Tag 3: Aufbrechen der Bl\u00e4schen (Vesikelphase)<\/strong><br>Die Bl\u00e4schen brechen auf. Dies ist die ansteckendste und schmerzhafteste Phase.<\/p>\n\n\n\n<p><strong>Tag 3 &#8211; Tag 8: Bildung einer Kruste<\/strong><br>\u00dcber der kleinen Wunde bildet sich eine Kruste. F\u00e4llt die Kruste zu fr\u00fch ab, kann es zu Blutungen und Brennen kommen.<\/p>\n\n\n\n<p><strong>Tag 8 \u2013 Tag 10: Abheilung<\/strong><br>Die Wunde heilt ab und die Fieberblase verschwindet.<\/p>\n<\/div><\/details>\n\n\n\n<details class=\"wp-block-karopharma-accordion\"><summary><h2 class=\"accordion-title\">Wie behandelt man eine Fieberblase?<\/h2><\/summary><div class=\"accordion-content\">\n<p>F\u00fcr die Behandlung von Fieberblasen gibt es mittlerweile zahlreiche Produkte auf dem Markt. Angeboten werden Cremen, Salben, Pflaster und Tabletten. Viele Patienten, die Probleme mit Fieberblasen haben, verwenden aber keines dieser Produkte. Sie ertragen einfach die Schmerzen, da sie mit dem aktuellen Produktangebot nicht zufrieden sind. Aus diesem Grund hat Karo Healthcare ein revolution\u00e4res neues Produkt entwickelt: Herpatch Serum, der einfache und diskrete Weg den Beschwerden bei Fieberblasen ein Ende zu bereiten. Die Vorteile von Herpatch Serum machen es zum bevorzugten Produkt f\u00fcr die Behandlung von Fieberblasen. Es unterst\u00fctzt eine rasche und schmerzfreie Heilung.<\/p>\n\n\n\n<p>Herpatch Serum hilft <strong>in allen Phasen<\/strong> bei der <strong>Behandlung von Fieberblasen<\/strong>. Verwendet man beim ersten Kribbeln auf den Lippen sofort Herpatch Serum, kann der Ausbruch von Fieberblasen vielleicht sogar ganz <strong>verhindert werden<\/strong>!<\/p>\n<\/div><\/details>\n\n\n\n<details class=\"wp-block-karopharma-accordion\"><summary><h2 class=\"accordion-title\">Wie wird Herpatch Serum richtig angewendet?<\/h2><\/summary><div class=\"accordion-content\">\n<ol class=\"wp-block-list is-style-default\">\n<li>Vergewissern Sie sich, dass Ihre H\u00e4nde sauber und trocken sind.<\/li>\n\n\n\n<li>Die betroffene Hautstelle vor der Anwendung reinigen oder mit Wasser absp\u00fclen.<\/li>\n\n\n\n<li>Verteilen Sie vorsichtig eine kleine Menge des filmbildenden Serums auf der Fieberblase, so dass diese ausreichend bedeckt ist. Ein kleines St\u00fcck gesunde Haut rund um das betroffene Areal sollte mit abgedeckt werden.<\/li>\n\n\n\n<li>Nach wenigen Minuten bildet das wei\u00dfe Serum einen transparenten Schutzfilm \u00fcber der Fieberblase.<\/li>\n\n\n\n<li>Falls notwendig, kann das Serum alle 3-4 Stunden bis zur kompletten Abheilung der Fieberblase erneut aufgetragen werden. Der Schutzfilm kann &#8211; falls n\u00f6tig &#8211; mit warmem Wasser abgesp\u00fclt werden.<\/li>\n\n\n\n<li>Sie k\u00f6nnen Herpatch Serum in jeder Phase einer Fieberblase anwenden. Es ist jedoch ratsam, das Serum bereits bei den ersten Anzeichen einzusetzen.<\/li>\n<\/ol>\n<\/div><\/details>\n\n\n\n<details class=\"wp-block-karopharma-accordion\"><summary><h2 class=\"accordion-title\">Kann ich Herpatch Serum gemeinsam mit Aciclovir Creme verwenden?<\/h2><\/summary><div class=\"accordion-content\">\n<p>NEIN! Das ist nicht notwendig. Das Patch hat selbst aktive Inhaltsstoffe, daher ben\u00f6tigt man keine zus\u00e4tzliche Creme.<\/p>\n<\/div><\/details>\n\n\n\n<details class=\"wp-block-karopharma-accordion\"><summary><h2 class=\"accordion-title\">Darf ich Herpatch Serum w\u00e4hrend Schwangerschaft oder Stillzeit verwenden?<\/h2><\/summary><div class=\"accordion-content\">\n<p>Wenn Sie schwanger sind oder stillen konsultieren Sie bitte einen Arzt, bevor Sie Herpatch anwenden.<\/p>\n<\/div><\/details>\n\n\n\n<details class=\"wp-block-karopharma-accordion\"><summary><h2 class=\"accordion-title\">D\u00fcrfen Kinder Herpatch Serum verwenden?<\/h2><\/summary><div class=\"accordion-content\">\n<p>Bitte konsultieren Sie vor der Anwendung bei Kindern unter 4 Jahren Ihren Arzt. Ab einem Alter von 4 Jahren darf Herpatch Serum unter Aufsicht von Erwachsenen angewendet werden.<\/p>\n<\/div><\/details>\n\n\n\n<details class=\"wp-block-karopharma-accordion\"><summary><h2 class=\"accordion-title\">Wie lange sollte ich Herpatch Serum anwenden?<\/h2><\/summary><div class=\"accordion-content\">\n<p>Sie k\u00f6nnen Herpatch Serum in allen Phasen einer Fieberblase anwenden \u2013 vom ersten Kribbeln bis zur Abheilung. Es ist jedoch ratsam, das Serum bereits bei den ersten Anzeichen anzuwenden. Falls notwendig, kann das Serum alle 3-4 Stunden bis zur kompletten Abheilung der Fieberblase erneut aufgetragen werden.<\/p>\n<\/div><\/details>\n\n\n\n<details class=\"wp-block-karopharma-accordion\"><summary><h2 class=\"accordion-title\">Wie entferne ich Herpatch Serum?<\/h2><\/summary><div class=\"accordion-content\">\n<p>Falls erforderlich, kann der Schutzfilm mit warmem Wasser abgesp\u00fclt werden.<\/p>\n<\/div><\/details>\n\n\n\n<details class=\"wp-block-karopharma-accordion\"><summary><h2 class=\"accordion-title\">Wo kann ich Herpatch Serum verwenden?<\/h2><\/summary><div class=\"accordion-content\">\n<p>Verwenden Sie Herpatch Serum auf Ihrer Fieberblase oder dort, wo Sie ein Kribbeln als erstes Anzeichen f\u00fcr eine Fieberblase f\u00fchlen. Das kann auf den Lippen oder rund um den Mund sein. Herpatch Serum sollte nicht innerhalb des Mundes, auf Schleimh\u00e4uten oder f\u00fcr Genitalherpes angewendet werden.<\/p>\n<\/div><\/details>\n\n\n\n<details class=\"wp-block-karopharma-accordion\"><summary><h2 class=\"accordion-title\">Kann ich Lippenstift \u00fcber Herpatch Serum auftragen?<\/h2><\/summary><div class=\"accordion-content\">\n<p>Ja. Bevor Sie Lippenstift \u00fcber Herpatch Serum auftragen, sollten Sie einige Minuten abwarten bis die Creme zu einem Pflaster geworden ist.<\/p>\n<\/div><\/details>\n\n\n\n<details class=\"wp-block-karopharma-accordion\"><summary><h2 class=\"accordion-title\">Was unterscheidet Herpatch von einer typischen Aciclovir Creme?<\/h2><\/summary><div class=\"accordion-content\">\n<p>Im Unterschied zu einer Aciclovir Creme bildet sich nach der Anwendung von Herpatch Serum ein transparenter Schutzfilm \u00fcber der Fieberblase. Das schutzfilmbildende Serum ist mit aktiven Inhaltsstoffen angereichert, dadurch wird ein ideales Mikroklima f\u00fcr eine schnellere Wundheilung geschaffen. Herpatch Serum behandelt jede Phase einer Fieberblase: vom ersten Kribbeln bis zur Abheilung. Aciclovir wirkt nur in der ersten Phase des Fieberblasenausbruchs (in der es in der Lippe kribbelt).<\/p>\n\n\n\n<p>Herpatch Serum hat zahlreiche Vorteile: es beschleunigt den Heilungsprozess, lindert Juckreiz und Brennen, reduziert R\u00f6tungen und Schwellungen, verhindert die Schorfbildung und reduziert die Bl\u00e4schenbildung.<\/p>\n\n\n\n<p>Aus all diesen Gr\u00fcnden ist Herpatch Serum hocheffektiv.<\/p>\n<\/div><\/details>\n<\/div><\/div>\n","protected":false},"excerpt":{"rendered":"","protected":false},"author":2,"featured_media":0,"parent":0,"menu_order":0,"comment_status":"closed","ping_status":"closed","template":"","meta":{"_acf_changed":false,"footnotes":""},"from-article-database":[],"class_list":["post-7","page","type-page","status-publish","hentry"],"acf":[],"yoast_head":"<!-- This site is optimized with the Yoast SEO plugin v26.6 - https:\/\/yoast.com\/wordpress\/plugins\/seo\/ -->\n<title>FAQ - Herpatch<\/title>\n<meta name=\"description\" content=\"H\u00e4ufig gestellte Fragen: Was ist eine Fieberblase? Wie behandelt man eine Fieberblase? Was ist phasen eines Fieberblasenausbruchs?\" \/>\n<meta name=\"robots\" content=\"index, follow, max-snippet:-1, max-image-preview:large, max-video-preview:-1\" \/>\n<link rel=\"canonical\" href=\"https:\/\/herpatch.com\/at\/faq\/\" \/>\n<meta property=\"og:locale\" content=\"de_DE\" \/>\n<meta property=\"og:type\" content=\"article\" \/>\n<meta property=\"og:title\" content=\"FAQ - Herpatch\" \/>\n<meta property=\"og:description\" content=\"H\u00e4ufig gestellte Fragen: Was ist eine Fieberblase? Wie behandelt man eine Fieberblase? Was ist phasen eines Fieberblasenausbruchs?\" \/>\n<meta property=\"og:url\" content=\"https:\/\/herpatch.com\/at\/faq\/\" \/>\n<meta property=\"og:site_name\" content=\"Herpatch\" \/>\n<meta property=\"article:modified_time\" content=\"2025-08-27T09:51:17+00:00\" \/>\n<meta property=\"og:image\" content=\"https:\/\/herpatch.com\/app\/uploads\/sites\/10\/2025\/08\/stages-fever-blister-DUI.gif\" \/>\n\t<meta property=\"og:image:width\" content=\"554\" \/>\n\t<meta property=\"og:image:height\" content=\"398\" \/>\n\t<meta property=\"og:image:type\" content=\"image\/gif\" \/>\n<meta name=\"twitter:card\" content=\"summary_large_image\" \/>\n<meta name=\"twitter:label1\" content=\"Gesch\u00e4tzte Lesezeit\" \/>\n\t<meta name=\"twitter:data1\" content=\"6 Minuten\" \/>\n<script type=\"application\/ld+json\" class=\"yoast-schema-graph\">{\"@context\":\"https:\/\/schema.org\",\"@graph\":[{\"@type\":\"WebPage\",\"@id\":\"https:\/\/herpatch.com\/at\/faq\/\",\"url\":\"https:\/\/herpatch.com\/at\/faq\/\",\"name\":\"FAQ - Herpatch\",\"isPartOf\":{\"@id\":\"https:\/\/herpatch.com\/at\/#website\"},\"primaryImageOfPage\":{\"@id\":\"https:\/\/herpatch.com\/at\/faq\/#primaryimage\"},\"image\":{\"@id\":\"https:\/\/herpatch.com\/at\/faq\/#primaryimage\"},\"thumbnailUrl\":\"https:\/\/herpatch.com\/app\/uploads\/sites\/10\/2025\/08\/stages-fever-blister-DUI.gif\",\"datePublished\":\"2025-08-19T12:49:31+00:00\",\"dateModified\":\"2025-08-27T09:51:17+00:00\",\"description\":\"H\u00e4ufig gestellte Fragen: Was ist eine Fieberblase? Wie behandelt man eine Fieberblase? Was ist phasen eines Fieberblasenausbruchs?\",\"breadcrumb\":{\"@id\":\"https:\/\/herpatch.com\/at\/faq\/#breadcrumb\"},\"inLanguage\":\"de-AT\",\"potentialAction\":[{\"@type\":\"ReadAction\",\"target\":[\"https:\/\/herpatch.com\/at\/faq\/\"]}]},{\"@type\":\"ImageObject\",\"inLanguage\":\"de-AT\",\"@id\":\"https:\/\/herpatch.com\/at\/faq\/#primaryimage\",\"url\":\"https:\/\/herpatch.com\/app\/uploads\/sites\/10\/2025\/08\/stages-fever-blister-DUI.gif\",\"contentUrl\":\"https:\/\/herpatch.com\/app\/uploads\/sites\/10\/2025\/08\/stages-fever-blister-DUI.gif\"},{\"@type\":\"BreadcrumbList\",\"@id\":\"https:\/\/herpatch.com\/at\/faq\/#breadcrumb\",\"itemListElement\":[{\"@type\":\"ListItem\",\"position\":1,\"name\":\"Home\",\"item\":\"https:\/\/herpatch.com\/at\/\"},{\"@type\":\"ListItem\",\"position\":2,\"name\":\"FAQ\"}]},{\"@type\":\"WebSite\",\"@id\":\"https:\/\/herpatch.com\/at\/#website\",\"url\":\"https:\/\/herpatch.com\/at\/\",\"name\":\"Herpatch\",\"description\":\"\",\"publisher\":{\"@id\":\"https:\/\/herpatch.com\/at\/#organization\"},\"potentialAction\":[{\"@type\":\"SearchAction\",\"target\":{\"@type\":\"EntryPoint\",\"urlTemplate\":\"https:\/\/herpatch.com\/at\/?s={search_term_string}\"},\"query-input\":{\"@type\":\"PropertyValueSpecification\",\"valueRequired\":true,\"valueName\":\"search_term_string\"}}],\"inLanguage\":\"de-AT\"},{\"@type\":\"Organization\",\"@id\":\"https:\/\/herpatch.com\/at\/#organization\",\"name\":\"Herpatch\",\"url\":\"https:\/\/herpatch.com\/at\/\",\"logo\":{\"@type\":\"ImageObject\",\"inLanguage\":\"de-AT\",\"@id\":\"https:\/\/herpatch.com\/at\/#\/schema\/logo\/image\/\",\"url\":\"https:\/\/herpatch.com\/app\/uploads\/sites\/10\/2025\/08\/Herpatch-logo.png\",\"contentUrl\":\"https:\/\/herpatch.com\/app\/uploads\/sites\/10\/2025\/08\/Herpatch-logo.png\",\"width\":109,\"height\":32,\"caption\":\"Herpatch\"},\"image\":{\"@id\":\"https:\/\/herpatch.com\/at\/#\/schema\/logo\/image\/\"}}]}<\/script>\n<!-- \/ Yoast SEO plugin. -->","yoast_head_json":{"title":"FAQ - Herpatch","description":"H\u00e4ufig gestellte Fragen: Was ist eine Fieberblase? Wie behandelt man eine Fieberblase? Was ist phasen eines Fieberblasenausbruchs?","robots":{"index":"index","follow":"follow","max-snippet":"max-snippet:-1","max-image-preview":"max-image-preview:large","max-video-preview":"max-video-preview:-1"},"canonical":"https:\/\/herpatch.com\/at\/faq\/","og_locale":"de_DE","og_type":"article","og_title":"FAQ - Herpatch","og_description":"H\u00e4ufig gestellte Fragen: Was ist eine Fieberblase? Wie behandelt man eine Fieberblase? Was ist phasen eines Fieberblasenausbruchs?","og_url":"https:\/\/herpatch.com\/at\/faq\/","og_site_name":"Herpatch","article_modified_time":"2025-08-27T09:51:17+00:00","og_image":[{"width":554,"height":398,"url":"https:\/\/herpatch.com\/app\/uploads\/sites\/10\/2025\/08\/stages-fever-blister-DUI.gif","type":"image\/gif"}],"twitter_card":"summary_large_image","twitter_misc":{"Gesch\u00e4tzte Lesezeit":"6 Minuten"},"schema":{"@context":"https:\/\/schema.org","@graph":[{"@type":"WebPage","@id":"https:\/\/herpatch.com\/at\/faq\/","url":"https:\/\/herpatch.com\/at\/faq\/","name":"FAQ - Herpatch","isPartOf":{"@id":"https:\/\/herpatch.com\/at\/#website"},"primaryImageOfPage":{"@id":"https:\/\/herpatch.com\/at\/faq\/#primaryimage"},"image":{"@id":"https:\/\/herpatch.com\/at\/faq\/#primaryimage"},"thumbnailUrl":"https:\/\/herpatch.com\/app\/uploads\/sites\/10\/2025\/08\/stages-fever-blister-DUI.gif","datePublished":"2025-08-19T12:49:31+00:00","dateModified":"2025-08-27T09:51:17+00:00","description":"H\u00e4ufig gestellte Fragen: Was ist eine Fieberblase? Wie behandelt man eine Fieberblase? Was ist phasen eines Fieberblasenausbruchs?","breadcrumb":{"@id":"https:\/\/herpatch.com\/at\/faq\/#breadcrumb"},"inLanguage":"de-AT","potentialAction":[{"@type":"ReadAction","target":["https:\/\/herpatch.com\/at\/faq\/"]}]},{"@type":"ImageObject","inLanguage":"de-AT","@id":"https:\/\/herpatch.com\/at\/faq\/#primaryimage","url":"https:\/\/herpatch.com\/app\/uploads\/sites\/10\/2025\/08\/stages-fever-blister-DUI.gif","contentUrl":"https:\/\/herpatch.com\/app\/uploads\/sites\/10\/2025\/08\/stages-fever-blister-DUI.gif"},{"@type":"BreadcrumbList","@id":"https:\/\/herpatch.com\/at\/faq\/#breadcrumb","itemListElement":[{"@type":"ListItem","position":1,"name":"Home","item":"https:\/\/herpatch.com\/at\/"},{"@type":"ListItem","position":2,"name":"FAQ"}]},{"@type":"WebSite","@id":"https:\/\/herpatch.com\/at\/#website","url":"https:\/\/herpatch.com\/at\/","name":"Herpatch","description":"","publisher":{"@id":"https:\/\/herpatch.com\/at\/#organization"},"potentialAction":[{"@type":"SearchAction","target":{"@type":"EntryPoint","urlTemplate":"https:\/\/herpatch.com\/at\/?s={search_term_string}"},"query-input":{"@type":"PropertyValueSpecification","valueRequired":true,"valueName":"search_term_string"}}],"inLanguage":"de-AT"},{"@type":"Organization","@id":"https:\/\/herpatch.com\/at\/#organization","name":"Herpatch","url":"https:\/\/herpatch.com\/at\/","logo":{"@type":"ImageObject","inLanguage":"de-AT","@id":"https:\/\/herpatch.com\/at\/#\/schema\/logo\/image\/","url":"https:\/\/herpatch.com\/app\/uploads\/sites\/10\/2025\/08\/Herpatch-logo.png","contentUrl":"https:\/\/herpatch.com\/app\/uploads\/sites\/10\/2025\/08\/Herpatch-logo.png","width":109,"height":32,"caption":"Herpatch"},"image":{"@id":"https:\/\/herpatch.com\/at\/#\/schema\/logo\/image\/"}}]}},"_links":{"self":[{"href":"https:\/\/herpatch.com\/at\/wp-json\/wp\/v2\/pages\/7","targetHints":{"allow":["GET"]}}],"collection":[{"href":"https:\/\/herpatch.com\/at\/wp-json\/wp\/v2\/pages"}],"about":[{"href":"https:\/\/herpatch.com\/at\/wp-json\/wp\/v2\/types\/page"}],"author":[{"embeddable":true,"href":"https:\/\/herpatch.com\/at\/wp-json\/wp\/v2\/users\/2"}],"replies":[{"embeddable":true,"href":"https:\/\/herpatch.com\/at\/wp-json\/wp\/v2\/comments?post=7"}],"version-history":[{"count":7,"href":"https:\/\/herpatch.com\/at\/wp-json\/wp\/v2\/pages\/7\/revisions"}],"predecessor-version":[{"id":124,"href":"https:\/\/herpatch.com\/at\/wp-json\/wp\/v2\/pages\/7\/revisions\/124"}],"wp:attachment":[{"href":"https:\/\/herpatch.com\/at\/wp-json\/wp\/v2\/media?parent=7"}],"wp:term":[{"taxonomy":"from-article-database","embeddable":true,"href":"https:\/\/herpatch.com\/at\/wp-json\/wp\/v2\/from-article-database?post=7"}],"curies":[{"name":"wp","href":"https:\/\/api.w.org\/{rel}","templated":true}]}}